{"id":9073,"date":"2025-01-23T22:03:25","date_gmt":"2025-01-23T18:03:25","guid":{"rendered":"https:\/\/axtarstore.com\/?post_type=product&#038;p=9073"},"modified":"2026-02-23T22:31:31","modified_gmt":"2026-02-23T18:31:31","slug":"neutrogena-canlandirici-yagsiz-uz-nemlendirici-krem-75-ml","status":"publish","type":"product","link":"https:\/\/axtarstore.com\/ru\/product\/neutrogena-canlandirici-yagsiz-uz-nemlendirici-krem-75-ml\/","title":{"rendered":"Neutrogena Canland\u0131r\u0131c\u0131 Ya\u011fs\u0131z Y\u00fcz Nemlendirici Krem 75 Ml"},"content":{"rendered":"<h2 data-start=\"1045\" data-end=\"1147\">Neutrogena Canland\u0131r\u0131c\u0131 Ya\u011fs\u0131z \u00dcz N\u0259ml\u0259ndirici Krem 75 ml \u2013 Y\u00fcng\u00fcl N\u0259ml\u0259ndirm\u0259 v\u0259 T\u0259rav\u0259tli G\u00f6r\u00fcn\u00fc\u015f<\/h2>\n<p data-start=\"1149\" data-end=\"1450\">Ya\u011fl\u0131 v\u0259 qar\u0131\u015f\u0131q d\u0259riy\u0259 sahib olan \u015f\u0259xsl\u0259r \u00e7ox zaman n\u0259ml\u0259ndirici se\u00e7imind\u0259 t\u0259r\u0259dd\u00fcd ya\u015fay\u0131r. \u00c7\u00fcnki a\u011f\u0131r v\u0259 qal\u0131n tekstural\u0131 kreml\u0259r d\u0259rid\u0259 \u0259lav\u0259 parlaql\u0131q yarada, m\u0259sam\u0259l\u0259ri t\u0131xaya v\u0259 narahatl\u0131q hissi ver\u0259 bil\u0259r. Lakin d\u00fczg\u00fcn se\u00e7ilmi\u015f ya\u011fs\u0131z n\u0259ml\u0259ndirici d\u0259ri balans\u0131n\u0131 qorumaq \u00fc\u00e7\u00fcn vacib m\u0259rh\u0259l\u0259dir.<\/p>\n<p data-start=\"1452\" data-end=\"1678\">Neutrogena Canland\u0131r\u0131c\u0131 Ya\u011fs\u0131z \u00dcz N\u0259ml\u0259ndirici Krem 75 ml d\u0259rini effektiv \u015f\u0259kild\u0259 n\u0259ml\u0259ndirir, eyni zamanda y\u00fcng\u00fcl teksturas\u0131 say\u0259sind\u0259 ya\u011fl\u0131l\u0131q hissi yaratm\u0131r. D\u0259riy\u0259 t\u0259miz, rahat v\u0259 canlanm\u0131\u015f g\u00f6r\u00fcn\u00fc\u015f qazand\u0131rma\u011fa k\u00f6m\u0259k edir.<\/p>\n<hr data-start=\"1680\" data-end=\"1683\" \/>\n<h2 data-start=\"1685\" data-end=\"1695\">Problem<\/h2>\n<p data-start=\"1697\" data-end=\"1758\">Ya\u011fl\u0131 v\u0259 qar\u0131\u015f\u0131q d\u0259ri tipind\u0259 \u0259n \u00e7ox rast g\u0259lin\u0259n probleml\u0259r:<\/p>\n<ul data-start=\"1760\" data-end=\"1915\">\n<li data-start=\"1760\" data-end=\"1785\">\n<p data-start=\"1762\" data-end=\"1785\">G\u00fcn \u0259rzind\u0259 parlaql\u0131q<\/p>\n<\/li>\n<li data-start=\"1786\" data-end=\"1841\">\n<p data-start=\"1788\" data-end=\"1841\">N\u0259ml\u0259ndirici istifad\u0259 etdikd\u0259 a\u011f\u0131r v\u0259 yap\u0131\u015fqan hiss<\/p>\n<\/li>\n<li data-start=\"1842\" data-end=\"1876\">\n<p data-start=\"1844\" data-end=\"1876\">M\u0259sam\u0259l\u0259rin daha tez tutulmas\u0131<\/p>\n<\/li>\n<li data-start=\"1877\" data-end=\"1915\">\n<p data-start=\"1879\" data-end=\"1915\">D\u0259rinin sol\u011fun v\u0259 yor\u011fun g\u00f6r\u00fcnm\u0259si<\/p>\n<\/li>\n<\/ul>\n<p data-start=\"1917\" data-end=\"2113\">Bir \u00e7ox istifad\u0259\u00e7i ya\u011fl\u0131 d\u0259riy\u0259 sahib oldu\u011fu \u00fc\u00e7\u00fcn n\u0259ml\u0259ndirici istifad\u0259 etm\u0259m\u0259y\u0259 \u00fcst\u00fcnl\u00fck verir. Lakin bu yana\u015fma d\u0259rinin daha \u00e7ox sebum ifraz etm\u0259sin\u0259 s\u0259b\u0259b ola bil\u0259r v\u0259 problemi daha da art\u0131rar.<\/p>\n<hr data-start=\"2115\" data-end=\"2118\" \/>\n<h2 data-start=\"2120\" data-end=\"2127\">H\u0259ll<\/h2>\n<p data-start=\"2129\" data-end=\"2279\">Neutrogena Canland\u0131r\u0131c\u0131 Ya\u011fs\u0131z \u00dcz N\u0259ml\u0259ndirici Krem 75 ml x\u00fcsusi olaraq ya\u011fl\u0131l\u0131q hissi yaratmadan n\u0259ml\u0259ndirm\u0259 t\u0259min etm\u0259k \u00fc\u00e7\u00fcn haz\u0131rlanm\u0131\u015fd\u0131r. M\u0259hsul:<\/p>\n<ul data-start=\"2281\" data-end=\"2511\">\n<li data-start=\"2281\" data-end=\"2320\">\n<p data-start=\"2283\" data-end=\"2320\">D\u0259rini effektiv \u015f\u0259kild\u0259 n\u0259ml\u0259ndirir<\/p>\n<\/li>\n<li data-start=\"2321\" data-end=\"2356\">\n<p data-start=\"2323\" data-end=\"2356\">Ya\u011fl\u0131 v\u0259 yap\u0131\u015fqan hiss buraxm\u0131r<\/p>\n<\/li>\n<li data-start=\"2357\" data-end=\"2405\">\n<p data-start=\"2359\" data-end=\"2405\">D\u0259riy\u0259 daha canl\u0131 v\u0259 t\u0259rav\u0259tli g\u00f6r\u00fcn\u00fc\u015f verir<\/p>\n<\/li>\n<li data-start=\"2406\" data-end=\"2463\">\n<p data-start=\"2408\" data-end=\"2463\">G\u00fcnl\u00fck istifad\u0259 \u00fc\u00e7\u00fcn uy\u011fun y\u00fcng\u00fcl teksturaya malikdir<\/p>\n<\/li>\n<li data-start=\"2464\" data-end=\"2511\">\n<p data-start=\"2466\" data-end=\"2511\">Makiyaj alt\u0131 baza kimi istifad\u0259 oluna bil\u0259r<\/p>\n<\/li>\n<\/ul>\n<p data-start=\"2513\" data-end=\"2621\">Balansla\u015fd\u0131r\u0131lm\u0131\u015f formul d\u0259rinin t\u0259bii baryerini qoruma\u011fa k\u00f6m\u0259k edir v\u0259 uzunm\u00fcdd\u0259tli rahatl\u0131q hissi yarad\u0131r.<\/p>\n<hr data-start=\"2623\" data-end=\"2626\" \/>\n<h2 data-start=\"2628\" data-end=\"2637\">N\u0259tic\u0259<\/h2>\n<p data-start=\"2639\" data-end=\"2664\">M\u00fcnt\u0259z\u0259m istifad\u0259 zaman\u0131:<\/p>\n<ul data-start=\"2666\" data-end=\"2847\">\n<li data-start=\"2666\" data-end=\"2696\">\n<p data-start=\"2668\" data-end=\"2696\">D\u0259ri daha balansl\u0131 g\u00f6r\u00fcn\u00fcr<\/p>\n<\/li>\n<li data-start=\"2697\" data-end=\"2725\">\n<p data-start=\"2699\" data-end=\"2725\">N\u0259mlik s\u0259viyy\u0259si qorunur<\/p>\n<\/li>\n<li data-start=\"2726\" data-end=\"2760\">\n<p data-start=\"2728\" data-end=\"2760\">Parlaql\u0131q n\u0259zar\u0259td\u0259 saxlan\u0131l\u0131r<\/p>\n<\/li>\n<li data-start=\"2761\" data-end=\"2807\">\n<p data-start=\"2763\" data-end=\"2807\">D\u0259ri daha canl\u0131 v\u0259 sa\u011flam t\u0259sir ba\u011f\u0131\u015flay\u0131r<\/p>\n<\/li>\n<li data-start=\"2808\" data-end=\"2847\">\n<p data-start=\"2810\" data-end=\"2847\">Makiyaj daha s\u0259liq\u0259li t\u0259tbiq olunur<\/p>\n<\/li>\n<\/ul>\n<p data-start=\"2849\" data-end=\"2995\">Neutrogena Canland\u0131r\u0131c\u0131 Ya\u011fs\u0131z \u00dcz N\u0259ml\u0259ndirici Krem 75 ml g\u00fcnd\u0259lik s\u0259h\u0259r v\u0259 ax\u015fam d\u0259ri bax\u0131m rutininin ayr\u0131lmaz hiss\u0259si kimi istifad\u0259 edil\u0259 bil\u0259r.<\/p>\n<hr data-start=\"2997\" data-end=\"3000\" \/>\n<h2 data-start=\"3002\" data-end=\"3031\">Niy\u0259 bu m\u0259hsulu almal\u0131yam?<\/h2>\n<ul data-start=\"3033\" data-end=\"3201\">\n<li data-start=\"3033\" data-end=\"3060\">\n<p data-start=\"3035\" data-end=\"3060\">Ya\u011fs\u0131z v\u0259 y\u00fcng\u00fcl formul<\/p>\n<\/li>\n<li data-start=\"3061\" data-end=\"3099\">\n<p data-start=\"3063\" data-end=\"3099\">D\u0259rini a\u011f\u0131rla\u015fd\u0131rmadan n\u0259ml\u0259ndirm\u0259<\/p>\n<\/li>\n<li data-start=\"3100\" data-end=\"3123\">\n<p data-start=\"3102\" data-end=\"3123\">Canland\u0131r\u0131c\u0131 effekt<\/p>\n<\/li>\n<li data-start=\"3124\" data-end=\"3166\">\n<p data-start=\"3126\" data-end=\"3166\">75 ml praktik v\u0259 uzunm\u00fcdd\u0259tli istifad\u0259<\/p>\n<\/li>\n<li data-start=\"3167\" data-end=\"3201\">\n<p data-start=\"3169\" data-end=\"3201\">Etibarl\u0131 Neutrogena keyfiyy\u0259ti<\/p>\n<\/li>\n<\/ul>\n<p data-start=\"3203\" data-end=\"3339\">\u018fg\u0259r m\u0259qs\u0259diniz d\u0259rini h\u0259m n\u0259ml\u0259ndirm\u0259k, h\u0259m d\u0259 g\u00fcn \u0259rzind\u0259 rahat v\u0259 t\u0259rav\u0259tli hiss etm\u0259kdirs\u0259, bu m\u0259hsul rasional v\u0259 effektiv se\u00e7imdir.<\/p>\n<hr data-start=\"3341\" data-end=\"3344\" \/>\n<h2 data-start=\"3346\" data-end=\"3365\">\u0130stifad\u0259 qaydas\u0131<\/h2>\n<ol data-start=\"3367\" data-end=\"3537\">\n<li data-start=\"3367\" data-end=\"3433\">\n<p data-start=\"3370\" data-end=\"3433\">\u00dcz\u00fc t\u0259mizl\u0259dikd\u0259n sonra kifay\u0259t q\u0259d\u0259r miqdarda kremi g\u00f6t\u00fcr\u00fcn.<\/p>\n<\/li>\n<li data-start=\"3434\" data-end=\"3493\">\n<p data-start=\"3437\" data-end=\"3493\">\u00dcz v\u0259 boyun nahiy\u0259sin\u0259 nazik qat \u015f\u0259klind\u0259 t\u0259tbiq edin.<\/p>\n<\/li>\n<li data-start=\"3494\" data-end=\"3537\">\n<p data-start=\"3497\" data-end=\"3537\">Y\u00fcng\u00fcl masaj h\u0259r\u0259k\u0259tl\u0259ri il\u0259 hopdurun.<\/p>\n<\/li>\n<\/ol>\n<p data-start=\"3539\" data-end=\"3584\">G\u00fcnd\u0259 1\u20132 d\u0259f\u0259 istifad\u0259 etm\u0259k t\u00f6vsiy\u0259 olunur.<\/p>\n<hr data-start=\"3586\" data-end=\"3589\" \/>\n<h2 data-start=\"3591\" data-end=\"3598\">Qeyd<\/h2>\n<ul data-start=\"3600\" data-end=\"3765\">\n<li data-start=\"3600\" data-end=\"3640\">\n<p data-start=\"3602\" data-end=\"3640\">G\u00f6z \u0259traf\u0131na birba\u015fa t\u0259tbiq etm\u0259yin.<\/p>\n<\/li>\n<li data-start=\"3641\" data-end=\"3719\">\n<p data-start=\"3643\" data-end=\"3719\">H\u0259ssas d\u0259rid\u0259 ilk istifad\u0259 zaman\u0131 ki\u00e7ik sah\u0259d\u0259 test etm\u0259k m\u0259qs\u0259d\u0259uy\u011fundur.<\/p>\n<\/li>\n<li data-start=\"3720\" data-end=\"3765\">\n<p data-start=\"3722\" data-end=\"3765\">Q\u0131c\u0131qlanma hal\u0131nda istifad\u0259ni dayand\u0131r\u0131n.<\/p>\n<\/li>\n<\/ul>","protected":false},"excerpt":{"rendered":"<p>Neutrogena Canland\u0131r\u0131c\u0131 Ya\u011fs\u0131z \u00dcz N\u0259ml\u0259ndirici Krem 75 ml d\u0259rini intensiv n\u0259ml\u0259ndir\u0259n, lakin ya\u011fl\u0131l\u0131q hissi yaratmayan y\u00fcng\u00fcl formulad\u0131r. D\u0259riy\u0259 t\u0259rav\u0259t verir, daha canl\u0131 v\u0259 balansl\u0131 g\u00f6r\u00fcn\u00fc\u015f yarad\u0131r. Ya\u011fl\u0131 v\u0259 qar\u0131\u015f\u0131q d\u0259ri \u00fc\u00e7\u00fcn uy\u011fundur.<\/p>","protected":false},"featured_media":9074,"comment_status":"open","ping_status":"closed","template":"","meta":[],"pwb-brand":[397],"product_cat":[127,142,384],"product_tag":[333,293],"class_list":{"0":"post-9073","1":"product","2":"type-product","3":"status-publish","4":"has-post-thumbnail","6":"pwb-brand-neutrogena","7":"product_cat-face-care","8":"product_cat-face-creams","9":"product_cat-uz-nmlndirici-krem","10":"product_tag-face-moisturiser","11":"product_tag-facecare","12":"pa_size-75ml","15":"instock","16":"shipping-taxable","17":"purchasable","18":"product-type-simple"},"brands":[{"id":397,"name":"Neutrogena","slug":"neutrogena"}],"_links":{"self":[{"href":"https:\/\/axtarstore.com\/ru\/wp-json\/wp\/v2\/product\/9073"}],"collection":[{"href":"https:\/\/axtarstore.com\/ru\/wp-json\/wp\/v2\/product"}],"about":[{"href":"https:\/\/axtarstore.com\/ru\/wp-json\/wp\/v2\/types\/product"}],"replies":[{"embeddable":true,"href":"https:\/\/axtarstore.com\/ru\/wp-json\/wp\/v2\/comments?post=9073"}],"version-history":[{"count":3,"href":"https:\/\/axtarstore.com\/ru\/wp-json\/wp\/v2\/product\/9073\/revisions"}],"predecessor-version":[{"id":11356,"href":"https:\/\/axtarstore.com\/ru\/wp-json\/wp\/v2\/product\/9073\/revisions\/11356"}],"wp:featuredmedia":[{"embeddable":true,"href":"https:\/\/axtarstore.com\/ru\/wp-json\/wp\/v2\/media\/9074"}],"wp:attachment":[{"href":"https:\/\/axtarstore.com\/ru\/wp-json\/wp\/v2\/media?parent=9073"}],"wp:term":[{"taxonomy":"pwb-brand","embeddable":true,"href":"https:\/\/axtarstore.com\/ru\/wp-json\/wp\/v2\/pwb-brand?post=9073"},{"taxonomy":"product_cat","embeddable":true,"href":"https:\/\/axtarstore.com\/ru\/wp-json\/wp\/v2\/product_cat?post=9073"},{"taxonomy":"product_tag","embeddable":true,"href":"https:\/\/axtarstore.com\/ru\/wp-json\/wp\/v2\/product_tag?post=9073"}],"curies":[{"name":"wp","href":"https:\/\/api.w.org\/{rel}","templated":true}]}}