{"id":9070,"date":"2025-01-23T21:57:12","date_gmt":"2025-01-23T17:57:12","guid":{"rendered":"https:\/\/axtarstore.com\/?post_type=product&#038;p=9070"},"modified":"2026-02-23T23:34:57","modified_gmt":"2026-02-23T19:34:57","slug":"neutrogena-canlandirici-gunluk-peeling-jel-150-ml","status":"publish","type":"product","link":"https:\/\/axtarstore.com\/ru\/product\/neutrogena-canlandirici-gunluk-peeling-jel-150-ml\/","title":{"rendered":"Neutrogena Canland\u0131r\u0131c\u0131 G\u00fcnl\u00fck Peeling Jel, 150 ml"},"content":{"rendered":"<h2 data-start=\"1022\" data-end=\"1113\">Neutrogena Canland\u0131r\u0131c\u0131 G\u00fcnl\u00fck Peeling Jel 150 ml \u2013 T\u0259mizlik, Yenil\u0259nm\u0259 v\u0259 Canl\u0131 G\u00f6r\u00fcn\u00fc\u015f<\/h2>\n<p data-start=\"1115\" data-end=\"1370\">D\u0259ri g\u00fcn \u0259rzind\u0259 toz, kir, makiyaj qal\u0131\u011f\u0131 v\u0259 art\u0131q sebumla t\u0259masda olur. Bu faktorlar m\u0259sam\u0259l\u0259rin tutulmas\u0131na, d\u0259rinin sol\u011fun v\u0259 yor\u011fun g\u00f6r\u00fcnm\u0259sin\u0259 s\u0259b\u0259b olur. X\u00fcsusil\u0259 \u00f6l\u00fc h\u00fcceyr\u0259l\u0259rin d\u0259rid\u0259 toplanmas\u0131 d\u0259ri s\u0259thini kobudla\u015fd\u0131r\u0131r v\u0259 parlaql\u0131\u011f\u0131n\u0131 azald\u0131r.<\/p>\n<p data-start=\"1372\" data-end=\"1598\">Neutrogena Canland\u0131r\u0131c\u0131 G\u00fcnl\u00fck Peeling Jel 150 ml g\u00fcnd\u0259lik istifad\u0259 \u00fc\u00e7\u00fcn uy\u011funla\u015fd\u0131r\u0131lm\u0131\u015f formul il\u0259 d\u0259rini h\u0259m t\u0259mizl\u0259yir, h\u0259m d\u0259 y\u00fcng\u00fcl \u015f\u0259kild\u0259 yenil\u0259yir. M\u0259hsul d\u0259rinin daha canl\u0131, hamar v\u0259 t\u0259rav\u0259tli g\u00f6r\u00fcnm\u0259sin\u0259 k\u00f6m\u0259k edir.<\/p>\n<hr data-start=\"1600\" data-end=\"1603\" \/>\n<h2 data-start=\"1605\" data-end=\"1615\">Problem<\/h2>\n<p data-start=\"1617\" data-end=\"1677\">D\u0259rinin sol\u011fun v\u0259 qeyri-b\u0259rab\u0259r g\u00f6r\u00fcnm\u0259sinin \u0259sas s\u0259b\u0259bl\u0259ri:<\/p>\n<ul data-start=\"1679\" data-end=\"1824\">\n<li data-start=\"1679\" data-end=\"1716\">\n<p data-start=\"1681\" data-end=\"1716\">\u00d6l\u00fc h\u00fcceyr\u0259l\u0259rin d\u0259rid\u0259 y\u0131\u011f\u0131lmas\u0131<\/p>\n<\/li>\n<li data-start=\"1717\" data-end=\"1747\">\n<p data-start=\"1719\" data-end=\"1747\">M\u0259sam\u0259l\u0259rin \u00e7irkl\u0259 dolmas\u0131<\/p>\n<\/li>\n<li data-start=\"1748\" data-end=\"1783\">\n<p data-start=\"1750\" data-end=\"1783\">D\u0259rinin elastikliyinin azalmas\u0131<\/p>\n<\/li>\n<li data-start=\"1784\" data-end=\"1824\">\n<p data-start=\"1786\" data-end=\"1824\">G\u00fcn \u0259rzind\u0259 itiril\u0259n t\u0259bii parlaql\u0131q<\/p>\n<\/li>\n<\/ul>\n<p data-start=\"1826\" data-end=\"1991\">\u018fg\u0259r d\u0259ri m\u00fcnt\u0259z\u0259m olaraq yenil\u0259nmirs\u0259, bax\u0131ms\u0131z v\u0259 yor\u011fun t\u0259sir ba\u011f\u0131\u015flaya bil\u0259r. Eyni zamanda \u00e7ox s\u0259rt peeling m\u0259hsullar\u0131 d\u0259rinin qoruyucu baryerini z\u0259ifl\u0259d\u0259 bil\u0259r.<\/p>\n<hr data-start=\"1993\" data-end=\"1996\" \/>\n<h2 data-start=\"1998\" data-end=\"2005\">H\u0259ll<\/h2>\n<p data-start=\"2007\" data-end=\"2148\">Neutrogena Canland\u0131r\u0131c\u0131 G\u00fcnl\u00fck Peeling Jel 150 ml balansla\u015fd\u0131r\u0131lm\u0131\u015f t\u0259rkibi il\u0259 effektiv v\u0259 eyni zamanda yum\u015faq t\u0259mizl\u0259m\u0259 t\u0259min edir. M\u0259hsul:<\/p>\n<ul data-start=\"2150\" data-end=\"2359\">\n<li data-start=\"2150\" data-end=\"2184\">\n<p data-start=\"2152\" data-end=\"2184\">M\u0259sam\u0259l\u0259ri d\u0259rind\u0259n t\u0259mizl\u0259yir<\/p>\n<\/li>\n<li data-start=\"2185\" data-end=\"2235\">\n<p data-start=\"2187\" data-end=\"2235\">\u00d6l\u00fc h\u00fcceyr\u0259l\u0259rin uzaqla\u015fd\u0131r\u0131lmas\u0131na k\u00f6m\u0259k edir<\/p>\n<\/li>\n<li data-start=\"2236\" data-end=\"2266\">\n<p data-start=\"2238\" data-end=\"2266\">D\u0259ri s\u0259thini hamarla\u015fd\u0131r\u0131r<\/p>\n<\/li>\n<li data-start=\"2267\" data-end=\"2307\">\n<p data-start=\"2269\" data-end=\"2307\">Daha parlaq v\u0259 canl\u0131 g\u00f6r\u00fcn\u00fc\u015f yarad\u0131r<\/p>\n<\/li>\n<li data-start=\"2308\" data-end=\"2359\">\n<p data-start=\"2310\" data-end=\"2359\">G\u00fcnd\u0259lik istifad\u0259 \u00fc\u00e7\u00fcn uy\u011fun formul t\u0259qdim edir<\/p>\n<\/li>\n<\/ul>\n<p data-start=\"2361\" data-end=\"2528\">Y\u00fcng\u00fcl tekstura d\u0259rid\u0259 rahatl\u0131q hissi yarad\u0131r v\u0259 asanl\u0131qla yuyulur. D\u0259rini qurutmadan t\u0259mizl\u0259m\u0259 t\u0259min etdiyi \u00fc\u00e7\u00fcn g\u00fcnd\u0259lik bax\u0131m rutinin\u0259 rahatl\u0131qla daxil edil\u0259 bil\u0259r.<\/p>\n<hr data-start=\"2530\" data-end=\"2533\" \/>\n<h2 data-start=\"2535\" data-end=\"2544\">N\u0259tic\u0259<\/h2>\n<p data-start=\"2546\" data-end=\"2571\">M\u00fcnt\u0259z\u0259m istifad\u0259 zaman\u0131:<\/p>\n<ul data-start=\"2573\" data-end=\"2746\">\n<li data-start=\"2573\" data-end=\"2613\">\n<p data-start=\"2575\" data-end=\"2613\">D\u0259ri daha t\u0259miz v\u0259 t\u0259rav\u0259tli g\u00f6r\u00fcn\u00fcr<\/p>\n<\/li>\n<li data-start=\"2614\" data-end=\"2644\">\n<p data-start=\"2616\" data-end=\"2644\">D\u0259ri s\u0259thi daha hamar olur<\/p>\n<\/li>\n<li data-start=\"2645\" data-end=\"2665\">\n<p data-start=\"2647\" data-end=\"2665\">Sol\u011funluq azal\u0131r<\/p>\n<\/li>\n<li data-start=\"2666\" data-end=\"2707\">\n<p data-start=\"2668\" data-end=\"2707\">\u00dcmumi d\u0259ri tonu daha balansl\u0131 g\u00f6r\u00fcn\u00fcr<\/p>\n<\/li>\n<li data-start=\"2708\" data-end=\"2746\">\n<p data-start=\"2710\" data-end=\"2746\">D\u0259ri daha bax\u0131ml\u0131 t\u0259sir ba\u011f\u0131\u015flay\u0131r<\/p>\n<\/li>\n<\/ul>\n<p data-start=\"2748\" data-end=\"2912\">Neutrogena Canland\u0131r\u0131c\u0131 G\u00fcnl\u00fck Peeling Jel 150 ml s\u0259h\u0259r v\u0259 ya ax\u015fam istifad\u0259 edil\u0259 bil\u0259r v\u0259 dig\u0259r n\u0259ml\u0259ndirici v\u0259 qulluq m\u0259hsullar\u0131 il\u0259 uy\u011fun \u015f\u0259kild\u0259 t\u0259tbiq olunur.<\/p>\n<hr data-start=\"2914\" data-end=\"2917\" \/>\n<h2 data-start=\"2919\" data-end=\"2948\">Niy\u0259 bu m\u0259hsulu almal\u0131yam?<\/h2>\n<ul data-start=\"2950\" data-end=\"3137\">\n<li data-start=\"2950\" data-end=\"3004\">\n<p data-start=\"2952\" data-end=\"3004\">G\u00fcnd\u0259lik istifad\u0259 \u00fc\u00e7\u00fcn uy\u011fun y\u00fcng\u00fcl peeling t\u0259siri<\/p>\n<\/li>\n<li data-start=\"3005\" data-end=\"3036\">\n<p data-start=\"3007\" data-end=\"3036\">D\u0259rini qurutmadan t\u0259mizl\u0259m\u0259<\/p>\n<\/li>\n<li data-start=\"3037\" data-end=\"3072\">\n<p data-start=\"3039\" data-end=\"3072\">Daha canl\u0131 v\u0259 t\u0259rav\u0259tli g\u00f6r\u00fcn\u00fc\u015f<\/p>\n<\/li>\n<li data-start=\"3073\" data-end=\"3096\">\n<p data-start=\"3075\" data-end=\"3096\">150 ml praktik h\u0259cm<\/p>\n<\/li>\n<li data-start=\"3097\" data-end=\"3137\">\n<p data-start=\"3099\" data-end=\"3137\">Etibarl\u0131 Neutrogena brend keyfiyy\u0259ti<\/p>\n<\/li>\n<\/ul>\n<p data-start=\"3139\" data-end=\"3281\">\u018fg\u0259r m\u0259qs\u0259diniz d\u0259rini h\u0259m t\u0259mizl\u0259m\u0259k, h\u0259m d\u0259 m\u00fcnt\u0259z\u0259m yenil\u0259y\u0259r\u0259k daha sa\u011flam v\u0259 parlaq g\u00f6r\u00fcn\u00fc\u015f \u0259ld\u0259 etm\u0259kdirs\u0259, bu m\u0259hsul effektiv se\u00e7imdir.<\/p>\n<hr data-start=\"3283\" data-end=\"3286\" \/>\n<h2 data-start=\"3288\" data-end=\"3307\">\u0130stifad\u0259 qaydas\u0131<\/h2>\n<ol data-start=\"3309\" data-end=\"3474\">\n<li data-start=\"3309\" data-end=\"3338\">\n<p data-start=\"3312\" data-end=\"3338\">\u00dcz\u00fc il\u0131q su il\u0259 islad\u0131n.<\/p>\n<\/li>\n<li data-start=\"3339\" data-end=\"3390\">\n<p data-start=\"3342\" data-end=\"3390\">Kifay\u0259t q\u0259d\u0259r miqdarda jeli ovucunuza g\u00f6t\u00fcr\u00fcn.<\/p>\n<\/li>\n<li data-start=\"3391\" data-end=\"3447\">\n<p data-start=\"3394\" data-end=\"3447\">Dair\u0259vi h\u0259r\u0259k\u0259tl\u0259rl\u0259 \u00fcz\u0259 yum\u015faq \u015f\u0259kild\u0259 masaj edin.<\/p>\n<\/li>\n<li data-start=\"3448\" data-end=\"3474\">\n<p data-start=\"3451\" data-end=\"3474\">Bol su il\u0259 yaxalay\u0131n.<\/p>\n<\/li>\n<\/ol>\n<p data-start=\"3476\" data-end=\"3519\">G\u00fcnd\u0259 1 d\u0259f\u0259 istifad\u0259 etm\u0259k t\u00f6vsiy\u0259 olunur.<\/p>\n<hr data-start=\"3521\" data-end=\"3524\" \/>\n<h2 data-start=\"3526\" data-end=\"3533\">Qeyd<\/h2>\n<ul data-start=\"3535\" data-end=\"3682\">\n<li data-start=\"3535\" data-end=\"3571\">\n<p data-start=\"3537\" data-end=\"3571\">G\u00f6z \u0259traf\u0131 il\u0259 t\u0259masdan \u00e7\u0259kinin.<\/p>\n<\/li>\n<li data-start=\"3572\" data-end=\"3636\">\n<p data-start=\"3574\" data-end=\"3636\">H\u0259ssas d\u0259rid\u0259 istifad\u0259y\u0259 m\u0259rh\u0259l\u0259li ba\u015flamaq m\u0259qs\u0259d\u0259uy\u011fundur.<\/p>\n<\/li>\n<li data-start=\"3637\" data-end=\"3682\">\n<p data-start=\"3639\" data-end=\"3682\">Q\u0131c\u0131qlanma hal\u0131nda istifad\u0259ni dayand\u0131r\u0131n.<\/p>\n<\/li>\n<\/ul>","protected":false},"excerpt":{"rendered":"<p>Neutrogena Canland\u0131r\u0131c\u0131 G\u00fcnl\u00fck Peeling Jel 150 ml d\u0259rini d\u0259rind\u0259n t\u0259mizl\u0259y\u0259n v\u0259 y\u00fcng\u00fcl eksfoliasiya ed\u0259n g\u00fcnd\u0259lik istifad\u0259 \u00fc\u00e7\u00fcn uy\u011fun m\u0259hsuldur. D\u0259riy\u0259 canl\u0131l\u0131q verir, teksturan\u0131 yax\u015f\u0131la\u015fd\u0131r\u0131r v\u0259 daha t\u0259rav\u0259tli g\u00f6r\u00fcn\u00fc\u015f t\u0259min edir.<\/p>","protected":false},"featured_media":9071,"comment_status":"open","ping_status":"closed","template":"","meta":[],"pwb-brand":[397],"product_cat":[127,351],"product_tag":[294,293,352],"class_list":{"0":"post-9070","1":"product","2":"type-product","3":"status-publish","4":"has-post-thumbnail","6":"pwb-brand-neutrogena","7":"product_cat-face-care","8":"product_cat-uz-peeling-gell","9":"product_tag-face","10":"product_tag-facecare","11":"product_tag-peeling-gell","12":"pa_size-150ml","15":"instock","16":"shipping-taxable","17":"purchasable","18":"product-type-simple"},"brands":[{"id":397,"name":"Neutrogena","slug":"neutrogena"}],"_links":{"self":[{"href":"https:\/\/axtarstore.com\/ru\/wp-json\/wp\/v2\/product\/9070"}],"collection":[{"href":"https:\/\/axtarstore.com\/ru\/wp-json\/wp\/v2\/product"}],"about":[{"href":"https:\/\/axtarstore.com\/ru\/wp-json\/wp\/v2\/types\/product"}],"replies":[{"embeddable":true,"href":"https:\/\/axtarstore.com\/ru\/wp-json\/wp\/v2\/comments?post=9070"}],"version-history":[{"count":3,"href":"https:\/\/axtarstore.com\/ru\/wp-json\/wp\/v2\/product\/9070\/revisions"}],"predecessor-version":[{"id":11358,"href":"https:\/\/axtarstore.com\/ru\/wp-json\/wp\/v2\/product\/9070\/revisions\/11358"}],"wp:featuredmedia":[{"embeddable":true,"href":"https:\/\/axtarstore.com\/ru\/wp-json\/wp\/v2\/media\/9071"}],"wp:attachment":[{"href":"https:\/\/axtarstore.com\/ru\/wp-json\/wp\/v2\/media?parent=9070"}],"wp:term":[{"taxonomy":"pwb-brand","embeddable":true,"href":"https:\/\/axtarstore.com\/ru\/wp-json\/wp\/v2\/pwb-brand?post=9070"},{"taxonomy":"product_cat","embeddable":true,"href":"https:\/\/axtarstore.com\/ru\/wp-json\/wp\/v2\/product_cat?post=9070"},{"taxonomy":"product_tag","embeddable":true,"href":"https:\/\/axtarstore.com\/ru\/wp-json\/wp\/v2\/product_tag?post=9070"}],"curies":[{"name":"wp","href":"https:\/\/api.w.org\/{rel}","templated":true}]}}