{"id":9060,"date":"2025-01-23T21:49:48","date_gmt":"2025-01-23T17:49:48","guid":{"rendered":"https:\/\/axtarstore.com\/?post_type=product&#038;p=9060"},"modified":"2026-02-23T23:47:46","modified_gmt":"2026-02-23T19:47:46","slug":"neutrogena-sivilce-qarsiti-temizleme-jeli-200-ml","status":"publish","type":"product","link":"https:\/\/axtarstore.com\/ru\/product\/neutrogena-sivilce-qarsiti-temizleme-jeli-200-ml\/","title":{"rendered":"Neutrogena Sivilce Kar\u015f\u0131t\u0131 Temizleme Jeli 200 ml"},"content":{"rendered":"<h2 data-start=\"1036\" data-end=\"1124\">Neutrogena Sivilc\u0259 Qar\u015f\u0131t\u0131 T\u0259mizl\u0259m\u0259 Jeli 200 ml \u2013 D\u0259rin T\u0259mizlik v\u0259 Sivilc\u0259 N\u0259zar\u0259ti<\/h2>\n<p data-start=\"1126\" data-end=\"1464\">Sivilc\u0259 v\u0259 qara n\u00f6qt\u0259 problemi \u0259sas\u0259n m\u0259sam\u0259l\u0259rin tutulmas\u0131 v\u0259 art\u0131q sebum ifraz\u0131 il\u0259 \u0259laq\u0259dard\u0131r. G\u00fcn \u0259rzind\u0259 d\u0259ri \u00fcz\u0259rind\u0259 toplanan kir, makiyaj qal\u0131\u011f\u0131 v\u0259 ya\u011f m\u0259sam\u0259l\u0259rin daxilind\u0259 y\u0131\u011f\u0131laraq iltihab v\u0259 sivilc\u0259 yaranmas\u0131na \u015f\u0259rait yarad\u0131r. Bu s\u0259b\u0259bd\u0259n d\u00fczg\u00fcn se\u00e7ilmi\u015f \u00fcz t\u0259mizl\u0259yicisi sivilc\u0259 il\u0259 m\u00fcbariz\u0259nin ilk v\u0259 \u0259n vacib m\u0259rh\u0259l\u0259sidir.<\/p>\n<p data-start=\"1466\" data-end=\"1720\">Neutrogena Sivilc\u0259 Qar\u015f\u0131t\u0131 T\u0259mizl\u0259m\u0259 Jeli 200 ml d\u0259rini d\u0259rind\u0259n t\u0259mizl\u0259y\u0259n v\u0259 ya\u011f balans\u0131n\u0131 qoruma\u011fa k\u00f6m\u0259k ed\u0259n x\u00fcsusi formulaya malikdir. M\u0259hsul g\u00fcnd\u0259lik istifad\u0259 \u00fc\u00e7\u00fcn uy\u011fundur v\u0259 ya\u011fl\u0131, qar\u0131\u015f\u0131q, sivilc\u0259y\u0259 meyilli d\u0259ri tipl\u0259ri \u00fc\u00e7\u00fcn n\u0259z\u0259rd\u0259 tutulmu\u015fdur.<\/p>\n<hr data-start=\"1722\" data-end=\"1725\" \/>\n<h2 data-start=\"1727\" data-end=\"1737\">Problem<\/h2>\n<p data-start=\"1739\" data-end=\"1775\">Sivilc\u0259 yaranmas\u0131n\u0131n \u0259sas s\u0259b\u0259bl\u0259ri:<\/p>\n<ul data-start=\"1777\" data-end=\"1889\">\n<li data-start=\"1777\" data-end=\"1797\">\n<p data-start=\"1779\" data-end=\"1797\">Art\u0131q ya\u011f ifraz\u0131<\/p>\n<\/li>\n<li data-start=\"1798\" data-end=\"1820\">\n<p data-start=\"1800\" data-end=\"1820\">T\u0131xanm\u0131\u015f m\u0259sam\u0259l\u0259r<\/p>\n<\/li>\n<li data-start=\"1821\" data-end=\"1849\">\n<p data-start=\"1823\" data-end=\"1849\">Bakteriyalar\u0131n \u00e7oxalmas\u0131<\/p>\n<\/li>\n<li data-start=\"1850\" data-end=\"1889\">\n<p data-start=\"1852\" data-end=\"1889\">D\u0259rinin qeyri-m\u00fcnt\u0259z\u0259m t\u0259mizl\u0259nm\u0259si<\/p>\n<\/li>\n<\/ul>\n<p data-start=\"1891\" data-end=\"2076\">\u018fg\u0259r m\u0259sam\u0259l\u0259r d\u0259rind\u0259n t\u0259mizl\u0259nmirs\u0259, sivilc\u0259 problemi davaml\u0131 xarakter al\u0131r. Eyni zamanda s\u0259rt v\u0259 balanss\u0131z m\u0259hsullar d\u0259rini h\u0259ddind\u0259n art\u0131q quruda v\u0259 qoruyucu baryeri z\u0259ifl\u0259d\u0259 bil\u0259r.<\/p>\n<hr data-start=\"2078\" data-end=\"2081\" \/>\n<h2 data-start=\"2083\" data-end=\"2090\">H\u0259ll<\/h2>\n<p data-start=\"2092\" data-end=\"2201\">Neutrogena Sivilc\u0259 Qar\u015f\u0131t\u0131 T\u0259mizl\u0259m\u0259 Jeli 200 ml effektiv v\u0259 balansla\u015fd\u0131r\u0131lm\u0131\u015f t\u0259mizl\u0259m\u0259 t\u0259qdim edir. M\u0259hsul:<\/p>\n<ul data-start=\"2203\" data-end=\"2395\">\n<li data-start=\"2203\" data-end=\"2237\">\n<p data-start=\"2205\" data-end=\"2237\">M\u0259sam\u0259l\u0259ri d\u0259rind\u0259n t\u0259mizl\u0259yir<\/p>\n<\/li>\n<li data-start=\"2238\" data-end=\"2273\">\n<p data-start=\"2240\" data-end=\"2273\">Art\u0131q ya\u011f\u0131 azaltma\u011fa k\u00f6m\u0259k edir<\/p>\n<\/li>\n<li data-start=\"2274\" data-end=\"2323\">\n<p data-start=\"2276\" data-end=\"2323\">Sivilc\u0259 yaranma riskini azaltma\u011fa d\u0259st\u0259k olur<\/p>\n<\/li>\n<li data-start=\"2324\" data-end=\"2356\">\n<p data-start=\"2326\" data-end=\"2356\">D\u0259rini qurutmadan t\u0259mizl\u0259yir<\/p>\n<\/li>\n<li data-start=\"2357\" data-end=\"2395\">\n<p data-start=\"2359\" data-end=\"2395\">D\u0259rid\u0259 t\u0259miz v\u0259 rahat hiss yarad\u0131r<\/p>\n<\/li>\n<\/ul>\n<p data-start=\"2397\" data-end=\"2559\">Y\u00fcng\u00fcl gel teksturas\u0131 k\u00f6p\u00fckl\u0259n\u0259r\u0259k \u00e7irki effektiv \u015f\u0259kild\u0259 uzaqla\u015fd\u0131r\u0131r v\u0259 d\u0259rid\u0259 a\u011f\u0131r hiss buraxm\u0131r. M\u00fcnt\u0259z\u0259m istifad\u0259 zaman\u0131 d\u0259ri daha t\u0259miz v\u0259 balansl\u0131 g\u00f6r\u00fcn\u00fcr.<\/p>\n<hr data-start=\"2561\" data-end=\"2564\" \/>\n<h2 data-start=\"2566\" data-end=\"2575\">N\u0259tic\u0259<\/h2>\n<p data-start=\"2577\" data-end=\"2604\">Daimi istifad\u0259 n\u0259tic\u0259sind\u0259:<\/p>\n<ul data-start=\"2606\" data-end=\"2781\">\n<li data-start=\"2606\" data-end=\"2638\">\n<p data-start=\"2608\" data-end=\"2638\">Sivilc\u0259l\u0259rin g\u00f6r\u00fcn\u00fc\u015f\u00fc azal\u0131r<\/p>\n<\/li>\n<li data-start=\"2639\" data-end=\"2675\">\n<p data-start=\"2641\" data-end=\"2675\">D\u0259ri daha ayd\u0131n v\u0259 t\u0259miz g\u00f6r\u00fcn\u00fcr<\/p>\n<\/li>\n<li data-start=\"2676\" data-end=\"2710\">\n<p data-start=\"2678\" data-end=\"2710\">Ya\u011flanma n\u0259zar\u0259t alt\u0131na al\u0131n\u0131r<\/p>\n<\/li>\n<li data-start=\"2711\" data-end=\"2738\">\n<p data-start=\"2713\" data-end=\"2738\">Qara n\u00f6qt\u0259 riski azal\u0131r<\/p>\n<\/li>\n<li data-start=\"2739\" data-end=\"2781\">\n<p data-start=\"2741\" data-end=\"2781\">D\u0259ri s\u0259thi daha hamar t\u0259sir ba\u011f\u0131\u015flay\u0131r<\/p>\n<\/li>\n<\/ul>\n<p data-start=\"2783\" data-end=\"2943\">Neutrogena Sivilc\u0259 Qar\u015f\u0131t\u0131 T\u0259mizl\u0259m\u0259 Jeli 200 ml h\u0259m s\u0259h\u0259r, h\u0259m d\u0259 ax\u015fam istifad\u0259 edil\u0259 bil\u0259r v\u0259 dig\u0259r sivilc\u0259 \u0259leyhin\u0259 m\u0259hsullarla uy\u011fun \u015f\u0259kild\u0259 t\u0259tbiq olunur.<\/p>\n<hr data-start=\"2945\" data-end=\"2948\" \/>\n<h2 data-start=\"2950\" data-end=\"2979\">Niy\u0259 bu m\u0259hsulu almal\u0131yam?<\/h2>\n<ul data-start=\"2981\" data-end=\"3210\">\n<li data-start=\"2981\" data-end=\"3038\">\n<p data-start=\"2983\" data-end=\"3038\">Sivilc\u0259y\u0259 meyilli d\u0259ri \u00fc\u00e7\u00fcn x\u00fcsusi haz\u0131rlanm\u0131\u015f formul<\/p>\n<\/li>\n<li data-start=\"3039\" data-end=\"3074\">\n<p data-start=\"3041\" data-end=\"3074\">D\u0259rin t\u0259mizl\u0259m\u0259 v\u0259 ya\u011f n\u0259zar\u0259ti<\/p>\n<\/li>\n<li data-start=\"3075\" data-end=\"3129\">\n<p data-start=\"3077\" data-end=\"3129\">G\u00fcnd\u0259lik istifad\u0259y\u0259 uy\u011fun balansla\u015fd\u0131r\u0131lm\u0131\u015f t\u0259rkib<\/p>\n<\/li>\n<li data-start=\"3130\" data-end=\"3169\">\n<p data-start=\"3132\" data-end=\"3169\">200 ml h\u0259cm \u2013 uzunm\u00fcdd\u0259tli istifad\u0259<\/p>\n<\/li>\n<li data-start=\"3170\" data-end=\"3210\">\n<p data-start=\"3172\" data-end=\"3210\">Etibarl\u0131 Neutrogena brend keyfiyy\u0259ti<\/p>\n<\/li>\n<\/ul>\n<p data-start=\"3212\" data-end=\"3357\">\u018fg\u0259r m\u0259qs\u0259diniz sivilc\u0259 problemini sistemli \u015f\u0259kild\u0259 n\u0259zar\u0259t alt\u0131na almaq v\u0259 d\u0259rini h\u0259r g\u00fcn effektiv t\u0259mizl\u0259m\u0259kdirs\u0259, bu m\u0259hsul rasional se\u00e7imdir.<\/p>\n<hr data-start=\"3359\" data-end=\"3362\" \/>\n<h2 data-start=\"3364\" data-end=\"3383\">\u0130stifad\u0259 qaydas\u0131<\/h2>\n<ol data-start=\"3385\" data-end=\"3535\">\n<li data-start=\"3385\" data-end=\"3414\">\n<p data-start=\"3388\" data-end=\"3414\">\u00dcz\u00fc il\u0131q su il\u0259 islad\u0131n.<\/p>\n<\/li>\n<li data-start=\"3415\" data-end=\"3466\">\n<p data-start=\"3418\" data-end=\"3466\">Kifay\u0259t q\u0259d\u0259r miqdarda jeli ovucunuza g\u00f6t\u00fcr\u00fcn.<\/p>\n<\/li>\n<li data-start=\"3467\" data-end=\"3508\">\n<p data-start=\"3470\" data-end=\"3508\">Dair\u0259vi h\u0259r\u0259k\u0259tl\u0259rl\u0259 \u00fcz\u0259 masaj edin.<\/p>\n<\/li>\n<li data-start=\"3509\" data-end=\"3535\">\n<p data-start=\"3512\" data-end=\"3535\">Bol su il\u0259 yaxalay\u0131n.<\/p>\n<\/li>\n<\/ol>\n<p data-start=\"3537\" data-end=\"3582\">G\u00fcnd\u0259 1\u20132 d\u0259f\u0259 istifad\u0259 etm\u0259k t\u00f6vsiy\u0259 olunur.<\/p>\n<hr data-start=\"3584\" data-end=\"3587\" \/>\n<h2 data-start=\"3589\" data-end=\"3596\">Qeyd<\/h2>\n<ul data-start=\"3598\" data-end=\"3753\">\n<li data-start=\"3598\" data-end=\"3634\">\n<p data-start=\"3600\" data-end=\"3634\">G\u00f6z \u0259traf\u0131 il\u0259 t\u0259masdan \u00e7\u0259kinin.<\/p>\n<\/li>\n<li data-start=\"3635\" data-end=\"3707\">\n<p data-start=\"3637\" data-end=\"3707\">H\u0259ssas d\u0259rid\u0259 istifad\u0259y\u0259 m\u0259rh\u0259l\u0259li \u015f\u0259kild\u0259 ba\u015flamaq m\u0259qs\u0259d\u0259uy\u011fundur.<\/p>\n<\/li>\n<li data-start=\"3708\" data-end=\"3753\">\n<p data-start=\"3710\" data-end=\"3753\">Q\u0131c\u0131qlanma hal\u0131nda istifad\u0259ni dayand\u0131r\u0131n.<\/p>\n<\/li>\n<\/ul>","protected":false},"excerpt":{"rendered":"<p>Neutrogena Sivilc\u0259 Qar\u015f\u0131t\u0131 T\u0259mizl\u0259m\u0259 Jeli 200 ml ya\u011fl\u0131 v\u0259 sivilc\u0259y\u0259 meyilli d\u0259ri \u00fc\u00e7\u00fcn n\u0259z\u0259rd\u0259 tutulmu\u015f g\u00fcnd\u0259lik \u00fcz t\u0259mizl\u0259yicisidir. M\u0259sam\u0259l\u0259ri d\u0259rind\u0259n t\u0259mizl\u0259yir, art\u0131q ya\u011f\u0131 azald\u0131r v\u0259 daha ayd\u0131n, balansl\u0131 d\u0259ri g\u00f6r\u00fcn\u00fc\u015f\u00fc yarad\u0131r.<\/p>","protected":false},"featured_media":9061,"comment_status":"open","ping_status":"closed","template":"","meta":[],"pwb-brand":[397],"product_cat":[149,127,147],"product_tag":[323,293],"class_list":{"0":"post-9060","1":"product","2":"type-product","3":"status-publish","4":"has-post-thumbnail","6":"pwb-brand-neutrogena","7":"product_cat-makeup-remover","8":"product_cat-face-care","9":"product_cat-face-wash","10":"product_tag-face-wash","11":"product_tag-facecare","12":"pa_size-200ml","15":"instock","16":"shipping-taxable","17":"purchasable","18":"product-type-simple"},"brands":[{"id":397,"name":"Neutrogena","slug":"neutrogena"}],"_links":{"self":[{"href":"https:\/\/axtarstore.com\/ru\/wp-json\/wp\/v2\/product\/9060"}],"collection":[{"href":"https:\/\/axtarstore.com\/ru\/wp-json\/wp\/v2\/product"}],"about":[{"href":"https:\/\/axtarstore.com\/ru\/wp-json\/wp\/v2\/types\/product"}],"replies":[{"embeddable":true,"href":"https:\/\/axtarstore.com\/ru\/wp-json\/wp\/v2\/comments?post=9060"}],"version-history":[{"count":3,"href":"https:\/\/axtarstore.com\/ru\/wp-json\/wp\/v2\/product\/9060\/revisions"}],"predecessor-version":[{"id":11360,"href":"https:\/\/axtarstore.com\/ru\/wp-json\/wp\/v2\/product\/9060\/revisions\/11360"}],"wp:featuredmedia":[{"embeddable":true,"href":"https:\/\/axtarstore.com\/ru\/wp-json\/wp\/v2\/media\/9061"}],"wp:attachment":[{"href":"https:\/\/axtarstore.com\/ru\/wp-json\/wp\/v2\/media?parent=9060"}],"wp:term":[{"taxonomy":"pwb-brand","embeddable":true,"href":"https:\/\/axtarstore.com\/ru\/wp-json\/wp\/v2\/pwb-brand?post=9060"},{"taxonomy":"product_cat","embeddable":true,"href":"https:\/\/axtarstore.com\/ru\/wp-json\/wp\/v2\/product_cat?post=9060"},{"taxonomy":"product_tag","embeddable":true,"href":"https:\/\/axtarstore.com\/ru\/wp-json\/wp\/v2\/product_tag?post=9060"}],"curies":[{"name":"wp","href":"https:\/\/api.w.org\/{rel}","templated":true}]}}