{"id":9056,"date":"2025-01-20T23:38:31","date_gmt":"2025-01-20T19:38:31","guid":{"rendered":"https:\/\/axtarstore.com\/?post_type=product&#038;p=9056"},"modified":"2026-02-23T23:50:25","modified_gmt":"2026-02-23T19:50:25","slug":"neutrogena-sivilce-qarsiti-gunluk-serum-30-ml","status":"publish","type":"product","link":"https:\/\/axtarstore.com\/ru\/product\/neutrogena-sivilce-qarsiti-gunluk-serum-30-ml\/","title":{"rendered":"Neutrogena Sivilce Kar\u015f\u0131t\u0131 G\u00fcnl\u00fck Serum 30ml"},"content":{"rendered":"<h2 data-start=\"1016\" data-end=\"1104\">Neutrogena Sivilc\u0259 Qar\u015f\u0131t\u0131 G\u00fcnl\u00fck Serum 30 ml \u2013 H\u0259d\u0259fli Qulluq v\u0259 Ayd\u0131n D\u0259ri G\u00f6r\u00fcn\u00fc\u015f\u00fc<\/h2>\n<p data-start=\"1106\" data-end=\"1405\">Sivilc\u0259 problemi yaln\u0131z yeniyetm\u0259lik d\u00f6vr\u00fcn\u0259 aid deyil. Ya\u011fl\u0131 v\u0259 qar\u0131\u015f\u0131q d\u0259ri tipin\u0259 sahib olan bir \u00e7ox insan yetkin ya\u015flarda da sivilc\u0259 v\u0259 qara n\u00f6qt\u0259 problemi il\u0259 qar\u015f\u0131la\u015f\u0131r. D\u00fczg\u00fcn t\u0259mizl\u0259m\u0259 il\u0259 yana\u015f\u0131, m\u0259qs\u0259dli v\u0259 effektiv serum istifad\u0259si d\u0259ri g\u00f6r\u00fcn\u00fc\u015f\u00fcn\u00fc \u0259h\u0259miyy\u0259tli d\u0259r\u0259c\u0259d\u0259 yax\u015f\u0131la\u015fd\u0131ra bil\u0259r.<\/p>\n<p data-start=\"1407\" data-end=\"1629\">Neutrogena Sivilc\u0259 Qar\u015f\u0131t\u0131 G\u00fcnl\u00fck Serum 30 ml aktiv sivilc\u0259l\u0259r\u0259 v\u0259 m\u0259sam\u0259 probleml\u0259rin\u0259 qar\u015f\u0131 haz\u0131rlanm\u0131\u015f x\u00fcsusi formulad\u0131r. Y\u00fcng\u00fcl v\u0259 tez hopan teksturas\u0131 say\u0259sind\u0259 g\u00fcnd\u0259lik d\u0259ri bax\u0131m rutinin\u0259 rahat \u015f\u0259kild\u0259 daxil edilir.<\/p>\n<hr data-start=\"1631\" data-end=\"1634\" \/>\n<h2 data-start=\"1636\" data-end=\"1646\">Problem<\/h2>\n<p data-start=\"1648\" data-end=\"1690\">Sivilc\u0259y\u0259 meyilli d\u0259rid\u0259 \u0259sas \u00e7\u0259tinlikl\u0259r:<\/p>\n<ul data-start=\"1692\" data-end=\"1812\">\n<li data-start=\"1692\" data-end=\"1727\">\n<p data-start=\"1694\" data-end=\"1727\">Aktiv v\u0259 t\u0259krarlanan sivilc\u0259l\u0259r<\/p>\n<\/li>\n<li data-start=\"1728\" data-end=\"1750\">\n<p data-start=\"1730\" data-end=\"1750\">T\u0131xanm\u0131\u015f m\u0259sam\u0259l\u0259r<\/p>\n<\/li>\n<li data-start=\"1751\" data-end=\"1773\">\n<p data-start=\"1753\" data-end=\"1773\">Art\u0131q sebum ifraz\u0131<\/p>\n<\/li>\n<li data-start=\"1774\" data-end=\"1812\">\n<p data-start=\"1776\" data-end=\"1812\">Q\u0131zart\u0131 v\u0259 qeyri-b\u0259rab\u0259r d\u0259ri tonu<\/p>\n<\/li>\n<\/ul>\n<p data-start=\"1814\" data-end=\"1971\">T\u0259kc\u0259 \u00fcz yuma m\u0259hsulu il\u0259 kifay\u0259tl\u0259nm\u0259k \u00e7ox zaman yet\u0259rli olmur. D\u0259rinin daha d\u0259rin qatlar\u0131na t\u0259sir ed\u0259n, balansla\u015fd\u0131r\u0131c\u0131 v\u0259 h\u0259d\u0259fli m\u0259hsula ehtiyac yaran\u0131r.<\/p>\n<hr data-start=\"1973\" data-end=\"1976\" \/>\n<h2 data-start=\"1978\" data-end=\"1985\">H\u0259ll<\/h2>\n<p data-start=\"1987\" data-end=\"2130\">Neutrogena Sivilc\u0259 Qar\u015f\u0131t\u0131 G\u00fcnl\u00fck Serum 30 ml sivilc\u0259 yaranma riskini azaltma\u011fa v\u0259 d\u0259rinin \u00fcmumi g\u00f6r\u00fcn\u00fc\u015f\u00fcn\u00fc yax\u015f\u0131la\u015fd\u0131rma\u011fa k\u00f6m\u0259k edir. M\u0259hsul:<\/p>\n<ul data-start=\"2132\" data-end=\"2323\">\n<li data-start=\"2132\" data-end=\"2158\">\n<p data-start=\"2134\" data-end=\"2158\">Sivilc\u0259l\u0259ri h\u0259d\u0259f al\u0131r<\/p>\n<\/li>\n<li data-start=\"2159\" data-end=\"2207\">\n<p data-start=\"2161\" data-end=\"2207\">M\u0259sam\u0259l\u0259rin daha t\u0259miz qalmas\u0131na d\u0259st\u0259k olur<\/p>\n<\/li>\n<li data-start=\"2208\" data-end=\"2243\">\n<p data-start=\"2210\" data-end=\"2243\">Art\u0131q ya\u011f\u0131 azaltma\u011fa k\u00f6m\u0259k edir<\/p>\n<\/li>\n<li data-start=\"2244\" data-end=\"2280\">\n<p data-start=\"2246\" data-end=\"2280\">D\u0259ri s\u0259thini daha hamar g\u00f6st\u0259rir<\/p>\n<\/li>\n<li data-start=\"2281\" data-end=\"2323\">\n<p data-start=\"2283\" data-end=\"2323\">Y\u00fcng\u00fcl v\u0259 tez hopan formul t\u0259qdim edir<\/p>\n<\/li>\n<\/ul>\n<p data-start=\"2325\" data-end=\"2452\">Serum d\u0259rid\u0259 a\u011f\u0131rl\u0131q v\u0259 yap\u0131\u015fqanl\u0131q hissi yaratm\u0131r. Dig\u0259r n\u0259ml\u0259ndirici v\u0259 qoruyucu m\u0259hsullarla birlikd\u0259 istifad\u0259 \u00fc\u00e7\u00fcn uy\u011fundur.<\/p>\n<hr data-start=\"2454\" data-end=\"2457\" \/>\n<h2 data-start=\"2459\" data-end=\"2468\">N\u0259tic\u0259<\/h2>\n<p data-start=\"2470\" data-end=\"2495\">M\u00fcnt\u0259z\u0259m istifad\u0259 zaman\u0131:<\/p>\n<ul data-start=\"2497\" data-end=\"2676\">\n<li data-start=\"2497\" data-end=\"2529\">\n<p data-start=\"2499\" data-end=\"2529\">Sivilc\u0259l\u0259rin g\u00f6r\u00fcn\u00fc\u015f\u00fc azal\u0131r<\/p>\n<\/li>\n<li data-start=\"2530\" data-end=\"2569\">\n<p data-start=\"2532\" data-end=\"2569\">D\u0259ri daha ayd\u0131n v\u0259 balansl\u0131 g\u00f6r\u00fcn\u00fcr<\/p>\n<\/li>\n<li data-start=\"2570\" data-end=\"2603\">\n<p data-start=\"2572\" data-end=\"2603\">Ya\u011flanma n\u0259zar\u0259td\u0259 saxlan\u0131l\u0131r<\/p>\n<\/li>\n<li data-start=\"2604\" data-end=\"2639\">\n<p data-start=\"2606\" data-end=\"2639\">M\u0259sam\u0259l\u0259r daha az n\u0259z\u0259r\u0259 \u00e7arp\u0131r<\/p>\n<\/li>\n<li data-start=\"2640\" data-end=\"2676\">\n<p data-start=\"2642\" data-end=\"2676\">\u00dcmumi d\u0259ri teksturas\u0131 yax\u015f\u0131la\u015f\u0131r<\/p>\n<\/li>\n<\/ul>\n<p data-start=\"2678\" data-end=\"2842\">Neutrogena Sivilc\u0259 Qar\u015f\u0131t\u0131 G\u00fcnl\u00fck Serum 30 ml g\u00fcnd\u0259lik s\u0259h\u0259r v\u0259 ya ax\u015fam istifad\u0259 edil\u0259 bil\u0259r v\u0259 kompleks sivilc\u0259 \u0259leyhin\u0259 bax\u0131m\u0131n effektiv hiss\u0259si kimi \u00e7\u0131x\u0131\u015f edir.<\/p>\n<hr data-start=\"2844\" data-end=\"2847\" \/>\n<h2 data-start=\"2849\" data-end=\"2878\">Niy\u0259 bu m\u0259hsulu almal\u0131yam?<\/h2>\n<ul data-start=\"2880\" data-end=\"3067\">\n<li data-start=\"2880\" data-end=\"2925\">\n<p data-start=\"2882\" data-end=\"2925\">Sivilc\u0259y\u0259 meyilli d\u0259ri \u00fc\u00e7\u00fcn x\u00fcsusi formul<\/p>\n<\/li>\n<li data-start=\"2926\" data-end=\"2958\">\n<p data-start=\"2928\" data-end=\"2958\">Y\u00fcng\u00fcl v\u0259 tez hopan tekstura<\/p>\n<\/li>\n<li data-start=\"2959\" data-end=\"2991\">\n<p data-start=\"2961\" data-end=\"2991\">G\u00fcnd\u0259lik istifad\u0259 \u00fc\u00e7\u00fcn uy\u011fun<\/p>\n<\/li>\n<li data-start=\"2992\" data-end=\"3032\">\n<p data-start=\"2994\" data-end=\"3032\">30 ml kompakt v\u0259 praktik qabla\u015fd\u0131rma<\/p>\n<\/li>\n<li data-start=\"3033\" data-end=\"3067\">\n<p data-start=\"3035\" data-end=\"3067\">Etibarl\u0131 Neutrogena keyfiyy\u0259ti<\/p>\n<\/li>\n<\/ul>\n<p data-start=\"3069\" data-end=\"3212\">\u018fg\u0259r m\u0259qs\u0259diniz sivilc\u0259 problemini sistemli \u015f\u0259kild\u0259 n\u0259zar\u0259td\u0259 saxlamaq v\u0259 daha ayd\u0131n d\u0259ri g\u00f6r\u00fcn\u00fc\u015f\u00fc \u0259ld\u0259 etm\u0259kdirs\u0259, bu serum rasional se\u00e7imdir.<\/p>\n<hr data-start=\"3214\" data-end=\"3217\" \/>\n<h2 data-start=\"3219\" data-end=\"3238\">\u0130stifad\u0259 qaydas\u0131<\/h2>\n<ol data-start=\"3240\" data-end=\"3420\">\n<li data-start=\"3240\" data-end=\"3286\">\n<p data-start=\"3243\" data-end=\"3286\">\u00dcz\u00fc t\u0259mizl\u0259dikd\u0259n sonra d\u0259rini qurulay\u0131n.<\/p>\n<\/li>\n<li data-start=\"3287\" data-end=\"3330\">\n<p data-start=\"3290\" data-end=\"3330\">Bir ne\u00e7\u0259 damc\u0131 serumu \u00fcz\u0259 t\u0259tbiq edin.<\/p>\n<\/li>\n<li data-start=\"3331\" data-end=\"3374\">\n<p data-start=\"3334\" data-end=\"3374\">Y\u00fcng\u00fcl masaj h\u0259r\u0259k\u0259tl\u0259ri il\u0259 hopdurun.<\/p>\n<\/li>\n<li data-start=\"3375\" data-end=\"3420\">\n<p data-start=\"3378\" data-end=\"3420\">Ard\u0131nca n\u0259ml\u0259ndirici krem istifad\u0259 edin.<\/p>\n<\/li>\n<\/ol>\n<p data-start=\"3422\" data-end=\"3484\">G\u00fcnd\u0259 1 d\u0259f\u0259, ehtiyac olduqda 2 d\u0259f\u0259 istifad\u0259 etm\u0259k m\u00fcmk\u00fcnd\u00fcr.<\/p>\n<hr data-start=\"3486\" data-end=\"3489\" \/>\n<h2 data-start=\"3491\" data-end=\"3498\">Qeyd<\/h2>\n<ul data-start=\"3500\" data-end=\"3698\">\n<li data-start=\"3500\" data-end=\"3536\">\n<p data-start=\"3502\" data-end=\"3536\">G\u00f6z \u0259traf\u0131 il\u0259 t\u0259masdan \u00e7\u0259kinin.<\/p>\n<\/li>\n<li data-start=\"3537\" data-end=\"3608\">\n<p data-start=\"3539\" data-end=\"3608\">H\u0259ssas d\u0259rid\u0259 istifad\u0259y\u0259 m\u0259rh\u0259l\u0259li \u015f\u0259kild\u0259 ba\u015flamaq t\u00f6vsiy\u0259 olunur.<\/p>\n<\/li>\n<li data-start=\"3609\" data-end=\"3652\">\n<p data-start=\"3611\" data-end=\"3652\">G\u00fcn \u0259rzind\u0259 SPF istifad\u0259si m\u0259sl\u0259h\u0259tdir.<\/p>\n<\/li>\n<li data-start=\"3653\" data-end=\"3698\">\n<p data-start=\"3655\" data-end=\"3698\">Q\u0131c\u0131qlanma hal\u0131nda istifad\u0259ni dayand\u0131r\u0131n.<\/p>\n<\/li>\n<\/ul>","protected":false},"excerpt":{"rendered":"<p>Neutrogena Sivilc\u0259 Qar\u015f\u0131t\u0131 G\u00fcnl\u00fck Serum 30 ml sivilc\u0259y\u0259 meyilli d\u0259ri \u00fc\u00e7\u00fcn haz\u0131rlanm\u0131\u015f y\u00fcng\u00fcl tekstural\u0131 qulluq serumudur. M\u0259sam\u0259l\u0259ri t\u0259mizl\u0259m\u0259y\u0259, art\u0131q ya\u011f\u0131 azaltma\u011fa v\u0259 d\u0259rinin daha ayd\u0131n g\u00f6r\u00fcnm\u0259sin\u0259 k\u00f6m\u0259k edir. G\u00fcnd\u0259lik istifad\u0259 \u00fc\u00e7\u00fcn uy\u011fundur.<\/p>","protected":false},"featured_media":9057,"comment_status":"open","ping_status":"closed","template":"","meta":[],"pwb-brand":[397],"product_cat":[127,142],"product_tag":[299,293],"class_list":{"0":"post-9056","1":"product","2":"type-product","3":"status-publish","4":"has-post-thumbnail","6":"pwb-brand-neutrogena","7":"product_cat-face-care","8":"product_cat-face-creams","9":"product_tag-acnetreatment","10":"product_tag-facecare","11":"pa_size-30ml","14":"instock","15":"shipping-taxable","16":"purchasable","17":"product-type-simple"},"brands":[{"id":397,"name":"Neutrogena","slug":"neutrogena"}],"_links":{"self":[{"href":"https:\/\/axtarstore.com\/ru\/wp-json\/wp\/v2\/product\/9056"}],"collection":[{"href":"https:\/\/axtarstore.com\/ru\/wp-json\/wp\/v2\/product"}],"about":[{"href":"https:\/\/axtarstore.com\/ru\/wp-json\/wp\/v2\/types\/product"}],"replies":[{"embeddable":true,"href":"https:\/\/axtarstore.com\/ru\/wp-json\/wp\/v2\/comments?post=9056"}],"version-history":[{"count":3,"href":"https:\/\/axtarstore.com\/ru\/wp-json\/wp\/v2\/product\/9056\/revisions"}],"predecessor-version":[{"id":11362,"href":"https:\/\/axtarstore.com\/ru\/wp-json\/wp\/v2\/product\/9056\/revisions\/11362"}],"wp:featuredmedia":[{"embeddable":true,"href":"https:\/\/axtarstore.com\/ru\/wp-json\/wp\/v2\/media\/9057"}],"wp:attachment":[{"href":"https:\/\/axtarstore.com\/ru\/wp-json\/wp\/v2\/media?parent=9056"}],"wp:term":[{"taxonomy":"pwb-brand","embeddable":true,"href":"https:\/\/axtarstore.com\/ru\/wp-json\/wp\/v2\/pwb-brand?post=9056"},{"taxonomy":"product_cat","embeddable":true,"href":"https:\/\/axtarstore.com\/ru\/wp-json\/wp\/v2\/product_cat?post=9056"},{"taxonomy":"product_tag","embeddable":true,"href":"https:\/\/axtarstore.com\/ru\/wp-json\/wp\/v2\/product_tag?post=9056"}],"curies":[{"name":"wp","href":"https:\/\/api.w.org\/{rel}","templated":true}]}}