{"id":9052,"date":"2025-01-20T23:31:25","date_gmt":"2025-01-20T19:31:25","guid":{"rendered":"https:\/\/axtarstore.com\/?post_type=product&#038;p=9052"},"modified":"2026-02-23T23:54:44","modified_gmt":"2026-02-23T19:54:44","slug":"neutrogena-skin-detox-uc-tesirli-micellar-su-400-ml","status":"publish","type":"product","link":"https:\/\/axtarstore.com\/ru\/product\/neutrogena-skin-detox-uc-tesirli-micellar-su-400-ml\/","title":{"rendered":"Neutrogena Skin Detox \u00dc\u00e7 Etkili Micellar Water Makyaj Temizleme Suyu 400ml"},"content":{"rendered":"<h2 data-start=\"1013\" data-end=\"1100\">Neutrogena Skin Detox \u00dc\u00e7 T\u0259sirli Micellar Su 400 ml \u2013 D\u0259rin T\u0259mizlik v\u0259 D\u0259riy\u0259 N\u0259f\u0259s<\/h2>\n<p data-start=\"1102\" data-end=\"1385\">G\u00fcn \u0259rzind\u0259 d\u0259ri m\u00fcxt\u0259lif xarici faktorlar\u0131n t\u0259sirin\u0259 m\u0259ruz qal\u0131r: hava \u00e7irkliliyi, toz, makiyaj qal\u0131qlar\u0131 v\u0259 art\u0131q sebum. Bu faktorlar m\u0259sam\u0259l\u0259rin tutulmas\u0131na, d\u0259rinin sol\u011fun v\u0259 yor\u011fun g\u00f6r\u00fcnm\u0259sin\u0259 s\u0259b\u0259b olur. Effektiv t\u0259mizl\u0259m\u0259 is\u0259 sa\u011flam v\u0259 balansl\u0131 d\u0259ri g\u00f6r\u00fcn\u00fc\u015f\u00fcn\u00fcn \u0259sas \u015f\u0259rtidir.<\/p>\n<p data-start=\"1387\" data-end=\"1643\">Neutrogena Skin Detox \u00dc\u00e7 T\u0259sirli Micellar Su 400 ml d\u0259rini bir add\u0131mda t\u0259mizl\u0259y\u0259n v\u0259 rahatla\u015fd\u0131ran praktik h\u0259lldir. Micellar texnologiya say\u0259sind\u0259 \u00e7irki v\u0259 makiyaj\u0131 c\u0259zb ed\u0259r\u0259k d\u0259rid\u0259n uzaqla\u015fd\u0131r\u0131r, eyni zamanda d\u0259rinin t\u0259bii balans\u0131n\u0131 qoruma\u011fa k\u00f6m\u0259k edir.<\/p>\n<hr data-start=\"1645\" data-end=\"1648\" \/>\n<h2 data-start=\"1650\" data-end=\"1660\">Problem<\/h2>\n<p data-start=\"1662\" data-end=\"1691\">Effektiv t\u0259mizl\u0259m\u0259 olmad\u0131qda:<\/p>\n<ul data-start=\"1693\" data-end=\"1826\">\n<li data-start=\"1693\" data-end=\"1719\">\n<p data-start=\"1695\" data-end=\"1719\">M\u0259sam\u0259l\u0259r \u00e7irkl\u0259 dolur<\/p>\n<\/li>\n<li data-start=\"1720\" data-end=\"1753\">\n<p data-start=\"1722\" data-end=\"1753\">D\u0259ri sol\u011fun v\u0259 yor\u011fun g\u00f6r\u00fcn\u00fcr<\/p>\n<\/li>\n<li data-start=\"1754\" data-end=\"1788\">\n<p data-start=\"1756\" data-end=\"1788\">Makiyaj qal\u0131qlar\u0131 d\u0259rid\u0259 qal\u0131r<\/p>\n<\/li>\n<li data-start=\"1789\" data-end=\"1826\">\n<p data-start=\"1791\" data-end=\"1826\">Sivilc\u0259 v\u0259 qara n\u00f6qt\u0259 riski art\u0131r<\/p>\n<\/li>\n<\/ul>\n<p data-start=\"1828\" data-end=\"1971\">S\u0259rt t\u0259mizl\u0259yicil\u0259r is\u0259 d\u0259rinin qoruyucu baryerini z\u0259ifl\u0259d\u0259 v\u0259 quruluq yarada bil\u0259r. Bu s\u0259b\u0259bd\u0259n h\u0259m effektiv, h\u0259m d\u0259 z\u0259rif t\u0259mizl\u0259m\u0259 vacibdir.<\/p>\n<hr data-start=\"1973\" data-end=\"1976\" \/>\n<h2 data-start=\"1978\" data-end=\"1985\">H\u0259ll<\/h2>\n<p data-start=\"1987\" data-end=\"2065\">Neutrogena Skin Detox \u00dc\u00e7 T\u0259sirli Micellar Su 400 ml \u00fc\u00e7 \u0259sas t\u0259sir t\u0259qdim edir:<\/p>\n<ul data-start=\"2067\" data-end=\"2192\">\n<li data-start=\"2067\" data-end=\"2107\">\n<p data-start=\"2069\" data-end=\"2107\">Makiyaj\u0131 effektiv \u015f\u0259kild\u0259 t\u0259mizl\u0259yir<\/p>\n<\/li>\n<li data-start=\"2108\" data-end=\"2149\">\n<p data-start=\"2110\" data-end=\"2149\">D\u0259rini \u00e7irk v\u0259 art\u0131q ya\u011fdan azad edir<\/p>\n<\/li>\n<li data-start=\"2150\" data-end=\"2192\">\n<p data-start=\"2152\" data-end=\"2192\">D\u0259rid\u0259 t\u0259rav\u0259tli v\u0259 rahat hiss yarad\u0131r<\/p>\n<\/li>\n<\/ul>\n<p data-start=\"2194\" data-end=\"2373\">Micellar hiss\u0259cikl\u0259r maqnit prinsipi il\u0259 \u00e7irki \u00f6z\u00fcn\u0259 c\u0259lb edir v\u0259 d\u0259rini s\u00fcrtm\u0259d\u0259n t\u0259mizl\u0259m\u0259y\u0259 imkan verir. M\u0259hsul d\u0259rini qurutmadan t\u0259mizl\u0259diyi \u00fc\u00e7\u00fcn g\u00fcnd\u0259lik istifad\u0259y\u0259 uy\u011fundur.<\/p>\n<hr data-start=\"2375\" data-end=\"2378\" \/>\n<h2 data-start=\"2380\" data-end=\"2389\">N\u0259tic\u0259<\/h2>\n<p data-start=\"2391\" data-end=\"2416\">M\u00fcnt\u0259z\u0259m istifad\u0259 zaman\u0131:<\/p>\n<ul data-start=\"2418\" data-end=\"2603\">\n<li data-start=\"2418\" data-end=\"2454\">\n<p data-start=\"2420\" data-end=\"2454\">D\u0259ri daha t\u0259miz v\u0259 ayd\u0131n g\u00f6r\u00fcn\u00fcr<\/p>\n<\/li>\n<li data-start=\"2455\" data-end=\"2490\">\n<p data-start=\"2457\" data-end=\"2490\">M\u0259sam\u0259l\u0259r daha az n\u0259z\u0259r\u0259 \u00e7arp\u0131r<\/p>\n<\/li>\n<li data-start=\"2491\" data-end=\"2521\">\n<p data-start=\"2493\" data-end=\"2521\">D\u0259ri s\u0259thi daha hamar olur<\/p>\n<\/li>\n<li data-start=\"2522\" data-end=\"2559\">\n<p data-start=\"2524\" data-end=\"2559\">T\u0259rav\u0259t hissi uzun m\u00fcdd\u0259t qorunur<\/p>\n<\/li>\n<li data-start=\"2560\" data-end=\"2603\">\n<p data-start=\"2562\" data-end=\"2603\">D\u0259ri bax\u0131ml\u0131 v\u0259 sa\u011flam t\u0259sir ba\u011f\u0131\u015flay\u0131r<\/p>\n<\/li>\n<\/ul>\n<p data-start=\"2605\" data-end=\"2760\">Neutrogena Skin Detox \u00dc\u00e7 T\u0259sirli Micellar Su 400 ml h\u0259m s\u0259h\u0259r, h\u0259m d\u0259 ax\u015fam istifad\u0259 oluna bil\u0259r v\u0259 dig\u0259r d\u0259riy\u0259 qulluq m\u0259hsullar\u0131 \u00fc\u00e7\u00fcn ideal baza yarad\u0131r.<\/p>\n<hr data-start=\"2762\" data-end=\"2765\" \/>\n<h2 data-start=\"2767\" data-end=\"2796\">Niy\u0259 bu m\u0259hsulu almal\u0131yam?<\/h2>\n<ul data-start=\"2798\" data-end=\"3002\">\n<li data-start=\"2798\" data-end=\"2841\">\n<p data-start=\"2800\" data-end=\"2841\">Bir add\u0131mda t\u0259mizl\u0259m\u0259 v\u0259 detoks effekti<\/p>\n<\/li>\n<li data-start=\"2842\" data-end=\"2885\">\n<p data-start=\"2844\" data-end=\"2885\">Makiyaj\u0131 yum\u015faq \u015f\u0259kild\u0259 aradan qald\u0131r\u0131r<\/p>\n<\/li>\n<li data-start=\"2886\" data-end=\"2933\">\n<p data-start=\"2888\" data-end=\"2933\">D\u0259rini qurutmur v\u0259 g\u0259rginlik hissi yaratm\u0131r<\/p>\n<\/li>\n<li data-start=\"2934\" data-end=\"2967\">\n<p data-start=\"2936\" data-end=\"2967\">400 ml b\u00f6y\u00fck v\u0259 iqtisadi h\u0259cm<\/p>\n<\/li>\n<li data-start=\"2968\" data-end=\"3002\">\n<p data-start=\"2970\" data-end=\"3002\">Etibarl\u0131 Neutrogena keyfiyy\u0259ti<\/p>\n<\/li>\n<\/ul>\n<p data-start=\"3004\" data-end=\"3135\">\u018fg\u0259r m\u0259qs\u0259diniz d\u0259rini h\u0259r g\u00fcn effektiv v\u0259 eyni zamanda z\u0259rif \u015f\u0259kild\u0259 t\u0259mizl\u0259m\u0259kdirs\u0259, bu micellar su praktik v\u0259 etibarl\u0131 se\u00e7imdir.<\/p>\n<hr data-start=\"3137\" data-end=\"3140\" \/>\n<h2 data-start=\"3142\" data-end=\"3161\">\u0130stifad\u0259 qaydas\u0131<\/h2>\n<ol data-start=\"3163\" data-end=\"3341\">\n<li data-start=\"3163\" data-end=\"3226\">\n<p data-start=\"3166\" data-end=\"3226\">Pamb\u0131q diskin \u00fcz\u0259rin\u0259 kifay\u0259t q\u0259d\u0259r miqdarda m\u0259hsul t\u00f6k\u00fcn.<\/p>\n<\/li>\n<li data-start=\"3227\" data-end=\"3286\">\n<p data-start=\"3230\" data-end=\"3286\">\u00dcz, g\u00f6z v\u0259 dodaq nahiy\u0259sini yum\u015faq h\u0259r\u0259k\u0259tl\u0259rl\u0259 silin.<\/p>\n<\/li>\n<li data-start=\"3287\" data-end=\"3341\">\n<p data-start=\"3290\" data-end=\"3341\">Ehtiyac olduqda t\u0259miz diskl\u0259 prosesi t\u0259krarlay\u0131n.<\/p>\n<\/li>\n<\/ol>\n<p data-start=\"3343\" data-end=\"3431\">Yuyulmadan istifad\u0259 edil\u0259 bil\u0259r. \u0130st\u0259y\u0259 g\u00f6r\u0259 daha sonra \u00fcz yuma geli t\u0259tbiq oluna bil\u0259r.<\/p>\n<hr data-start=\"3433\" data-end=\"3436\" \/>\n<h2 data-start=\"3438\" data-end=\"3445\">Qeyd<\/h2>\n<ul data-start=\"3447\" data-end=\"3582\">\n<li data-start=\"3447\" data-end=\"3482\">\n<p data-start=\"3449\" data-end=\"3482\">G\u00f6zl\u0259 birba\u015fa t\u0259masdan \u00e7\u0259kinin.<\/p>\n<\/li>\n<li data-start=\"3483\" data-end=\"3536\">\n<p data-start=\"3485\" data-end=\"3536\">H\u0259ssas d\u0259riy\u0259 uy\u011funluq f\u0259rdi olaraq d\u0259yi\u015f\u0259 bil\u0259r.<\/p>\n<\/li>\n<li data-start=\"3537\" data-end=\"3582\">\n<p data-start=\"3539\" data-end=\"3582\">Q\u0131c\u0131qlanma hal\u0131nda istifad\u0259ni dayand\u0131r\u0131n.<\/p>\n<\/li>\n<\/ul>","protected":false},"excerpt":{"rendered":"<p>Neutrogena Skin Detox \u00dc\u00e7 T\u0259sirli Micellar Su 400 ml d\u0259rini bir add\u0131mda t\u0259mizl\u0259y\u0259n, makiyaj\u0131 v\u0259 \u00e7irki yum\u015faq \u015f\u0259kild\u0259 aradan qald\u0131ran micellar sudur. D\u0259rini qurutmadan t\u0259mizl\u0259yir v\u0259 t\u0259rav\u0259tli hiss yarad\u0131r. G\u00fcnd\u0259lik istifad\u0259 \u00fc\u00e7\u00fcn uy\u011fundur.<\/p>","protected":false},"featured_media":9053,"comment_status":"open","ping_status":"closed","template":"","meta":[],"pwb-brand":[397],"product_cat":[149,127,147],"product_tag":[294,293],"class_list":{"0":"post-9052","1":"product","2":"type-product","3":"status-publish","4":"has-post-thumbnail","6":"pwb-brand-neutrogena","7":"product_cat-makeup-remover","8":"product_cat-face-care","9":"product_cat-face-wash","10":"product_tag-face","11":"product_tag-facecare","12":"pa_size-400ml","15":"instock","16":"shipping-taxable","17":"purchasable","18":"product-type-simple"},"brands":[{"id":397,"name":"Neutrogena","slug":"neutrogena"}],"_links":{"self":[{"href":"https:\/\/axtarstore.com\/ru\/wp-json\/wp\/v2\/product\/9052"}],"collection":[{"href":"https:\/\/axtarstore.com\/ru\/wp-json\/wp\/v2\/product"}],"about":[{"href":"https:\/\/axtarstore.com\/ru\/wp-json\/wp\/v2\/types\/product"}],"replies":[{"embeddable":true,"href":"https:\/\/axtarstore.com\/ru\/wp-json\/wp\/v2\/comments?post=9052"}],"version-history":[{"count":3,"href":"https:\/\/axtarstore.com\/ru\/wp-json\/wp\/v2\/product\/9052\/revisions"}],"predecessor-version":[{"id":11364,"href":"https:\/\/axtarstore.com\/ru\/wp-json\/wp\/v2\/product\/9052\/revisions\/11364"}],"wp:featuredmedia":[{"embeddable":true,"href":"https:\/\/axtarstore.com\/ru\/wp-json\/wp\/v2\/media\/9053"}],"wp:attachment":[{"href":"https:\/\/axtarstore.com\/ru\/wp-json\/wp\/v2\/media?parent=9052"}],"wp:term":[{"taxonomy":"pwb-brand","embeddable":true,"href":"https:\/\/axtarstore.com\/ru\/wp-json\/wp\/v2\/pwb-brand?post=9052"},{"taxonomy":"product_cat","embeddable":true,"href":"https:\/\/axtarstore.com\/ru\/wp-json\/wp\/v2\/product_cat?post=9052"},{"taxonomy":"product_tag","embeddable":true,"href":"https:\/\/axtarstore.com\/ru\/wp-json\/wp\/v2\/product_tag?post=9052"}],"curies":[{"name":"wp","href":"https:\/\/api.w.org\/{rel}","templated":true}]}}