{"id":9048,"date":"2025-01-20T23:23:29","date_gmt":"2025-01-20T19:23:29","guid":{"rendered":"https:\/\/axtarstore.com\/?post_type=product&#038;p=9048"},"modified":"2026-02-24T00:01:27","modified_gmt":"2026-02-23T20:01:27","slug":"neutrogena-skin-detox-serinlesdirici-peeling-jel-150-ml","status":"publish","type":"product","link":"https:\/\/axtarstore.com\/ru\/product\/neutrogena-skin-detox-serinlesdirici-peeling-jel-150-ml\/","title":{"rendered":"Neutrogena Skin Detox Serinletici Peeling Jel 150 ml"},"content":{"rendered":"<h2 data-start=\"1057\" data-end=\"1153\">Neutrogena Skin Detox S\u0259rinl\u0259\u015fdirici Peeling Jel 150 ml \u2013 T\u0259mizlik, Yenil\u0259nm\u0259 v\u0259 S\u0259rin Effekt<\/h2>\n<p data-start=\"1155\" data-end=\"1426\">D\u0259ri g\u00fcn \u0259rzind\u0259 \u00e7irk, hava \u00e7irkliliyi, makiyaj qal\u0131\u011f\u0131 v\u0259 art\u0131q ya\u011fla t\u0259masda olur. Bu faktorlar m\u0259sam\u0259l\u0259rin tutulmas\u0131na, d\u0259rinin sol\u011fun g\u00f6r\u00fcnm\u0259sin\u0259 v\u0259 qeyri-b\u0259rab\u0259r teksturaya s\u0259b\u0259b olur. Effektiv t\u0259mizl\u0259m\u0259 v\u0259 m\u00fcnt\u0259z\u0259m eksfoliasiya sa\u011flam d\u0259ri g\u00f6r\u00fcn\u00fc\u015f\u00fcn\u00fcn \u0259sas \u015f\u0259rtidir.<\/p>\n<p data-start=\"1428\" data-end=\"1686\">Neutrogena Skin Detox S\u0259rinl\u0259\u015fdirici Peeling Jel 150 ml d\u0259rini h\u0259m t\u0259mizl\u0259y\u0259n, h\u0259m d\u0259 yenil\u0259y\u0259n balansla\u015fd\u0131r\u0131lm\u0131\u015f formul t\u0259qdim edir. X\u00fcsusi t\u0259rkibi say\u0259sind\u0259 d\u0259rid\u0259 s\u0259rinlik v\u0259 t\u0259rav\u0259t hissi yarad\u0131r, eyni zamanda m\u0259sam\u0259l\u0259rin daha t\u0259miz qalmas\u0131na k\u00f6m\u0259k edir.<\/p>\n<hr data-start=\"1688\" data-end=\"1691\" \/>\n<h2 data-start=\"1693\" data-end=\"1703\">Problem<\/h2>\n<p data-start=\"1705\" data-end=\"1760\">D\u0259rinin bax\u0131ms\u0131z v\u0259 yor\u011fun g\u00f6r\u00fcnm\u0259sinin \u0259sas s\u0259b\u0259bl\u0259ri:<\/p>\n<ul data-start=\"1762\" data-end=\"1928\">\n<li data-start=\"1762\" data-end=\"1804\">\n<p data-start=\"1764\" data-end=\"1804\">M\u0259sam\u0259l\u0259rd\u0259 toplanan \u00e7irk v\u0259 art\u0131q ya\u011f<\/p>\n<\/li>\n<li data-start=\"1805\" data-end=\"1842\">\n<p data-start=\"1807\" data-end=\"1842\">\u00d6l\u00fc h\u00fcceyr\u0259l\u0259rin d\u0259rid\u0259 y\u0131\u011f\u0131lmas\u0131<\/p>\n<\/li>\n<li data-start=\"1843\" data-end=\"1880\">\n<p data-start=\"1845\" data-end=\"1880\">Sol\u011fun v\u0259 qeyri-b\u0259rab\u0259r d\u0259ri tonu<\/p>\n<\/li>\n<li data-start=\"1881\" data-end=\"1928\">\n<p data-start=\"1883\" data-end=\"1928\">G\u00fcn \u0259rzind\u0259 yaranan narahatl\u0131q v\u0259 a\u011f\u0131r hiss<\/p>\n<\/li>\n<\/ul>\n<p data-start=\"1930\" data-end=\"2102\">\u018fg\u0259r d\u0259ri m\u00fcnt\u0259z\u0259m olaraq yenil\u0259nmirs\u0259, daha tez \u00e7irkl\u0259nir v\u0259 bax\u0131ms\u0131z t\u0259sir ba\u011f\u0131\u015flay\u0131r. Eyni zamanda \u00e7ox s\u0259rt peeling m\u0259hsullar\u0131 d\u0259rinin qoruyucu baryerini z\u0259ifl\u0259d\u0259 bil\u0259r.<\/p>\n<hr data-start=\"2104\" data-end=\"2107\" \/>\n<h2 data-start=\"2109\" data-end=\"2116\">H\u0259ll<\/h2>\n<p data-start=\"2118\" data-end=\"2254\">Neutrogena Skin Detox S\u0259rinl\u0259\u015fdirici Peeling Jel 150 ml g\u00fcnd\u0259lik istifad\u0259 \u00fc\u00e7\u00fcn uy\u011funla\u015fd\u0131r\u0131lm\u0131\u015f yum\u015faq eksfoliasiya t\u0259qdim edir. M\u0259hsul:<\/p>\n<ul data-start=\"2256\" data-end=\"2475\">\n<li data-start=\"2256\" data-end=\"2290\">\n<p data-start=\"2258\" data-end=\"2290\">M\u0259sam\u0259l\u0259ri d\u0259rind\u0259n t\u0259mizl\u0259yir<\/p>\n<\/li>\n<li data-start=\"2291\" data-end=\"2341\">\n<p data-start=\"2293\" data-end=\"2341\">\u00d6l\u00fc h\u00fcceyr\u0259l\u0259rin uzaqla\u015fd\u0131r\u0131lmas\u0131na k\u00f6m\u0259k edir<\/p>\n<\/li>\n<li data-start=\"2342\" data-end=\"2391\">\n<p data-start=\"2344\" data-end=\"2391\">D\u0259rinin daha hamar g\u00f6r\u00fcnm\u0259sin\u0259 \u015f\u0259rait yarad\u0131r<\/p>\n<\/li>\n<li data-start=\"2392\" data-end=\"2442\">\n<p data-start=\"2394\" data-end=\"2442\">S\u0259rinl\u0259\u015fdirici effekt il\u0259 rahatl\u0131q hissi verir<\/p>\n<\/li>\n<li data-start=\"2443\" data-end=\"2475\">\n<p data-start=\"2445\" data-end=\"2475\">D\u0259rini qurutmadan t\u0259mizl\u0259yir<\/p>\n<\/li>\n<\/ul>\n<p data-start=\"2477\" data-end=\"2611\">Y\u00fcng\u00fcl gel teksturas\u0131 d\u0259rid\u0259 asanl\u0131qla yay\u0131l\u0131r v\u0259 su il\u0259 tez yuyulur. D\u0259rid\u0259 g\u0259rginlik hissi yaratmadan effektiv t\u0259mizl\u0259m\u0259 t\u0259min edir.<\/p>\n<hr data-start=\"2613\" data-end=\"2616\" \/>\n<h2 data-start=\"2618\" data-end=\"2627\">N\u0259tic\u0259<\/h2>\n<p data-start=\"2629\" data-end=\"2654\">M\u00fcnt\u0259z\u0259m istifad\u0259 zaman\u0131:<\/p>\n<ul data-start=\"2656\" data-end=\"2848\">\n<li data-start=\"2656\" data-end=\"2692\">\n<p data-start=\"2658\" data-end=\"2692\">D\u0259ri daha t\u0259miz v\u0259 ayd\u0131n g\u00f6r\u00fcn\u00fcr<\/p>\n<\/li>\n<li data-start=\"2693\" data-end=\"2721\">\n<p data-start=\"2695\" data-end=\"2721\">Tekstura daha hamar olur<\/p>\n<\/li>\n<li data-start=\"2722\" data-end=\"2757\">\n<p data-start=\"2724\" data-end=\"2757\">M\u0259sam\u0259l\u0259r daha az n\u0259z\u0259r\u0259 \u00e7arp\u0131r<\/p>\n<\/li>\n<li data-start=\"2758\" data-end=\"2795\">\n<p data-start=\"2760\" data-end=\"2795\">T\u0259rav\u0259t v\u0259 s\u0259rinlik hissi yaran\u0131r<\/p>\n<\/li>\n<li data-start=\"2796\" data-end=\"2848\">\n<p data-start=\"2798\" data-end=\"2848\">\u00dcmumi d\u0259ri g\u00f6r\u00fcn\u00fc\u015f\u00fc daha sa\u011flam t\u0259sir ba\u011f\u0131\u015flay\u0131r<\/p>\n<\/li>\n<\/ul>\n<p data-start=\"2850\" data-end=\"3033\">Neutrogena Skin Detox S\u0259rinl\u0259\u015fdirici Peeling Jel 150 ml g\u00fcnd\u0259lik d\u0259ri bax\u0131m\u0131n\u0131n \u0259sas m\u0259rh\u0259l\u0259si kimi istifad\u0259 oluna bil\u0259r v\u0259 dig\u0259r n\u0259ml\u0259ndirici m\u0259hsullarla birlikd\u0259 t\u0259tbiq edil\u0259 bil\u0259r.<\/p>\n<hr data-start=\"3035\" data-end=\"3038\" \/>\n<h2 data-start=\"3040\" data-end=\"3069\">Niy\u0259 bu m\u0259hsulu almal\u0131yam?<\/h2>\n<ul data-start=\"3071\" data-end=\"3273\">\n<li data-start=\"3071\" data-end=\"3116\">\n<p data-start=\"3073\" data-end=\"3116\">D\u0259rin t\u0259mizl\u0259m\u0259 v\u0259 yum\u015faq peeling effekti<\/p>\n<\/li>\n<li data-start=\"3117\" data-end=\"3159\">\n<p data-start=\"3119\" data-end=\"3159\">S\u0259rinl\u0259\u015fdirici v\u0259 rahatla\u015fd\u0131r\u0131c\u0131 t\u0259sir<\/p>\n<\/li>\n<li data-start=\"3160\" data-end=\"3214\">\n<p data-start=\"3162\" data-end=\"3214\">G\u00fcnd\u0259lik istifad\u0259y\u0259 uy\u011fun balansla\u015fd\u0131r\u0131lm\u0131\u015f formul<\/p>\n<\/li>\n<li data-start=\"3215\" data-end=\"3238\">\n<p data-start=\"3217\" data-end=\"3238\">150 ml praktik h\u0259cm<\/p>\n<\/li>\n<li data-start=\"3239\" data-end=\"3273\">\n<p data-start=\"3241\" data-end=\"3273\">Etibarl\u0131 Neutrogena keyfiyy\u0259ti<\/p>\n<\/li>\n<\/ul>\n<p data-start=\"3275\" data-end=\"3421\">\u018fg\u0259r m\u0259qs\u0259diniz d\u0259rini h\u0259m effektiv \u015f\u0259kild\u0259 t\u0259mizl\u0259m\u0259k, h\u0259m d\u0259 h\u0259r istifad\u0259d\u0259 t\u0259rav\u0259t v\u0259 s\u0259rinlik hissi \u0259ld\u0259 etm\u0259kdirs\u0259, bu m\u0259hsul uy\u011fun se\u00e7imdir.<\/p>\n<hr data-start=\"3423\" data-end=\"3426\" \/>\n<h2 data-start=\"3428\" data-end=\"3447\">\u0130stifad\u0259 qaydas\u0131<\/h2>\n<ol data-start=\"3449\" data-end=\"3614\">\n<li data-start=\"3449\" data-end=\"3478\">\n<p data-start=\"3452\" data-end=\"3478\">\u00dcz\u00fc il\u0131q su il\u0259 islad\u0131n.<\/p>\n<\/li>\n<li data-start=\"3479\" data-end=\"3530\">\n<p data-start=\"3482\" data-end=\"3530\">Kifay\u0259t q\u0259d\u0259r miqdarda jeli ovucunuza g\u00f6t\u00fcr\u00fcn.<\/p>\n<\/li>\n<li data-start=\"3531\" data-end=\"3587\">\n<p data-start=\"3534\" data-end=\"3587\">Dair\u0259vi h\u0259r\u0259k\u0259tl\u0259rl\u0259 \u00fcz\u0259 yum\u015faq \u015f\u0259kild\u0259 masaj edin.<\/p>\n<\/li>\n<li data-start=\"3588\" data-end=\"3614\">\n<p data-start=\"3591\" data-end=\"3614\">Bol su il\u0259 yaxalay\u0131n.<\/p>\n<\/li>\n<\/ol>\n<p data-start=\"3616\" data-end=\"3659\">G\u00fcnd\u0259 1 d\u0259f\u0259 istifad\u0259 etm\u0259k t\u00f6vsiy\u0259 olunur.<\/p>\n<hr data-start=\"3661\" data-end=\"3664\" \/>\n<h2 data-start=\"3666\" data-end=\"3673\">Qeyd<\/h2>\n<ul data-start=\"3675\" data-end=\"3830\">\n<li data-start=\"3675\" data-end=\"3711\">\n<p data-start=\"3677\" data-end=\"3711\">G\u00f6z \u0259traf\u0131 il\u0259 t\u0259masdan \u00e7\u0259kinin.<\/p>\n<\/li>\n<li data-start=\"3712\" data-end=\"3784\">\n<p data-start=\"3714\" data-end=\"3784\">H\u0259ssas d\u0259rid\u0259 istifad\u0259y\u0259 m\u0259rh\u0259l\u0259li \u015f\u0259kild\u0259 ba\u015flamaq m\u0259qs\u0259d\u0259uy\u011fundur.<\/p>\n<\/li>\n<li data-start=\"3785\" data-end=\"3830\">\n<p data-start=\"3787\" data-end=\"3830\">Q\u0131c\u0131qlanma hal\u0131nda istifad\u0259ni dayand\u0131r\u0131n.<\/p>\n<\/li>\n<\/ul>","protected":false},"excerpt":{"rendered":"<p>Neutrogena Skin Detox S\u0259rinl\u0259\u015fdirici Peeling Jel 150 ml d\u0259rini t\u0259mizl\u0259y\u0259n v\u0259 y\u00fcng\u00fcl eksfoliasiya ed\u0259n g\u00fcnd\u0259lik istifad\u0259 \u00fc\u00e7\u00fcn uy\u011fun m\u0259hsuldur. M\u0259sam\u0259l\u0259ri t\u0259mizl\u0259yir, \u00f6l\u00fc h\u00fcceyr\u0259l\u0259ri uzaqla\u015fd\u0131r\u0131r v\u0259 d\u0259rid\u0259 s\u0259rinlik hissi yarad\u0131r.<\/p>","protected":false},"featured_media":9049,"comment_status":"open","ping_status":"closed","template":"","meta":[],"pwb-brand":[397],"product_cat":[127,351],"product_tag":[293,352],"class_list":{"0":"post-9048","1":"product","2":"type-product","3":"status-publish","4":"has-post-thumbnail","6":"pwb-brand-neutrogena","7":"product_cat-face-care","8":"product_cat-uz-peeling-gell","9":"product_tag-facecare","10":"product_tag-peeling-gell","11":"pa_size-150ml","14":"instock","15":"shipping-taxable","16":"purchasable","17":"product-type-simple"},"brands":[{"id":397,"name":"Neutrogena","slug":"neutrogena"}],"_links":{"self":[{"href":"https:\/\/axtarstore.com\/ru\/wp-json\/wp\/v2\/product\/9048"}],"collection":[{"href":"https:\/\/axtarstore.com\/ru\/wp-json\/wp\/v2\/product"}],"about":[{"href":"https:\/\/axtarstore.com\/ru\/wp-json\/wp\/v2\/types\/product"}],"replies":[{"embeddable":true,"href":"https:\/\/axtarstore.com\/ru\/wp-json\/wp\/v2\/comments?post=9048"}],"version-history":[{"count":3,"href":"https:\/\/axtarstore.com\/ru\/wp-json\/wp\/v2\/product\/9048\/revisions"}],"predecessor-version":[{"id":11366,"href":"https:\/\/axtarstore.com\/ru\/wp-json\/wp\/v2\/product\/9048\/revisions\/11366"}],"wp:featuredmedia":[{"embeddable":true,"href":"https:\/\/axtarstore.com\/ru\/wp-json\/wp\/v2\/media\/9049"}],"wp:attachment":[{"href":"https:\/\/axtarstore.com\/ru\/wp-json\/wp\/v2\/media?parent=9048"}],"wp:term":[{"taxonomy":"pwb-brand","embeddable":true,"href":"https:\/\/axtarstore.com\/ru\/wp-json\/wp\/v2\/pwb-brand?post=9048"},{"taxonomy":"product_cat","embeddable":true,"href":"https:\/\/axtarstore.com\/ru\/wp-json\/wp\/v2\/product_cat?post=9048"},{"taxonomy":"product_tag","embeddable":true,"href":"https:\/\/axtarstore.com\/ru\/wp-json\/wp\/v2\/product_tag?post=9048"}],"curies":[{"name":"wp","href":"https:\/\/api.w.org\/{rel}","templated":true}]}}