{"id":9045,"date":"2025-01-20T23:16:58","date_gmt":"2025-01-20T19:16:58","guid":{"rendered":"https:\/\/axtarstore.com\/?post_type=product&#038;p=9045"},"modified":"2026-03-01T23:22:18","modified_gmt":"2026-03-01T19:22:18","slug":"neutrogena-skin-detox-arindirici-gil-maskasi-150-ml","status":"publish","type":"product","link":"https:\/\/axtarstore.com\/ru\/product\/neutrogena-skin-detox-arindirici-gil-maskasi-150-ml\/","title":{"rendered":"Neutrogena Skin Detox Ar\u0131nd\u0131r\u0131c\u0131 Kil Maskesi 150 Ml"},"content":{"rendered":"<h1 data-start=\"946\" data-end=\"1032\">Neutrogena Skin Detox Ar\u0131nd\u0131r\u0131c\u0131 Gil Maskas\u0131 150 ml \u2013 D\u0259rin Ar\u0131nd\u0131rma v\u0259 Ya\u011f Balans\u0131<\/h1>\n<p data-start=\"1034\" data-end=\"1306\">D\u0259ri g\u00fcn \u0259rzind\u0259 toz, \u00e7irk, makiyaj qal\u0131qlar\u0131 v\u0259 art\u0131q ya\u011f il\u0259 t\u0259masda olur. X\u00fcsusil\u0259 \u015f\u0259h\u0259r m\u00fchitind\u0259 hava \u00e7irkliliyi m\u0259sam\u0259l\u0259rin daha tez dolmas\u0131na v\u0259 d\u0259rinin sol\u011fun g\u00f6r\u00fcnm\u0259sin\u0259 s\u0259b\u0259b olur. Ya\u011fl\u0131 v\u0259 qar\u0131\u015f\u0131q d\u0259ri tipind\u0259 is\u0259 bu problem daha qabar\u0131q \u015f\u0259kild\u0259 \u00f6z\u00fcn\u00fc g\u00f6st\u0259rir.<\/p>\n<p data-start=\"1308\" data-end=\"1478\">Neutrogena Skin Detox Ar\u0131nd\u0131r\u0131c\u0131 Gil Maskas\u0131 150 ml d\u0259rini d\u0259rind\u0259n t\u0259mizl\u0259m\u0259k, m\u0259sam\u0259l\u0259ri ar\u0131nd\u0131rmaq v\u0259 art\u0131q ya\u011f\u0131 azaltmaq \u00fc\u00e7\u00fcn haz\u0131rlanm\u0131\u015f effektiv formul t\u0259qdim edir.<\/p>\n<hr data-start=\"1480\" data-end=\"1483\" \/>\n<h2 data-start=\"1485\" data-end=\"1495\">Problem<\/h2>\n<p data-start=\"1497\" data-end=\"1557\">M\u0259sam\u0259l\u0259rin \u00e7irkl\u0259 dolmas\u0131 a\u015fa\u011f\u0131dak\u0131 probleml\u0259r\u0259 s\u0259b\u0259b olur:<\/p>\n<ul data-start=\"1559\" data-end=\"1716\">\n<li data-start=\"1559\" data-end=\"1588\">\n<p data-start=\"1561\" data-end=\"1588\">Qara n\u00f6qt\u0259l\u0259rin yaranmas\u0131<\/p>\n<\/li>\n<li data-start=\"1589\" data-end=\"1612\">\n<p data-start=\"1591\" data-end=\"1612\">Sivilc\u0259 meyilliliyi<\/p>\n<\/li>\n<li data-start=\"1613\" data-end=\"1644\">\n<p data-start=\"1615\" data-end=\"1644\">G\u00fcn \u0259rzind\u0259 artan parlaql\u0131q<\/p>\n<\/li>\n<li data-start=\"1645\" data-end=\"1687\">\n<p data-start=\"1647\" data-end=\"1687\">Kobud v\u0259 qeyri-b\u0259rab\u0259r d\u0259ri teksturas\u0131<\/p>\n<\/li>\n<li data-start=\"1688\" data-end=\"1716\">\n<p data-start=\"1690\" data-end=\"1716\">Sol\u011fun v\u0259 yor\u011fun g\u00f6r\u00fcn\u00fc\u015f<\/p>\n<\/li>\n<\/ul>\n<p data-start=\"1718\" data-end=\"1872\">Sad\u0259 \u00fcz yuma m\u0259hsullar\u0131 h\u0259r zaman m\u0259sam\u0259 daxilind\u0259 toplanm\u0131\u015f \u00e7irki tam \u015f\u0259kild\u0259 aradan qald\u0131ra bilmir. N\u0259tic\u0259d\u0259 d\u0259ri daha tez ya\u011flan\u0131r v\u0259 bax\u0131ms\u0131z g\u00f6r\u00fcn\u00fcr.<\/p>\n<hr data-start=\"1874\" data-end=\"1877\" \/>\n<h2 data-start=\"1879\" data-end=\"1886\">H\u0259ll<\/h2>\n<p data-start=\"1888\" data-end=\"2073\">Neutrogena Skin Detox Ar\u0131nd\u0131r\u0131c\u0131 Gil Maskas\u0131 150 ml gil \u0259sasl\u0131 t\u0259rkibi il\u0259 d\u0259rini d\u0259rind\u0259n t\u0259mizl\u0259yir. Gil art\u0131q ya\u011f\u0131 v\u0259 \u00e7irki \u00f6z\u00fcn\u0259 \u00e7\u0259k\u0259r\u0259k m\u0259sam\u0259l\u0259rin daha t\u0259miz qalmas\u0131na k\u00f6m\u0259k edir.<\/p>\n<p data-start=\"2075\" data-end=\"2099\">M\u0259hsulun \u0259sas t\u0259sirl\u0259ri:<\/p>\n<ul data-start=\"2101\" data-end=\"2273\">\n<li data-start=\"2101\" data-end=\"2135\">\n<p data-start=\"2103\" data-end=\"2135\">M\u0259sam\u0259l\u0259rin d\u0259rin t\u0259mizl\u0259nm\u0259si<\/p>\n<\/li>\n<li data-start=\"2136\" data-end=\"2163\">\n<p data-start=\"2138\" data-end=\"2163\">Art\u0131q ya\u011f\u0131n azald\u0131lmas\u0131<\/p>\n<\/li>\n<li data-start=\"2164\" data-end=\"2203\">\n<p data-start=\"2166\" data-end=\"2203\">Parlaql\u0131\u011f\u0131n n\u0259zar\u0259t alt\u0131na al\u0131nmas\u0131<\/p>\n<\/li>\n<li data-start=\"2204\" data-end=\"2247\">\n<p data-start=\"2206\" data-end=\"2247\">D\u0259rinin mat g\u00f6r\u00fcnm\u0259sinin t\u0259min edilm\u0259si<\/p>\n<\/li>\n<li data-start=\"2248\" data-end=\"2273\">\n<p data-start=\"2250\" data-end=\"2273\">Daha hamar d\u0259ri s\u0259thi<\/p>\n<\/li>\n<\/ul>\n<p data-start=\"2275\" data-end=\"2409\">Maska d\u0259rid\u0259 quruduqca m\u0259sam\u0259l\u0259rd\u0259 y\u0131\u011f\u0131lan \u00e7irki v\u0259 sebumu absorbsiya edir. Bu proses n\u0259tic\u0259sind\u0259 d\u0259ri daha ayd\u0131n v\u0259 balansl\u0131 g\u00f6r\u00fcn\u00fcr.<\/p>\n<hr data-start=\"2411\" data-end=\"2414\" \/>\n<h2 data-start=\"2416\" data-end=\"2425\">N\u0259tic\u0259<\/h2>\n<p data-start=\"2427\" data-end=\"2452\">M\u00fcnt\u0259z\u0259m istifad\u0259 zaman\u0131:<\/p>\n<ul data-start=\"2454\" data-end=\"2622\">\n<li data-start=\"2454\" data-end=\"2489\">\n<p data-start=\"2456\" data-end=\"2489\">M\u0259sam\u0259l\u0259r daha az n\u0259z\u0259r\u0259 \u00e7arp\u0131r<\/p>\n<\/li>\n<li data-start=\"2490\" data-end=\"2510\">\n<p data-start=\"2492\" data-end=\"2510\">Parlaql\u0131q azal\u0131r<\/p>\n<\/li>\n<li data-start=\"2511\" data-end=\"2549\">\n<p data-start=\"2513\" data-end=\"2549\">Qara n\u00f6qt\u0259l\u0259rin g\u00f6r\u00fcn\u00fc\u015f\u00fc z\u0259ifl\u0259yir<\/p>\n<\/li>\n<li data-start=\"2550\" data-end=\"2580\">\n<p data-start=\"2552\" data-end=\"2580\">D\u0259ri s\u0259thi daha hamar olur<\/p>\n<\/li>\n<li data-start=\"2581\" data-end=\"2622\">\n<p data-start=\"2583\" data-end=\"2622\">\u00dcmumi d\u0259ri tonu daha balansl\u0131 g\u00f6r\u00fcn\u00fcr<\/p>\n<\/li>\n<\/ul>\n<p data-start=\"2624\" data-end=\"2790\">Neutrogena Skin Detox Ar\u0131nd\u0131r\u0131c\u0131 Gil Maskas\u0131 150 ml h\u0259ft\u0259lik d\u0259rin t\u0259mizl\u0259m\u0259 \u00fc\u00e7\u00fcn ideal se\u00e7imdir v\u0259 g\u00fcnd\u0259lik t\u0259mizl\u0259m\u0259 rutini il\u0259 birlikd\u0259 daha effektiv n\u0259tic\u0259 verir.<\/p>\n<hr data-start=\"2792\" data-end=\"2795\" \/>\n<h2 data-start=\"2797\" data-end=\"2826\">Niy\u0259 bu m\u0259hsulu almal\u0131yam?<\/h2>\n<ul data-start=\"2828\" data-end=\"3029\">\n<li data-start=\"2828\" data-end=\"2861\">\n<p data-start=\"2830\" data-end=\"2861\">Gil \u0259sasl\u0131 intensiv ar\u0131nd\u0131rma<\/p>\n<\/li>\n<li data-start=\"2862\" data-end=\"2905\">\n<p data-start=\"2864\" data-end=\"2905\">Ya\u011fl\u0131 v\u0259 qar\u0131\u015f\u0131q d\u0259ri \u00fc\u00e7\u00fcn uy\u011fun formul<\/p>\n<\/li>\n<li data-start=\"2906\" data-end=\"2939\">\n<p data-start=\"2908\" data-end=\"2939\">Parlaql\u0131\u011f\u0131 azaldan mat effekt<\/p>\n<\/li>\n<li data-start=\"2940\" data-end=\"2979\">\n<p data-start=\"2942\" data-end=\"2979\">150 ml uzunm\u00fcdd\u0259tli istifad\u0259 imkan\u0131<\/p>\n<\/li>\n<li data-start=\"2980\" data-end=\"3029\">\n<p data-start=\"2982\" data-end=\"3029\">Neutrogena brendinin dermatoloji etibarl\u0131l\u0131\u011f\u0131<\/p>\n<\/li>\n<\/ul>\n<p data-start=\"3031\" data-end=\"3223\">\u018fg\u0259r m\u0259qs\u0259diniz m\u0259sam\u0259l\u0259ri effektiv \u015f\u0259kild\u0259 t\u0259mizl\u0259m\u0259k, d\u0259rid\u0259ki art\u0131q ya\u011f\u0131 azaltmaq v\u0259 daha ayd\u0131n g\u00f6r\u00fcn\u00fc\u015f \u0259ld\u0259 etm\u0259kdirs\u0259, Neutrogena Skin Detox Ar\u0131nd\u0131r\u0131c\u0131 Gil Maskas\u0131 150 ml d\u00fczg\u00fcn se\u00e7imdir.<\/p>\n<hr data-start=\"3225\" data-end=\"3228\" \/>\n<h2 data-start=\"3230\" data-end=\"3249\">\u0130stifad\u0259 Qaydas\u0131<\/h2>\n<ol data-start=\"3251\" data-end=\"3419\">\n<li data-start=\"3251\" data-end=\"3295\">\n<p data-start=\"3254\" data-end=\"3295\">\u00dcz\u00fc \u0259vv\u0259lc\u0259d\u0259n t\u0259mizl\u0259yin v\u0259 qurulay\u0131n.<\/p>\n<\/li>\n<li data-start=\"3296\" data-end=\"3355\">\n<p data-start=\"3299\" data-end=\"3355\">Maskan\u0131 nazik v\u0259 b\u0259rab\u0259r qat \u015f\u0259klind\u0259 \u00fcz\u0259 t\u0259tbiq edin.<\/p>\n<\/li>\n<li data-start=\"3356\" data-end=\"3383\">\n<p data-start=\"3359\" data-end=\"3383\">10\u201315 d\u0259qiq\u0259 saxlay\u0131n.<\/p>\n<\/li>\n<li data-start=\"3384\" data-end=\"3419\">\n<p data-start=\"3387\" data-end=\"3419\">\u0130l\u0131q su il\u0259 tam \u015f\u0259kild\u0259 yuyun.<\/p>\n<\/li>\n<\/ol>\n<p data-start=\"3421\" data-end=\"3462\">H\u0259ft\u0259d\u0259 1\u20132 d\u0259f\u0259 istifad\u0259 t\u00f6vsiy\u0259 olunur.<\/p>\n<hr data-start=\"3464\" data-end=\"3467\" \/>\n<h2 data-start=\"3469\" data-end=\"3476\">Qeyd<\/h2>\n<ul data-start=\"3478\" data-end=\"3676\">\n<li data-start=\"3478\" data-end=\"3519\">\n<p data-start=\"3480\" data-end=\"3519\">G\u00f6z v\u0259 dodaq \u0259traf\u0131na t\u0259tbiq etm\u0259yin.<\/p>\n<\/li>\n<li data-start=\"3520\" data-end=\"3582\">\n<p data-start=\"3522\" data-end=\"3582\">H\u0259ssas d\u0259rid\u0259 \u0259vv\u0259lc\u0259 ki\u00e7ik sah\u0259d\u0259 test etm\u0259k m\u0259sl\u0259h\u0259tdir.<\/p>\n<\/li>\n<li data-start=\"3583\" data-end=\"3632\">\n<p data-start=\"3585\" data-end=\"3632\">Quruluq yaranarsa istifad\u0259 tezliyini azald\u0131n.<\/p>\n<\/li>\n<li data-start=\"3633\" data-end=\"3676\">\n<p data-start=\"3635\" data-end=\"3676\">Q\u0131c\u0131qlanma hal\u0131nda istifad\u0259ni dayand\u0131r\u0131n.<\/p>\n<\/li>\n<\/ul>","protected":false},"excerpt":{"rendered":"<p>Neutrogena Skin Detox Ar\u0131nd\u0131r\u0131c\u0131 Gil Maskas\u0131 150 ml m\u0259sam\u0259l\u0259ri d\u0259rind\u0259n t\u0259mizl\u0259y\u0259n v\u0259 art\u0131q ya\u011f\u0131 n\u0259zar\u0259td\u0259 saxlayan gil \u0259sasl\u0131 maskad\u0131r. D\u0259rini ar\u0131nd\u0131r\u0131r, parlaql\u0131\u011f\u0131 azald\u0131r v\u0259 daha ayd\u0131n, mat g\u00f6r\u00fcn\u00fc\u015f yarad\u0131r.<\/p>","protected":false},"featured_media":9046,"comment_status":"open","ping_status":"closed","template":"","meta":[],"pwb-brand":[397],"product_cat":[127,145],"product_tag":[294,343,293],"class_list":{"0":"post-9045","1":"product","2":"type-product","3":"status-publish","4":"has-post-thumbnail","6":"pwb-brand-neutrogena","7":"product_cat-face-care","8":"product_cat-face-masks","9":"product_tag-face","10":"product_tag-face-mask","11":"product_tag-facecare","12":"pa_size-150ml","15":"instock","16":"shipping-taxable","17":"purchasable","18":"product-type-simple"},"brands":[{"id":397,"name":"Neutrogena","slug":"neutrogena"}],"_links":{"self":[{"href":"https:\/\/axtarstore.com\/ru\/wp-json\/wp\/v2\/product\/9045"}],"collection":[{"href":"https:\/\/axtarstore.com\/ru\/wp-json\/wp\/v2\/product"}],"about":[{"href":"https:\/\/axtarstore.com\/ru\/wp-json\/wp\/v2\/types\/product"}],"replies":[{"embeddable":true,"href":"https:\/\/axtarstore.com\/ru\/wp-json\/wp\/v2\/comments?post=9045"}],"version-history":[{"count":3,"href":"https:\/\/axtarstore.com\/ru\/wp-json\/wp\/v2\/product\/9045\/revisions"}],"predecessor-version":[{"id":11370,"href":"https:\/\/axtarstore.com\/ru\/wp-json\/wp\/v2\/product\/9045\/revisions\/11370"}],"wp:featuredmedia":[{"embeddable":true,"href":"https:\/\/axtarstore.com\/ru\/wp-json\/wp\/v2\/media\/9046"}],"wp:attachment":[{"href":"https:\/\/axtarstore.com\/ru\/wp-json\/wp\/v2\/media?parent=9045"}],"wp:term":[{"taxonomy":"pwb-brand","embeddable":true,"href":"https:\/\/axtarstore.com\/ru\/wp-json\/wp\/v2\/pwb-brand?post=9045"},{"taxonomy":"product_cat","embeddable":true,"href":"https:\/\/axtarstore.com\/ru\/wp-json\/wp\/v2\/product_cat?post=9045"},{"taxonomy":"product_tag","embeddable":true,"href":"https:\/\/axtarstore.com\/ru\/wp-json\/wp\/v2\/product_tag?post=9045"}],"curies":[{"name":"wp","href":"https:\/\/api.w.org\/{rel}","templated":true}]}}