{"id":9042,"date":"2025-01-20T23:10:43","date_gmt":"2025-01-20T19:10:43","guid":{"rendered":"https:\/\/axtarstore.com\/?post_type=product&#038;p=9042"},"modified":"2026-03-01T23:33:31","modified_gmt":"2026-03-01T19:33:31","slug":"neutrogena-soothing-clear-uz-temizleme-kopuyu-150-ml","status":"publish","type":"product","link":"https:\/\/axtarstore.com\/ru\/product\/neutrogena-soothing-clear-uz-temizleme-kopuyu-150-ml\/","title":{"rendered":"Neutrogena Soothing Clear Y\u00fcz Temizleme K\u00f6p\u00fc\u011f\u00fc 150 ml"},"content":{"rendered":"<h1 data-start=\"935\" data-end=\"1031\">Neutrogena Soothing Clear \u00dcz T\u0259mizl\u0259m\u0259 K\u00f6p\u00fcy\u00fc 150 ml \u2013 Z\u0259rif T\u0259mizlik v\u0259 Sakitl\u0259\u015fdirici Qulluq<\/h1>\n<p data-start=\"1033\" data-end=\"1265\">Ya\u011fl\u0131 v\u0259 sivilc\u0259y\u0259 meyilli d\u0259ri \u00e7ox vaxt eyni zamanda h\u0259ssasl\u0131q g\u00f6st\u0259r\u0259 bil\u0259r. S\u0259rt t\u0259mizl\u0259yicil\u0259r d\u0259rini quruda, g\u0259rginlik v\u0259 q\u0131zart\u0131 yarada bil\u0259r. Bu s\u0259b\u0259bd\u0259n h\u0259m effektiv, h\u0259m d\u0259 z\u0259rif t\u0259mizl\u0259m\u0259 t\u0259min ed\u0259n m\u0259hsul se\u00e7imi vacibdir.<\/p>\n<p data-start=\"1267\" data-end=\"1493\">Neutrogena Soothing Clear \u00dcz T\u0259mizl\u0259m\u0259 K\u00f6p\u00fcy\u00fc 150 ml d\u0259rini d\u0259rind\u0259n t\u0259mizl\u0259y\u0259rk\u0259n sakitl\u0259\u015fdirici t\u0259sir g\u00f6st\u0259r\u0259n formul il\u0259 haz\u0131rlanm\u0131\u015fd\u0131r. K\u00f6p\u00fck teksturas\u0131 say\u0259sind\u0259 d\u0259rid\u0259 yum\u015faq hiss yarad\u0131r v\u0259 g\u00fcnd\u0259lik istifad\u0259y\u0259 uy\u011fundur.<\/p>\n<hr data-start=\"1495\" data-end=\"1498\" \/>\n<h2 data-start=\"1500\" data-end=\"1510\">Problem<\/h2>\n<p data-start=\"1512\" data-end=\"1555\">Ya\u011fl\u0131 v\u0259 h\u0259ssas d\u0259ri \u00fc\u00e7\u00fcn \u0259sas \u00e7\u0259tinlikl\u0259r:<\/p>\n<ul data-start=\"1557\" data-end=\"1670\">\n<li data-start=\"1557\" data-end=\"1577\">\n<p data-start=\"1559\" data-end=\"1577\">Art\u0131q ya\u011f ifraz\u0131<\/p>\n<\/li>\n<li data-start=\"1578\" data-end=\"1601\">\n<p data-start=\"1580\" data-end=\"1601\">Sivilc\u0259 meyilliliyi<\/p>\n<\/li>\n<li data-start=\"1602\" data-end=\"1626\">\n<p data-start=\"1604\" data-end=\"1626\">Q\u0131zart\u0131 v\u0259 h\u0259ssasl\u0131q<\/p>\n<\/li>\n<li data-start=\"1627\" data-end=\"1670\">\n<p data-start=\"1629\" data-end=\"1670\">S\u0259rt m\u0259hsullardan sonra yaranan quruluq<\/p>\n<\/li>\n<\/ul>\n<p data-start=\"1672\" data-end=\"1813\">D\u0259rini h\u0259ddind\u0259n art\u0131q t\u0259mizl\u0259m\u0259k qoruyucu baryerin z\u0259ifl\u0259m\u0259sin\u0259 v\u0259 daha \u00e7ox sebum ifraz\u0131na s\u0259b\u0259b ola bil\u0259r. Bu is\u0259 problemi daha da art\u0131r\u0131r.<\/p>\n<hr data-start=\"1815\" data-end=\"1818\" \/>\n<h2 data-start=\"1820\" data-end=\"1827\">H\u0259ll<\/h2>\n<p data-start=\"1829\" data-end=\"1953\">Neutrogena Soothing Clear \u00dcz T\u0259mizl\u0259m\u0259 K\u00f6p\u00fcy\u00fc 150 ml balansla\u015fd\u0131r\u0131lm\u0131\u015f formul il\u0259 h\u0259m t\u0259mizl\u0259m\u0259, h\u0259m d\u0259 rahatl\u0131q t\u0259min edir.<\/p>\n<p data-start=\"1955\" data-end=\"1982\">M\u0259hsulun \u0259sas \u00fcst\u00fcnl\u00fckl\u0259ri:<\/p>\n<ul data-start=\"1984\" data-end=\"2172\">\n<li data-start=\"1984\" data-end=\"2019\">\n<p data-start=\"1986\" data-end=\"2019\">D\u0259rini z\u0259rif \u015f\u0259kild\u0259 t\u0259mizl\u0259yir<\/p>\n<\/li>\n<li data-start=\"2020\" data-end=\"2055\">\n<p data-start=\"2022\" data-end=\"2055\">Art\u0131q ya\u011f\u0131 azaltma\u011fa k\u00f6m\u0259k edir<\/p>\n<\/li>\n<li data-start=\"2056\" data-end=\"2089\">\n<p data-start=\"2058\" data-end=\"2089\">Sakitl\u0259\u015fdirici t\u0259sir g\u00f6st\u0259rir<\/p>\n<\/li>\n<li data-start=\"2090\" data-end=\"2136\">\n<p data-start=\"2092\" data-end=\"2136\">D\u0259rid\u0259 quruluq v\u0259 g\u0259rginlik hissi yaratm\u0131r<\/p>\n<\/li>\n<li data-start=\"2137\" data-end=\"2172\">\n<p data-start=\"2139\" data-end=\"2172\">G\u00fcnd\u0259lik istifad\u0259 \u00fc\u00e7\u00fcn uy\u011fundur<\/p>\n<\/li>\n<\/ul>\n<p data-start=\"2174\" data-end=\"2256\">K\u00f6p\u00fck formas\u0131 m\u0259hsulun d\u0259rid\u0259 b\u0259rab\u0259r yay\u0131lmas\u0131na v\u0259 asan yuyulmas\u0131na imkan verir.<\/p>\n<hr data-start=\"2258\" data-end=\"2261\" \/>\n<h2 data-start=\"2263\" data-end=\"2272\">N\u0259tic\u0259<\/h2>\n<p data-start=\"2274\" data-end=\"2299\">M\u00fcnt\u0259z\u0259m istifad\u0259 zaman\u0131:<\/p>\n<ul data-start=\"2301\" data-end=\"2499\">\n<li data-start=\"2301\" data-end=\"2340\">\n<p data-start=\"2303\" data-end=\"2340\">D\u0259ri daha t\u0259miz v\u0259 balansl\u0131 g\u00f6r\u00fcn\u00fcr<\/p>\n<\/li>\n<li data-start=\"2341\" data-end=\"2375\">\n<p data-start=\"2343\" data-end=\"2375\">Ya\u011flanma n\u0259zar\u0259t alt\u0131na al\u0131n\u0131r<\/p>\n<\/li>\n<li data-start=\"2376\" data-end=\"2414\">\n<p data-start=\"2378\" data-end=\"2414\">Q\u0131zart\u0131 v\u0259 narahatl\u0131q hissi azal\u0131r<\/p>\n<\/li>\n<li data-start=\"2415\" data-end=\"2457\">\n<p data-start=\"2417\" data-end=\"2457\">D\u0259ri s\u0259thi daha hamar t\u0259sir ba\u011f\u0131\u015flay\u0131r<\/p>\n<\/li>\n<li data-start=\"2458\" data-end=\"2499\">\n<p data-start=\"2460\" data-end=\"2499\">\u00dcmumi d\u0259ri g\u00f6r\u00fcn\u00fc\u015f\u00fc daha bax\u0131ml\u0131 olur<\/p>\n<\/li>\n<\/ul>\n<p data-start=\"2501\" data-end=\"2652\">Neutrogena Soothing Clear \u00dcz T\u0259mizl\u0259m\u0259 K\u00f6p\u00fcy\u00fc 150 ml g\u00fcnd\u0259lik s\u0259h\u0259r v\u0259 ax\u015fam istifad\u0259 \u00fc\u00e7\u00fcn uy\u011fundur v\u0259 dig\u0259r qulluq m\u0259hsullar\u0131 \u00fc\u00e7\u00fcn ideal baza yarad\u0131r.<\/p>\n<hr data-start=\"2654\" data-end=\"2657\" \/>\n<h2 data-start=\"2659\" data-end=\"2688\">Niy\u0259 bu m\u0259hsulu almal\u0131yam?<\/h2>\n<ul data-start=\"2690\" data-end=\"2881\">\n<li data-start=\"2690\" data-end=\"2725\">\n<p data-start=\"2692\" data-end=\"2725\">Z\u0259rif, lakin effektiv t\u0259mizl\u0259m\u0259<\/p>\n<\/li>\n<li data-start=\"2726\" data-end=\"2768\">\n<p data-start=\"2728\" data-end=\"2768\">H\u0259ssas v\u0259 ya\u011fl\u0131 d\u0259ri \u00fc\u00e7\u00fcn uy\u011fun formul<\/p>\n<\/li>\n<li data-start=\"2769\" data-end=\"2806\">\n<p data-start=\"2771\" data-end=\"2806\">K\u00f6p\u00fck tekstura il\u0259 rahat istifad\u0259<\/p>\n<\/li>\n<li data-start=\"2807\" data-end=\"2830\">\n<p data-start=\"2809\" data-end=\"2830\">150 ml praktik h\u0259cm<\/p>\n<\/li>\n<li data-start=\"2831\" data-end=\"2881\">\n<p data-start=\"2833\" data-end=\"2881\">Dermatoloji test edilmi\u015f Neutrogena keyfiyy\u0259ti<\/p>\n<\/li>\n<\/ul>\n<p data-start=\"2883\" data-end=\"3009\">\u018fg\u0259r m\u0259qs\u0259diniz d\u0259rini h\u0259m sakitl\u0259\u015fdirm\u0259k, h\u0259m d\u0259 effektiv t\u0259mizl\u0259m\u0259kdirs\u0259, bu m\u0259hsul g\u00fcnd\u0259lik istifad\u0259 \u00fc\u00e7\u00fcn optimal se\u00e7imdir.<\/p>\n<hr data-start=\"3011\" data-end=\"3014\" \/>\n<h2 data-start=\"3016\" data-end=\"3035\">\u0130stifad\u0259 Qaydas\u0131<\/h2>\n<ol data-start=\"3037\" data-end=\"3197\">\n<li data-start=\"3037\" data-end=\"3066\">\n<p data-start=\"3040\" data-end=\"3066\">\u00dcz\u00fc il\u0131q su il\u0259 islad\u0131n.<\/p>\n<\/li>\n<li data-start=\"3067\" data-end=\"3120\">\n<p data-start=\"3070\" data-end=\"3120\">Kifay\u0259t q\u0259d\u0259r miqdarda k\u00f6p\u00fcy\u00fc ovucunuza g\u00f6t\u00fcr\u00fcn.<\/p>\n<\/li>\n<li data-start=\"3121\" data-end=\"3170\">\n<p data-start=\"3124\" data-end=\"3170\">\u00dcz\u0259 yum\u015faq dair\u0259vi h\u0259r\u0259k\u0259tl\u0259rl\u0259 t\u0259tbiq edin.<\/p>\n<\/li>\n<li data-start=\"3171\" data-end=\"3197\">\n<p data-start=\"3174\" data-end=\"3197\">Bol su il\u0259 yaxalay\u0131n.<\/p>\n<\/li>\n<\/ol>\n<p data-start=\"3199\" data-end=\"3244\">G\u00fcnd\u0259 1\u20132 d\u0259f\u0259 istifad\u0259 etm\u0259k t\u00f6vsiy\u0259 olunur.<\/p>\n<hr data-start=\"3246\" data-end=\"3249\" \/>\n<h2 data-start=\"3251\" data-end=\"3258\">Qeyd<\/h2>\n<ul data-start=\"3260\" data-end=\"3420\">\n<li data-start=\"3260\" data-end=\"3296\">\n<p data-start=\"3262\" data-end=\"3296\">G\u00f6z \u0259traf\u0131 il\u0259 t\u0259masdan \u00e7\u0259kinin.<\/p>\n<\/li>\n<li data-start=\"3297\" data-end=\"3371\">\n<p data-start=\"3299\" data-end=\"3371\">H\u0259ssas d\u0259rid\u0259 ilk istifad\u0259 zaman\u0131 ki\u00e7ik sah\u0259d\u0259 test etm\u0259k m\u0259sl\u0259h\u0259tdir.<\/p>\n<\/li>\n<li data-start=\"3372\" data-end=\"3420\">\n<p data-start=\"3374\" data-end=\"3420\">Q\u0131c\u0131qlanma ba\u015f ver\u0259rs\u0259, istifad\u0259ni dayand\u0131r\u0131n.<\/p>\n<\/li>\n<\/ul>","protected":false},"excerpt":{"rendered":"<p>Neutrogena Soothing Clear \u00dcz T\u0259mizl\u0259m\u0259 K\u00f6p\u00fcy\u00fc 150 ml d\u0259rini z\u0259rif \u015f\u0259kild\u0259 t\u0259mizl\u0259y\u0259n v\u0259 sakitl\u0259\u015fdir\u0259n k\u00f6p\u00fck formullu \u00fcz yuma m\u0259hsuludur. Ya\u011fl\u0131 v\u0259 h\u0259ssas d\u0259ri \u00fc\u00e7\u00fcn uy\u011fundur, d\u0259rini qurutmadan t\u0259mizlik hissi yarad\u0131r.<\/p>","protected":false},"featured_media":9043,"comment_status":"open","ping_status":"closed","template":"","meta":[],"pwb-brand":[397],"product_cat":[149,127,147],"product_tag":[323,293,297],"class_list":{"0":"post-9042","1":"product","2":"type-product","3":"status-publish","4":"has-post-thumbnail","6":"pwb-brand-neutrogena","7":"product_cat-makeup-remover","8":"product_cat-face-care","9":"product_cat-face-wash","10":"product_tag-face-wash","11":"product_tag-facecare","12":"product_tag-whitening","13":"pa_size-150ml","16":"instock","17":"shipping-taxable","18":"purchasable","19":"product-type-simple"},"brands":[{"id":397,"name":"Neutrogena","slug":"neutrogena"}],"_links":{"self":[{"href":"https:\/\/axtarstore.com\/ru\/wp-json\/wp\/v2\/product\/9042"}],"collection":[{"href":"https:\/\/axtarstore.com\/ru\/wp-json\/wp\/v2\/product"}],"about":[{"href":"https:\/\/axtarstore.com\/ru\/wp-json\/wp\/v2\/types\/product"}],"replies":[{"embeddable":true,"href":"https:\/\/axtarstore.com\/ru\/wp-json\/wp\/v2\/comments?post=9042"}],"version-history":[{"count":3,"href":"https:\/\/axtarstore.com\/ru\/wp-json\/wp\/v2\/product\/9042\/revisions"}],"predecessor-version":[{"id":11372,"href":"https:\/\/axtarstore.com\/ru\/wp-json\/wp\/v2\/product\/9042\/revisions\/11372"}],"wp:featuredmedia":[{"embeddable":true,"href":"https:\/\/axtarstore.com\/ru\/wp-json\/wp\/v2\/media\/9043"}],"wp:attachment":[{"href":"https:\/\/axtarstore.com\/ru\/wp-json\/wp\/v2\/media?parent=9042"}],"wp:term":[{"taxonomy":"pwb-brand","embeddable":true,"href":"https:\/\/axtarstore.com\/ru\/wp-json\/wp\/v2\/pwb-brand?post=9042"},{"taxonomy":"product_cat","embeddable":true,"href":"https:\/\/axtarstore.com\/ru\/wp-json\/wp\/v2\/product_cat?post=9042"},{"taxonomy":"product_tag","embeddable":true,"href":"https:\/\/axtarstore.com\/ru\/wp-json\/wp\/v2\/product_tag?post=9042"}],"curies":[{"name":"wp","href":"https:\/\/api.w.org\/{rel}","templated":true}]}}