{"id":9039,"date":"2025-01-20T23:01:26","date_gmt":"2025-01-20T19:01:26","guid":{"rendered":"https:\/\/axtarstore.com\/?post_type=product&#038;p=9039"},"modified":"2026-03-01T23:36:22","modified_gmt":"2026-03-01T19:36:22","slug":"neutrogena-soothing-clear-uz-baxim-spreyi-125-ml","status":"publish","type":"product","link":"https:\/\/axtarstore.com\/ru\/product\/neutrogena-soothing-clear-uz-baxim-spreyi-125-ml\/","title":{"rendered":"Neutrogena Soothing Clear Y\u00fcz Bak\u0131m Spreyi 125 Ml"},"content":{"rendered":"<h1 data-start=\"907\" data-end=\"988\">Neutrogena Soothing Clear \u00dcz Bax\u0131m Spreyi 125 ml \u2013 G\u00fcn Boyu T\u0259rav\u0259t v\u0259 Sakitlik<\/h1>\n<p data-start=\"990\" data-end=\"1286\">Ya\u011fl\u0131 v\u0259 sivilc\u0259y\u0259 meyilli d\u0259ri tez-tez h\u0259m parlaql\u0131q, h\u0259m d\u0259 h\u0259ssasl\u0131q problemi il\u0259 qar\u015f\u0131la\u015f\u0131r. G\u00fcn \u0259rzind\u0259 hava \u00e7irkliliyi, istilik v\u0259 stress d\u0259rid\u0259 narahatl\u0131q, g\u0259rginlik v\u0259 art\u0131q ya\u011f ifraz\u0131na s\u0259b\u0259b ola bil\u0259r. Bu hallarda d\u0259rini yormadan t\u0259rav\u0259tl\u0259ndir\u0259n v\u0259 sakitl\u0259\u015fdir\u0259n m\u0259hsul se\u00e7imi vacibdir.<\/p>\n<p data-start=\"1288\" data-end=\"1448\">Neutrogena Soothing Clear \u00dcz Bax\u0131m Spreyi 125 ml y\u00fcng\u00fcl v\u0259 rahat istifad\u0259 olunan sprey formulu il\u0259 d\u0259rini an\u0131nda t\u0259rav\u0259tl\u0259ndirir v\u0259 balansla\u015fd\u0131rma\u011fa k\u00f6m\u0259k edir.<\/p>\n<hr data-start=\"1450\" data-end=\"1453\" \/>\n<h2 data-start=\"1455\" data-end=\"1465\">Problem<\/h2>\n<p data-start=\"1467\" data-end=\"1509\">G\u00fcn \u0259rzind\u0259 yaranan \u0259sas d\u0259ri probleml\u0259ri:<\/p>\n<ul data-start=\"1511\" data-end=\"1648\">\n<li data-start=\"1511\" data-end=\"1530\">\n<p data-start=\"1513\" data-end=\"1530\">Artan parlaql\u0131q<\/p>\n<\/li>\n<li data-start=\"1531\" data-end=\"1555\">\n<p data-start=\"1533\" data-end=\"1555\">Q\u0131zart\u0131 v\u0259 h\u0259ssasl\u0131q<\/p>\n<\/li>\n<li data-start=\"1556\" data-end=\"1609\">\n<p data-start=\"1558\" data-end=\"1609\">\u0130stilik v\u0259 hava \u00e7irkliliyind\u0259n yaranan narahatl\u0131q<\/p>\n<\/li>\n<li data-start=\"1610\" data-end=\"1648\">\n<p data-start=\"1612\" data-end=\"1648\">D\u0259rinin yor\u011fun v\u0259 sol\u011fun g\u00f6r\u00fcnm\u0259si<\/p>\n<\/li>\n<\/ul>\n<p data-start=\"1650\" data-end=\"1753\">A\u011f\u0131r v\u0259 qal\u0131n tekstural\u0131 m\u0259hsullar g\u00fcn \u0259rzind\u0259 istifad\u0259 \u00fc\u00e7\u00fcn uy\u011fun olmaya bil\u0259r v\u0259 makiyaj\u0131 poza bil\u0259r.<\/p>\n<hr data-start=\"1755\" data-end=\"1758\" \/>\n<h2 data-start=\"1760\" data-end=\"1767\">H\u0259ll<\/h2>\n<p data-start=\"1769\" data-end=\"1889\">Neutrogena Soothing Clear \u00dcz Bax\u0131m Spreyi 125 ml y\u00fcng\u00fcl sprey format\u0131nda d\u0259rini sakitl\u0259\u015fdirir v\u0259 rahatl\u0131q hissi yarad\u0131r.<\/p>\n<p data-start=\"1891\" data-end=\"1913\">M\u0259hsulun \u00fcst\u00fcnl\u00fckl\u0259ri:<\/p>\n<ul data-start=\"1915\" data-end=\"2108\">\n<li data-start=\"1915\" data-end=\"1948\">\n<p data-start=\"1917\" data-end=\"1948\">D\u0259rini an\u0131nda t\u0259rav\u0259tl\u0259ndirir<\/p>\n<\/li>\n<li data-start=\"1949\" data-end=\"1982\">\n<p data-start=\"1951\" data-end=\"1982\">Sakitl\u0259\u015fdirici t\u0259sir g\u00f6st\u0259rir<\/p>\n<\/li>\n<li data-start=\"1983\" data-end=\"2028\">\n<p data-start=\"1985\" data-end=\"2028\">Art\u0131q ya\u011f\u0131 n\u0259zar\u0259td\u0259 saxlama\u011fa k\u00f6m\u0259k edir<\/p>\n<\/li>\n<li data-start=\"2029\" data-end=\"2063\">\n<p data-start=\"2031\" data-end=\"2063\">Yap\u0131\u015fqan v\u0259 a\u011f\u0131r hiss yaratm\u0131r<\/p>\n<\/li>\n<li data-start=\"2064\" data-end=\"2108\">\n<p data-start=\"2066\" data-end=\"2108\">Makiyaj \u00fcz\u0259rind\u0259n istifad\u0259 \u00fc\u00e7\u00fcn uy\u011fundur<\/p>\n<\/li>\n<\/ul>\n<p data-start=\"2110\" data-end=\"2194\">Sprey formas\u0131 m\u0259hsulun d\u0259rid\u0259 b\u0259rab\u0259r yay\u0131lmas\u0131na v\u0259 praktik istifad\u0259y\u0259 imkan verir.<\/p>\n<hr data-start=\"2196\" data-end=\"2199\" \/>\n<h2 data-start=\"2201\" data-end=\"2210\">N\u0259tic\u0259<\/h2>\n<p data-start=\"2212\" data-end=\"2237\">M\u00fcnt\u0259z\u0259m istifad\u0259 zaman\u0131:<\/p>\n<ul data-start=\"2239\" data-end=\"2386\">\n<li data-start=\"2239\" data-end=\"2282\">\n<p data-start=\"2241\" data-end=\"2282\">D\u0259ri daha rahat v\u0259 balansl\u0131 hiss olunur<\/p>\n<\/li>\n<li data-start=\"2283\" data-end=\"2303\">\n<p data-start=\"2285\" data-end=\"2303\">Parlaql\u0131q azal\u0131r<\/p>\n<\/li>\n<li data-start=\"2304\" data-end=\"2345\">\n<p data-start=\"2306\" data-end=\"2345\">Q\u0131zart\u0131 v\u0259 narahatl\u0131q hissi z\u0259ifl\u0259yir<\/p>\n<\/li>\n<li data-start=\"2346\" data-end=\"2386\">\n<p data-start=\"2348\" data-end=\"2386\">D\u0259ri daha canl\u0131 v\u0259 t\u0259rav\u0259tli g\u00f6r\u00fcn\u00fcr<\/p>\n<\/li>\n<\/ul>\n<p data-start=\"2388\" data-end=\"2541\">Neutrogena Soothing Clear \u00dcz Bax\u0131m Spreyi 125 ml g\u00fcn \u0259rzind\u0259 ist\u0259nil\u0259n vaxt istifad\u0259 oluna bil\u0259r v\u0259 g\u00fcnd\u0259lik d\u0259ri bax\u0131m rutininin tamamlay\u0131c\u0131 hiss\u0259sidir.<\/p>\n<hr data-start=\"2543\" data-end=\"2546\" \/>\n<h2 data-start=\"2548\" data-end=\"2577\">Niy\u0259 bu m\u0259hsulu almal\u0131yam?<\/h2>\n<ul data-start=\"2579\" data-end=\"2779\">\n<li data-start=\"2579\" data-end=\"2613\">\n<p data-start=\"2581\" data-end=\"2613\">G\u00fcn boyu rahat istifad\u0259 imkan\u0131<\/p>\n<\/li>\n<li data-start=\"2614\" data-end=\"2658\">\n<p data-start=\"2616\" data-end=\"2658\">Sakitl\u0259\u015fdirici v\u0259 t\u0259rav\u0259tl\u0259ndirici t\u0259sir<\/p>\n<\/li>\n<li data-start=\"2659\" data-end=\"2701\">\n<p data-start=\"2661\" data-end=\"2701\">Ya\u011fl\u0131 v\u0259 h\u0259ssas d\u0259ri \u00fc\u00e7\u00fcn uy\u011fun formul<\/p>\n<\/li>\n<li data-start=\"2702\" data-end=\"2732\">\n<p data-start=\"2704\" data-end=\"2732\">125 ml praktik qabla\u015fd\u0131rma<\/p>\n<\/li>\n<li data-start=\"2733\" data-end=\"2779\">\n<p data-start=\"2735\" data-end=\"2779\">Dermatoloji etibarl\u0131 Neutrogena keyfiyy\u0259ti<\/p>\n<\/li>\n<\/ul>\n<p data-start=\"2781\" data-end=\"2894\">\u018fg\u0259r m\u0259qs\u0259diniz d\u0259rini g\u00fcn \u0259rzind\u0259 t\u0259rav\u0259tl\u0259ndirm\u0259k v\u0259 sakitl\u0259\u015fdirm\u0259kdirs\u0259, bu m\u0259hsul effektiv v\u0259 rahat se\u00e7imdir.<\/p>\n<hr data-start=\"2896\" data-end=\"2899\" \/>\n<h2 data-start=\"2901\" data-end=\"2920\">\u0130stifad\u0259 Qaydas\u0131<\/h2>\n<ol data-start=\"2922\" data-end=\"3098\">\n<li data-start=\"2922\" data-end=\"2979\">\n<p data-start=\"2925\" data-end=\"2979\">Flakonu istifad\u0259d\u0259n \u0259vv\u0259l y\u00fcng\u00fcl \u015f\u0259kild\u0259 silk\u0259l\u0259yin.<\/p>\n<\/li>\n<li data-start=\"2980\" data-end=\"3037\">\n<p data-start=\"2983\" data-end=\"3037\">G\u00f6zl\u0259ri ba\u011flayaraq 15\u201320 sm m\u0259saf\u0259d\u0259n \u00fcz\u0259 p\u00fcsk\u00fcrd\u00fcn.<\/p>\n<\/li>\n<li data-start=\"3038\" data-end=\"3098\">\n<p data-start=\"3041\" data-end=\"3098\">Qurumas\u0131n\u0131 g\u00f6zl\u0259yin v\u0259 ya y\u00fcng\u00fcl h\u0259r\u0259k\u0259tl\u0259rl\u0259 hopdurun.<\/p>\n<\/li>\n<\/ol>\n<p data-start=\"3100\" data-end=\"3149\">G\u00fcn \u0259rzind\u0259 ehtiyac olduqda istifad\u0259 edil\u0259 bil\u0259r.<\/p>\n<hr data-start=\"3151\" data-end=\"3154\" \/>\n<h2 data-start=\"3156\" data-end=\"3163\">Qeyd<\/h2>\n<ul data-start=\"3165\" data-end=\"3322\">\n<li data-start=\"3165\" data-end=\"3200\">\n<p data-start=\"3167\" data-end=\"3200\">G\u00f6zl\u0259 birba\u015fa t\u0259masdan \u00e7\u0259kinin.<\/p>\n<\/li>\n<li data-start=\"3201\" data-end=\"3278\">\n<p data-start=\"3203\" data-end=\"3278\">H\u0259ssas d\u0259rid\u0259 ilk istifad\u0259 zaman\u0131 ki\u00e7ik sah\u0259d\u0259 test etm\u0259k t\u00f6vsiy\u0259 olunur.<\/p>\n<\/li>\n<li data-start=\"3279\" data-end=\"3322\">\n<p data-start=\"3281\" data-end=\"3322\">Q\u0131c\u0131qlanma hal\u0131nda istifad\u0259ni dayand\u0131r\u0131n.<\/p>\n<\/li>\n<\/ul>","protected":false},"excerpt":{"rendered":"<p>Neutrogena Soothing Clear \u00dcz Bax\u0131m Spreyi 125 ml d\u0259rini g\u00fcn \u0259rzind\u0259 t\u0259rav\u0259tl\u0259ndir\u0259n v\u0259 sakitl\u0259\u015fdir\u0259n y\u00fcng\u00fcl formulad\u0131r. Ya\u011fl\u0131 v\u0259 h\u0259ssas d\u0259ri \u00fc\u00e7\u00fcn uy\u011fundur, d\u0259rid\u0259 rahatl\u0131q v\u0259 balans hissi yarad\u0131r.<\/p>","protected":false},"featured_media":9040,"comment_status":"open","ping_status":"closed","template":"","meta":[],"pwb-brand":[397],"product_cat":[127,356,144],"product_tag":[294,293],"class_list":{"0":"post-9039","1":"product","2":"type-product","3":"status-publish","4":"has-post-thumbnail","6":"pwb-brand-neutrogena","7":"product_cat-face-care","8":"product_cat-uz-losyonu","9":"product_cat-face-vitamins","10":"product_tag-face","11":"product_tag-facecare","12":"pa_size-120ml","15":"instock","16":"shipping-taxable","17":"purchasable","18":"product-type-simple"},"brands":[{"id":397,"name":"Neutrogena","slug":"neutrogena"}],"_links":{"self":[{"href":"https:\/\/axtarstore.com\/ru\/wp-json\/wp\/v2\/product\/9039"}],"collection":[{"href":"https:\/\/axtarstore.com\/ru\/wp-json\/wp\/v2\/product"}],"about":[{"href":"https:\/\/axtarstore.com\/ru\/wp-json\/wp\/v2\/types\/product"}],"replies":[{"embeddable":true,"href":"https:\/\/axtarstore.com\/ru\/wp-json\/wp\/v2\/comments?post=9039"}],"version-history":[{"count":3,"href":"https:\/\/axtarstore.com\/ru\/wp-json\/wp\/v2\/product\/9039\/revisions"}],"predecessor-version":[{"id":11374,"href":"https:\/\/axtarstore.com\/ru\/wp-json\/wp\/v2\/product\/9039\/revisions\/11374"}],"wp:featuredmedia":[{"embeddable":true,"href":"https:\/\/axtarstore.com\/ru\/wp-json\/wp\/v2\/media\/9040"}],"wp:attachment":[{"href":"https:\/\/axtarstore.com\/ru\/wp-json\/wp\/v2\/media?parent=9039"}],"wp:term":[{"taxonomy":"pwb-brand","embeddable":true,"href":"https:\/\/axtarstore.com\/ru\/wp-json\/wp\/v2\/pwb-brand?post=9039"},{"taxonomy":"product_cat","embeddable":true,"href":"https:\/\/axtarstore.com\/ru\/wp-json\/wp\/v2\/product_cat?post=9039"},{"taxonomy":"product_tag","embeddable":true,"href":"https:\/\/axtarstore.com\/ru\/wp-json\/wp\/v2\/product_tag?post=9039"}],"curies":[{"name":"wp","href":"https:\/\/api.w.org\/{rel}","templated":true}]}}