{"id":9034,"date":"2025-01-20T22:37:10","date_gmt":"2025-01-20T18:37:10","guid":{"rendered":"https:\/\/axtarstore.com\/?post_type=product&#038;p=9034"},"modified":"2026-03-02T00:24:50","modified_gmt":"2026-03-01T20:24:50","slug":"neutrogena-soothing-clear-micellar-uz-temizleme-jeli-200-ml","status":"publish","type":"product","link":"https:\/\/axtarstore.com\/ru\/product\/neutrogena-soothing-clear-micellar-uz-temizleme-jeli-200-ml\/","title":{"rendered":"Neutrogena Soothing Clear Micellar Y\u00fcz Temizleme Jeli 200 ml"},"content":{"rendered":"<h1 data-start=\"966\" data-end=\"1068\">Neutrogena Soothing Clear Micellar \u00dcz T\u0259mizl\u0259m\u0259 Jeli 200 ml \u2013 Z\u0259rif T\u0259mizlik v\u0259 Sakitl\u0259\u015fdirici T\u0259sir<\/h1>\n<p data-start=\"1070\" data-end=\"1331\">D\u0259ri g\u00fcn \u0259rzind\u0259 makiyaj, toz, hava \u00e7irkliliyi v\u0259 art\u0131q sebumla t\u0259masda olur. X\u00fcsusil\u0259 h\u0259ssas v\u0259 sivilc\u0259y\u0259 meyilli d\u0259ri \u00fc\u00e7\u00fcn s\u0259rt t\u0259mizl\u0259yicil\u0259r q\u0131zart\u0131 v\u0259 quruluq yarada bil\u0259r. Bu s\u0259b\u0259bd\u0259n h\u0259m effektiv, h\u0259m d\u0259 z\u0259rif t\u0259mizl\u0259m\u0259 t\u0259min ed\u0259n m\u0259hsul se\u00e7imi vacibdir.<\/p>\n<p data-start=\"1333\" data-end=\"1572\">Neutrogena Soothing Clear Micellar \u00dcz T\u0259mizl\u0259m\u0259 Jeli 200 ml micellar texnologiya \u0259sas\u0131nda haz\u0131rlanm\u0131\u015fd\u0131r. Micellar hiss\u0259cikl\u0259r \u00e7irki v\u0259 makiyaj qal\u0131qlar\u0131n\u0131 \u00f6z\u00fcn\u0259 c\u0259lb ed\u0259r\u0259k d\u0259rid\u0259n uzaqla\u015fd\u0131r\u0131r, eyni zamanda sakitl\u0259\u015fdirici t\u0259sir g\u00f6st\u0259rir.<\/p>\n<hr data-start=\"1574\" data-end=\"1577\" \/>\n<h2 data-start=\"1579\" data-end=\"1589\">Problem<\/h2>\n<p data-start=\"1591\" data-end=\"1634\">H\u0259ssas v\u0259 ya\u011fl\u0131 d\u0259ri \u00fc\u00e7\u00fcn \u0259sas \u00e7\u0259tinlikl\u0259r:<\/p>\n<ul data-start=\"1636\" data-end=\"1764\">\n<li data-start=\"1636\" data-end=\"1668\">\n<p data-start=\"1638\" data-end=\"1668\">Makiyaj\u0131n tam t\u0259mizl\u0259nm\u0259m\u0259si<\/p>\n<\/li>\n<li data-start=\"1669\" data-end=\"1695\">\n<p data-start=\"1671\" data-end=\"1695\">Art\u0131q ya\u011f v\u0259 parlaql\u0131q<\/p>\n<\/li>\n<li data-start=\"1696\" data-end=\"1720\">\n<p data-start=\"1698\" data-end=\"1720\">Q\u0131zart\u0131 v\u0259 h\u0259ssasl\u0131q<\/p>\n<\/li>\n<li data-start=\"1721\" data-end=\"1764\">\n<p data-start=\"1723\" data-end=\"1764\">S\u0259rt m\u0259hsullardan sonra yaranan quruluq<\/p>\n<\/li>\n<\/ul>\n<p data-start=\"1766\" data-end=\"1843\">Effektiv, lakin yum\u015faq t\u0259mizl\u0259m\u0259 t\u0259min olunmad\u0131qda d\u0259ri balans\u0131 pozula bil\u0259r.<\/p>\n<hr data-start=\"1845\" data-end=\"1848\" \/>\n<h2 data-start=\"1850\" data-end=\"1857\">H\u0259ll<\/h2>\n<p data-start=\"1859\" data-end=\"1962\">Neutrogena Soothing Clear Micellar \u00dcz T\u0259mizl\u0259m\u0259 Jeli 200 ml h\u0259m t\u0259mizl\u0259m\u0259, h\u0259m d\u0259 rahatl\u0131q t\u0259qdim edir.<\/p>\n<p data-start=\"1964\" data-end=\"1986\">M\u0259hsulun \u00fcst\u00fcnl\u00fckl\u0259ri:<\/p>\n<ul data-start=\"1988\" data-end=\"2213\">\n<li data-start=\"1988\" data-end=\"2045\">\n<p data-start=\"1990\" data-end=\"2045\">Micellar texnologiya il\u0259 d\u0259rin, lakin z\u0259rif t\u0259mizl\u0259m\u0259<\/p>\n<\/li>\n<li data-start=\"2046\" data-end=\"2104\">\n<p data-start=\"2048\" data-end=\"2104\">Makiyaj v\u0259 \u00e7irkin effektiv \u015f\u0259kild\u0259 aradan qald\u0131r\u0131lmas\u0131<\/p>\n<\/li>\n<li data-start=\"2105\" data-end=\"2135\">\n<p data-start=\"2107\" data-end=\"2135\">D\u0259rini sakitl\u0259\u015fdir\u0259n t\u0259sir<\/p>\n<\/li>\n<li data-start=\"2136\" data-end=\"2166\">\n<p data-start=\"2138\" data-end=\"2166\">Art\u0131q ya\u011f\u0131 azaltma\u011fa k\u00f6m\u0259k<\/p>\n<\/li>\n<li data-start=\"2167\" data-end=\"2213\">\n<p data-start=\"2169\" data-end=\"2213\">D\u0259rid\u0259 quruluq v\u0259 g\u0259rginlik hissi yaratm\u0131r<\/p>\n<\/li>\n<\/ul>\n<p data-start=\"2215\" data-end=\"2284\">Y\u00fcng\u00fcl gel teksturas\u0131 d\u0259rid\u0259 asanl\u0131qla yay\u0131l\u0131r v\u0259 su il\u0259 tez yuyulur.<\/p>\n<hr data-start=\"2286\" data-end=\"2289\" \/>\n<h2 data-start=\"2291\" data-end=\"2300\">N\u0259tic\u0259<\/h2>\n<p data-start=\"2302\" data-end=\"2327\">M\u00fcnt\u0259z\u0259m istifad\u0259 zaman\u0131:<\/p>\n<ul data-start=\"2329\" data-end=\"2514\">\n<li data-start=\"2329\" data-end=\"2365\">\n<p data-start=\"2331\" data-end=\"2365\">D\u0259ri daha t\u0259miz v\u0259 ayd\u0131n g\u00f6r\u00fcn\u00fcr<\/p>\n<\/li>\n<li data-start=\"2366\" data-end=\"2386\">\n<p data-start=\"2368\" data-end=\"2386\">Parlaql\u0131q azal\u0131r<\/p>\n<\/li>\n<li data-start=\"2387\" data-end=\"2428\">\n<p data-start=\"2389\" data-end=\"2428\">Q\u0131zart\u0131 v\u0259 narahatl\u0131q hissi z\u0259ifl\u0259yir<\/p>\n<\/li>\n<li data-start=\"2429\" data-end=\"2459\">\n<p data-start=\"2431\" data-end=\"2459\">D\u0259ri s\u0259thi daha hamar olur<\/p>\n<\/li>\n<li data-start=\"2460\" data-end=\"2514\">\n<p data-start=\"2462\" data-end=\"2514\">\u00dcmumi d\u0259ri g\u00f6r\u00fcn\u00fc\u015f\u00fc daha balansl\u0131 t\u0259sir ba\u011f\u0131\u015flay\u0131r<\/p>\n<\/li>\n<\/ul>\n<p data-start=\"2516\" data-end=\"2623\">Neutrogena Soothing Clear Micellar \u00dcz T\u0259mizl\u0259m\u0259 Jeli 200 ml g\u00fcnd\u0259lik s\u0259h\u0259r v\u0259 ax\u015fam istifad\u0259 \u00fc\u00e7\u00fcn uy\u011fundur.<\/p>\n<hr data-start=\"2625\" data-end=\"2628\" \/>\n<h2 data-start=\"2630\" data-end=\"2659\">Niy\u0259 bu m\u0259hsulu almal\u0131yam?<\/h2>\n<ul data-start=\"2661\" data-end=\"2879\">\n<li data-start=\"2661\" data-end=\"2708\">\n<p data-start=\"2663\" data-end=\"2708\">Micellar texnologiya il\u0259 effektiv t\u0259mizl\u0259m\u0259<\/p>\n<\/li>\n<li data-start=\"2709\" data-end=\"2751\">\n<p data-start=\"2711\" data-end=\"2751\">H\u0259ssas v\u0259 ya\u011fl\u0131 d\u0259ri \u00fc\u00e7\u00fcn uy\u011fun formul<\/p>\n<\/li>\n<li data-start=\"2752\" data-end=\"2795\">\n<p data-start=\"2754\" data-end=\"2795\">Sakitl\u0259\u015fdirici v\u0259 balansla\u015fd\u0131r\u0131c\u0131 t\u0259sir<\/p>\n<\/li>\n<li data-start=\"2796\" data-end=\"2828\">\n<p data-start=\"2798\" data-end=\"2828\">200 ml uzunm\u00fcdd\u0259tli istifad\u0259<\/p>\n<\/li>\n<li data-start=\"2829\" data-end=\"2879\">\n<p data-start=\"2831\" data-end=\"2879\">Dermatoloji test edilmi\u015f Neutrogena keyfiyy\u0259ti<\/p>\n<\/li>\n<\/ul>\n<p data-start=\"2881\" data-end=\"3004\">\u018fg\u0259r m\u0259qs\u0259diniz d\u0259rini h\u0259m makiyajdan t\u0259mizl\u0259m\u0259k, h\u0259m d\u0259 sakitl\u0259\u015fdir\u0259r\u0259k balansda saxlamaqd\u0131rsa, bu m\u0259hsul d\u00fczg\u00fcn se\u00e7imdir.<\/p>\n<hr data-start=\"3006\" data-end=\"3009\" \/>\n<h2 data-start=\"3011\" data-end=\"3030\">\u0130stifad\u0259 Qaydas\u0131<\/h2>\n<ol data-start=\"3032\" data-end=\"3183\">\n<li data-start=\"3032\" data-end=\"3061\">\n<p data-start=\"3035\" data-end=\"3061\">\u00dcz\u00fc il\u0131q su il\u0259 islad\u0131n.<\/p>\n<\/li>\n<li data-start=\"3062\" data-end=\"3113\">\n<p data-start=\"3065\" data-end=\"3113\">Kifay\u0259t q\u0259d\u0259r miqdarda jeli ovucunuza g\u00f6t\u00fcr\u00fcn.<\/p>\n<\/li>\n<li data-start=\"3114\" data-end=\"3156\">\n<p data-start=\"3117\" data-end=\"3156\">Dair\u0259vi h\u0259r\u0259k\u0259tl\u0259rl\u0259 \u00fcz\u0259 t\u0259tbiq edin.<\/p>\n<\/li>\n<li data-start=\"3157\" data-end=\"3183\">\n<p data-start=\"3160\" data-end=\"3183\">Bol su il\u0259 yaxalay\u0131n.<\/p>\n<\/li>\n<\/ol>\n<p data-start=\"3185\" data-end=\"3230\">G\u00fcnd\u0259 1\u20132 d\u0259f\u0259 istifad\u0259 etm\u0259k t\u00f6vsiy\u0259 olunur.<\/p>\n<hr data-start=\"3232\" data-end=\"3235\" \/>\n<h2 data-start=\"3237\" data-end=\"3244\">Qeyd<\/h2>\n<ul data-start=\"3246\" data-end=\"3404\">\n<li data-start=\"3246\" data-end=\"3281\">\n<p data-start=\"3248\" data-end=\"3281\">G\u00f6zl\u0259 birba\u015fa t\u0259masdan \u00e7\u0259kinin.<\/p>\n<\/li>\n<li data-start=\"3282\" data-end=\"3360\">\n<p data-start=\"3284\" data-end=\"3360\">H\u0259ssas d\u0259rid\u0259 ilk istifad\u0259 zaman\u0131 ki\u00e7ik sah\u0259d\u0259 test etm\u0259k m\u0259qs\u0259d\u0259uy\u011fundur.<\/p>\n<\/li>\n<li data-start=\"3361\" data-end=\"3404\">\n<p data-start=\"3363\" data-end=\"3404\">Q\u0131c\u0131qlanma hal\u0131nda istifad\u0259ni dayand\u0131r\u0131n.<\/p>\n<\/li>\n<\/ul>","protected":false},"excerpt":{"rendered":"<p>Neutrogena Soothing Clear Micellar \u00dcz T\u0259mizl\u0259m\u0259 Jeli 200 ml micellar texnologiya il\u0259 d\u0259rini z\u0259rif \u015f\u0259kild\u0259 t\u0259mizl\u0259yir v\u0259 sakitl\u0259\u015fdirir. Makiyaj\u0131 v\u0259 \u00e7irki aradan qald\u0131r\u0131r, ya\u011fl\u0131 v\u0259 h\u0259ssas d\u0259ri \u00fc\u00e7\u00fcn uy\u011fundur.<\/p>","protected":false},"featured_media":9031,"comment_status":"open","ping_status":"closed","template":"","meta":[],"pwb-brand":[397],"product_cat":[149,127,147],"product_tag":[294,323,293,297],"class_list":{"0":"post-9034","1":"product","2":"type-product","3":"status-publish","4":"has-post-thumbnail","6":"pwb-brand-neutrogena","7":"product_cat-makeup-remover","8":"product_cat-face-care","9":"product_cat-face-wash","10":"product_tag-face","11":"product_tag-face-wash","12":"product_tag-facecare","13":"product_tag-whitening","14":"pa_size-200ml","17":"instock","18":"shipping-taxable","19":"purchasable","20":"product-type-simple"},"brands":[{"id":397,"name":"Neutrogena","slug":"neutrogena"}],"_links":{"self":[{"href":"https:\/\/axtarstore.com\/ru\/wp-json\/wp\/v2\/product\/9034"}],"collection":[{"href":"https:\/\/axtarstore.com\/ru\/wp-json\/wp\/v2\/product"}],"about":[{"href":"https:\/\/axtarstore.com\/ru\/wp-json\/wp\/v2\/types\/product"}],"replies":[{"embeddable":true,"href":"https:\/\/axtarstore.com\/ru\/wp-json\/wp\/v2\/comments?post=9034"}],"version-history":[{"count":3,"href":"https:\/\/axtarstore.com\/ru\/wp-json\/wp\/v2\/product\/9034\/revisions"}],"predecessor-version":[{"id":11378,"href":"https:\/\/axtarstore.com\/ru\/wp-json\/wp\/v2\/product\/9034\/revisions\/11378"}],"wp:featuredmedia":[{"embeddable":true,"href":"https:\/\/axtarstore.com\/ru\/wp-json\/wp\/v2\/media\/9031"}],"wp:attachment":[{"href":"https:\/\/axtarstore.com\/ru\/wp-json\/wp\/v2\/media?parent=9034"}],"wp:term":[{"taxonomy":"pwb-brand","embeddable":true,"href":"https:\/\/axtarstore.com\/ru\/wp-json\/wp\/v2\/pwb-brand?post=9034"},{"taxonomy":"product_cat","embeddable":true,"href":"https:\/\/axtarstore.com\/ru\/wp-json\/wp\/v2\/product_cat?post=9034"},{"taxonomy":"product_tag","embeddable":true,"href":"https:\/\/axtarstore.com\/ru\/wp-json\/wp\/v2\/product_tag?post=9034"}],"curies":[{"name":"wp","href":"https:\/\/api.w.org\/{rel}","templated":true}]}}