{"id":9010,"date":"2025-01-20T22:05:57","date_gmt":"2025-01-20T18:05:57","guid":{"rendered":"https:\/\/axtarstore.com\/?post_type=product&#038;p=9010"},"modified":"2026-03-02T00:32:13","modified_gmt":"2026-03-01T20:32:13","slug":"neutrogena-retinol-boost-yaslanma-qarsiti-serum-30-ml","status":"publish","type":"product","link":"https:\/\/axtarstore.com\/ru\/product\/neutrogena-retinol-boost-yaslanma-qarsiti-serum-30-ml\/","title":{"rendered":"Neutrogena Retinol Boost Ya\u015flanma Kar\u015f\u0131t\u0131 Serum 30 ml"},"content":{"rendered":"<h1 data-start=\"924\" data-end=\"1015\">Neutrogena Retinol Boost Ya\u015flanma Qar\u015f\u0131t\u0131 Serum 30 ml \u2013 Daha Hamar v\u0259 G\u0259nc G\u00f6r\u00fcn\u00fc\u015fl\u00fc D\u0259ri<\/h1>\n<p data-start=\"1017\" data-end=\"1269\">Zamanla d\u0259rid\u0259 elastikliyin azalmas\u0131, inc\u0259 x\u0259tl\u0259r, q\u0131r\u0131\u015flar v\u0259 ton b\u0259rab\u0259rsizliyi yaran\u0131r. G\u00fcn\u0259\u015f \u015f\u00fcalar\u0131, stres v\u0259 \u0259traf m\u00fchit faktorlar\u0131 ya\u015flanma \u0259lam\u0259tl\u0259rini daha da s\u00fcr\u0259tl\u0259ndir\u0259 bil\u0259r. Bu m\u0259rh\u0259l\u0259d\u0259 effektiv aktiv t\u0259rkibli m\u0259hsullara ehtiyac yaran\u0131r.<\/p>\n<p data-start=\"1271\" data-end=\"1449\">Neutrogena Retinol Boost Ya\u015flanma Qar\u015f\u0131t\u0131 Serum 30 ml retinol \u0259sasl\u0131 formul il\u0259 d\u0259rinin yenil\u0259nm\u0259 prosesini d\u0259st\u0259kl\u0259yir v\u0259 ya\u015flanma \u0259lam\u0259tl\u0259rinin g\u00f6r\u00fcn\u00fc\u015f\u00fcn\u00fc azaltma\u011fa k\u00f6m\u0259k edir.<\/p>\n<hr data-start=\"1451\" data-end=\"1454\" \/>\n<h2 data-start=\"1456\" data-end=\"1466\">Problem<\/h2>\n<p data-start=\"1468\" data-end=\"1509\">Ya\u015flanma il\u0259 ba\u011fl\u0131 \u0259sas d\u0259ri probleml\u0259ri:<\/p>\n<ul data-start=\"1511\" data-end=\"1641\">\n<li data-start=\"1511\" data-end=\"1538\">\n<p data-start=\"1513\" data-end=\"1538\">\u0130nc\u0259 x\u0259tl\u0259r v\u0259 q\u0131r\u0131\u015flar<\/p>\n<\/li>\n<li data-start=\"1539\" data-end=\"1564\">\n<p data-start=\"1541\" data-end=\"1564\">Elastikliyin azalmas\u0131<\/p>\n<\/li>\n<li data-start=\"1565\" data-end=\"1605\">\n<p data-start=\"1567\" data-end=\"1605\">D\u0259ri tonunun qeyri-b\u0259rab\u0259r g\u00f6r\u00fcnm\u0259si<\/p>\n<\/li>\n<li data-start=\"1606\" data-end=\"1641\">\n<p data-start=\"1608\" data-end=\"1641\">Sol\u011fun v\u0259 yor\u011fun d\u0259ri g\u00f6r\u00fcnt\u00fcs\u00fc<\/p>\n<\/li>\n<\/ul>\n<p data-start=\"1643\" data-end=\"1687\">Sad\u0259 n\u0259ml\u0259ndirm\u0259 bu m\u0259rh\u0259l\u0259d\u0259 kifay\u0259t etmir.<\/p>\n<hr data-start=\"1689\" data-end=\"1692\" \/>\n<h2 data-start=\"1694\" data-end=\"1701\">H\u0259ll<\/h2>\n<p data-start=\"1703\" data-end=\"1833\">Neutrogena Retinol Boost Ya\u015flanma Qar\u015f\u0131t\u0131 Serum 30 ml aktiv retinol t\u0259rkibi il\u0259 d\u0259rinin yenil\u0259nm\u0259sini stimulla\u015fd\u0131rma\u011fa k\u00f6m\u0259k edir.<\/p>\n<p data-start=\"1835\" data-end=\"1857\">M\u0259hsulun \u00fcst\u00fcnl\u00fckl\u0259ri:<\/p>\n<ul data-start=\"1859\" data-end=\"2064\">\n<li data-start=\"1859\" data-end=\"1905\">\n<p data-start=\"1861\" data-end=\"1905\">Q\u0131r\u0131\u015flar\u0131n g\u00f6r\u00fcn\u00fc\u015f\u00fcn\u00fc azaltma\u011fa k\u00f6m\u0259k edir<\/p>\n<\/li>\n<li data-start=\"1906\" data-end=\"1941\">\n<p data-start=\"1908\" data-end=\"1941\">D\u0259ri teksturas\u0131n\u0131 yax\u015f\u0131la\u015fd\u0131r\u0131r<\/p>\n<\/li>\n<li data-start=\"1942\" data-end=\"1982\">\n<p data-start=\"1944\" data-end=\"1982\">Daha hamar v\u0259 parlaq g\u00f6r\u00fcn\u00fc\u015f yarad\u0131r<\/p>\n<\/li>\n<li data-start=\"1983\" data-end=\"2026\">\n<p data-start=\"1985\" data-end=\"2026\">D\u0259rinin yenil\u0259nm\u0259 prosesini d\u0259st\u0259kl\u0259yir<\/p>\n<\/li>\n<li data-start=\"2027\" data-end=\"2064\">\n<p data-start=\"2029\" data-end=\"2064\">Y\u00fcng\u00fcl tekstura, tez hopan formul<\/p>\n<\/li>\n<\/ul>\n<p data-start=\"2066\" data-end=\"2150\">Retinol m\u00fcnt\u0259z\u0259m istifad\u0259 zaman\u0131 d\u0259rinin daha s\u0131x v\u0259 elastik g\u00f6r\u00fcnm\u0259sin\u0259 k\u00f6m\u0259k edir.<\/p>\n<hr data-start=\"2152\" data-end=\"2155\" \/>\n<h2 data-start=\"2157\" data-end=\"2166\">N\u0259tic\u0259<\/h2>\n<p data-start=\"2168\" data-end=\"2190\">Daimi istifad\u0259 zaman\u0131:<\/p>\n<ul data-start=\"2192\" data-end=\"2346\">\n<li data-start=\"2192\" data-end=\"2219\">\n<p data-start=\"2194\" data-end=\"2219\">D\u0259ri daha hamar g\u00f6r\u00fcn\u00fcr<\/p>\n<\/li>\n<li data-start=\"2220\" data-end=\"2257\">\n<p data-start=\"2222\" data-end=\"2257\">\u0130nc\u0259 x\u0259tl\u0259r daha az n\u0259z\u0259r\u0259 \u00e7arp\u0131r<\/p>\n<\/li>\n<li data-start=\"2258\" data-end=\"2286\">\n<p data-start=\"2260\" data-end=\"2286\">Ton daha b\u0259rab\u0259r g\u00f6r\u00fcn\u00fcr<\/p>\n<\/li>\n<li data-start=\"2287\" data-end=\"2346\">\n<p data-start=\"2289\" data-end=\"2346\">\u00dcmumi d\u0259ri g\u00f6r\u00fcn\u00fc\u015f\u00fc daha g\u0259nc v\u0259 canl\u0131 t\u0259sir ba\u011f\u0131\u015flay\u0131r<\/p>\n<\/li>\n<\/ul>\n<p data-start=\"2348\" data-end=\"2466\">Neutrogena Retinol Boost Ya\u015flanma Qar\u015f\u0131t\u0131 Serum 30 ml gec\u0259 bax\u0131m rutininin effektiv hiss\u0259si kimi istifad\u0259 oluna bil\u0259r.<\/p>\n<hr data-start=\"2468\" data-end=\"2471\" \/>\n<h2 data-start=\"2473\" data-end=\"2502\">Niy\u0259 bu m\u0259hsulu almal\u0131yam?<\/h2>\n<ul data-start=\"2504\" data-end=\"2746\">\n<li data-start=\"2504\" data-end=\"2548\">\n<p data-start=\"2506\" data-end=\"2548\">Retinol t\u0259rkibli ya\u015flanma qar\u015f\u0131t\u0131 formul<\/p>\n<\/li>\n<li data-start=\"2549\" data-end=\"2607\">\n<p data-start=\"2551\" data-end=\"2607\">Q\u0131r\u0131\u015f v\u0259 inc\u0259 x\u0259tl\u0259rin g\u00f6r\u00fcn\u00fc\u015f\u00fcn\u00fc azaltma\u011fa k\u00f6m\u0259k edir<\/p>\n<\/li>\n<li data-start=\"2608\" data-end=\"2653\">\n<p data-start=\"2610\" data-end=\"2653\">30 ml konsentrat v\u0259 uzunm\u00fcdd\u0259tli istifad\u0259<\/p>\n<\/li>\n<li data-start=\"2654\" data-end=\"2704\">\n<p data-start=\"2656\" data-end=\"2704\">Dermatoloji test edilmi\u015f Neutrogena keyfiyy\u0259ti<\/p>\n<\/li>\n<li data-start=\"2705\" data-end=\"2746\">\n<p data-start=\"2707\" data-end=\"2746\">G\u00fcnd\u0259lik gec\u0259 bax\u0131m\u0131 \u00fc\u00e7\u00fcn uy\u011fun se\u00e7im<\/p>\n<\/li>\n<\/ul>\n<p data-start=\"2748\" data-end=\"2857\">\u018fg\u0259r m\u0259qs\u0259diniz d\u0259rinin daha hamar, elastik v\u0259 g\u0259nc g\u00f6r\u00fcnm\u0259sini t\u0259min etm\u0259kdirs\u0259, bu serum effektiv se\u00e7imdir.<\/p>\n<hr data-start=\"2859\" data-end=\"2862\" \/>\n<h2 data-start=\"2864\" data-end=\"2883\">\u0130stifad\u0259 Qaydas\u0131<\/h2>\n<ol data-start=\"2885\" data-end=\"3089\">\n<li data-start=\"2885\" data-end=\"2941\">\n<p data-start=\"2888\" data-end=\"2941\">Ax\u015fam saatlar\u0131nda t\u0259miz v\u0259 quru d\u0259riy\u0259 t\u0259tbiq edin.<\/p>\n<\/li>\n<li data-start=\"2942\" data-end=\"2993\">\n<p data-start=\"2945\" data-end=\"2993\">1\u20132 damc\u0131 serumu \u00fcz v\u0259 boyun nahiy\u0259sin\u0259 yay\u0131n.<\/p>\n<\/li>\n<li data-start=\"2994\" data-end=\"3039\">\n<p data-start=\"2997\" data-end=\"3039\">Ard\u0131nca n\u0259ml\u0259ndirici krem istifad\u0259 edin.<\/p>\n<\/li>\n<li data-start=\"3040\" data-end=\"3089\">\n<p data-start=\"3043\" data-end=\"3089\">G\u00fcn \u0259rzind\u0259 m\u00fctl\u0259q SPF qoruyucu t\u0259tbiq edin.<\/p>\n<\/li>\n<\/ol>\n<p data-start=\"3091\" data-end=\"3183\">Retinol istifad\u0259sin\u0259 yeni ba\u015flayanlar \u00fc\u00e7\u00fcn \u0259vv\u0259lc\u0259 h\u0259ft\u0259d\u0259 2\u20133 d\u0259f\u0259 istifad\u0259 t\u00f6vsiy\u0259 olunur.<\/p>\n<hr data-start=\"3185\" data-end=\"3188\" \/>\n<h2 data-start=\"3190\" data-end=\"3197\">Qeyd<\/h2>\n<ul data-start=\"3199\" data-end=\"3386\">\n<li data-start=\"3199\" data-end=\"3259\">\n<p data-start=\"3201\" data-end=\"3259\">G\u00fcn\u0259\u015f\u0259 h\u0259ssasl\u0131\u011f\u0131 art\u0131ra bil\u0259r. SPF istifad\u0259si vacibdir.<\/p>\n<\/li>\n<li data-start=\"3260\" data-end=\"3353\">\n<p data-start=\"3262\" data-end=\"3353\">Hamil\u0259lik v\u0259 ya x\u00fcsusi dermatoloji v\u0259ziyy\u0259t zaman\u0131 h\u0259kiml\u0259 m\u0259sl\u0259h\u0259tl\u0259\u015fm\u0259k t\u00f6vsiy\u0259 olunur.<\/p>\n<\/li>\n<li data-start=\"3354\" data-end=\"3386\">\n<p data-start=\"3356\" data-end=\"3386\">G\u00f6z \u0259traf\u0131na t\u0259tbiq etm\u0259yin.<\/p>\n<\/li>\n<\/ul>","protected":false},"excerpt":{"rendered":"<p>Neutrogena Retinol Boost Ya\u015flanma Qar\u015f\u0131t\u0131 Serum 30 ml q\u0131r\u0131\u015f v\u0259 inc\u0259 x\u0259tl\u0259rin g\u00f6r\u00fcn\u00fc\u015f\u00fcn\u00fc azaltma\u011fa k\u00f6m\u0259k edir. D\u0259rinin teksturas\u0131n\u0131 yax\u015f\u0131la\u015fd\u0131r\u0131r v\u0259 daha hamar, parlaq g\u00f6r\u00fcn\u00fc\u015f yarad\u0131r.<\/p>","protected":false},"featured_media":9011,"comment_status":"open","ping_status":"closed","template":"","meta":[],"pwb-brand":[397],"product_cat":[127,143],"product_tag":[328,327],"class_list":{"0":"post-9010","1":"product","2":"type-product","3":"status-publish","4":"has-post-thumbnail","6":"pwb-brand-neutrogena","7":"product_cat-face-care","8":"product_cat-face-serum","9":"product_tag-anti-wrinkle","10":"product_tag-retinol-serum","11":"pa_size-30ml","14":"instock","15":"shipping-taxable","16":"purchasable","17":"product-type-simple"},"brands":[{"id":397,"name":"Neutrogena","slug":"neutrogena"}],"_links":{"self":[{"href":"https:\/\/axtarstore.com\/ru\/wp-json\/wp\/v2\/product\/9010"}],"collection":[{"href":"https:\/\/axtarstore.com\/ru\/wp-json\/wp\/v2\/product"}],"about":[{"href":"https:\/\/axtarstore.com\/ru\/wp-json\/wp\/v2\/types\/product"}],"replies":[{"embeddable":true,"href":"https:\/\/axtarstore.com\/ru\/wp-json\/wp\/v2\/comments?post=9010"}],"version-history":[{"count":3,"href":"https:\/\/axtarstore.com\/ru\/wp-json\/wp\/v2\/product\/9010\/revisions"}],"predecessor-version":[{"id":11382,"href":"https:\/\/axtarstore.com\/ru\/wp-json\/wp\/v2\/product\/9010\/revisions\/11382"}],"wp:featuredmedia":[{"embeddable":true,"href":"https:\/\/axtarstore.com\/ru\/wp-json\/wp\/v2\/media\/9011"}],"wp:attachment":[{"href":"https:\/\/axtarstore.com\/ru\/wp-json\/wp\/v2\/media?parent=9010"}],"wp:term":[{"taxonomy":"pwb-brand","embeddable":true,"href":"https:\/\/axtarstore.com\/ru\/wp-json\/wp\/v2\/pwb-brand?post=9010"},{"taxonomy":"product_cat","embeddable":true,"href":"https:\/\/axtarstore.com\/ru\/wp-json\/wp\/v2\/product_cat?post=9010"},{"taxonomy":"product_tag","embeddable":true,"href":"https:\/\/axtarstore.com\/ru\/wp-json\/wp\/v2\/product_tag?post=9010"}],"curies":[{"name":"wp","href":"https:\/\/api.w.org\/{rel}","templated":true}]}}