{"id":8998,"date":"2025-01-20T21:59:24","date_gmt":"2025-01-20T17:59:24","guid":{"rendered":"https:\/\/axtarstore.com\/?post_type=product&#038;p=8998"},"modified":"2026-03-02T00:42:14","modified_gmt":"2026-03-01T20:42:14","slug":"neutrogena-retinol-boost-yaslanma-qarsiti-gunduz-kremi-spf-15","status":"publish","type":"product","link":"https:\/\/axtarstore.com\/ru\/product\/neutrogena-retinol-boost-yaslanma-qarsiti-gunduz-kremi-spf-15\/","title":{"rendered":"Neutrogena Retinol Boost Ya\u015flanma Kar\u015f\u0131t\u0131 G\u00fcnd\u00fcz Kremi SPF15\u200b 50 ml"},"content":{"rendered":"<h1 data-start=\"988\" data-end=\"1083\">Neutrogena Retinol Boost Ya\u015flanma Qar\u015f\u0131t\u0131 G\u00fcnd\u00fcz Kremi SPF 15 \u2013 Qoruma v\u0259 Yenil\u0259nm\u0259 Bir Arada<\/h1>\n<p data-start=\"1085\" data-end=\"1322\">Ya\u015flanma \u0259lam\u0259tl\u0259ri t\u0259kc\u0259 zaman\u0131n t\u0259siri il\u0259 deyil, h\u0259m d\u0259 g\u00fcn\u0259\u015f \u015f\u00fcalar\u0131 v\u0259 \u0259traf m\u00fchit faktorlar\u0131 n\u0259tic\u0259sind\u0259 daha s\u00fcr\u0259tli meydana \u00e7\u0131x\u0131r. Q\u0131r\u0131\u015flar, elastikliyin azalmas\u0131 v\u0259 ton b\u0259rab\u0259rsizliyi g\u00fcnd\u0259lik qulluqda x\u00fcsusi yana\u015fma t\u0259l\u0259b edir.<\/p>\n<p data-start=\"1324\" data-end=\"1534\">Neutrogena Retinol Boost Ya\u015flanma Qar\u015f\u0131t\u0131 G\u00fcnd\u00fcz Kremi SPF 15 retinol \u0259sasl\u0131 formul v\u0259 g\u00fcn\u0259\u015fd\u0259n qoruyucu faktorun birl\u0259\u015fm\u0259si il\u0259 h\u0259m ya\u015flanma \u0259lam\u0259tl\u0259ri il\u0259 m\u00fcbariz\u0259 apar\u0131r, h\u0259m d\u0259 d\u0259rini UV t\u0259sirind\u0259n qoruyur.<\/p>\n<hr data-start=\"1536\" data-end=\"1539\" \/>\n<h2 data-start=\"1541\" data-end=\"1551\">Problem<\/h2>\n<p data-start=\"1553\" data-end=\"1595\">D\u0259rid\u0259 ya\u015flanma il\u0259 ba\u011fl\u0131 \u0259sas probleml\u0259r:<\/p>\n<ul data-start=\"1597\" data-end=\"1724\">\n<li data-start=\"1597\" data-end=\"1624\">\n<p data-start=\"1599\" data-end=\"1624\">\u0130nc\u0259 x\u0259tl\u0259r v\u0259 q\u0131r\u0131\u015flar<\/p>\n<\/li>\n<li data-start=\"1625\" data-end=\"1660\">\n<p data-start=\"1627\" data-end=\"1660\">D\u0259rinin elastikliyinin azalmas\u0131<\/p>\n<\/li>\n<li data-start=\"1661\" data-end=\"1694\">\n<p data-start=\"1663\" data-end=\"1694\">G\u00fcn\u0259\u015f \u015f\u00fcalar\u0131n\u0131n m\u0259nfi t\u0259siri<\/p>\n<\/li>\n<li data-start=\"1695\" data-end=\"1724\">\n<p data-start=\"1697\" data-end=\"1724\">Quruluq v\u0259 sol\u011fun g\u00f6r\u00fcn\u00fc\u015f<\/p>\n<\/li>\n<\/ul>\n<p data-start=\"1726\" data-end=\"1808\">G\u00fcn \u0259rzind\u0259 qoruma t\u0259min olunmad\u0131qda ya\u015flanma \u0259lam\u0259tl\u0259ri daha tez d\u0259rinl\u0259\u015f\u0259 bil\u0259r.<\/p>\n<hr data-start=\"1810\" data-end=\"1813\" \/>\n<h2 data-start=\"1815\" data-end=\"1822\">H\u0259ll<\/h2>\n<p data-start=\"1824\" data-end=\"1917\">Neutrogena Retinol Boost Ya\u015flanma Qar\u015f\u0131t\u0131 G\u00fcnd\u00fcz Kremi SPF 15 iki istiqam\u0259tli t\u0259sir g\u00f6st\u0259rir:<\/p>\n<ul data-start=\"1919\" data-end=\"2134\">\n<li data-start=\"1919\" data-end=\"1974\">\n<p data-start=\"1921\" data-end=\"1974\">Retinol il\u0259 d\u0259rinin yenil\u0259nm\u0259 prosesini d\u0259st\u0259kl\u0259yir<\/p>\n<\/li>\n<li data-start=\"1975\" data-end=\"2029\">\n<p data-start=\"1977\" data-end=\"2029\">SPF 15 il\u0259 g\u00fcn\u0259\u015f \u015f\u00fcalar\u0131na qar\u015f\u0131 qoruma t\u0259min edir<\/p>\n<\/li>\n<li data-start=\"2030\" data-end=\"2061\">\n<p data-start=\"2032\" data-end=\"2061\">D\u0259rini intensiv n\u0259ml\u0259ndirir<\/p>\n<\/li>\n<li data-start=\"2062\" data-end=\"2103\">\n<p data-start=\"2064\" data-end=\"2103\">D\u0259ri teksturas\u0131n\u0131 daha hamar g\u00f6st\u0259rir<\/p>\n<\/li>\n<li data-start=\"2104\" data-end=\"2134\">\n<p data-start=\"2106\" data-end=\"2134\">Y\u00fcng\u00fcl v\u0259 tez hopan formul<\/p>\n<\/li>\n<\/ul>\n<p data-start=\"2136\" data-end=\"2221\">Krem g\u00fcnd\u0259lik istifad\u0259 \u00fc\u00e7\u00fcn uy\u011fun olub, makiyaj alt\u0131 baza kimi d\u0259 t\u0259tbiq edil\u0259 bil\u0259r.<\/p>\n<hr data-start=\"2223\" data-end=\"2226\" \/>\n<h2 data-start=\"2228\" data-end=\"2237\">N\u0259tic\u0259<\/h2>\n<p data-start=\"2239\" data-end=\"2264\">M\u00fcnt\u0259z\u0259m istifad\u0259 zaman\u0131:<\/p>\n<ul data-start=\"2266\" data-end=\"2442\">\n<li data-start=\"2266\" data-end=\"2296\">\n<p data-start=\"2268\" data-end=\"2296\">Q\u0131r\u0131\u015flar\u0131n g\u00f6r\u00fcn\u00fc\u015f\u00fc azal\u0131r<\/p>\n<\/li>\n<li data-start=\"2297\" data-end=\"2335\">\n<p data-start=\"2299\" data-end=\"2335\">D\u0259ri daha hamar v\u0259 elastik g\u00f6r\u00fcn\u00fcr<\/p>\n<\/li>\n<li data-start=\"2336\" data-end=\"2361\">\n<p data-start=\"2338\" data-end=\"2361\">Ton daha b\u0259rab\u0259r olur<\/p>\n<\/li>\n<li data-start=\"2362\" data-end=\"2394\">\n<p data-start=\"2364\" data-end=\"2394\">G\u00fcn \u0259rzind\u0259 n\u0259mlilik qorunur<\/p>\n<\/li>\n<li data-start=\"2395\" data-end=\"2442\">\n<p data-start=\"2397\" data-end=\"2442\">D\u0259ri daha canl\u0131 v\u0259 bax\u0131ml\u0131 t\u0259sir ba\u011f\u0131\u015flay\u0131r<\/p>\n<\/li>\n<\/ul>\n<p data-start=\"2444\" data-end=\"2575\">Neutrogena Retinol Boost Ya\u015flanma Qar\u015f\u0131t\u0131 G\u00fcnd\u00fcz Kremi SPF 15 g\u00fcnd\u0259lik anti-aging rutinin \u0259sas m\u0259rh\u0259l\u0259si kimi istifad\u0259 oluna bil\u0259r.<\/p>\n<hr data-start=\"2577\" data-end=\"2580\" \/>\n<h2 data-start=\"2582\" data-end=\"2611\">Niy\u0259 bu m\u0259hsulu almal\u0131yam?<\/h2>\n<ul data-start=\"2613\" data-end=\"2819\">\n<li data-start=\"2613\" data-end=\"2641\">\n<p data-start=\"2615\" data-end=\"2641\">Retinol v\u0259 SPF bir arada<\/p>\n<\/li>\n<li data-start=\"2642\" data-end=\"2690\">\n<p data-start=\"2644\" data-end=\"2690\">Ya\u015flanma \u0259lam\u0259tl\u0259rin\u0259 qar\u015f\u0131 kompleks yana\u015fma<\/p>\n<\/li>\n<li data-start=\"2691\" data-end=\"2723\">\n<p data-start=\"2693\" data-end=\"2723\">G\u00fcnl\u00fck qoruma v\u0259 n\u0259ml\u0259ndirm\u0259<\/p>\n<\/li>\n<li data-start=\"2724\" data-end=\"2768\">\n<p data-start=\"2726\" data-end=\"2768\">Y\u00fcng\u00fcl tekstura, ya\u011fl\u0131l\u0131q hissi yaratm\u0131r<\/p>\n<\/li>\n<li data-start=\"2769\" data-end=\"2819\">\n<p data-start=\"2771\" data-end=\"2819\">Dermatoloji test edilmi\u015f Neutrogena keyfiyy\u0259ti<\/p>\n<\/li>\n<\/ul>\n<p data-start=\"2821\" data-end=\"2948\">\u018fg\u0259r m\u0259qs\u0259diniz h\u0259m q\u0131r\u0131\u015flar\u0131n g\u00f6r\u00fcn\u00fc\u015f\u00fcn\u00fc azaltmaq, h\u0259m d\u0259 g\u00fcnd\u0259lik g\u00fcn\u0259\u015f qorumas\u0131 t\u0259min etm\u0259kdirs\u0259, bu krem effektiv se\u00e7imdir.<\/p>\n<hr data-start=\"2950\" data-end=\"2953\" \/>\n<h2 data-start=\"2955\" data-end=\"2974\">\u0130stifad\u0259 Qaydas\u0131<\/h2>\n<ol data-start=\"2976\" data-end=\"3160\">\n<li data-start=\"2976\" data-end=\"3024\">\n<p data-start=\"2979\" data-end=\"3024\">S\u0259h\u0259r saatlar\u0131nda t\u0259miz d\u0259riy\u0259 t\u0259tbiq edin.<\/p>\n<\/li>\n<li data-start=\"3025\" data-end=\"3075\">\n<p data-start=\"3028\" data-end=\"3075\">\u00dcz v\u0259 boyun nahiy\u0259sin\u0259 b\u0259rab\u0259r \u015f\u0259kild\u0259 yay\u0131n.<\/p>\n<\/li>\n<li data-start=\"3076\" data-end=\"3160\">\n<p data-start=\"3079\" data-end=\"3160\">G\u00fcn\u0259\u015f\u0259 uzunm\u00fcdd\u0259tli m\u0259ruz qalma zaman\u0131 \u0259lav\u0259 SPF istifad\u0259 etm\u0259k t\u00f6vsiy\u0259 olunur.<\/p>\n<\/li>\n<\/ol>\n<p data-start=\"3162\" data-end=\"3216\">Daimi v\u0259 m\u00fcnt\u0259z\u0259m istifad\u0259 daha effektiv n\u0259tic\u0259 verir.<\/p>\n<hr data-start=\"3218\" data-end=\"3221\" \/>\n<h2 data-start=\"3223\" data-end=\"3230\">Qeyd<\/h2>\n<ul data-start=\"3232\" data-end=\"3444\">\n<li data-start=\"3232\" data-end=\"3272\">\n<p data-start=\"3234\" data-end=\"3272\">G\u00f6z \u0259traf\u0131na birba\u015fa t\u0259tbiq etm\u0259yin.<\/p>\n<\/li>\n<li data-start=\"3273\" data-end=\"3374\">\n<p data-start=\"3275\" data-end=\"3374\">Retinol t\u0259rkibli m\u0259hsullarla paralel istifad\u0259 zaman\u0131 d\u0259rinin reaksiyas\u0131n\u0131 izl\u0259m\u0259k t\u00f6vsiy\u0259 olunur.<\/p>\n<\/li>\n<li data-start=\"3375\" data-end=\"3444\">\n<p data-start=\"3377\" data-end=\"3444\">H\u0259ssas d\u0259ri \u00fc\u00e7\u00fcn \u0259vv\u0259lc\u0259 ki\u00e7ik sah\u0259d\u0259 test aparmaq m\u0259qs\u0259d\u0259uy\u011fundur.<\/p>\n<\/li>\n<\/ul>","protected":false},"excerpt":{"rendered":"<p>Neutrogena Retinol Boost Ya\u015flanma Qar\u015f\u0131t\u0131 G\u00fcnd\u00fcz Kremi SPF 15 q\u0131r\u0131\u015flar\u0131n g\u00f6r\u00fcn\u00fc\u015f\u00fcn\u00fc azaltma\u011fa k\u00f6m\u0259k edir, d\u0259rini n\u0259ml\u0259ndirir v\u0259 g\u00fcn\u0259\u015f \u015f\u00fcalar\u0131na qar\u015f\u0131 qoruma t\u0259min edir. G\u00fcnd\u0259lik istifad\u0259 \u00fc\u00e7\u00fcn uy\u011fundur.<\/p>","protected":false},"featured_media":8999,"comment_status":"open","ping_status":"closed","template":"","meta":[],"pwb-brand":[397],"product_cat":[127,142],"product_tag":[328,327,297],"class_list":{"0":"post-8998","1":"product","2":"type-product","3":"status-publish","4":"has-post-thumbnail","6":"pwb-brand-neutrogena","7":"product_cat-face-care","8":"product_cat-face-creams","9":"product_tag-anti-wrinkle","10":"product_tag-retinol-serum","11":"product_tag-whitening","12":"pa_size-50ml","15":"instock","16":"shipping-taxable","17":"purchasable","18":"product-type-simple"},"brands":[{"id":397,"name":"Neutrogena","slug":"neutrogena"}],"_links":{"self":[{"href":"https:\/\/axtarstore.com\/ru\/wp-json\/wp\/v2\/product\/8998"}],"collection":[{"href":"https:\/\/axtarstore.com\/ru\/wp-json\/wp\/v2\/product"}],"about":[{"href":"https:\/\/axtarstore.com\/ru\/wp-json\/wp\/v2\/types\/product"}],"replies":[{"embeddable":true,"href":"https:\/\/axtarstore.com\/ru\/wp-json\/wp\/v2\/comments?post=8998"}],"version-history":[{"count":3,"href":"https:\/\/axtarstore.com\/ru\/wp-json\/wp\/v2\/product\/8998\/revisions"}],"predecessor-version":[{"id":11384,"href":"https:\/\/axtarstore.com\/ru\/wp-json\/wp\/v2\/product\/8998\/revisions\/11384"}],"wp:featuredmedia":[{"embeddable":true,"href":"https:\/\/axtarstore.com\/ru\/wp-json\/wp\/v2\/media\/8999"}],"wp:attachment":[{"href":"https:\/\/axtarstore.com\/ru\/wp-json\/wp\/v2\/media?parent=8998"}],"wp:term":[{"taxonomy":"pwb-brand","embeddable":true,"href":"https:\/\/axtarstore.com\/ru\/wp-json\/wp\/v2\/pwb-brand?post=8998"},{"taxonomy":"product_cat","embeddable":true,"href":"https:\/\/axtarstore.com\/ru\/wp-json\/wp\/v2\/product_cat?post=8998"},{"taxonomy":"product_tag","embeddable":true,"href":"https:\/\/axtarstore.com\/ru\/wp-json\/wp\/v2\/product_tag?post=8998"}],"curies":[{"name":"wp","href":"https:\/\/api.w.org\/{rel}","templated":true}]}}