{"id":8988,"date":"2025-01-20T21:48:56","date_gmt":"2025-01-20T17:48:56","guid":{"rendered":"https:\/\/axtarstore.com\/?post_type=product&#038;p=8988"},"modified":"2026-03-02T01:01:30","modified_gmt":"2026-03-01T21:01:30","slug":"neutrogena-retinol-yaslanma-qarsiti-goz-kremi-15-ml","status":"publish","type":"product","link":"https:\/\/axtarstore.com\/ru\/product\/neutrogena-retinol-yaslanma-qarsiti-goz-kremi-15-ml\/","title":{"rendered":"Neutrogena Retinol Ya\u015flanma Kar\u015f\u0131t\u0131 G\u00f6z Kremi, 15ml"},"content":{"rendered":"<h1 data-start=\"920\" data-end=\"1015\">Neutrogena Retinol Ya\u015flanma Qar\u015f\u0131t\u0131 G\u00f6z Kremi 15 ml \u2013 Daha Hamar v\u0259 G\u0259nc G\u00f6r\u00fcn\u00fc\u015fl\u00fc G\u00f6z \u018ftraf\u0131<\/h1>\n<p data-start=\"1017\" data-end=\"1223\">G\u00f6z \u0259traf\u0131 d\u0259risi \u00fcz\u00fcn \u0259n inc\u0259 v\u0259 h\u0259ssas nahiy\u0259sidir. Bu sah\u0259d\u0259 ya\u015flanma \u0259lam\u0259tl\u0259ri daha tez v\u0259 daha ayd\u0131n g\u00f6r\u00fcn\u00fcr. \u0130nc\u0259 x\u0259tl\u0259r, q\u0131r\u0131\u015flar v\u0259 elastikliyin azalmas\u0131 bax\u0131\u015f\u0131n yor\u011fun g\u00f6r\u00fcnm\u0259sin\u0259 s\u0259b\u0259b ola bil\u0259r.<\/p>\n<p data-start=\"1225\" data-end=\"1407\">Neutrogena Retinol Ya\u015flanma Qar\u015f\u0131t\u0131 G\u00f6z Kremi 15 ml retinol \u0259sasl\u0131 formul il\u0259 g\u00f6z \u0259traf\u0131nda ya\u015flanma \u0259lam\u0259tl\u0259rinin g\u00f6r\u00fcn\u00fc\u015f\u00fcn\u00fc azaltma\u011fa k\u00f6m\u0259k edir v\u0259 daha hamar d\u0259ri effekti yarad\u0131r.<\/p>\n<hr data-start=\"1409\" data-end=\"1412\" \/>\n<h2 data-start=\"1414\" data-end=\"1424\">Problem<\/h2>\n<p data-start=\"1426\" data-end=\"1464\">G\u00f6z \u0259traf\u0131nda yaranan \u0259sas probleml\u0259r:<\/p>\n<ul data-start=\"1466\" data-end=\"1570\">\n<li data-start=\"1466\" data-end=\"1481\">\n<p data-start=\"1468\" data-end=\"1481\">\u0130nc\u0259 x\u0259tl\u0259r<\/p>\n<\/li>\n<li data-start=\"1482\" data-end=\"1514\">\n<p data-start=\"1484\" data-end=\"1514\">Q\u0131r\u0131\u015flar v\u0259 \u201cqar\u011fa ayaqlar\u0131\u201d<\/p>\n<\/li>\n<li data-start=\"1515\" data-end=\"1540\">\n<p data-start=\"1517\" data-end=\"1540\">Elastikliyin azalmas\u0131<\/p>\n<\/li>\n<li data-start=\"1541\" data-end=\"1570\">\n<p data-start=\"1543\" data-end=\"1570\">Quruluq v\u0259 sol\u011fun g\u00f6r\u00fcn\u00fc\u015f<\/p>\n<\/li>\n<\/ul>\n<p data-start=\"1572\" data-end=\"1642\">Adi n\u0259ml\u0259ndiricil\u0259r bu nahiy\u0259 \u00fc\u00e7\u00fcn kifay\u0259t q\u0259d\u0259r t\u0259sirli olmaya bil\u0259r.<\/p>\n<hr data-start=\"1644\" data-end=\"1647\" \/>\n<h2 data-start=\"1649\" data-end=\"1656\">H\u0259ll<\/h2>\n<p data-start=\"1658\" data-end=\"1743\">Neutrogena Retinol Ya\u015flanma Qar\u015f\u0131t\u0131 G\u00f6z Kremi 15 ml x\u00fcsusi formul il\u0259 haz\u0131rlanm\u0131\u015fd\u0131r:<\/p>\n<ul data-start=\"1745\" data-end=\"1946\">\n<li data-start=\"1745\" data-end=\"1794\">\n<p data-start=\"1747\" data-end=\"1794\">Retinol il\u0259 d\u0259rinin yenil\u0259nm\u0259sini d\u0259st\u0259kl\u0259yir<\/p>\n<\/li>\n<li data-start=\"1795\" data-end=\"1844\">\n<p data-start=\"1797\" data-end=\"1844\">\u0130nc\u0259 x\u0259tl\u0259rin g\u00f6r\u00fcn\u00fc\u015f\u00fcn\u00fc azaltma\u011fa k\u00f6m\u0259k edir<\/p>\n<\/li>\n<li data-start=\"1845\" data-end=\"1867\">\n<p data-start=\"1847\" data-end=\"1867\">D\u0259rini n\u0259ml\u0259ndirir<\/p>\n<\/li>\n<li data-start=\"1868\" data-end=\"1913\">\n<p data-start=\"1870\" data-end=\"1913\">G\u00f6z \u0259traf\u0131nda daha hamar tekstura yarad\u0131r<\/p>\n<\/li>\n<li data-start=\"1914\" data-end=\"1946\">\n<p data-start=\"1916\" data-end=\"1946\">Y\u00fcng\u00fcl v\u0259 tez hopan struktur<\/p>\n<\/li>\n<\/ul>\n<p data-start=\"1948\" data-end=\"2008\">Formul g\u00f6z \u0259traf\u0131 \u00fc\u00e7\u00fcn uy\u011fun konsentrasiyada haz\u0131rlanm\u0131\u015fd\u0131r.<\/p>\n<hr data-start=\"2010\" data-end=\"2013\" \/>\n<h2 data-start=\"2015\" data-end=\"2024\">N\u0259tic\u0259<\/h2>\n<p data-start=\"2026\" data-end=\"2051\">M\u00fcnt\u0259z\u0259m istifad\u0259 zaman\u0131:<\/p>\n<ul data-start=\"2053\" data-end=\"2205\">\n<li data-start=\"2053\" data-end=\"2090\">\n<p data-start=\"2055\" data-end=\"2090\">\u0130nc\u0259 x\u0259tl\u0259r daha az n\u0259z\u0259r\u0259 \u00e7arp\u0131r<\/p>\n<\/li>\n<li data-start=\"2091\" data-end=\"2124\">\n<p data-start=\"2093\" data-end=\"2124\">G\u00f6z \u0259traf\u0131 daha hamar g\u00f6r\u00fcn\u00fcr<\/p>\n<\/li>\n<li data-start=\"2125\" data-end=\"2172\">\n<p data-start=\"2127\" data-end=\"2172\">D\u0259ri daha elastik v\u0259 canl\u0131 t\u0259sir ba\u011f\u0131\u015flay\u0131r<\/p>\n<\/li>\n<li data-start=\"2173\" data-end=\"2205\">\n<p data-start=\"2175\" data-end=\"2205\">Bax\u0131\u015f daha t\u0259rav\u0259tli g\u00f6r\u00fcn\u00fcr<\/p>\n<\/li>\n<\/ul>\n<p data-start=\"2207\" data-end=\"2313\">Neutrogena Retinol Ya\u015flanma Qar\u015f\u0131t\u0131 G\u00f6z Kremi 15 ml g\u00fcnd\u0259lik ax\u015fam bax\u0131m rutininin \u0259sas hiss\u0259si ola bil\u0259r.<\/p>\n<hr data-start=\"2315\" data-end=\"2318\" \/>\n<h2 data-start=\"2320\" data-end=\"2349\">Niy\u0259 bu m\u0259hsulu almal\u0131yam?<\/h2>\n<ul data-start=\"2351\" data-end=\"2585\">\n<li data-start=\"2351\" data-end=\"2387\">\n<p data-start=\"2353\" data-end=\"2387\">Retinol \u0259sasl\u0131 g\u00f6z \u0259traf\u0131 bax\u0131m\u0131<\/p>\n<\/li>\n<li data-start=\"2388\" data-end=\"2446\">\n<p data-start=\"2390\" data-end=\"2446\">Q\u0131r\u0131\u015f v\u0259 inc\u0259 x\u0259tl\u0259rin g\u00f6r\u00fcn\u00fc\u015f\u00fcn\u00fc azaltma\u011fa k\u00f6m\u0259k edir<\/p>\n<\/li>\n<li data-start=\"2447\" data-end=\"2492\">\n<p data-start=\"2449\" data-end=\"2492\">15 ml konsentrat v\u0259 uzunm\u00fcdd\u0259tli istifad\u0259<\/p>\n<\/li>\n<li data-start=\"2493\" data-end=\"2534\">\n<p data-start=\"2495\" data-end=\"2534\">G\u00f6z \u0259traf\u0131 \u00fc\u00e7\u00fcn uy\u011fun y\u00fcng\u00fcl tekstura<\/p>\n<\/li>\n<li data-start=\"2535\" data-end=\"2585\">\n<p data-start=\"2537\" data-end=\"2585\">Dermatoloji test edilmi\u015f Neutrogena keyfiyy\u0259ti<\/p>\n<\/li>\n<\/ul>\n<p data-start=\"2587\" data-end=\"2687\">\u018fg\u0259r m\u0259qs\u0259diniz g\u00f6z \u0259traf\u0131nda daha hamar v\u0259 g\u0259nc g\u00f6r\u00fcn\u00fc\u015f \u0259ld\u0259 etm\u0259kdirs\u0259, bu krem effektiv se\u00e7imdir.<\/p>\n<hr data-start=\"2689\" data-end=\"2692\" \/>\n<h2 data-start=\"2694\" data-end=\"2713\">\u0130stifad\u0259 Qaydas\u0131<\/h2>\n<ol data-start=\"2715\" data-end=\"2899\">\n<li data-start=\"2715\" data-end=\"2763\">\n<p data-start=\"2718\" data-end=\"2763\">Ax\u015fam saatlar\u0131nda t\u0259miz d\u0259riy\u0259 t\u0259tbiq edin.<\/p>\n<\/li>\n<li data-start=\"2764\" data-end=\"2857\">\n<p data-start=\"2767\" data-end=\"2857\">Noxud boyda miqdar\u0131 barmaq ucu il\u0259 g\u00f6z alt\u0131 v\u0259 k\u0259nar nahiy\u0259y\u0259 y\u00fcng\u00fcl toxunu\u015flarla yay\u0131n.<\/p>\n<\/li>\n<li data-start=\"2858\" data-end=\"2899\">\n<p data-start=\"2861\" data-end=\"2899\">G\u00f6z\u00fcn i\u00e7in\u0259 d\u00fc\u015fm\u0259m\u0259sin\u0259 diqq\u0259t edin.<\/p>\n<\/li>\n<\/ol>\n<p data-start=\"2901\" data-end=\"2987\">\u0130lk m\u0259rh\u0259l\u0259d\u0259 h\u0259ft\u0259d\u0259 bir ne\u00e7\u0259 d\u0259f\u0259 istifad\u0259, sonradan g\u00fcnd\u0259lik t\u0259tbiq t\u00f6vsiy\u0259 olunur.<\/p>\n<hr data-start=\"2989\" data-end=\"2992\" \/>\n<h2 data-start=\"2994\" data-end=\"3001\">Qeyd<\/h2>\n<ul data-start=\"3003\" data-end=\"3151\">\n<li data-start=\"3003\" data-end=\"3053\">\n<p data-start=\"3005\" data-end=\"3053\">G\u00fcn \u0259rzind\u0259 SPF istifad\u0259 etm\u0259k t\u00f6vsiy\u0259 olunur.<\/p>\n<\/li>\n<li data-start=\"3054\" data-end=\"3105\">\n<p data-start=\"3056\" data-end=\"3105\">H\u0259ssas d\u0259rid\u0259 \u0259vv\u0259lc\u0259 ki\u00e7ik sah\u0259d\u0259 test apar\u0131n.<\/p>\n<\/li>\n<li data-start=\"3106\" data-end=\"3151\">\n<p data-start=\"3108\" data-end=\"3151\">Q\u0131c\u0131qlanma hal\u0131nda istifad\u0259ni dayand\u0131r\u0131n.<\/p>\n<\/li>\n<\/ul>","protected":false},"excerpt":{"rendered":"<p>Neutrogena Retinol Ya\u015flanma Qar\u015f\u0131t\u0131 G\u00f6z Kremi 15 ml g\u00f6z \u0259traf\u0131ndak\u0131 inc\u0259 x\u0259tl\u0259rin v\u0259 q\u0131r\u0131\u015flar\u0131n g\u00f6r\u00fcn\u00fc\u015f\u00fcn\u00fc azaltma\u011fa k\u00f6m\u0259k edir. D\u0259rini n\u0259ml\u0259ndirir v\u0259 daha hamar g\u00f6r\u00fcn\u00fc\u015f yarad\u0131r.<\/p>","protected":false},"featured_media":8989,"comment_status":"open","ping_status":"closed","template":"","meta":[],"pwb-brand":[397],"product_cat":[153,400,127],"product_tag":[328,341,327,297],"class_list":{"0":"post-8988","1":"product","2":"type-product","3":"status-publish","4":"has-post-thumbnail","6":"pwb-brand-neutrogena","7":"product_cat-goz-baximi","8":"product_cat-goz-kremi","9":"product_cat-face-care","10":"product_tag-anti-wrinkle","11":"product_tag-eye-anti-puffiness","12":"product_tag-retinol-serum","13":"product_tag-whitening","14":"pa_size-15ml","17":"instock","18":"shipping-taxable","19":"purchasable","20":"product-type-simple"},"brands":[{"id":397,"name":"Neutrogena","slug":"neutrogena"}],"_links":{"self":[{"href":"https:\/\/axtarstore.com\/ru\/wp-json\/wp\/v2\/product\/8988"}],"collection":[{"href":"https:\/\/axtarstore.com\/ru\/wp-json\/wp\/v2\/product"}],"about":[{"href":"https:\/\/axtarstore.com\/ru\/wp-json\/wp\/v2\/types\/product"}],"replies":[{"embeddable":true,"href":"https:\/\/axtarstore.com\/ru\/wp-json\/wp\/v2\/comments?post=8988"}],"version-history":[{"count":3,"href":"https:\/\/axtarstore.com\/ru\/wp-json\/wp\/v2\/product\/8988\/revisions"}],"predecessor-version":[{"id":11386,"href":"https:\/\/axtarstore.com\/ru\/wp-json\/wp\/v2\/product\/8988\/revisions\/11386"}],"wp:featuredmedia":[{"embeddable":true,"href":"https:\/\/axtarstore.com\/ru\/wp-json\/wp\/v2\/media\/8989"}],"wp:attachment":[{"href":"https:\/\/axtarstore.com\/ru\/wp-json\/wp\/v2\/media?parent=8988"}],"wp:term":[{"taxonomy":"pwb-brand","embeddable":true,"href":"https:\/\/axtarstore.com\/ru\/wp-json\/wp\/v2\/pwb-brand?post=8988"},{"taxonomy":"product_cat","embeddable":true,"href":"https:\/\/axtarstore.com\/ru\/wp-json\/wp\/v2\/product_cat?post=8988"},{"taxonomy":"product_tag","embeddable":true,"href":"https:\/\/axtarstore.com\/ru\/wp-json\/wp\/v2\/product_tag?post=8988"}],"curies":[{"name":"wp","href":"https:\/\/api.w.org\/{rel}","templated":true}]}}