{"id":8980,"date":"2025-01-18T01:00:46","date_gmt":"2025-01-17T21:00:46","guid":{"rendered":"https:\/\/axtarstore.com\/?post_type=product&#038;p=8980"},"modified":"2026-03-02T01:14:32","modified_gmt":"2026-03-01T21:14:32","slug":"neutrogena-retinol-boost-yaslanma-qarsiti-gece-kremi-50-ml","status":"publish","type":"product","link":"https:\/\/axtarstore.com\/ru\/product\/neutrogena-retinol-boost-yaslanma-qarsiti-gece-kremi-50-ml\/","title":{"rendered":"Neutrogena Retinol Boost Ya\u015flanma Kar\u015f\u0131t\u0131 Gece Kremi 50ML"},"content":{"rendered":"<h1 data-start=\"928\" data-end=\"1010\">Neutrogena Retinol Boost Ya\u015flanma Qar\u015f\u0131t\u0131 Gec\u0259 Kremi 50 ml \u2013 Gec\u0259 Boyu Yenil\u0259nm\u0259<\/h1>\n<p data-start=\"1012\" data-end=\"1306\">D\u0259ri gec\u0259 saatlar\u0131nda aktiv b\u0259rpa m\u0259rh\u0259l\u0259sin\u0259 ke\u00e7ir. Bu d\u00f6vrd\u0259 d\u00fczg\u00fcn se\u00e7ilmi\u015f m\u0259hsul d\u0259rinin yenil\u0259nm\u0259 prosesini d\u0259st\u0259kl\u0259y\u0259 v\u0259 ya\u015flanma \u0259lam\u0259tl\u0259rinin g\u00f6r\u00fcn\u00fc\u015f\u00fcn\u00fc azaltma\u011fa k\u00f6m\u0259k ed\u0259 bil\u0259r. X\u00fcsusil\u0259 q\u0131r\u0131\u015flar, elastikliyin azalmas\u0131 v\u0259 ton b\u0259rab\u0259rsizliyi \u00fc\u00e7\u00fcn gec\u0259 bax\u0131m\u0131 x\u00fcsusi \u0259h\u0259miyy\u0259t da\u015f\u0131y\u0131r.<\/p>\n<p data-start=\"1308\" data-end=\"1494\">Neutrogena Retinol Boost Ya\u015flanma Qar\u015f\u0131t\u0131 Gec\u0259 Kremi 50 ml retinol \u0259sasl\u0131 formul il\u0259 d\u0259rinin t\u0259bii yenil\u0259nm\u0259 prosesini d\u0259st\u0259kl\u0259yir v\u0259 daha hamar d\u0259ri g\u00f6r\u00fcn\u00fc\u015f\u00fc formala\u015fd\u0131rma\u011fa k\u00f6m\u0259k edir.<\/p>\n<hr data-start=\"1496\" data-end=\"1499\" \/>\n<h2 data-start=\"1501\" data-end=\"1511\">Problem<\/h2>\n<p data-start=\"1513\" data-end=\"1554\">Ya\u015flanma il\u0259 ba\u011fl\u0131 \u0259sas d\u0259ri probleml\u0259ri:<\/p>\n<ul data-start=\"1556\" data-end=\"1680\">\n<li data-start=\"1556\" data-end=\"1589\">\n<p data-start=\"1558\" data-end=\"1589\">\u0130nc\u0259 x\u0259tl\u0259r v\u0259 d\u0259rin q\u0131r\u0131\u015flar<\/p>\n<\/li>\n<li data-start=\"1590\" data-end=\"1615\">\n<p data-start=\"1592\" data-end=\"1615\">Elastikliyin azalmas\u0131<\/p>\n<\/li>\n<li data-start=\"1616\" data-end=\"1644\">\n<p data-start=\"1618\" data-end=\"1644\">Sol\u011fun v\u0259 yor\u011fun g\u00f6r\u00fcn\u00fc\u015f<\/p>\n<\/li>\n<li data-start=\"1645\" data-end=\"1680\">\n<p data-start=\"1647\" data-end=\"1680\">D\u0259ri teksturas\u0131n\u0131n kobudla\u015fmas\u0131<\/p>\n<\/li>\n<\/ul>\n<p data-start=\"1682\" data-end=\"1747\">Sad\u0259 n\u0259ml\u0259ndirm\u0259 bu m\u0259rh\u0259l\u0259d\u0259 kifay\u0259t q\u0259d\u0259r t\u0259sirli olmaya bil\u0259r.<\/p>\n<hr data-start=\"1749\" data-end=\"1752\" \/>\n<h2 data-start=\"1754\" data-end=\"1761\">H\u0259ll<\/h2>\n<p data-start=\"1763\" data-end=\"1864\">Neutrogena Retinol Boost Ya\u015flanma Qar\u015f\u0131t\u0131 Gec\u0259 Kremi 50 ml aktiv t\u0259rkibi il\u0259 kompleks t\u0259sir g\u00f6st\u0259rir:<\/p>\n<ul data-start=\"1866\" data-end=\"2066\">\n<li data-start=\"1866\" data-end=\"1915\">\n<p data-start=\"1868\" data-end=\"1915\">Retinol il\u0259 h\u00fcceyr\u0259 yenil\u0259nm\u0259sini d\u0259st\u0259kl\u0259yir<\/p>\n<\/li>\n<li data-start=\"1916\" data-end=\"1962\">\n<p data-start=\"1918\" data-end=\"1962\">Q\u0131r\u0131\u015flar\u0131n g\u00f6r\u00fcn\u00fc\u015f\u00fcn\u00fc azaltma\u011fa k\u00f6m\u0259k edir<\/p>\n<\/li>\n<li data-start=\"1963\" data-end=\"1994\">\n<p data-start=\"1965\" data-end=\"1994\">D\u0259rini intensiv n\u0259ml\u0259ndirir<\/p>\n<\/li>\n<li data-start=\"1995\" data-end=\"2037\">\n<p data-start=\"1997\" data-end=\"2037\">Daha hamar v\u0259 b\u0259rab\u0259r tekstura yarad\u0131r<\/p>\n<\/li>\n<li data-start=\"2038\" data-end=\"2066\">\n<p data-start=\"2040\" data-end=\"2066\">Y\u00fcng\u00fcl, tez hopan formul<\/p>\n<\/li>\n<\/ul>\n<p data-start=\"2068\" data-end=\"2159\">Gec\u0259 t\u0259tbiq edil\u0259n krem d\u0259rinin s\u0259h\u0259r daha canl\u0131 v\u0259 istirah\u0259t etmi\u015f g\u00f6r\u00fcnm\u0259sin\u0259 k\u00f6m\u0259k edir.<\/p>\n<hr data-start=\"2161\" data-end=\"2164\" \/>\n<h2 data-start=\"2166\" data-end=\"2175\">N\u0259tic\u0259<\/h2>\n<p data-start=\"2177\" data-end=\"2202\">M\u00fcnt\u0259z\u0259m istifad\u0259 zaman\u0131:<\/p>\n<ul data-start=\"2204\" data-end=\"2380\">\n<li data-start=\"2204\" data-end=\"2231\">\n<p data-start=\"2206\" data-end=\"2231\">D\u0259ri daha hamar g\u00f6r\u00fcn\u00fcr<\/p>\n<\/li>\n<li data-start=\"2232\" data-end=\"2254\">\n<p data-start=\"2234\" data-end=\"2254\">\u0130nc\u0259 x\u0259tl\u0259r azal\u0131r<\/p>\n<\/li>\n<li data-start=\"2255\" data-end=\"2303\">\n<p data-start=\"2257\" data-end=\"2303\">Elastiklik hiss olunacaq d\u0259r\u0259c\u0259d\u0259 yax\u015f\u0131la\u015f\u0131r<\/p>\n<\/li>\n<li data-start=\"2304\" data-end=\"2329\">\n<p data-start=\"2306\" data-end=\"2329\">Ton daha b\u0259rab\u0259r olur<\/p>\n<\/li>\n<li data-start=\"2330\" data-end=\"2380\">\n<p data-start=\"2332\" data-end=\"2380\">\u00dcmumi d\u0259ri g\u00f6r\u00fcn\u00fc\u015f\u00fc daha g\u0259nc t\u0259sir ba\u011f\u0131\u015flay\u0131r<\/p>\n<\/li>\n<\/ul>\n<p data-start=\"2382\" data-end=\"2506\">Neutrogena Retinol Boost Ya\u015flanma Qar\u015f\u0131t\u0131 Gec\u0259 Kremi 50 ml gec\u0259 anti-aging rutinin \u0259sas m\u0259rh\u0259l\u0259si kimi istifad\u0259 oluna bil\u0259r.<\/p>\n<hr data-start=\"2508\" data-end=\"2511\" \/>\n<h2 data-start=\"2513\" data-end=\"2542\">Niy\u0259 bu m\u0259hsulu almal\u0131yam?<\/h2>\n<ul data-start=\"2544\" data-end=\"2761\">\n<li data-start=\"2544\" data-end=\"2574\">\n<p data-start=\"2546\" data-end=\"2574\">Retinol \u0259sasl\u0131 gec\u0259 bax\u0131m\u0131<\/p>\n<\/li>\n<li data-start=\"2575\" data-end=\"2633\">\n<p data-start=\"2577\" data-end=\"2633\">Q\u0131r\u0131\u015f v\u0259 inc\u0259 x\u0259tl\u0259rin g\u00f6r\u00fcn\u00fc\u015f\u00fcn\u00fc azaltma\u011fa k\u00f6m\u0259k edir<\/p>\n<\/li>\n<li data-start=\"2634\" data-end=\"2665\">\n<p data-start=\"2636\" data-end=\"2665\">50 ml uzunm\u00fcdd\u0259tli istifad\u0259<\/p>\n<\/li>\n<li data-start=\"2666\" data-end=\"2710\">\n<p data-start=\"2668\" data-end=\"2710\">D\u0259rinin gec\u0259 b\u0259rpa prosesini d\u0259st\u0259kl\u0259yir<\/p>\n<\/li>\n<li data-start=\"2711\" data-end=\"2761\">\n<p data-start=\"2713\" data-end=\"2761\">Dermatoloji test edilmi\u015f Neutrogena keyfiyy\u0259ti<\/p>\n<\/li>\n<\/ul>\n<p data-start=\"2763\" data-end=\"2888\">\u018fg\u0259r m\u0259qs\u0259diniz d\u0259rinin gec\u0259 boyu yenil\u0259nm\u0259sini t\u0259min etm\u0259k v\u0259 daha hamar g\u00f6r\u00fcn\u00fc\u015f \u0259ld\u0259 etm\u0259kdirs\u0259, bu krem effektiv se\u00e7imdir.<\/p>\n<hr data-start=\"2890\" data-end=\"2893\" \/>\n<h2 data-start=\"2895\" data-end=\"2914\">\u0130stifad\u0259 Qaydas\u0131<\/h2>\n<ol data-start=\"2916\" data-end=\"3109\">\n<li data-start=\"2916\" data-end=\"2972\">\n<p data-start=\"2919\" data-end=\"2972\">Ax\u015fam saatlar\u0131nda t\u0259miz v\u0259 quru d\u0259riy\u0259 t\u0259tbiq edin.<\/p>\n<\/li>\n<li data-start=\"2973\" data-end=\"3023\">\n<p data-start=\"2976\" data-end=\"3023\">\u00dcz v\u0259 boyun nahiy\u0259sin\u0259 b\u0259rab\u0259r \u015f\u0259kild\u0259 yay\u0131n.<\/p>\n<\/li>\n<li data-start=\"3024\" data-end=\"3057\">\n<p data-start=\"3027\" data-end=\"3057\">G\u00f6z \u0259traf\u0131na t\u0259tbiq etm\u0259yin.<\/p>\n<\/li>\n<li data-start=\"3058\" data-end=\"3109\">\n<p data-start=\"3061\" data-end=\"3109\">G\u00fcn \u0259rzind\u0259 SPF istifad\u0259 etm\u0259k t\u00f6vsiy\u0259 olunur.<\/p>\n<\/li>\n<\/ol>\n<p data-start=\"3111\" data-end=\"3203\">Retinol istifad\u0259sin\u0259 yeni ba\u015flayanlar \u00fc\u00e7\u00fcn \u0259vv\u0259lc\u0259 h\u0259ft\u0259d\u0259 bir ne\u00e7\u0259 d\u0259f\u0259 t\u0259tbiq m\u0259sl\u0259h\u0259tdir.<\/p>\n<hr data-start=\"3205\" data-end=\"3208\" \/>\n<h2 data-start=\"3210\" data-end=\"3217\">Qeyd<\/h2>\n<ul data-start=\"3219\" data-end=\"3400\">\n<li data-start=\"3219\" data-end=\"3283\">\n<p data-start=\"3221\" data-end=\"3283\">G\u00fcn\u0259\u015f\u0259 h\u0259ssasl\u0131q yarada bil\u0259r, g\u00fcnd\u00fcz SPF istifad\u0259 vacibdir.<\/p>\n<\/li>\n<li data-start=\"3284\" data-end=\"3351\">\n<p data-start=\"3286\" data-end=\"3351\">H\u0259ssas d\u0259rid\u0259 \u0259vv\u0259lc\u0259 ki\u00e7ik sah\u0259d\u0259 test aparmaq t\u00f6vsiy\u0259 olunur.<\/p>\n<\/li>\n<li data-start=\"3352\" data-end=\"3400\">\n<p data-start=\"3354\" data-end=\"3400\">Q\u0131c\u0131qlanma ba\u015f ver\u0259rs\u0259, istifad\u0259ni dayand\u0131r\u0131n.<\/p>\n<\/li>\n<\/ul>","protected":false},"excerpt":{"rendered":"<p>Neutrogena Retinol Boost Ya\u015flanma Qar\u015f\u0131t\u0131 Gec\u0259 Kremi 50 ml d\u0259rini gec\u0259 boyu yenil\u0259m\u0259y\u0259 k\u00f6m\u0259k edir, q\u0131r\u0131\u015flar\u0131n g\u00f6r\u00fcn\u00fc\u015f\u00fcn\u00fc azald\u0131r v\u0259 daha hamar, elastik d\u0259ri effekti yarad\u0131r.<\/p>","protected":false},"featured_media":8981,"comment_status":"open","ping_status":"closed","template":"","meta":[],"pwb-brand":[397],"product_cat":[127,142,384],"product_tag":[328,293,331,297],"class_list":{"0":"post-8980","1":"product","2":"type-product","3":"status-publish","4":"has-post-thumbnail","6":"pwb-brand-neutrogena","7":"product_cat-face-care","8":"product_cat-face-creams","9":"product_cat-uz-nmlndirici-krem","10":"product_tag-anti-wrinkle","11":"product_tag-facecare","12":"product_tag-moisturizer","13":"product_tag-whitening","14":"pa_size-50ml","17":"instock","18":"shipping-taxable","19":"purchasable","20":"product-type-simple"},"brands":[{"id":397,"name":"Neutrogena","slug":"neutrogena"}],"_links":{"self":[{"href":"https:\/\/axtarstore.com\/ru\/wp-json\/wp\/v2\/product\/8980"}],"collection":[{"href":"https:\/\/axtarstore.com\/ru\/wp-json\/wp\/v2\/product"}],"about":[{"href":"https:\/\/axtarstore.com\/ru\/wp-json\/wp\/v2\/types\/product"}],"replies":[{"embeddable":true,"href":"https:\/\/axtarstore.com\/ru\/wp-json\/wp\/v2\/comments?post=8980"}],"version-history":[{"count":4,"href":"https:\/\/axtarstore.com\/ru\/wp-json\/wp\/v2\/product\/8980\/revisions"}],"predecessor-version":[{"id":11388,"href":"https:\/\/axtarstore.com\/ru\/wp-json\/wp\/v2\/product\/8980\/revisions\/11388"}],"wp:featuredmedia":[{"embeddable":true,"href":"https:\/\/axtarstore.com\/ru\/wp-json\/wp\/v2\/media\/8981"}],"wp:attachment":[{"href":"https:\/\/axtarstore.com\/ru\/wp-json\/wp\/v2\/media?parent=8980"}],"wp:term":[{"taxonomy":"pwb-brand","embeddable":true,"href":"https:\/\/axtarstore.com\/ru\/wp-json\/wp\/v2\/pwb-brand?post=8980"},{"taxonomy":"product_cat","embeddable":true,"href":"https:\/\/axtarstore.com\/ru\/wp-json\/wp\/v2\/product_cat?post=8980"},{"taxonomy":"product_tag","embeddable":true,"href":"https:\/\/axtarstore.com\/ru\/wp-json\/wp\/v2\/product_tag?post=8980"}],"curies":[{"name":"wp","href":"https:\/\/api.w.org\/{rel}","templated":true}]}}