{"id":8967,"date":"2025-01-18T00:46:33","date_gmt":"2025-01-17T20:46:33","guid":{"rendered":"https:\/\/axtarstore.com\/?post_type=product&#038;p=8967"},"modified":"2026-03-07T22:04:23","modified_gmt":"2026-03-07T18:04:23","slug":"neutrogena-norvec-formulu-hizli-emilen-el-kremi-75-ml","status":"publish","type":"product","link":"https:\/\/axtarstore.com\/ru\/product\/neutrogena-norvec-formulu-hizli-emilen-el-kremi-75-ml\/","title":{"rendered":"Neutrogena Norve\u00e7 Form\u00fcl\u00fc H\u0131zl\u0131 Emilen El Kremi 75 ml"},"content":{"rendered":"<h1 data-section-id=\"vk7kpd\" data-start=\"436\" data-end=\"492\">Neutrogena Norve\u00e7 Formullu H\u0131zl\u0131 Emil\u0259n \u018fl Kremi 75 ml<\/h1>\n<hr data-start=\"792\" data-end=\"795\" \/>\n<h1 data-section-id=\"o5gupv\" data-start=\"797\" data-end=\"814\">M\u0259hsul haqq\u0131nda<\/h1>\n<p data-start=\"816\" data-end=\"1064\">G\u00fcnd\u0259lik h\u0259yat, tez-tez \u0259l yuma, soyuq hava v\u0259 kimy\u0259vi t\u0259sirl\u0259r \u0259ll\u0259rin qurumas\u0131na v\u0259 \u00e7atlamas\u0131na s\u0259b\u0259b olur. X\u00fcsusil\u0259 q\u0131\u015f m\u00f6vs\u00fcm\u00fcnd\u0259 v\u0259 ya tez-tez dezinfeksiyaedici vasit\u0259l\u0259rd\u0259n istifad\u0259 ed\u0259n insanlarda d\u0259ri daha tez quruyur v\u0259 narahatl\u0131q yarad\u0131r.<\/p>\n<p data-start=\"1066\" data-end=\"1399\">Neutrogena Norve\u00e7 Formullu H\u0131zl\u0131 Emil\u0259n \u018fl Kremi m\u0259hz bu probleml\u0259ri aradan qald\u0131rmaq \u00fc\u00e7\u00fcn haz\u0131rlanm\u0131\u015f dermatoloji bax\u0131mdan s\u0131naqdan ke\u00e7irilmi\u015f d\u0259riy\u0259 qulluq m\u0259hsuludur. Norve\u00e7 formuluna \u0259saslanan x\u00fcsusi konsentrat t\u0259rkib d\u0259rinin d\u0259rin qatlar\u0131na n\u00fcfuz ed\u0259r\u0259k intensiv n\u0259ml\u0259ndirm\u0259 t\u0259min edir v\u0259 d\u0259rinin qoruyucu baryerini g\u00fccl\u0259ndirir.<\/p>\n<hr data-start=\"1401\" data-end=\"1404\" \/>\n<h1 data-section-id=\"1303e6l\" data-start=\"1406\" data-end=\"1415\">Problem<\/h1>\n<p data-start=\"1417\" data-end=\"1517\">Quru v\u0259 z\u0259d\u0259l\u0259nmi\u015f \u0259l d\u0259risi g\u00fcnd\u0259lik rahatl\u0131\u011fa v\u0259 d\u0259rinin sa\u011flam g\u00f6r\u00fcn\u00fc\u015f\u00fcn\u0259 m\u0259nfi t\u0259sir g\u00f6st\u0259rir.<\/p>\n<p data-start=\"1519\" data-end=\"1550\">\u018fn \u00e7ox rast g\u0259lin\u0259n probleml\u0259r:<\/p>\n<ul data-start=\"1552\" data-end=\"1700\">\n<li data-section-id=\"tca1bc\" data-start=\"1552\" data-end=\"1588\">\n<p data-start=\"1554\" data-end=\"1588\">D\u0259rinin h\u0259ddind\u0259n art\u0131q qurumas\u0131<\/p>\n<\/li>\n<li data-section-id=\"171mve1\" data-start=\"1589\" data-end=\"1614\">\n<p data-start=\"1591\" data-end=\"1614\">\u00c7atlama v\u0259 qab\u0131qlanma<\/p>\n<\/li>\n<li data-section-id=\"32pf6t\" data-start=\"1615\" data-end=\"1643\">\n<p data-start=\"1617\" data-end=\"1643\">Kobud v\u0259 s\u0259rt d\u0259ri s\u0259thi<\/p>\n<\/li>\n<li data-section-id=\"1on8wm5\" data-start=\"1644\" data-end=\"1700\">\n<p data-start=\"1646\" data-end=\"1700\">Soyuq hava v\u0259 tez-tez yuma n\u0259tic\u0259sind\u0259 n\u0259mlik itkisi<\/p>\n<\/li>\n<\/ul>\n<p data-start=\"1702\" data-end=\"1795\">Bu probleml\u0259r yaln\u0131z estetik deyil, eyni zamanda d\u0259rid\u0259 narahatl\u0131q v\u0259 h\u0259ssasl\u0131q yarada bil\u0259r.<\/p>\n<hr data-start=\"1797\" data-end=\"1800\" \/>\n<h1 data-section-id=\"1htxxpz\" data-start=\"1802\" data-end=\"1808\">H\u0259ll<\/h1>\n<p data-start=\"1810\" data-end=\"1953\">Neutrogena Norve\u00e7 Formullu \u018fl Kremi y\u00fcks\u0259k konsentrasiyal\u0131 n\u0259ml\u0259ndirici komponentl\u0259r say\u0259sind\u0259 d\u0259rini intensiv \u015f\u0259kild\u0259 qidaland\u0131r\u0131r v\u0259 qoruyur.<\/p>\n<p data-start=\"1955\" data-end=\"1984\">M\u0259hsulun \u0259sas x\u00fcsusiyy\u0259tl\u0259ri:<\/p>\n<ul data-start=\"1986\" data-end=\"2209\">\n<li data-section-id=\"1htbyk0\" data-start=\"1986\" data-end=\"2037\">\n<p data-start=\"1988\" data-end=\"2037\">Norve\u00e7 formuluna \u0259saslanan intensiv n\u0259ml\u0259ndirm\u0259<\/p>\n<\/li>\n<li data-section-id=\"a9l4vz\" data-start=\"2038\" data-end=\"2081\">\n<p data-start=\"2040\" data-end=\"2081\">\u00c7ox quru d\u0259rini b\u0259rpa etm\u0259y\u0259 k\u00f6m\u0259k edir<\/p>\n<\/li>\n<li data-section-id=\"1pd6642\" data-start=\"2082\" data-end=\"2117\">\n<p data-start=\"2084\" data-end=\"2117\">S\u00fcr\u0259tl\u0259 sorulan y\u00fcng\u00fcl tekstura<\/p>\n<\/li>\n<li data-section-id=\"1p5sa1i\" data-start=\"2118\" data-end=\"2153\">\n<p data-start=\"2120\" data-end=\"2153\">Ya\u011fl\u0131 v\u0259 yap\u0131\u015fqan hiss buraxm\u0131r<\/p>\n<\/li>\n<li data-section-id=\"1nnys91\" data-start=\"2154\" data-end=\"2209\">\n<p data-start=\"2156\" data-end=\"2209\">D\u0259rinin qoruyucu baryerini g\u00fccl\u0259ndirm\u0259y\u0259 k\u00f6m\u0259k edir<\/p>\n<\/li>\n<\/ul>\n<p data-start=\"2211\" data-end=\"2362\">Kremin konsentrat strukturu say\u0259sind\u0259 \u00e7ox az miqdarda istifad\u0259 bel\u0259 effektiv n\u0259tic\u0259 verir. Bu is\u0259 m\u0259hsulun daha uzun m\u00fcdd\u0259t istifad\u0259sin\u0259 imkan yarad\u0131r.<\/p>\n<hr data-start=\"2364\" data-end=\"2367\" \/>\n<h1 data-section-id=\"fv2e0m\" data-start=\"2369\" data-end=\"2377\">N\u0259tic\u0259<\/h1>\n<p data-start=\"2379\" data-end=\"2404\">M\u00fcnt\u0259z\u0259m istifad\u0259 zaman\u0131:<\/p>\n<ul data-start=\"2406\" data-end=\"2561\">\n<li data-section-id=\"1seg5qg\" data-start=\"2406\" data-end=\"2443\">\n<p data-start=\"2408\" data-end=\"2443\">\u018fll\u0259r daha yum\u015faq v\u0259 elastik olur<\/p>\n<\/li>\n<li data-section-id=\"1474yyb\" data-start=\"2444\" data-end=\"2481\">\n<p data-start=\"2446\" data-end=\"2481\">Quruluq v\u0259 g\u0259rginlik hissi azal\u0131r<\/p>\n<\/li>\n<li data-section-id=\"1deanlx\" data-start=\"2482\" data-end=\"2521\">\n<p data-start=\"2484\" data-end=\"2521\">D\u0259ri daha sa\u011flam v\u0259 bax\u0131ml\u0131 g\u00f6r\u00fcn\u00fcr<\/p>\n<\/li>\n<li data-section-id=\"2hj4zq\" data-start=\"2522\" data-end=\"2561\">\n<p data-start=\"2524\" data-end=\"2561\">Xarici t\u0259sirl\u0259r\u0259 qar\u015f\u0131 qoruma art\u0131r<\/p>\n<\/li>\n<\/ul>\n<p data-start=\"2563\" data-end=\"2707\">Neutrogena \u0259l kremi g\u00fcnd\u0259lik qulluq rutininin vacib hiss\u0259sin\u0259 \u00e7evril\u0259 bil\u0259r v\u0259 x\u00fcsusil\u0259 quru d\u0259ri problemi olan insanlar \u00fc\u00e7\u00fcn effektiv se\u00e7imdir.<\/p>\n<hr data-start=\"2709\" data-end=\"2712\" \/>\n<h1 data-section-id=\"i6u0mb\" data-start=\"2714\" data-end=\"2742\">Niy\u0259 bu m\u0259hsulu almal\u0131yam?<\/h1>\n<p data-start=\"2744\" data-end=\"2910\">Neutrogena Norve\u00e7 Formullu \u018fl Kremi d\u00fcnya \u00fczr\u0259 dermatoloqlar t\u0259r\u0259find\u0259n t\u00f6vsiy\u0259 olunan v\u0259 uzun ill\u0259rdir istifad\u0259 edil\u0259n etibarl\u0131 d\u0259riy\u0259 qulluq m\u0259hsullar\u0131ndan biridir.<\/p>\n<p data-start=\"2912\" data-end=\"2949\">Bu m\u0259hsulu se\u00e7m\u0259k \u00fc\u00e7\u00fcn \u0259sas s\u0259b\u0259bl\u0259r:<\/p>\n<ul data-start=\"2951\" data-end=\"3163\">\n<li data-section-id=\"14h4p9n\" data-start=\"2951\" data-end=\"2994\">\n<p data-start=\"2953\" data-end=\"2994\">Dermatoloji olaraq test edilmi\u015f formula<\/p>\n<\/li>\n<li data-section-id=\"16y2l4p\" data-start=\"2995\" data-end=\"3051\">\n<p data-start=\"2997\" data-end=\"3051\">\u00c7ox quru v\u0259 \u00e7atlam\u0131\u015f \u0259ll\u0259r \u00fc\u00e7\u00fcn effektiv n\u0259ml\u0259ndirm\u0259<\/p>\n<\/li>\n<li data-section-id=\"21y3q2\" data-start=\"3052\" data-end=\"3089\">\n<p data-start=\"3054\" data-end=\"3089\">S\u00fcr\u0259tli sorulma v\u0259 rahat istifad\u0259<\/p>\n<\/li>\n<li data-section-id=\"dh1k6b\" data-start=\"3090\" data-end=\"3121\">\n<p data-start=\"3092\" data-end=\"3121\">Uzunm\u00fcdd\u0259tli qoruyucu t\u0259sir<\/p>\n<\/li>\n<li data-section-id=\"nycb9l\" data-start=\"3122\" data-end=\"3163\">\n<p data-start=\"3124\" data-end=\"3163\">G\u00fcnd\u0259lik istifad\u0259 \u00fc\u00e7\u00fcn uy\u011fun tekstura<\/p>\n<\/li>\n<\/ul>\n<p data-start=\"3165\" data-end=\"3275\">H\u0259m evd\u0259, h\u0259m d\u0259 i\u015f m\u00fchitind\u0259 istifad\u0259 \u00fc\u00e7\u00fcn ideal olan bu krem \u0259ll\u0259rin sa\u011flam v\u0259 bax\u0131ml\u0131 qalmas\u0131na k\u00f6m\u0259k edir.<\/p>\n<hr data-start=\"3277\" data-end=\"3280\" \/>\n<h1 data-section-id=\"8rcmto\" data-start=\"3282\" data-end=\"3300\">\u0130stifad\u0259 qaydas\u0131<\/h1>\n<ol data-start=\"3302\" data-end=\"3548\">\n<li data-section-id=\"ebok1r\" data-start=\"3302\" data-end=\"3351\">\n<p data-start=\"3305\" data-end=\"3351\">T\u0259miz v\u0259 quru \u0259ll\u0259r\u0259 az miqdarda krem \u00e7\u0259kin.<\/p>\n<\/li>\n<li data-section-id=\"abrxks\" data-start=\"3352\" data-end=\"3438\">\n<p data-start=\"3355\" data-end=\"3438\">Barmaqlar v\u0259 d\u0131rnaq \u0259traf\u0131 daxil olmaqla b\u00fct\u00fcn \u0259l d\u0259risin\u0259 b\u0259rab\u0259r \u015f\u0259kild\u0259 yay\u0131n.<\/p>\n<\/li>\n<li data-section-id=\"1asrhqx\" data-start=\"3439\" data-end=\"3486\">\n<p data-start=\"3442\" data-end=\"3486\">G\u00fcn \u0259rzind\u0259 ehtiyac olduqca istifad\u0259 edin.<\/p>\n<\/li>\n<li data-section-id=\"12um8rb\" data-start=\"3487\" data-end=\"3548\">\n<p data-start=\"3490\" data-end=\"3548\">X\u00fcsusil\u0259 \u0259l yuduqdan sonra t\u0259tbiq edilm\u0259si t\u00f6vsiy\u0259 olunur.<\/p>\n<\/li>\n<\/ol>\n<hr data-start=\"3550\" data-end=\"3553\" \/>\n<h1 data-section-id=\"1htqakv\" data-start=\"3555\" data-end=\"3561\">Qeyd<\/h1>\n<ul data-start=\"3563\" data-end=\"3731\">\n<li data-section-id=\"11ilav5\" data-start=\"3563\" data-end=\"3598\">\n<p data-start=\"3565\" data-end=\"3598\">Yaln\u0131z xarici istifad\u0259 \u00fc\u00e7\u00fcnd\u00fcr.<\/p>\n<\/li>\n<li data-section-id=\"sj0gom\" data-start=\"3599\" data-end=\"3626\">\n<p data-start=\"3601\" data-end=\"3626\">G\u00f6zl\u0259 t\u0259masdan qa\u00e7\u0131n\u0131n.<\/p>\n<\/li>\n<li data-section-id=\"145tnbb\" data-start=\"3627\" data-end=\"3690\">\n<p data-start=\"3629\" data-end=\"3690\">H\u0259ssasl\u0131q v\u0259 ya q\u0131c\u0131qlanma yaranarsa istifad\u0259ni dayand\u0131r\u0131n.<\/p>\n<\/li>\n<li data-section-id=\"qae1kq\" data-start=\"3691\" data-end=\"3731\">\n<p data-start=\"3693\" data-end=\"3731\">U\u015faqlar\u0131n \u0259li \u00e7atmayan yerd\u0259 saxlay\u0131n.<\/p>\n<\/li>\n<\/ul>","protected":false},"excerpt":{"rendered":"<p>Neutrogena Norve\u00e7 Formullu H\u0131zl\u0131 Emil\u0259n \u018fl Kremi \u00e7ox quru, kobud v\u0259 \u00e7atlama\u011fa meyilli \u0259ll\u0259r \u00fc\u00e7\u00fcn haz\u0131rlanm\u0131\u015f effektiv n\u0259ml\u0259ndirici kremdir. Konsentrat formula d\u0259rini d\u0259rind\u0259n qidaland\u0131r\u0131r, s\u00fcr\u0259tl\u0259 sorulur v\u0259 ya\u011fl\u0131 hiss yaratmadan uzunm\u00fcdd\u0259tli qoruma t\u0259min edir.<\/p>","protected":false},"featured_media":8968,"comment_status":"open","ping_status":"closed","template":"","meta":[],"pwb-brand":[397],"product_cat":[129,154],"product_tag":[331],"class_list":{"0":"post-8967","1":"product","2":"type-product","3":"status-publish","4":"has-post-thumbnail","6":"pwb-brand-neutrogena","7":"product_cat-beden-baximi","8":"product_cat-hand-creams","9":"product_tag-moisturizer","10":"pa_size-75ml","13":"instock","14":"shipping-taxable","15":"purchasable","16":"product-type-simple"},"brands":[{"id":397,"name":"Neutrogena","slug":"neutrogena"}],"_links":{"self":[{"href":"https:\/\/axtarstore.com\/ru\/wp-json\/wp\/v2\/product\/8967"}],"collection":[{"href":"https:\/\/axtarstore.com\/ru\/wp-json\/wp\/v2\/product"}],"about":[{"href":"https:\/\/axtarstore.com\/ru\/wp-json\/wp\/v2\/types\/product"}],"replies":[{"embeddable":true,"href":"https:\/\/axtarstore.com\/ru\/wp-json\/wp\/v2\/comments?post=8967"}],"version-history":[{"count":4,"href":"https:\/\/axtarstore.com\/ru\/wp-json\/wp\/v2\/product\/8967\/revisions"}],"predecessor-version":[{"id":11393,"href":"https:\/\/axtarstore.com\/ru\/wp-json\/wp\/v2\/product\/8967\/revisions\/11393"}],"wp:featuredmedia":[{"embeddable":true,"href":"https:\/\/axtarstore.com\/ru\/wp-json\/wp\/v2\/media\/8968"}],"wp:attachment":[{"href":"https:\/\/axtarstore.com\/ru\/wp-json\/wp\/v2\/media?parent=8967"}],"wp:term":[{"taxonomy":"pwb-brand","embeddable":true,"href":"https:\/\/axtarstore.com\/ru\/wp-json\/wp\/v2\/pwb-brand?post=8967"},{"taxonomy":"product_cat","embeddable":true,"href":"https:\/\/axtarstore.com\/ru\/wp-json\/wp\/v2\/product_cat?post=8967"},{"taxonomy":"product_tag","embeddable":true,"href":"https:\/\/axtarstore.com\/ru\/wp-json\/wp\/v2\/product_tag?post=8967"}],"curies":[{"name":"wp","href":"https:\/\/api.w.org\/{rel}","templated":true}]}}