{"id":8964,"date":"2025-01-18T00:37:16","date_gmt":"2025-01-17T20:37:16","guid":{"rendered":"https:\/\/axtarstore.com\/?post_type=product&#038;p=8964"},"modified":"2026-03-07T22:06:47","modified_gmt":"2026-03-07T18:06:47","slug":"neutrogena-hizli-emilen-baxim-kremi-300-ml","status":"publish","type":"product","link":"https:\/\/axtarstore.com\/ru\/product\/neutrogena-hizli-emilen-baxim-kremi-300-ml\/","title":{"rendered":"neutrogena h\u0131zl\u0131 emilen bak\u0131m kremi (300 ml)"},"content":{"rendered":"<p><strong>Neutrogena H\u0131zl\u0131 Emil\u0259n Bax\u0131m Kremi 300 ml<\/strong><\/p>\n<h1 data-section-id=\"o5gupv\" data-start=\"848\" data-end=\"865\">M\u0259hsul haqq\u0131nda<\/h1>\n<p data-start=\"867\" data-end=\"1129\">D\u0259rinin sa\u011flam v\u0259 bax\u0131ml\u0131 g\u00f6r\u00fcnm\u0259si \u00fc\u00e7\u00fcn m\u00fcnt\u0259z\u0259m n\u0259ml\u0259ndirm\u0259 vacibdir. Hava d\u0259yi\u015fiklikl\u0259ri, quru m\u00fchit, tez-tez du\u015f q\u0259bul etm\u0259k v\u0259 xarici t\u0259sirl\u0259r d\u0259rinin t\u0259bii n\u0259mlik balans\u0131n\u0131 poza bil\u0259r. Bu zaman d\u0259ri quruyur, elastikliyini itirir v\u0259 narahatl\u0131q yarada bil\u0259r.<\/p>\n<p data-start=\"1131\" data-end=\"1394\">Neutrogena H\u0131zl\u0131 Emil\u0259n Bax\u0131m Kremi 300 ml bu kimi probleml\u0259rin qar\u015f\u0131s\u0131n\u0131 almaq \u00fc\u00e7\u00fcn haz\u0131rlanm\u0131\u015f g\u00fcnd\u0259lik d\u0259riy\u0259 qulluq m\u0259hsuludur. Norve\u00e7 formuluna \u0259saslanan x\u00fcsusi t\u0259rkib d\u0259rinin ehtiyac duydu\u011fu n\u0259mi t\u0259min edir v\u0259 onu xarici t\u0259sirl\u0259r\u0259 qar\u015f\u0131 qoruma\u011fa k\u00f6m\u0259k edir.<\/p>\n<p data-start=\"1396\" data-end=\"1571\">Y\u00fcng\u00fcl v\u0259 tez sorulan tekstura d\u0259rinin s\u0259thind\u0259 ya\u011fl\u0131 v\u0259 yap\u0131\u015fqan hiss yaratmadan d\u0259rhal komfort hissi yarad\u0131r. Bu x\u00fcsusiyy\u0259t kremi g\u00fcnd\u0259lik istifad\u0259 \u00fc\u00e7\u00fcn x\u00fcsusil\u0259 uy\u011fun edir.<\/p>\n<hr data-start=\"1573\" data-end=\"1576\" \/>\n<h1 data-section-id=\"1303e6l\" data-start=\"1578\" data-end=\"1587\">Problem<\/h1>\n<p data-start=\"1589\" data-end=\"1699\">Bir \u00e7ox insan g\u00fcnd\u0259lik h\u0259yatda d\u0259rinin qurumas\u0131 il\u0259 qar\u015f\u0131la\u015f\u0131r. Bu v\u0259ziyy\u0259t m\u00fcxt\u0259lif s\u0259b\u0259bl\u0259rd\u0259n yarana bil\u0259r:<\/p>\n<ul data-start=\"1701\" data-end=\"1875\">\n<li data-section-id=\"1a4kty2\" data-start=\"1701\" data-end=\"1731\">\n<p data-start=\"1703\" data-end=\"1731\">Quru v\u0259 soyuq hava \u015f\u0259raiti<\/p>\n<\/li>\n<li data-section-id=\"j0t19n\" data-start=\"1732\" data-end=\"1800\">\n<p data-start=\"1734\" data-end=\"1800\">Uzun m\u00fcdd\u0259t kondisioner v\u0259 ya q\u0131zd\u0131r\u0131c\u0131 istifad\u0259 olunan m\u00fchitl\u0259r<\/p>\n<\/li>\n<li data-section-id=\"1ghxkm\" data-start=\"1801\" data-end=\"1828\">\n<p data-start=\"1803\" data-end=\"1828\">Tez-tez du\u015f q\u0259bul etm\u0259k<\/p>\n<\/li>\n<li data-section-id=\"1w0iw7o\" data-start=\"1829\" data-end=\"1875\">\n<p data-start=\"1831\" data-end=\"1875\">D\u0259rinin t\u0259bii n\u0259mlik baryerinin z\u0259ifl\u0259m\u0259si<\/p>\n<\/li>\n<\/ul>\n<p data-start=\"1877\" data-end=\"1907\">Bu faktorlar n\u0259tic\u0259sind\u0259 d\u0259ri:<\/p>\n<ul data-start=\"1909\" data-end=\"1996\">\n<li data-section-id=\"84iab2\" data-start=\"1909\" data-end=\"1946\">\n<p data-start=\"1911\" data-end=\"1946\">Quruyur v\u0259 dart\u0131nma hissi yarad\u0131r<\/p>\n<\/li>\n<li data-section-id=\"f2vmlm\" data-start=\"1947\" data-end=\"1971\">\n<p data-start=\"1949\" data-end=\"1971\">Elastikliyini itirir<\/p>\n<\/li>\n<li data-section-id=\"17fykaf\" data-start=\"1972\" data-end=\"1996\">\n<p data-start=\"1974\" data-end=\"1996\">Kobud v\u0259 mat g\u00f6r\u00fcn\u00fcr<\/p>\n<\/li>\n<\/ul>\n<p data-start=\"1998\" data-end=\"2083\">Uzun m\u00fcdd\u0259t n\u0259ml\u0259ndirilm\u0259y\u0259n d\u0259ri is\u0259 daha tez h\u0259ssasla\u015fa v\u0259 narahatl\u0131q yarada bil\u0259r.<\/p>\n<hr data-start=\"2085\" data-end=\"2088\" \/>\n<h1 data-section-id=\"1htxxpz\" data-start=\"2090\" data-end=\"2096\">H\u0259ll<\/h1>\n<p data-start=\"2098\" data-end=\"2229\">Neutrogena H\u0131zl\u0131 Emil\u0259n Bax\u0131m Kremi d\u0259rinin intensiv n\u0259ml\u0259ndirilm\u0259sin\u0259 v\u0259 qorunmas\u0131na k\u00f6m\u0259k ed\u0259n x\u00fcsusi formula il\u0259 haz\u0131rlanm\u0131\u015fd\u0131r.<\/p>\n<p data-start=\"2231\" data-end=\"2260\">M\u0259hsulun \u0259sas x\u00fcsusiyy\u0259tl\u0259ri:<\/p>\n<ul data-start=\"2262\" data-end=\"2487\">\n<li data-section-id=\"1htbyk0\" data-start=\"2262\" data-end=\"2313\">\n<p data-start=\"2264\" data-end=\"2313\">Norve\u00e7 formuluna \u0259saslanan intensiv n\u0259ml\u0259ndirm\u0259<\/p>\n<\/li>\n<li data-section-id=\"1q53mtj\" data-start=\"2314\" data-end=\"2383\">\n<p data-start=\"2316\" data-end=\"2383\">D\u0259rinin d\u0259rin qatlar\u0131nda n\u0259mlik balans\u0131n\u0131n qorunmas\u0131na k\u00f6m\u0259k edir<\/p>\n<\/li>\n<li data-section-id=\"sv87jw\" data-start=\"2384\" data-end=\"2415\">\n<p data-start=\"2386\" data-end=\"2415\">Tez sorulan y\u00fcng\u00fcl tekstura<\/p>\n<\/li>\n<li data-section-id=\"6t3low\" data-start=\"2416\" data-end=\"2447\">\n<p data-start=\"2418\" data-end=\"2447\">Ya\u011fl\u0131 v\u0259 a\u011f\u0131r hiss yaratm\u0131r<\/p>\n<\/li>\n<li data-section-id=\"m0ttgt\" data-start=\"2448\" data-end=\"2487\">\n<p data-start=\"2450\" data-end=\"2487\">G\u00fcnd\u0259lik istifad\u0259 \u00fc\u00e7\u00fcn uy\u011fun t\u0259rkib<\/p>\n<\/li>\n<\/ul>\n<p data-start=\"2489\" data-end=\"2577\">Kremin m\u00fcnt\u0259z\u0259m istifad\u0259si d\u0259rinin daha yum\u015faq, hamar v\u0259 bax\u0131ml\u0131 g\u00f6r\u00fcnm\u0259sin\u0259 k\u00f6m\u0259k edir.<\/p>\n<hr data-start=\"2579\" data-end=\"2582\" \/>\n<h1 data-section-id=\"fv2e0m\" data-start=\"2584\" data-end=\"2592\">N\u0259tic\u0259<\/h1>\n<p data-start=\"2594\" data-end=\"2665\">Neutrogena H\u0131zl\u0131 Emil\u0259n Bax\u0131m Kremi 300 ml m\u00fcnt\u0259z\u0259m istifad\u0259 olunduqda:<\/p>\n<ul data-start=\"2667\" data-end=\"2859\">\n<li data-section-id=\"1c2o8yl\" data-start=\"2667\" data-end=\"2715\">\n<p data-start=\"2669\" data-end=\"2715\">D\u0259rinin n\u0259mlik balans\u0131n\u0131 qoruma\u011fa k\u00f6m\u0259k edir<\/p>\n<\/li>\n<li data-section-id=\"1asizmq\" data-start=\"2716\" data-end=\"2755\">\n<p data-start=\"2718\" data-end=\"2755\">Quruluq v\u0259 dart\u0131nma hissini azald\u0131r<\/p>\n<\/li>\n<li data-section-id=\"sl6w1r\" data-start=\"2756\" data-end=\"2801\">\n<p data-start=\"2758\" data-end=\"2801\">D\u0259rinin s\u0259thini daha hamar v\u0259 yum\u015faq edir<\/p>\n<\/li>\n<li data-section-id=\"1thyv2u\" data-start=\"2802\" data-end=\"2859\">\n<p data-start=\"2804\" data-end=\"2859\">D\u0259rinin daha sa\u011flam v\u0259 bax\u0131ml\u0131 g\u00f6r\u00fcnm\u0259sini t\u0259min edir<\/p>\n<\/li>\n<\/ul>\n<p data-start=\"2861\" data-end=\"2991\">Y\u00fcng\u00fcl tekstura v\u0259 s\u00fcr\u0259tli sorulma x\u00fcsusiyy\u0259ti say\u0259sind\u0259 krem g\u00fcnd\u0259lik b\u0259d\u0259n bax\u0131m\u0131 \u00fc\u00e7\u00fcn praktik v\u0259 rahat istifad\u0259 imkan\u0131 yarad\u0131r.<\/p>\n<hr data-start=\"2993\" data-end=\"2996\" \/>\n<h1 data-section-id=\"i6u0mb\" data-start=\"2998\" data-end=\"3026\">Niy\u0259 bu m\u0259hsulu almal\u0131yam?<\/h1>\n<p data-start=\"3028\" data-end=\"3209\">Neutrogena d\u00fcnya \u00fczr\u0259 dermatoloji bax\u0131mdan etibarl\u0131 d\u0259riy\u0259 qulluq brendl\u0259rind\u0259n biri kimi tan\u0131n\u0131r. Bu m\u0259hsul da markan\u0131n keyfiyy\u0259t v\u0259 effektivlik prinsipl\u0259rin\u0259 uy\u011fun haz\u0131rlanm\u0131\u015fd\u0131r.<\/p>\n<p data-start=\"3211\" data-end=\"3246\">Bu kremi se\u00e7m\u0259k \u00fc\u00e7\u00fcn \u0259sas s\u0259b\u0259bl\u0259r:<\/p>\n<ul data-start=\"3248\" data-end=\"3492\">\n<li data-section-id=\"1skopwg\" data-start=\"3248\" data-end=\"3285\">\n<p data-start=\"3250\" data-end=\"3285\">G\u00fccl\u00fc n\u0259ml\u0259ndirici Norve\u00e7 formulu<\/p>\n<\/li>\n<li data-section-id=\"1b914p1\" data-start=\"3286\" data-end=\"3339\">\n<p data-start=\"3288\" data-end=\"3339\">S\u00fcr\u0259tl\u0259 sorulan v\u0259 rahat istifad\u0259 olunan tekstura<\/p>\n<\/li>\n<li data-section-id=\"tohy0l\" data-start=\"3340\" data-end=\"3395\">\n<p data-start=\"3342\" data-end=\"3395\">B\u00f6y\u00fck h\u0259cm (300 ml) say\u0259sind\u0259 uzunm\u00fcdd\u0259tli istifad\u0259<\/p>\n<\/li>\n<li data-section-id=\"1sy48mf\" data-start=\"3396\" data-end=\"3441\">\n<p data-start=\"3398\" data-end=\"3441\">G\u00fcnd\u0259lik d\u0259riy\u0259 qulluq \u00fc\u00e7\u00fcn uy\u011fun formula<\/p>\n<\/li>\n<li data-section-id=\"ht12q6\" data-start=\"3442\" data-end=\"3492\">\n<p data-start=\"3444\" data-end=\"3492\">D\u0259rinin yum\u015faq v\u0259 elastik qalmas\u0131na k\u00f6m\u0259k edir<\/p>\n<\/li>\n<\/ul>\n<p data-start=\"3494\" data-end=\"3618\">G\u00fcnd\u0259lik istifad\u0259 \u00fc\u00e7\u00fcn uy\u011fun olan bu krem d\u0259rinin qurumas\u0131n\u0131n qar\u015f\u0131s\u0131n\u0131 alma\u011fa v\u0259 onu sa\u011flam g\u00f6r\u00fcn\u00fc\u015fd\u0259 saxlama\u011fa k\u00f6m\u0259k edir.<\/p>\n<hr data-start=\"3620\" data-end=\"3623\" \/>\n<h1 data-section-id=\"8rcmto\" data-start=\"3625\" data-end=\"3643\">\u0130stifad\u0259 qaydas\u0131<\/h1>\n<ol data-start=\"3645\" data-end=\"3884\">\n<li data-section-id=\"1u8v4ko\" data-start=\"3645\" data-end=\"3711\">\n<p data-start=\"3648\" data-end=\"3711\">T\u0259miz v\u0259 quru d\u0259riy\u0259 kifay\u0259t q\u0259d\u0259r miqdarda krem t\u0259tbiq edin.<\/p>\n<\/li>\n<li data-section-id=\"n6m7n5\" data-start=\"3712\" data-end=\"3763\">\n<p data-start=\"3715\" data-end=\"3763\">D\u0259riy\u0259 y\u00fcng\u00fcl h\u0259r\u0259k\u0259tl\u0259rl\u0259 masaj ed\u0259r\u0259k yay\u0131n.<\/p>\n<\/li>\n<li data-section-id=\"88uzcp\" data-start=\"3764\" data-end=\"3824\">\n<p data-start=\"3767\" data-end=\"3824\">X\u00fcsusil\u0259 du\u015fdan sonra istifad\u0259 edilm\u0259si t\u00f6vsiy\u0259 olunur.<\/p>\n<\/li>\n<li data-section-id=\"5rn1nt\" data-start=\"3825\" data-end=\"3884\">\n<p data-start=\"3828\" data-end=\"3884\">G\u00fcn \u0259rzind\u0259 ehtiyac olduqda t\u0259krar istifad\u0259 edil\u0259 bil\u0259r.<\/p>\n<\/li>\n<\/ol>\n<hr data-start=\"3886\" data-end=\"3889\" \/>\n<h1 data-section-id=\"1htqakv\" data-start=\"3891\" data-end=\"3897\">Qeyd<\/h1>\n<ul data-start=\"3899\" data-end=\"4064\">\n<li data-section-id=\"11ilav5\" data-start=\"3899\" data-end=\"3934\">\n<p data-start=\"3901\" data-end=\"3934\">Yaln\u0131z xarici istifad\u0259 \u00fc\u00e7\u00fcnd\u00fcr.<\/p>\n<\/li>\n<li data-section-id=\"sj0gom\" data-start=\"3935\" data-end=\"3962\">\n<p data-start=\"3937\" data-end=\"3962\">G\u00f6zl\u0259 t\u0259masdan qa\u00e7\u0131n\u0131n.<\/p>\n<\/li>\n<li data-section-id=\"1rtn5zz\" data-start=\"3963\" data-end=\"4023\">\n<p data-start=\"3965\" data-end=\"4023\">H\u0259ssasl\u0131q v\u0259 q\u0131c\u0131qlanma yaranarsa istifad\u0259ni dayand\u0131r\u0131n.<\/p>\n<\/li>\n<li data-section-id=\"qae1kq\" data-start=\"4024\" data-end=\"4064\">\n<p data-start=\"4026\" data-end=\"4064\">U\u015faqlar\u0131n \u0259li \u00e7atmayan yerd\u0259 saxlay\u0131n.<\/p>\n<\/li>\n<\/ul>","protected":false},"excerpt":{"rendered":"<p>Neutrogena H\u0131zl\u0131 Emil\u0259n Bax\u0131m Kremi 300 ml Norve\u00e7 formuluna \u0259saslanan intensiv n\u0259ml\u0259ndirici b\u0259d\u0259n kremidir. D\u0259rinin d\u0259rin qatlar\u0131na t\u0259sir ed\u0259r\u0259k qurulu\u011fun qar\u015f\u0131s\u0131n\u0131 al\u0131r, d\u0259rini yum\u015faq v\u0259 elastik saxlay\u0131r. Y\u00fcng\u00fcl teksturas\u0131 say\u0259sind\u0259 tez sorulur v\u0259 ya\u011fl\u0131 hiss yaratmadan uzunm\u00fcdd\u0259tli n\u0259ml\u0259ndirm\u0259 t\u0259min edir.<\/p>","protected":false},"featured_media":8965,"comment_status":"open","ping_status":"closed","template":"","meta":[],"pwb-brand":[397],"product_cat":[129,399],"product_tag":[300,333,293,331],"class_list":{"0":"post-8964","1":"product","2":"type-product","3":"status-publish","4":"has-post-thumbnail","6":"pwb-brand-neutrogena","7":"product_cat-beden-baximi","8":"product_cat-bdn-nmlndiricisi","9":"product_tag-bodycare","10":"product_tag-face-moisturiser","11":"product_tag-facecare","12":"product_tag-moisturizer","13":"pa_size-300ml","16":"instock","17":"shipping-taxable","18":"purchasable","19":"product-type-simple"},"brands":[{"id":397,"name":"Neutrogena","slug":"neutrogena"}],"_links":{"self":[{"href":"https:\/\/axtarstore.com\/ru\/wp-json\/wp\/v2\/product\/8964"}],"collection":[{"href":"https:\/\/axtarstore.com\/ru\/wp-json\/wp\/v2\/product"}],"about":[{"href":"https:\/\/axtarstore.com\/ru\/wp-json\/wp\/v2\/types\/product"}],"replies":[{"embeddable":true,"href":"https:\/\/axtarstore.com\/ru\/wp-json\/wp\/v2\/comments?post=8964"}],"version-history":[{"count":3,"href":"https:\/\/axtarstore.com\/ru\/wp-json\/wp\/v2\/product\/8964\/revisions"}],"predecessor-version":[{"id":11395,"href":"https:\/\/axtarstore.com\/ru\/wp-json\/wp\/v2\/product\/8964\/revisions\/11395"}],"wp:featuredmedia":[{"embeddable":true,"href":"https:\/\/axtarstore.com\/ru\/wp-json\/wp\/v2\/media\/8965"}],"wp:attachment":[{"href":"https:\/\/axtarstore.com\/ru\/wp-json\/wp\/v2\/media?parent=8964"}],"wp:term":[{"taxonomy":"pwb-brand","embeddable":true,"href":"https:\/\/axtarstore.com\/ru\/wp-json\/wp\/v2\/pwb-brand?post=8964"},{"taxonomy":"product_cat","embeddable":true,"href":"https:\/\/axtarstore.com\/ru\/wp-json\/wp\/v2\/product_cat?post=8964"},{"taxonomy":"product_tag","embeddable":true,"href":"https:\/\/axtarstore.com\/ru\/wp-json\/wp\/v2\/product_tag?post=8964"}],"curies":[{"name":"wp","href":"https:\/\/api.w.org\/{rel}","templated":true}]}}