{"id":8960,"date":"2025-01-18T00:30:13","date_gmt":"2025-01-17T20:30:13","guid":{"rendered":"https:\/\/axtarstore.com\/?post_type=product&#038;p=8960"},"modified":"2026-03-07T22:09:18","modified_gmt":"2026-03-07T18:09:18","slug":"neutrogena-norvec-formullu-ayaq-kremi","status":"publish","type":"product","link":"https:\/\/axtarstore.com\/ru\/product\/neutrogena-norvec-formullu-ayaq-kremi\/","title":{"rendered":"Neutrogena Norve\u00e7 Form\u00fcl\u00fc H\u0131zl\u0131 Emilen Ayak Kremi"},"content":{"rendered":"<p><strong>Neutrogena Norve\u00e7 Formullu H\u0131zl\u0131 Emil\u0259n Ayaq Kremi<\/strong><\/p>\n<h1 data-section-id=\"o5gupv\" data-start=\"776\" data-end=\"793\">M\u0259hsul haqq\u0131nda<\/h1>\n<p data-start=\"795\" data-end=\"1029\">Ayaq d\u0259risi g\u00fcn \u0259rzind\u0259 davaml\u0131 t\u0259zyiq, s\u00fcrt\u00fcnm\u0259 v\u0259 xarici t\u0259sirl\u0259rl\u0259 qar\u015f\u0131la\u015f\u0131r. Uzun m\u00fcdd\u0259t ayaqda qalmaq, uy\u011fun olmayan ayaqqab\u0131lar, quru hava v\u0259 d\u00fczg\u00fcn qulluq edilm\u0259m\u0259si ayaq d\u0259risinin qurumas\u0131na v\u0259 kobudla\u015fmas\u0131na s\u0259b\u0259b ola bil\u0259r.<\/p>\n<p data-start=\"1031\" data-end=\"1300\">Neutrogena Norve\u00e7 Formullu H\u0131zl\u0131 Emil\u0259n Ayaq Kremi ayaq d\u0259risinin ehtiyac duydu\u011fu intensiv n\u0259ml\u0259ndirm\u0259ni t\u0259min etm\u0259k \u00fc\u00e7\u00fcn haz\u0131rlanm\u0131\u015fd\u0131r. Norve\u00e7 formuluna \u0259saslanan x\u00fcsusi t\u0259rkib d\u0259rini d\u0259rind\u0259n n\u0259ml\u0259ndirir v\u0259 ayaq d\u0259risinin daha yum\u015faq v\u0259 elastik qalmas\u0131na k\u00f6m\u0259k edir.<\/p>\n<p data-start=\"1302\" data-end=\"1466\">Y\u00fcng\u00fcl v\u0259 s\u00fcr\u0259tl\u0259 sorulan tekstura say\u0259sind\u0259 krem istifad\u0259 zaman\u0131 ya\u011fl\u0131 v\u0259 a\u011f\u0131r hiss yaratm\u0131r. Bu is\u0259 g\u00fcnd\u0259lik istifad\u0259 \u00fc\u00e7\u00fcn rahat v\u0259 praktik qulluq imkan\u0131 yarad\u0131r.<\/p>\n<hr data-start=\"1468\" data-end=\"1471\" \/>\n<h1 data-section-id=\"1303e6l\" data-start=\"1473\" data-end=\"1482\">Problem<\/h1>\n<p data-start=\"1484\" data-end=\"1569\">Ayaq d\u0259risinin qurumas\u0131 \u00e7ox yay\u0131lm\u0131\u015f problemdir v\u0259 m\u00fcxt\u0259lif s\u0259b\u0259bl\u0259rd\u0259n yarana bil\u0259r:<\/p>\n<ul data-start=\"1571\" data-end=\"1711\">\n<li data-section-id=\"1gcumuk\" data-start=\"1571\" data-end=\"1600\">\n<p data-start=\"1573\" data-end=\"1600\">Uzun m\u00fcdd\u0259t ayaqda qalmaq<\/p>\n<\/li>\n<li data-section-id=\"1a4kty2\" data-start=\"1601\" data-end=\"1631\">\n<p data-start=\"1603\" data-end=\"1631\">Quru v\u0259 soyuq hava \u015f\u0259raiti<\/p>\n<\/li>\n<li data-section-id=\"6c62su\" data-start=\"1632\" data-end=\"1665\">\n<p data-start=\"1634\" data-end=\"1665\">Uy\u011fun olmayan ayaqqab\u0131 se\u00e7imi<\/p>\n<\/li>\n<li data-section-id=\"jrd9c8\" data-start=\"1666\" data-end=\"1711\">\n<p data-start=\"1668\" data-end=\"1711\">Ayaq d\u0259risinin m\u00fcnt\u0259z\u0259m n\u0259ml\u0259ndirilm\u0259m\u0259si<\/p>\n<\/li>\n<\/ul>\n<p data-start=\"1713\" data-end=\"1750\">Bu faktorlar n\u0259tic\u0259sind\u0259 ayaq d\u0259risi:<\/p>\n<ul data-start=\"1752\" data-end=\"1884\">\n<li data-section-id=\"z1cuvw\" data-start=\"1752\" data-end=\"1777\">\n<p data-start=\"1754\" data-end=\"1777\">Quruyur v\u0259 kobudla\u015f\u0131r<\/p>\n<\/li>\n<li data-section-id=\"hhxcb9\" data-start=\"1778\" data-end=\"1801\">\n<p data-start=\"1780\" data-end=\"1801\">\u00c7atlama riski art\u0131r<\/p>\n<\/li>\n<li data-section-id=\"1ijtzxo\" data-start=\"1802\" data-end=\"1843\">\n<p data-start=\"1804\" data-end=\"1843\">Narahatl\u0131q v\u0259 g\u0259rginlik hissi yarad\u0131r<\/p>\n<\/li>\n<li data-section-id=\"1vzd2xa\" data-start=\"1844\" data-end=\"1884\">\n<p data-start=\"1846\" data-end=\"1884\">Estetik bax\u0131mdan bax\u0131ms\u0131z g\u00f6r\u00fcn\u0259 bil\u0259r<\/p>\n<\/li>\n<\/ul>\n<hr data-start=\"1886\" data-end=\"1889\" \/>\n<h1 data-section-id=\"1htxxpz\" data-start=\"1891\" data-end=\"1897\">H\u0259ll<\/h1>\n<p data-start=\"1899\" data-end=\"2034\">Neutrogena Norve\u00e7 Formullu Ayaq Kremi ayaq d\u0259risinin intensiv n\u0259ml\u0259ndirilm\u0259si v\u0259 qorunmas\u0131 \u00fc\u00e7\u00fcn haz\u0131rlanm\u0131\u015f effektiv qulluq m\u0259hsuludur.<\/p>\n<p data-start=\"2036\" data-end=\"2065\">M\u0259hsulun \u0259sas x\u00fcsusiyy\u0259tl\u0259ri:<\/p>\n<ul data-start=\"2067\" data-end=\"2294\">\n<li data-section-id=\"1htbyk0\" data-start=\"2067\" data-end=\"2118\">\n<p data-start=\"2069\" data-end=\"2118\">Norve\u00e7 formuluna \u0259saslanan intensiv n\u0259ml\u0259ndirm\u0259<\/p>\n<\/li>\n<li data-section-id=\"1m5wkst\" data-start=\"2119\" data-end=\"2173\">\n<p data-start=\"2121\" data-end=\"2173\">Quru v\u0259 kobud ayaq d\u0259risini yum\u015faltma\u011fa k\u00f6m\u0259k edir<\/p>\n<\/li>\n<li data-section-id=\"dkf7m0\" data-start=\"2174\" data-end=\"2217\">\n<p data-start=\"2176\" data-end=\"2217\">\u00c7atlaman\u0131n qar\u015f\u0131s\u0131n\u0131 alma\u011fa d\u0259st\u0259k olur<\/p>\n<\/li>\n<li data-section-id=\"1pd6642\" data-start=\"2218\" data-end=\"2253\">\n<p data-start=\"2220\" data-end=\"2253\">S\u00fcr\u0259tl\u0259 sorulan y\u00fcng\u00fcl tekstura<\/p>\n<\/li>\n<li data-section-id=\"1q3zk7w\" data-start=\"2254\" data-end=\"2294\">\n<p data-start=\"2256\" data-end=\"2294\">G\u00fcnd\u0259lik istifad\u0259 \u00fc\u00e7\u00fcn uy\u011fun formula<\/p>\n<\/li>\n<\/ul>\n<p data-start=\"2296\" data-end=\"2389\">Krem ayaq d\u0259risinin qoruyucu baryerini g\u00fccl\u0259ndirm\u0259y\u0259 v\u0259 n\u0259mlik balans\u0131n\u0131 qoruma\u011fa k\u00f6m\u0259k edir.<\/p>\n<hr data-start=\"2391\" data-end=\"2394\" \/>\n<h1 data-section-id=\"fv2e0m\" data-start=\"2396\" data-end=\"2404\">N\u0259tic\u0259<\/h1>\n<p data-start=\"2406\" data-end=\"2431\">M\u00fcnt\u0259z\u0259m istifad\u0259 zaman\u0131:<\/p>\n<ul data-start=\"2433\" data-end=\"2593\">\n<li data-section-id=\"r0bc60\" data-start=\"2433\" data-end=\"2476\">\n<p data-start=\"2435\" data-end=\"2476\">Ayaq d\u0259risi daha yum\u015faq v\u0259 elastik olur<\/p>\n<\/li>\n<li data-section-id=\"1bqk7ja\" data-start=\"2477\" data-end=\"2507\">\n<p data-start=\"2479\" data-end=\"2507\">Quruluq v\u0259 kobudluq azal\u0131r<\/p>\n<\/li>\n<li data-section-id=\"12noaf\" data-start=\"2508\" data-end=\"2550\">\n<p data-start=\"2510\" data-end=\"2550\">\u00c7atlama riskinin azalmas\u0131na k\u00f6m\u0259k edir<\/p>\n<\/li>\n<li data-section-id=\"6rxixg\" data-start=\"2551\" data-end=\"2593\">\n<p data-start=\"2553\" data-end=\"2593\">Ayaqlar daha bax\u0131ml\u0131 v\u0259 sa\u011flam g\u00f6r\u00fcn\u00fcr<\/p>\n<\/li>\n<\/ul>\n<p data-start=\"2595\" data-end=\"2695\">Neutrogena ayaq kremi g\u00fcnd\u0259lik ayaq bax\u0131m\u0131 \u00fc\u00e7\u00fcn effektiv v\u0259 rahat istifad\u0259 olunan qulluq m\u0259hsuludur.<\/p>\n<hr data-start=\"2697\" data-end=\"2700\" \/>\n<h1 data-section-id=\"i6u0mb\" data-start=\"2702\" data-end=\"2730\">Niy\u0259 bu m\u0259hsulu almal\u0131yam?<\/h1>\n<p data-start=\"2732\" data-end=\"2934\">Neutrogena d\u00fcnya \u00fczr\u0259 dermatoloji bax\u0131mdan etibarl\u0131 d\u0259riy\u0259 qulluq markalar\u0131ndan biridir. Norve\u00e7 formulu il\u0259 haz\u0131rlanm\u0131\u015f bu ayaq kremi quru ayaq d\u0259risin\u0259 x\u00fcsusi qulluq g\u00f6st\u0259rm\u0259k \u00fc\u00e7\u00fcn n\u0259z\u0259rd\u0259 tutulmu\u015fdur.<\/p>\n<p data-start=\"2936\" data-end=\"2973\">Bu m\u0259hsulu se\u00e7m\u0259k \u00fc\u00e7\u00fcn \u0259sas s\u0259b\u0259bl\u0259r:<\/p>\n<ul data-start=\"2975\" data-end=\"3202\">\n<li data-section-id=\"1oj1tij\" data-start=\"2975\" data-end=\"3017\">\n<p data-start=\"2977\" data-end=\"3017\">Quru ayaqlar \u00fc\u00e7\u00fcn intensiv n\u0259ml\u0259ndirm\u0259<\/p>\n<\/li>\n<li data-section-id=\"1wz1xsb\" data-start=\"3018\" data-end=\"3067\">\n<p data-start=\"3020\" data-end=\"3067\">Tez sorulan v\u0259 rahat istifad\u0259 olunan tekstura<\/p>\n<\/li>\n<li data-section-id=\"ekznmc\" data-start=\"3068\" data-end=\"3116\">\n<p data-start=\"3070\" data-end=\"3116\">D\u0259rinin yum\u015faq v\u0259 hamar qalmas\u0131na k\u00f6m\u0259k edir<\/p>\n<\/li>\n<li data-section-id=\"16o13sv\" data-start=\"3117\" data-end=\"3160\">\n<p data-start=\"3119\" data-end=\"3160\">G\u00fcnd\u0259lik ayaq bax\u0131m\u0131 \u00fc\u00e7\u00fcn uy\u011fun formula<\/p>\n<\/li>\n<li data-section-id=\"q5h13r\" data-start=\"3161\" data-end=\"3202\">\n<p data-start=\"3163\" data-end=\"3202\">Etibarl\u0131 v\u0259 tan\u0131nm\u0131\u015f brend keyfiyy\u0259ti<\/p>\n<\/li>\n<\/ul>\n<p data-start=\"3204\" data-end=\"3276\">M\u00fcnt\u0259z\u0259m istifad\u0259 ayaq d\u0259risinin sa\u011flam v\u0259 bax\u0131ml\u0131 qalmas\u0131na k\u00f6m\u0259k edir.<\/p>\n<hr data-start=\"3278\" data-end=\"3281\" \/>\n<h1 data-section-id=\"8rcmto\" data-start=\"3283\" data-end=\"3301\">\u0130stifad\u0259 qaydas\u0131<\/h1>\n<ol data-start=\"3303\" data-end=\"3558\">\n<li data-section-id=\"1ue0fn6\" data-start=\"3303\" data-end=\"3364\">\n<p data-start=\"3306\" data-end=\"3364\">Ayaqlar\u0131 t\u0259mizl\u0259yib qurulad\u0131qdan sonra krem t\u0259tbiq edin.<\/p>\n<\/li>\n<li data-section-id=\"1m748up\" data-start=\"3365\" data-end=\"3439\">\n<p data-start=\"3368\" data-end=\"3439\">Aya\u011f\u0131n daban v\u0259 quruma\u011fa meyilli hiss\u0259l\u0259rin\u0259 x\u00fcsusil\u0259 diqq\u0259t yetirin.<\/p>\n<\/li>\n<li data-section-id=\"9zq1pk\" data-start=\"3440\" data-end=\"3487\">\n<p data-start=\"3443\" data-end=\"3487\">Y\u00fcng\u00fcl masaj h\u0259r\u0259k\u0259tl\u0259ri il\u0259 d\u0259riy\u0259 yay\u0131n.<\/p>\n<\/li>\n<li data-section-id=\"357ib7\" data-start=\"3488\" data-end=\"3558\">\n<p data-start=\"3491\" data-end=\"3558\">G\u00fcnd\u0259 1\u20132 d\u0259f\u0259 v\u0259 ya ehtiyac olduqda istifad\u0259 etm\u0259k t\u00f6vsiy\u0259 olunur.<\/p>\n<\/li>\n<\/ol>\n<hr data-start=\"3560\" data-end=\"3563\" \/>\n<h1 data-section-id=\"1htqakv\" data-start=\"3565\" data-end=\"3571\">Qeyd<\/h1>\n<ul data-start=\"3573\" data-end=\"3725\">\n<li data-section-id=\"11ilav5\" data-start=\"3573\" data-end=\"3608\">\n<p data-start=\"3575\" data-end=\"3608\">Yaln\u0131z xarici istifad\u0259 \u00fc\u00e7\u00fcnd\u00fcr.<\/p>\n<\/li>\n<li data-section-id=\"sj0gom\" data-start=\"3609\" data-end=\"3636\">\n<p data-start=\"3611\" data-end=\"3636\">G\u00f6zl\u0259 t\u0259masdan qa\u00e7\u0131n\u0131n.<\/p>\n<\/li>\n<li data-section-id=\"5wlh7j\" data-start=\"3637\" data-end=\"3684\">\n<p data-start=\"3639\" data-end=\"3684\">Q\u0131c\u0131qlanma yaranarsa istifad\u0259ni dayand\u0131r\u0131n.<\/p>\n<\/li>\n<li data-section-id=\"qae1kq\" data-start=\"3685\" data-end=\"3725\">\n<p data-start=\"3687\" data-end=\"3725\">U\u015faqlar\u0131n \u0259li \u00e7atmayan yerd\u0259 saxlay\u0131n.<\/p>\n<\/li>\n<\/ul>","protected":false},"excerpt":{"rendered":"<p>Neutrogena Norve\u00e7 Formullu H\u0131zl\u0131 Emil\u0259n Ayaq Kremi quru v\u0259 kobud ayaq d\u0259risi \u00fc\u00e7\u00fcn haz\u0131rlanm\u0131\u015f intensiv n\u0259ml\u0259ndirici kremdir. Tez sorulan formula ayaq d\u0259risini yum\u015fald\u0131r, qurulu\u011fun v\u0259 \u00e7atlaman\u0131n qar\u015f\u0131s\u0131n\u0131 alma\u011fa k\u00f6m\u0259k edir v\u0259 uzunm\u00fcdd\u0259tli rahatl\u0131q t\u0259min edir.<\/p>","protected":false},"featured_media":8961,"comment_status":"open","ping_status":"closed","template":"","meta":[],"pwb-brand":[397],"product_cat":[155,129],"product_tag":[331],"class_list":{"0":"post-8960","1":"product","2":"type-product","3":"status-publish","4":"has-post-thumbnail","6":"pwb-brand-neutrogena","7":"product_cat-foot-care","8":"product_cat-beden-baximi","9":"product_tag-moisturizer","10":"pa_size-100ml","13":"instock","14":"shipping-taxable","15":"purchasable","16":"product-type-simple"},"brands":[{"id":397,"name":"Neutrogena","slug":"neutrogena"}],"_links":{"self":[{"href":"https:\/\/axtarstore.com\/ru\/wp-json\/wp\/v2\/product\/8960"}],"collection":[{"href":"https:\/\/axtarstore.com\/ru\/wp-json\/wp\/v2\/product"}],"about":[{"href":"https:\/\/axtarstore.com\/ru\/wp-json\/wp\/v2\/types\/product"}],"replies":[{"embeddable":true,"href":"https:\/\/axtarstore.com\/ru\/wp-json\/wp\/v2\/comments?post=8960"}],"version-history":[{"count":3,"href":"https:\/\/axtarstore.com\/ru\/wp-json\/wp\/v2\/product\/8960\/revisions"}],"predecessor-version":[{"id":11397,"href":"https:\/\/axtarstore.com\/ru\/wp-json\/wp\/v2\/product\/8960\/revisions\/11397"}],"wp:featuredmedia":[{"embeddable":true,"href":"https:\/\/axtarstore.com\/ru\/wp-json\/wp\/v2\/media\/8961"}],"wp:attachment":[{"href":"https:\/\/axtarstore.com\/ru\/wp-json\/wp\/v2\/media?parent=8960"}],"wp:term":[{"taxonomy":"pwb-brand","embeddable":true,"href":"https:\/\/axtarstore.com\/ru\/wp-json\/wp\/v2\/pwb-brand?post=8960"},{"taxonomy":"product_cat","embeddable":true,"href":"https:\/\/axtarstore.com\/ru\/wp-json\/wp\/v2\/product_cat?post=8960"},{"taxonomy":"product_tag","embeddable":true,"href":"https:\/\/axtarstore.com\/ru\/wp-json\/wp\/v2\/product_tag?post=8960"}],"curies":[{"name":"wp","href":"https:\/\/api.w.org\/{rel}","templated":true}]}}