{"id":8956,"date":"2025-01-18T00:23:08","date_gmt":"2025-01-17T20:23:08","guid":{"rendered":"https:\/\/axtarstore.com\/?post_type=product&#038;p=8956"},"modified":"2026-03-07T22:23:18","modified_gmt":"2026-03-07T18:23:18","slug":"neutrogena-el-ve-dirnaq-baxim-kremi-75-ml","status":"publish","type":"product","link":"https:\/\/axtarstore.com\/ru\/product\/neutrogena-el-ve-dirnaq-baxim-kremi-75-ml\/","title":{"rendered":"Neutrogena El ve T\u0131rnak Bak\u0131m Kremi 75 ml"},"content":{"rendered":"<p><strong>Neutrogena \u018fl v\u0259 D\u0131rnaq Bax\u0131m Kremi 75 ml<\/strong><\/p>\n<h1 data-section-id=\"o5gupv\" data-start=\"832\" data-end=\"849\">M\u0259hsul haqq\u0131nda<\/h1>\n<p data-start=\"851\" data-end=\"1119\">\u018fll\u0259r g\u00fcn \u0259rzind\u0259 m\u00fcxt\u0259lif xarici t\u0259sirl\u0259r\u0259 m\u0259ruz qal\u0131r. Tez-tez \u0259l yuma, dezinfeksiyaedici vasit\u0259l\u0259rd\u0259n istifad\u0259, soyuq hava v\u0259 dig\u0259r amill\u0259r \u0259l d\u0259risinin qurumas\u0131na s\u0259b\u0259b ola bil\u0259r. Bu proses yaln\u0131z d\u0259rini deyil, eyni zamanda d\u0131rnaqlar\u0131 v\u0259 kutikulalar\u0131 da z\u0259ifl\u0259dir.<\/p>\n<p data-start=\"1121\" data-end=\"1388\">Neutrogena \u018fl v\u0259 D\u0131rnaq Bax\u0131m Kremi Norve\u00e7 formuluna \u0259saslanan x\u00fcsusi t\u0259rkibi il\u0259 h\u0259m \u0259l d\u0259risin\u0259, h\u0259m d\u0259 d\u0131rnaqlara kompleks qulluq g\u00f6st\u0259rm\u0259k \u00fc\u00e7\u00fcn haz\u0131rlanm\u0131\u015fd\u0131r. M\u0259hsul d\u0259rini intensiv \u015f\u0259kild\u0259 n\u0259ml\u0259ndirir v\u0259 d\u0131rnaqlar\u0131n daha m\u00f6hk\u0259m v\u0259 sa\u011flam g\u00f6r\u00fcnm\u0259sin\u0259 k\u00f6m\u0259k edir.<\/p>\n<p data-start=\"1390\" data-end=\"1572\">Y\u00fcng\u00fcl v\u0259 tez sorulan tekstura say\u0259sind\u0259 krem d\u0259rid\u0259 a\u011f\u0131r v\u0259 yap\u0131\u015fqan hiss yaratmadan rahat istifad\u0259 imkan\u0131 yarad\u0131r. Bu x\u00fcsusiyy\u0259t kremi g\u00fcnd\u0259lik qulluq rutini \u00fc\u00e7\u00fcn uy\u011fun se\u00e7im edir.<\/p>\n<hr data-start=\"1574\" data-end=\"1577\" \/>\n<h1 data-section-id=\"1303e6l\" data-start=\"1579\" data-end=\"1588\">Problem<\/h1>\n<p data-start=\"1590\" data-end=\"1653\">\u018fl v\u0259 d\u0131rnaq b\u00f6lg\u0259si tez-tez a\u015fa\u011f\u0131dak\u0131 probleml\u0259rl\u0259 qar\u015f\u0131la\u015f\u0131r:<\/p>\n<ul data-start=\"1655\" data-end=\"1817\">\n<li data-section-id=\"15ey60n\" data-start=\"1655\" data-end=\"1696\">\n<p data-start=\"1657\" data-end=\"1696\">\u018fl d\u0259risinin qurumas\u0131 v\u0259 kobudla\u015fmas\u0131<\/p>\n<\/li>\n<li data-section-id=\"qq8xly\" data-start=\"1697\" data-end=\"1730\">\n<p data-start=\"1699\" data-end=\"1730\">Z\u0259if v\u0259 tez q\u0131r\u0131lan d\u0131rnaqlar<\/p>\n<\/li>\n<li data-section-id=\"1x9h1c7\" data-start=\"1731\" data-end=\"1759\">\n<p data-start=\"1733\" data-end=\"1759\">Quru v\u0259 s\u0259rt kutikulalar<\/p>\n<\/li>\n<li data-section-id=\"zpwpoc\" data-start=\"1760\" data-end=\"1817\">\n<p data-start=\"1762\" data-end=\"1817\">Xarici t\u0259sirl\u0259r n\u0259tic\u0259sind\u0259 d\u0131rnaq v\u0259 d\u0259ri z\u0259ifl\u0259m\u0259si<\/p>\n<\/li>\n<\/ul>\n<p data-start=\"1819\" data-end=\"1906\">Bu probleml\u0259r yaln\u0131z estetik g\u00f6r\u00fcn\u00fc\u015f\u0259 deyil, h\u0259m d\u0259 g\u00fcnd\u0259lik rahatl\u0131\u011fa t\u0259sir ed\u0259 bil\u0259r.<\/p>\n<hr data-start=\"1908\" data-end=\"1911\" \/>\n<h1 data-section-id=\"1htxxpz\" data-start=\"1913\" data-end=\"1919\">H\u0259ll<\/h1>\n<p data-start=\"1921\" data-end=\"2066\">Neutrogena \u018fl v\u0259 D\u0131rnaq Bax\u0131m Kremi h\u0259m \u0259l d\u0259risinin, h\u0259m d\u0259 d\u0131rnaqlar\u0131n ehtiyaclar\u0131n\u0131 n\u0259z\u0259r\u0259 alaraq haz\u0131rlanm\u0131\u015f \u00e7oxfunksiyal\u0131 qulluq m\u0259hsuludur.<\/p>\n<p data-start=\"2068\" data-end=\"2097\">M\u0259hsulun \u0259sas x\u00fcsusiyy\u0259tl\u0259ri:<\/p>\n<ul data-start=\"2099\" data-end=\"2354\">\n<li data-section-id=\"1htbyk0\" data-start=\"2099\" data-end=\"2150\">\n<p data-start=\"2101\" data-end=\"2150\">Norve\u00e7 formuluna \u0259saslanan intensiv n\u0259ml\u0259ndirm\u0259<\/p>\n<\/li>\n<li data-section-id=\"1aiynql\" data-start=\"2151\" data-end=\"2206\">\n<p data-start=\"2153\" data-end=\"2206\">\u018fl d\u0259risinin yum\u015falmas\u0131na v\u0259 qorunmas\u0131na k\u00f6m\u0259k edir<\/p>\n<\/li>\n<li data-section-id=\"1jyua37\" data-start=\"2207\" data-end=\"2250\">\n<p data-start=\"2209\" data-end=\"2250\">D\u0131rnaqlar\u0131n m\u00f6hk\u0259ml\u0259nm\u0259sin\u0259 d\u0259st\u0259k olur<\/p>\n<\/li>\n<li data-section-id=\"14s4cg9\" data-start=\"2251\" data-end=\"2304\">\n<p data-start=\"2253\" data-end=\"2304\">Kutikulalar\u0131 yum\u015fald\u0131r v\u0259 bax\u0131ml\u0131 g\u00f6r\u00fcn\u00fc\u015f yarad\u0131r<\/p>\n<\/li>\n<li data-section-id=\"1swq0hd\" data-start=\"2305\" data-end=\"2354\">\n<p data-start=\"2307\" data-end=\"2354\">Tez sorulan v\u0259 ya\u011fl\u0131 hiss yaratmayan tekstura<\/p>\n<\/li>\n<\/ul>\n<p data-start=\"2356\" data-end=\"2439\">Bu x\u00fcsusiyy\u0259tl\u0259r m\u0259hsulu g\u00fcnd\u0259lik \u0259l v\u0259 d\u0131rnaq bax\u0131m\u0131 \u00fc\u00e7\u00fcn effektiv se\u00e7im\u0259 \u00e7evirir.<\/p>\n<hr data-start=\"2441\" data-end=\"2444\" \/>\n<h1 data-section-id=\"fv2e0m\" data-start=\"2446\" data-end=\"2454\">N\u0259tic\u0259<\/h1>\n<p data-start=\"2456\" data-end=\"2481\">M\u00fcnt\u0259z\u0259m istifad\u0259 zaman\u0131:<\/p>\n<ul data-start=\"2483\" data-end=\"2638\">\n<li data-section-id=\"1t6btu1\" data-start=\"2483\" data-end=\"2522\">\n<p data-start=\"2485\" data-end=\"2522\">\u018fl d\u0259risi daha yum\u015faq v\u0259 hamar olur<\/p>\n<\/li>\n<li data-section-id=\"1474yyb\" data-start=\"2523\" data-end=\"2560\">\n<p data-start=\"2525\" data-end=\"2560\">Quruluq v\u0259 g\u0259rginlik hissi azal\u0131r<\/p>\n<\/li>\n<li data-section-id=\"ddypyp\" data-start=\"2561\" data-end=\"2594\">\n<p data-start=\"2563\" data-end=\"2594\">D\u0131rnaqlar daha m\u00f6hk\u0259m g\u00f6r\u00fcn\u00fcr<\/p>\n<\/li>\n<li data-section-id=\"15cvq7o\" data-start=\"2595\" data-end=\"2638\">\n<p data-start=\"2597\" data-end=\"2638\">Kutikulalar daha bax\u0131ml\u0131 v\u0259 yum\u015faq olur<\/p>\n<\/li>\n<\/ul>\n<p data-start=\"2640\" data-end=\"2698\">Bel\u0259likl\u0259, \u0259ll\u0259r daha sa\u011flam v\u0259 bax\u0131ml\u0131 g\u00f6r\u00fcn\u00fc\u015f \u0259ld\u0259 edir.<\/p>\n<hr data-start=\"2700\" data-end=\"2703\" \/>\n<h1 data-section-id=\"i6u0mb\" data-start=\"2705\" data-end=\"2733\">Niy\u0259 bu m\u0259hsulu almal\u0131yam?<\/h1>\n<p data-start=\"2735\" data-end=\"2947\">Neutrogena dermatoloji bax\u0131mdan etibarl\u0131 v\u0259 d\u00fcnya \u00fczr\u0259 geni\u015f istifad\u0259 olunan d\u0259riy\u0259 qulluq markalar\u0131ndan biridir. \u018fl v\u0259 d\u0131rnaq bax\u0131m kremi markan\u0131n effektiv v\u0259 keyfiyy\u0259tli qulluq m\u0259hsullar\u0131ndan biri hesab olunur.<\/p>\n<p data-start=\"2949\" data-end=\"2986\">Bu m\u0259hsulu se\u00e7m\u0259k \u00fc\u00e7\u00fcn \u0259sas s\u0259b\u0259bl\u0259r:<\/p>\n<ul data-start=\"2988\" data-end=\"3191\">\n<li data-section-id=\"dfru97\" data-start=\"2988\" data-end=\"3024\">\n<p data-start=\"2990\" data-end=\"3024\">\u018fl v\u0259 d\u0131rnaqlara kompleks qulluq<\/p>\n<\/li>\n<li data-section-id=\"1tj9rf0\" data-start=\"3025\" data-end=\"3073\">\n<p data-start=\"3027\" data-end=\"3073\">Norve\u00e7 formuluna \u0259saslanan g\u00fccl\u00fc n\u0259ml\u0259ndirm\u0259<\/p>\n<\/li>\n<li data-section-id=\"1ke1yww\" data-start=\"3074\" data-end=\"3108\">\n<p data-start=\"3076\" data-end=\"3108\">S\u00fcr\u0259tl\u0259 sorulan rahat tekstura<\/p>\n<\/li>\n<li data-section-id=\"1q3zk7w\" data-start=\"3109\" data-end=\"3149\">\n<p data-start=\"3111\" data-end=\"3149\">G\u00fcnd\u0259lik istifad\u0259 \u00fc\u00e7\u00fcn uy\u011fun formula<\/p>\n<\/li>\n<li data-section-id=\"1kresd3\" data-start=\"3150\" data-end=\"3191\">\n<p data-start=\"3152\" data-end=\"3191\">Tan\u0131nm\u0131\u015f v\u0259 etibarl\u0131 brend keyfiyy\u0259ti<\/p>\n<\/li>\n<\/ul>\n<p data-start=\"3193\" data-end=\"3274\">Bu x\u00fcsusiyy\u0259tl\u0259r kremi g\u00fcnd\u0259lik \u0259l bax\u0131m\u0131 \u00fc\u00e7\u00fcn ideal m\u0259hsullardan birin\u0259 \u00e7evirir.<\/p>\n<hr data-start=\"3276\" data-end=\"3279\" \/>\n<h1 data-section-id=\"8rcmto\" data-start=\"3281\" data-end=\"3299\">\u0130stifad\u0259 qaydas\u0131<\/h1>\n<ol data-start=\"3301\" data-end=\"3548\">\n<li data-section-id=\"1l0nwco\" data-start=\"3301\" data-end=\"3356\">\n<p data-start=\"3304\" data-end=\"3356\">T\u0259miz v\u0259 quru \u0259ll\u0259r\u0259 az miqdarda krem t\u0259tbiq edin.<\/p>\n<\/li>\n<li data-section-id=\"uh76vr\" data-start=\"3357\" data-end=\"3428\">\n<p data-start=\"3360\" data-end=\"3428\">\u018fl d\u0259risin\u0259 v\u0259 d\u0131rnaq \u0259traf\u0131na y\u00fcng\u00fcl masaj h\u0259r\u0259k\u0259tl\u0259ri il\u0259 yay\u0131n.<\/p>\n<\/li>\n<li data-section-id=\"qa3bfw\" data-start=\"3429\" data-end=\"3486\">\n<p data-start=\"3432\" data-end=\"3486\">G\u00fcn \u0259rzind\u0259 ehtiyac olduqca istifad\u0259 ed\u0259 bil\u0259rsiniz.<\/p>\n<\/li>\n<li data-section-id=\"12um8rb\" data-start=\"3487\" data-end=\"3548\">\n<p data-start=\"3490\" data-end=\"3548\">X\u00fcsusil\u0259 \u0259l yuduqdan sonra t\u0259tbiq edilm\u0259si t\u00f6vsiy\u0259 olunur.<\/p>\n<\/li>\n<\/ol>\n<hr data-start=\"3550\" data-end=\"3553\" \/>\n<h1 data-section-id=\"1htqakv\" data-start=\"3555\" data-end=\"3561\">Qeyd<\/h1>\n<ul data-start=\"3563\" data-end=\"3731\" data-is-last-node=\"\" data-is-only-node=\"\">\n<li data-section-id=\"11ilav5\" data-start=\"3563\" data-end=\"3598\">\n<p data-start=\"3565\" data-end=\"3598\">Yaln\u0131z xarici istifad\u0259 \u00fc\u00e7\u00fcnd\u00fcr.<\/p>\n<\/li>\n<li data-section-id=\"sj0gom\" data-start=\"3599\" data-end=\"3626\">\n<p data-start=\"3601\" data-end=\"3626\">G\u00f6zl\u0259 t\u0259masdan qa\u00e7\u0131n\u0131n.<\/p>\n<\/li>\n<li data-section-id=\"145tnbb\" data-start=\"3627\" data-end=\"3690\">\n<p data-start=\"3629\" data-end=\"3690\">H\u0259ssasl\u0131q v\u0259 ya q\u0131c\u0131qlanma yaranarsa istifad\u0259ni dayand\u0131r\u0131n.<\/p>\n<\/li>\n<li data-section-id=\"qae1kq\" data-start=\"3691\" data-end=\"3731\" data-is-last-node=\"\">\n<p data-start=\"3693\" data-end=\"3731\" data-is-last-node=\"\">U\u015faqlar\u0131n \u0259li \u00e7atmayan yerd\u0259 saxlay\u0131n.<\/p>\n<\/li>\n<\/ul>","protected":false},"excerpt":{"rendered":"<p>Neutrogena \u018fl v\u0259 D\u0131rnaq Bax\u0131m Kremi 75 ml Norve\u00e7 formuluna \u0259saslanan intensiv qulluq kremidir. \u018fl d\u0259risini n\u0259ml\u0259ndirir, d\u0131rnaqlar\u0131n m\u00f6hk\u0259ml\u0259nm\u0259sin\u0259 v\u0259 kutikulalar\u0131n yum\u015falmas\u0131na k\u00f6m\u0259k edir. Tez sorulan teksturas\u0131 say\u0259sind\u0259 ya\u011fl\u0131 hiss yaratmadan g\u00fcnd\u0259lik istifad\u0259 \u00fc\u00e7\u00fcn rahat qulluq t\u0259min edir.<\/p>","protected":false},"featured_media":8957,"comment_status":"open","ping_status":"closed","template":"","meta":[],"pwb-brand":[397],"product_cat":[129,154],"product_tag":[331],"class_list":{"0":"post-8956","1":"product","2":"type-product","3":"status-publish","4":"has-post-thumbnail","6":"pwb-brand-neutrogena","7":"product_cat-beden-baximi","8":"product_cat-hand-creams","9":"product_tag-moisturizer","10":"pa_size-75ml","13":"instock","14":"shipping-taxable","15":"purchasable","16":"product-type-simple"},"brands":[{"id":397,"name":"Neutrogena","slug":"neutrogena"}],"_links":{"self":[{"href":"https:\/\/axtarstore.com\/ru\/wp-json\/wp\/v2\/product\/8956"}],"collection":[{"href":"https:\/\/axtarstore.com\/ru\/wp-json\/wp\/v2\/product"}],"about":[{"href":"https:\/\/axtarstore.com\/ru\/wp-json\/wp\/v2\/types\/product"}],"replies":[{"embeddable":true,"href":"https:\/\/axtarstore.com\/ru\/wp-json\/wp\/v2\/comments?post=8956"}],"version-history":[{"count":3,"href":"https:\/\/axtarstore.com\/ru\/wp-json\/wp\/v2\/product\/8956\/revisions"}],"predecessor-version":[{"id":11399,"href":"https:\/\/axtarstore.com\/ru\/wp-json\/wp\/v2\/product\/8956\/revisions\/11399"}],"wp:featuredmedia":[{"embeddable":true,"href":"https:\/\/axtarstore.com\/ru\/wp-json\/wp\/v2\/media\/8957"}],"wp:attachment":[{"href":"https:\/\/axtarstore.com\/ru\/wp-json\/wp\/v2\/media?parent=8956"}],"wp:term":[{"taxonomy":"pwb-brand","embeddable":true,"href":"https:\/\/axtarstore.com\/ru\/wp-json\/wp\/v2\/pwb-brand?post=8956"},{"taxonomy":"product_cat","embeddable":true,"href":"https:\/\/axtarstore.com\/ru\/wp-json\/wp\/v2\/product_cat?post=8956"},{"taxonomy":"product_tag","embeddable":true,"href":"https:\/\/axtarstore.com\/ru\/wp-json\/wp\/v2\/product_tag?post=8956"}],"curies":[{"name":"wp","href":"https:\/\/api.w.org\/{rel}","templated":true}]}}