{"id":8953,"date":"2025-01-18T00:18:38","date_gmt":"2025-01-17T20:18:38","guid":{"rendered":"https:\/\/axtarstore.com\/?post_type=product&#038;p=8953"},"modified":"2026-03-07T22:31:35","modified_gmt":"2026-03-07T18:31:35","slug":"neutrogena-norvec-formullu-etirli-el-kremi-75-ml","status":"publish","type":"product","link":"https:\/\/axtarstore.com\/ru\/product\/neutrogena-norvec-formullu-etirli-el-kremi-75-ml\/","title":{"rendered":"Neutrogena Norve\u00e7 Form\u00fcl\u00fc Parf\u00fcml\u00fc 75 ml El Kremi"},"content":{"rendered":"<p><strong>Neutrogena Norve\u00e7 Formullu \u018ftirli \u018fl Kremi 75 ml<\/strong><\/p>\n<h1 data-section-id=\"o5gupv\" data-start=\"786\" data-end=\"803\">M\u0259hsul haqq\u0131nda<\/h1>\n<p data-start=\"805\" data-end=\"1061\">\u018fl d\u0259risi g\u00fcn \u0259rzind\u0259 m\u00fcxt\u0259lif xarici t\u0259sirl\u0259rl\u0259 qar\u015f\u0131la\u015f\u0131r. Soyuq hava, tez-tez \u0259l yuma, dezinfeksiyaedici vasit\u0259l\u0259rd\u0259n istifad\u0259 v\u0259 g\u00fcnd\u0259lik f\u0259aliyy\u0259tl\u0259r d\u0259rinin t\u0259bii n\u0259mlik balans\u0131n\u0131 poza bil\u0259r. N\u0259tic\u0259d\u0259 \u0259ll\u0259r quruyur, kobudla\u015f\u0131r v\u0259 \u00e7atlama riski art\u0131r.<\/p>\n<p data-start=\"1063\" data-end=\"1364\">Neutrogena Norve\u00e7 Formullu \u018ftirli \u018fl Kremi bu probleml\u0259rin qar\u015f\u0131s\u0131n\u0131 almaq v\u0259 \u0259ll\u0259r\u0259 intensiv qulluq g\u00f6st\u0259rm\u0259k \u00fc\u00e7\u00fcn haz\u0131rlanm\u0131\u015fd\u0131r. Norve\u00e7 formuluna \u0259saslanan konsentrat t\u0259rkib d\u0259rinin d\u0259rin qatlar\u0131na t\u0259sir ed\u0259r\u0259k intensiv n\u0259ml\u0259ndirm\u0259 t\u0259min edir v\u0259 d\u0259rinin qoruyucu baryerini g\u00fccl\u0259ndirm\u0259y\u0259 k\u00f6m\u0259k edir.<\/p>\n<p data-start=\"1366\" data-end=\"1525\">Kremin y\u00fcng\u00fcl v\u0259 tez sorulan teksturas\u0131 istifad\u0259 zaman\u0131 ya\u011fl\u0131 v\u0259 yap\u0131\u015fqan hiss yaratm\u0131r. Eyni zamanda xo\u015f \u0259tirli formula \u0259ll\u0259rd\u0259 t\u0259miz v\u0259 bax\u0131ml\u0131 hiss yarad\u0131r.<\/p>\n<hr data-start=\"1527\" data-end=\"1530\" \/>\n<h1 data-section-id=\"1303e6l\" data-start=\"1532\" data-end=\"1541\">Problem<\/h1>\n<p data-start=\"1543\" data-end=\"1634\">Quru v\u0259 bax\u0131ms\u0131z \u0259l d\u0259risi g\u00fcnd\u0259lik h\u0259yat keyfiyy\u0259tin\u0259 v\u0259 estetik g\u00f6r\u00fcn\u00fc\u015f\u0259 t\u0259sir ed\u0259 bil\u0259r.<\/p>\n<p data-start=\"1636\" data-end=\"1667\">\u018fn \u00e7ox rast g\u0259lin\u0259n probleml\u0259r:<\/p>\n<ul data-start=\"1669\" data-end=\"1801\">\n<li data-section-id=\"nxt72r\" data-start=\"1669\" data-end=\"1694\">\n<p data-start=\"1671\" data-end=\"1694\">\u018fl d\u0259risinin qurumas\u0131<\/p>\n<\/li>\n<li data-section-id=\"32pf6t\" data-start=\"1695\" data-end=\"1723\">\n<p data-start=\"1697\" data-end=\"1723\">Kobud v\u0259 s\u0259rt d\u0259ri s\u0259thi<\/p>\n<\/li>\n<li data-section-id=\"fpi6mq\" data-start=\"1724\" data-end=\"1755\">\n<p data-start=\"1726\" data-end=\"1755\">\u00c7atlama v\u0259 q\u0131c\u0131qlanma riski<\/p>\n<\/li>\n<li data-section-id=\"vc05co\" data-start=\"1756\" data-end=\"1801\">\n<p data-start=\"1758\" data-end=\"1801\">Tez-tez \u0259l yuma n\u0259tic\u0259sind\u0259 n\u0259mlik itkisi<\/p>\n<\/li>\n<\/ul>\n<p data-start=\"1803\" data-end=\"1878\">Bu probleml\u0259r x\u00fcsusil\u0259 q\u0131\u015f m\u00f6vs\u00fcm\u00fcnd\u0259 v\u0259 quru m\u00fchitd\u0259 daha \u00e7ox hiss olunur.<\/p>\n<hr data-start=\"1880\" data-end=\"1883\" \/>\n<h1 data-section-id=\"1htxxpz\" data-start=\"1885\" data-end=\"1891\">H\u0259ll<\/h1>\n<p data-start=\"1893\" data-end=\"2012\">Neutrogena Norve\u00e7 Formullu \u018ftirli \u018fl Kremi quru \u0259l d\u0259risinin intensiv n\u0259ml\u0259ndirilm\u0259si v\u0259 qorunmas\u0131 \u00fc\u00e7\u00fcn haz\u0131rlanm\u0131\u015fd\u0131r.<\/p>\n<p data-start=\"2014\" data-end=\"2043\">M\u0259hsulun \u0259sas x\u00fcsusiyy\u0259tl\u0259ri:<\/p>\n<ul data-start=\"2045\" data-end=\"2278\">\n<li data-section-id=\"1tj9rf0\" data-start=\"2045\" data-end=\"2093\">\n<p data-start=\"2047\" data-end=\"2093\">Norve\u00e7 formuluna \u0259saslanan g\u00fccl\u00fc n\u0259ml\u0259ndirm\u0259<\/p>\n<\/li>\n<li data-section-id=\"19arbju\" data-start=\"2094\" data-end=\"2143\">\n<p data-start=\"2096\" data-end=\"2143\">Quru v\u0259 \u00e7atlam\u0131\u015f d\u0259rinin b\u0259rpas\u0131na k\u00f6m\u0259k edir<\/p>\n<\/li>\n<li data-section-id=\"1n9tstt\" data-start=\"2144\" data-end=\"2217\">\n<p data-start=\"2146\" data-end=\"2217\">Konsentrat formula say\u0259sind\u0259 az miqdarda istifad\u0259 il\u0259 effektiv n\u0259tic\u0259<\/p>\n<\/li>\n<li data-section-id=\"1y12jym\" data-start=\"2218\" data-end=\"2246\">\n<p data-start=\"2220\" data-end=\"2246\">S\u00fcr\u0259tl\u0259 sorulan tekstura<\/p>\n<\/li>\n<li data-section-id=\"17a8000\" data-start=\"2247\" data-end=\"2278\">\n<p data-start=\"2249\" data-end=\"2278\">Xo\u015f v\u0259 y\u00fcng\u00fcl \u0259tirli qulluq<\/p>\n<\/li>\n<\/ul>\n<p data-start=\"2280\" data-end=\"2363\">Bu x\u00fcsusiyy\u0259tl\u0259r kremi g\u00fcnd\u0259lik \u0259l bax\u0131m\u0131 \u00fc\u00e7\u00fcn praktik v\u0259 effektiv m\u0259hsula \u00e7evirir.<\/p>\n<hr data-start=\"2365\" data-end=\"2368\" \/>\n<h1 data-section-id=\"fv2e0m\" data-start=\"2370\" data-end=\"2378\">N\u0259tic\u0259<\/h1>\n<p data-start=\"2380\" data-end=\"2405\">M\u00fcnt\u0259z\u0259m istifad\u0259 zaman\u0131:<\/p>\n<ul data-start=\"2407\" data-end=\"2559\">\n<li data-section-id=\"1seg5qg\" data-start=\"2407\" data-end=\"2444\">\n<p data-start=\"2409\" data-end=\"2444\">\u018fll\u0259r daha yum\u015faq v\u0259 elastik olur<\/p>\n<\/li>\n<li data-section-id=\"1474yyb\" data-start=\"2445\" data-end=\"2482\">\n<p data-start=\"2447\" data-end=\"2482\">Quruluq v\u0259 g\u0259rginlik hissi azal\u0131r<\/p>\n<\/li>\n<li data-section-id=\"gkd873\" data-start=\"2483\" data-end=\"2521\">\n<p data-start=\"2485\" data-end=\"2521\">D\u0259ri daha hamar v\u0259 bax\u0131ml\u0131 g\u00f6r\u00fcn\u00fcr<\/p>\n<\/li>\n<li data-section-id=\"1xpam9u\" data-start=\"2522\" data-end=\"2559\">\n<p data-start=\"2524\" data-end=\"2559\">\u018fll\u0259rd\u0259 xo\u015f v\u0259 t\u0259miz hiss yaran\u0131r<\/p>\n<\/li>\n<\/ul>\n<p data-start=\"2561\" data-end=\"2647\">Neutrogena \u0259l kremi g\u00fcnd\u0259lik qulluq rutininin vacib hiss\u0259si kimi istifad\u0259 oluna bil\u0259r.<\/p>\n<hr data-start=\"2649\" data-end=\"2652\" \/>\n<h1 data-section-id=\"i6u0mb\" data-start=\"2654\" data-end=\"2682\">Niy\u0259 bu m\u0259hsulu almal\u0131yam?<\/h1>\n<p data-start=\"2684\" data-end=\"2883\">Neutrogena d\u00fcnya \u00fczr\u0259 dermatoloqlar t\u0259r\u0259find\u0259n t\u00f6vsiy\u0259 olunan etibarl\u0131 d\u0259riy\u0259 qulluq markalar\u0131ndan biridir. Norve\u00e7 formulu il\u0259 haz\u0131rlanan bu krem quru \u0259ll\u0259r \u00fc\u00e7\u00fcn effektiv v\u0259 rahat qulluq t\u0259qdim edir.<\/p>\n<p data-start=\"2885\" data-end=\"2922\">Bu m\u0259hsulu se\u00e7m\u0259k \u00fc\u00e7\u00fcn \u0259sas s\u0259b\u0259bl\u0259r:<\/p>\n<ul data-start=\"2924\" data-end=\"3100\">\n<li data-section-id=\"1icz32\" data-start=\"2924\" data-end=\"2968\">\n<p data-start=\"2926\" data-end=\"2968\">\u00c7ox quru \u0259ll\u0259r \u00fc\u00e7\u00fcn intensiv n\u0259ml\u0259ndirm\u0259<\/p>\n<\/li>\n<li data-section-id=\"1x4cl9w\" data-start=\"2969\" data-end=\"2998\">\n<p data-start=\"2971\" data-end=\"2998\">Konsentrat Norve\u00e7 formulu<\/p>\n<\/li>\n<li data-section-id=\"21y3q2\" data-start=\"2999\" data-end=\"3036\">\n<p data-start=\"3001\" data-end=\"3036\">S\u00fcr\u0259tli sorulma v\u0259 rahat istifad\u0259<\/p>\n<\/li>\n<li data-section-id=\"fyia2b\" data-start=\"3037\" data-end=\"3058\">\n<p data-start=\"3039\" data-end=\"3058\">Xo\u015f \u0259tirli qulluq<\/p>\n<\/li>\n<li data-section-id=\"1kresd3\" data-start=\"3059\" data-end=\"3100\">\n<p data-start=\"3061\" data-end=\"3100\">Tan\u0131nm\u0131\u015f v\u0259 etibarl\u0131 brend keyfiyy\u0259ti<\/p>\n<\/li>\n<\/ul>\n<p data-start=\"3102\" data-end=\"3172\">Bu x\u00fcsusiyy\u0259tl\u0259r m\u0259hsulu g\u00fcnd\u0259lik \u0259l bax\u0131m\u0131 \u00fc\u00e7\u00fcn ideal se\u00e7im\u0259 \u00e7evirir.<\/p>\n<hr data-start=\"3174\" data-end=\"3177\" \/>\n<h1 data-section-id=\"8rcmto\" data-start=\"3179\" data-end=\"3197\">\u0130stifad\u0259 qaydas\u0131<\/h1>\n<ol data-start=\"3199\" data-end=\"3435\">\n<li data-section-id=\"ebok1r\" data-start=\"3199\" data-end=\"3248\">\n<p data-start=\"3202\" data-end=\"3248\">T\u0259miz v\u0259 quru \u0259ll\u0259r\u0259 az miqdarda krem \u00e7\u0259kin.<\/p>\n<\/li>\n<li data-section-id=\"m5s1ne\" data-start=\"3249\" data-end=\"3315\">\n<p data-start=\"3252\" data-end=\"3315\">\u018fl d\u0259risin\u0259 v\u0259 barmaqlara y\u00fcng\u00fcl masaj h\u0259r\u0259k\u0259tl\u0259ri il\u0259 yay\u0131n.<\/p>\n<\/li>\n<li data-section-id=\"qa3bfw\" data-start=\"3316\" data-end=\"3373\">\n<p data-start=\"3319\" data-end=\"3373\">G\u00fcn \u0259rzind\u0259 ehtiyac olduqca istifad\u0259 ed\u0259 bil\u0259rsiniz.<\/p>\n<\/li>\n<li data-section-id=\"12um8rb\" data-start=\"3374\" data-end=\"3435\">\n<p data-start=\"3377\" data-end=\"3435\">X\u00fcsusil\u0259 \u0259l yuduqdan sonra t\u0259tbiq edilm\u0259si t\u00f6vsiy\u0259 olunur.<\/p>\n<\/li>\n<\/ol>\n<hr data-start=\"3437\" data-end=\"3440\" \/>\n<h1 data-section-id=\"1htqakv\" data-start=\"3442\" data-end=\"3448\">Qeyd<\/h1>\n<ul data-start=\"3450\" data-end=\"3618\" data-is-last-node=\"\" data-is-only-node=\"\">\n<li data-section-id=\"11ilav5\" data-start=\"3450\" data-end=\"3485\">\n<p data-start=\"3452\" data-end=\"3485\">Yaln\u0131z xarici istifad\u0259 \u00fc\u00e7\u00fcnd\u00fcr.<\/p>\n<\/li>\n<li data-section-id=\"sj0gom\" data-start=\"3486\" data-end=\"3513\">\n<p data-start=\"3488\" data-end=\"3513\">G\u00f6zl\u0259 t\u0259masdan qa\u00e7\u0131n\u0131n.<\/p>\n<\/li>\n<li data-section-id=\"1xgajev\" data-start=\"3514\" data-end=\"3577\">\n<p data-start=\"3516\" data-end=\"3577\">Q\u0131c\u0131qlanma v\u0259 ya h\u0259ssasl\u0131q yaranarsa istifad\u0259ni dayand\u0131r\u0131n.<\/p>\n<\/li>\n<li data-section-id=\"qae1kq\" data-start=\"3578\" data-end=\"3618\" data-is-last-node=\"\">\n<p data-start=\"3580\" data-end=\"3618\" data-is-last-node=\"\">U\u015faqlar\u0131n \u0259li \u00e7atmayan yerd\u0259 saxlay\u0131n.<\/p>\n<\/li>\n<\/ul>","protected":false},"excerpt":{"rendered":"<p>Neutrogena Norve\u00e7 Formullu \u018ftirli \u018fl Kremi 75 ml \u00e7ox quru \u0259ll\u0259ri intensiv n\u0259ml\u0259ndirir, d\u0259rini yum\u015fald\u0131r v\u0259 xo\u015f \u0259tir il\u0259 uzunm\u00fcdd\u0259tli rahatl\u0131q t\u0259min edir.<\/p>","protected":false},"featured_media":8954,"comment_status":"open","ping_status":"closed","template":"","meta":[],"pwb-brand":[397],"product_cat":[129,154],"product_tag":[331],"class_list":{"0":"post-8953","1":"product","2":"type-product","3":"status-publish","4":"has-post-thumbnail","6":"pwb-brand-neutrogena","7":"product_cat-beden-baximi","8":"product_cat-hand-creams","9":"product_tag-moisturizer","10":"pa_size-75ml","13":"instock","14":"shipping-taxable","15":"purchasable","16":"product-type-simple"},"brands":[{"id":397,"name":"Neutrogena","slug":"neutrogena"}],"_links":{"self":[{"href":"https:\/\/axtarstore.com\/ru\/wp-json\/wp\/v2\/product\/8953"}],"collection":[{"href":"https:\/\/axtarstore.com\/ru\/wp-json\/wp\/v2\/product"}],"about":[{"href":"https:\/\/axtarstore.com\/ru\/wp-json\/wp\/v2\/types\/product"}],"replies":[{"embeddable":true,"href":"https:\/\/axtarstore.com\/ru\/wp-json\/wp\/v2\/comments?post=8953"}],"version-history":[{"count":3,"href":"https:\/\/axtarstore.com\/ru\/wp-json\/wp\/v2\/product\/8953\/revisions"}],"predecessor-version":[{"id":11401,"href":"https:\/\/axtarstore.com\/ru\/wp-json\/wp\/v2\/product\/8953\/revisions\/11401"}],"wp:featuredmedia":[{"embeddable":true,"href":"https:\/\/axtarstore.com\/ru\/wp-json\/wp\/v2\/media\/8954"}],"wp:attachment":[{"href":"https:\/\/axtarstore.com\/ru\/wp-json\/wp\/v2\/media?parent=8953"}],"wp:term":[{"taxonomy":"pwb-brand","embeddable":true,"href":"https:\/\/axtarstore.com\/ru\/wp-json\/wp\/v2\/pwb-brand?post=8953"},{"taxonomy":"product_cat","embeddable":true,"href":"https:\/\/axtarstore.com\/ru\/wp-json\/wp\/v2\/product_cat?post=8953"},{"taxonomy":"product_tag","embeddable":true,"href":"https:\/\/axtarstore.com\/ru\/wp-json\/wp\/v2\/product_tag?post=8953"}],"curies":[{"name":"wp","href":"https:\/\/api.w.org\/{rel}","templated":true}]}}