{"id":8944,"date":"2025-01-18T00:13:28","date_gmt":"2025-01-17T20:13:28","guid":{"rendered":"https:\/\/axtarstore.com\/?post_type=product&#038;p=8944"},"modified":"2026-03-07T22:33:54","modified_gmt":"2026-03-07T18:33:54","slug":"neutrogena-norvec-formullu-etirsiz-el-kremi-75-ml","status":"publish","type":"product","link":"https:\/\/axtarstore.com\/ru\/product\/neutrogena-norvec-formullu-etirsiz-el-kremi-75-ml\/","title":{"rendered":"Neutrogena Norve\u00e7 Form\u00fcl\u00fc El Kremi (Parf\u00fcms\u00fcz) 75 ml"},"content":{"rendered":"<p><strong>Neutrogena Norve\u00e7 Formullu \u018ftirsiz \u018fl Kremi 75 ml<\/strong><\/p>\n<h1 data-section-id=\"o5gupv\" data-start=\"782\" data-end=\"799\">M\u0259hsul haqq\u0131nda<\/h1>\n<p data-start=\"801\" data-end=\"1040\">\u018fll\u0259r g\u00fcnd\u0259lik h\u0259yat\u0131n \u0259n \u00e7ox istifad\u0259 olunan v\u0259 xarici t\u0259sirl\u0259r\u0259 \u0259n \u00e7ox m\u0259ruz qalan hiss\u0259l\u0259rind\u0259n biridir. Tez-tez \u0259l yuma, dezinfeksiyaedici vasit\u0259l\u0259rd\u0259n istifad\u0259, soyuq hava v\u0259 quru m\u00fchit d\u0259rinin t\u0259bii qoruyucu baryerini z\u0259ifl\u0259d\u0259 bil\u0259r.<\/p>\n<p data-start=\"1042\" data-end=\"1212\">Bu t\u0259sirl\u0259r n\u0259tic\u0259sind\u0259 \u0259l d\u0259risi quruyur, kobudla\u015f\u0131r v\u0259 \u00e7atlama riski art\u0131r. X\u00fcsusil\u0259 h\u0259ssas d\u0259riy\u0259 sahib olan insanlar \u00fc\u00e7\u00fcn d\u00fczg\u00fcn qulluq m\u0259hsulunun se\u00e7ilm\u0259si vacibdir.<\/p>\n<p data-start=\"1214\" data-end=\"1460\">Neutrogena Norve\u00e7 Formullu \u018ftirsiz \u018fl Kremi m\u0259hz bu ehtiyaclar\u0131 n\u0259z\u0259r\u0259 alaraq haz\u0131rlanm\u0131\u015fd\u0131r. \u018ftirsiz v\u0259 konsentrat formula d\u0259rini intensiv \u015f\u0259kild\u0259 n\u0259ml\u0259ndirir v\u0259 qoruyur. Eyni zamanda h\u0259ssas d\u0259ri \u00fc\u00e7\u00fcn daha uy\u011fun v\u0259 komfortlu istifad\u0259 t\u0259min edir.<\/p>\n<p data-start=\"1462\" data-end=\"1565\">Kremin y\u00fcng\u00fcl v\u0259 tez sorulan teksturas\u0131 g\u00fcnd\u0259lik istifad\u0259 zaman\u0131 d\u0259rid\u0259 a\u011f\u0131r v\u0259 yap\u0131\u015fqan hiss yaratm\u0131r.<\/p>\n<hr data-start=\"1567\" data-end=\"1570\" \/>\n<h1 data-section-id=\"1303e6l\" data-start=\"1572\" data-end=\"1581\">Problem<\/h1>\n<p data-start=\"1583\" data-end=\"1677\">Quru v\u0259 h\u0259ssas \u0259l d\u0259risi bir \u00e7ox insan \u00fc\u00e7\u00fcn g\u00fcnd\u0259lik narahatl\u0131q yaradan probleml\u0259rd\u0259n biridir.<\/p>\n<p data-start=\"1679\" data-end=\"1706\">\u018fn \u00e7ox rast g\u0259lin\u0259n hallar:<\/p>\n<ul data-start=\"1708\" data-end=\"1856\">\n<li data-section-id=\"1vjzju9\" data-start=\"1708\" data-end=\"1749\">\n<p data-start=\"1710\" data-end=\"1749\">\u018fl d\u0259risinin h\u0259ddind\u0259n art\u0131q qurumas\u0131<\/p>\n<\/li>\n<li data-section-id=\"32pf6t\" data-start=\"1750\" data-end=\"1778\">\n<p data-start=\"1752\" data-end=\"1778\">Kobud v\u0259 s\u0259rt d\u0259ri s\u0259thi<\/p>\n<\/li>\n<li data-section-id=\"fpi6mq\" data-start=\"1779\" data-end=\"1810\">\n<p data-start=\"1781\" data-end=\"1810\">\u00c7atlama v\u0259 q\u0131c\u0131qlanma riski<\/p>\n<\/li>\n<li data-section-id=\"vc05co\" data-start=\"1811\" data-end=\"1856\">\n<p data-start=\"1813\" data-end=\"1856\">Tez-tez \u0259l yuma n\u0259tic\u0259sind\u0259 n\u0259mlik itkisi<\/p>\n<\/li>\n<\/ul>\n<p data-start=\"1858\" data-end=\"1944\">Bu probleml\u0259r d\u0259rinin qoruyucu funksiyas\u0131n\u0131 z\u0259ifl\u0259d\u0259 v\u0259 narahatl\u0131q hissi yarada bil\u0259r.<\/p>\n<hr data-start=\"1946\" data-end=\"1949\" \/>\n<h1 data-section-id=\"1htxxpz\" data-start=\"1951\" data-end=\"1957\">H\u0259ll<\/h1>\n<p data-start=\"1959\" data-end=\"2094\">Neutrogena Norve\u00e7 Formullu \u018ftirsiz \u018fl Kremi quru v\u0259 h\u0259ssas \u0259l d\u0259risi \u00fc\u00e7\u00fcn intensiv qulluq t\u0259min ed\u0259n x\u00fcsusi formula il\u0259 haz\u0131rlanm\u0131\u015fd\u0131r.<\/p>\n<p data-start=\"2096\" data-end=\"2125\">M\u0259hsulun \u0259sas x\u00fcsusiyy\u0259tl\u0259ri:<\/p>\n<ul data-start=\"2127\" data-end=\"2389\">\n<li data-section-id=\"1tj9rf0\" data-start=\"2127\" data-end=\"2175\">\n<p data-start=\"2129\" data-end=\"2175\">Norve\u00e7 formuluna \u0259saslanan g\u00fccl\u00fc n\u0259ml\u0259ndirm\u0259<\/p>\n<\/li>\n<li data-section-id=\"mmlfed\" data-start=\"2176\" data-end=\"2236\">\n<p data-start=\"2178\" data-end=\"2236\">\u018ftirsiz t\u0259rkib say\u0259sind\u0259 h\u0259ssas d\u0259ri \u00fc\u00e7\u00fcn uy\u011fun istifad\u0259<\/p>\n<\/li>\n<li data-section-id=\"19arbju\" data-start=\"2237\" data-end=\"2286\">\n<p data-start=\"2239\" data-end=\"2286\">Quru v\u0259 \u00e7atlam\u0131\u015f d\u0259rinin b\u0259rpas\u0131na k\u00f6m\u0259k edir<\/p>\n<\/li>\n<li data-section-id=\"1n9tstt\" data-start=\"2287\" data-end=\"2360\">\n<p data-start=\"2289\" data-end=\"2360\">Konsentrat formula say\u0259sind\u0259 az miqdarda istifad\u0259 il\u0259 effektiv n\u0259tic\u0259<\/p>\n<\/li>\n<li data-section-id=\"1y12jym\" data-start=\"2361\" data-end=\"2389\">\n<p data-start=\"2363\" data-end=\"2389\">S\u00fcr\u0259tl\u0259 sorulan tekstura<\/p>\n<\/li>\n<\/ul>\n<p data-start=\"2391\" data-end=\"2458\">Bu x\u00fcsusiyy\u0259tl\u0259r kremi g\u00fcnd\u0259lik \u0259l bax\u0131m\u0131 \u00fc\u00e7\u00fcn etibarl\u0131 se\u00e7im edir.<\/p>\n<hr data-start=\"2460\" data-end=\"2463\" \/>\n<h1 data-section-id=\"fv2e0m\" data-start=\"2465\" data-end=\"2473\">N\u0259tic\u0259<\/h1>\n<p data-start=\"2475\" data-end=\"2500\">M\u00fcnt\u0259z\u0259m istifad\u0259 zaman\u0131:<\/p>\n<ul data-start=\"2502\" data-end=\"2660\">\n<li data-section-id=\"ei893n\" data-start=\"2502\" data-end=\"2543\">\n<p data-start=\"2504\" data-end=\"2543\">\u018fl d\u0259risi daha yum\u015faq v\u0259 elastik olur<\/p>\n<\/li>\n<li data-section-id=\"1474yyb\" data-start=\"2544\" data-end=\"2581\">\n<p data-start=\"2546\" data-end=\"2581\">Quruluq v\u0259 g\u0259rginlik hissi azal\u0131r<\/p>\n<\/li>\n<li data-section-id=\"gkd873\" data-start=\"2582\" data-end=\"2620\">\n<p data-start=\"2584\" data-end=\"2620\">D\u0259ri daha hamar v\u0259 bax\u0131ml\u0131 g\u00f6r\u00fcn\u00fcr<\/p>\n<\/li>\n<li data-section-id=\"1dxwghk\" data-start=\"2621\" data-end=\"2660\">\n<p data-start=\"2623\" data-end=\"2660\">H\u0259ssas d\u0259rid\u0259 komfort hissi yaran\u0131r<\/p>\n<\/li>\n<\/ul>\n<p data-start=\"2662\" data-end=\"2720\">Bel\u0259likl\u0259, \u0259ll\u0259r daha sa\u011flam v\u0259 bax\u0131ml\u0131 g\u00f6r\u00fcn\u00fc\u015f \u0259ld\u0259 edir.<\/p>\n<hr data-start=\"2722\" data-end=\"2725\" \/>\n<h1 data-section-id=\"i6u0mb\" data-start=\"2727\" data-end=\"2755\">Niy\u0259 bu m\u0259hsulu almal\u0131yam?<\/h1>\n<p data-start=\"2757\" data-end=\"2975\">Neutrogena dermatoloji bax\u0131mdan etibarl\u0131 v\u0259 d\u00fcnya \u00fczr\u0259 geni\u015f istifad\u0259 olunan d\u0259riy\u0259 qulluq markalar\u0131ndan biridir. Norve\u00e7 formulu il\u0259 haz\u0131rlanan bu \u0259l kremi x\u00fcsusil\u0259 quru v\u0259 h\u0259ssas d\u0259ri \u00fc\u00e7\u00fcn effektiv qulluq t\u0259qdim edir.<\/p>\n<p data-start=\"2977\" data-end=\"3014\">Bu m\u0259hsulu se\u00e7m\u0259k \u00fc\u00e7\u00fcn \u0259sas s\u0259b\u0259bl\u0259r:<\/p>\n<ul data-start=\"3016\" data-end=\"3229\">\n<li data-section-id=\"1tiueeq\" data-start=\"3016\" data-end=\"3070\">\n<p data-start=\"3018\" data-end=\"3070\">\u00c7ox quru v\u0259 h\u0259ssas \u0259ll\u0259r \u00fc\u00e7\u00fcn intensiv n\u0259ml\u0259ndirm\u0259<\/p>\n<\/li>\n<li data-section-id=\"4i4d8f\" data-start=\"3071\" data-end=\"3119\">\n<p data-start=\"3073\" data-end=\"3119\">\u018ftirsiz formula say\u0259sind\u0259 komfortlu istifad\u0259<\/p>\n<\/li>\n<li data-section-id=\"1x4cl9w\" data-start=\"3120\" data-end=\"3149\">\n<p data-start=\"3122\" data-end=\"3149\">Konsentrat Norve\u00e7 formulu<\/p>\n<\/li>\n<li data-section-id=\"21y3q2\" data-start=\"3150\" data-end=\"3187\">\n<p data-start=\"3152\" data-end=\"3187\">S\u00fcr\u0259tli sorulma v\u0259 rahat istifad\u0259<\/p>\n<\/li>\n<li data-section-id=\"1kresd3\" data-start=\"3188\" data-end=\"3229\">\n<p data-start=\"3190\" data-end=\"3229\">Tan\u0131nm\u0131\u015f v\u0259 etibarl\u0131 brend keyfiyy\u0259ti<\/p>\n<\/li>\n<\/ul>\n<p data-start=\"3231\" data-end=\"3313\">Bu x\u00fcsusiyy\u0259tl\u0259r m\u0259hsulu g\u00fcnd\u0259lik \u0259l bax\u0131m\u0131 \u00fc\u00e7\u00fcn uy\u011fun v\u0259 effektiv se\u00e7im\u0259 \u00e7evirir.<\/p>\n<hr data-start=\"3315\" data-end=\"3318\" \/>\n<h1 data-section-id=\"8rcmto\" data-start=\"3320\" data-end=\"3338\">\u0130stifad\u0259 qaydas\u0131<\/h1>\n<ol data-start=\"3340\" data-end=\"3572\">\n<li data-section-id=\"1l0nwco\" data-start=\"3340\" data-end=\"3395\">\n<p data-start=\"3343\" data-end=\"3395\">T\u0259miz v\u0259 quru \u0259ll\u0259r\u0259 az miqdarda krem t\u0259tbiq edin.<\/p>\n<\/li>\n<li data-section-id=\"m5s1ne\" data-start=\"3396\" data-end=\"3462\">\n<p data-start=\"3399\" data-end=\"3462\">\u018fl d\u0259risin\u0259 v\u0259 barmaqlara y\u00fcng\u00fcl masaj h\u0259r\u0259k\u0259tl\u0259ri il\u0259 yay\u0131n.<\/p>\n<\/li>\n<li data-section-id=\"vyqm1q\" data-start=\"3463\" data-end=\"3510\">\n<p data-start=\"3466\" data-end=\"3510\">G\u00fcn \u0259rzind\u0259 ehtiyac olduqda istifad\u0259 edin.<\/p>\n<\/li>\n<li data-section-id=\"12um8rb\" data-start=\"3511\" data-end=\"3572\">\n<p data-start=\"3514\" data-end=\"3572\">X\u00fcsusil\u0259 \u0259l yuduqdan sonra t\u0259tbiq edilm\u0259si t\u00f6vsiy\u0259 olunur.<\/p>\n<\/li>\n<\/ol>\n<hr data-start=\"3574\" data-end=\"3577\" \/>\n<h1 data-section-id=\"1htqakv\" data-start=\"3579\" data-end=\"3585\">Qeyd<\/h1>\n<ul data-start=\"3587\" data-end=\"3755\" data-is-last-node=\"\" data-is-only-node=\"\">\n<li data-section-id=\"11ilav5\" data-start=\"3587\" data-end=\"3622\">\n<p data-start=\"3589\" data-end=\"3622\">Yaln\u0131z xarici istifad\u0259 \u00fc\u00e7\u00fcnd\u00fcr.<\/p>\n<\/li>\n<li data-section-id=\"sj0gom\" data-start=\"3623\" data-end=\"3650\">\n<p data-start=\"3625\" data-end=\"3650\">G\u00f6zl\u0259 t\u0259masdan qa\u00e7\u0131n\u0131n.<\/p>\n<\/li>\n<li data-section-id=\"1xgajev\" data-start=\"3651\" data-end=\"3714\">\n<p data-start=\"3653\" data-end=\"3714\">Q\u0131c\u0131qlanma v\u0259 ya h\u0259ssasl\u0131q yaranarsa istifad\u0259ni dayand\u0131r\u0131n.<\/p>\n<\/li>\n<li data-section-id=\"qae1kq\" data-start=\"3715\" data-end=\"3755\" data-is-last-node=\"\">\n<p data-start=\"3717\" data-end=\"3755\" data-is-last-node=\"\">U\u015faqlar\u0131n \u0259li \u00e7atmayan yerd\u0259 saxlay\u0131n.<\/p>\n<\/li>\n<\/ul>","protected":false},"excerpt":{"rendered":"<p>Neutrogena Norve\u00e7 Formullu \u018ftirsiz \u018fl Kremi 75 ml \u00e7ox quru v\u0259 h\u0259ssas \u0259l d\u0259risi \u00fc\u00e7\u00fcn haz\u0131rlanm\u0131\u015f intensiv n\u0259ml\u0259ndirici kremdir. Konsentrat Norve\u00e7 formulu d\u0259rini d\u0259rind\u0259n qidaland\u0131r\u0131r, s\u00fcr\u0259tl\u0259 sorulur v\u0259 ya\u011fl\u0131 hiss yaratmadan uzunm\u00fcdd\u0259tli qoruma t\u0259min edir.<\/p>","protected":false},"featured_media":8946,"comment_status":"open","ping_status":"closed","template":"","meta":[],"pwb-brand":[397],"product_cat":[129,154],"product_tag":[331],"class_list":{"0":"post-8944","1":"product","2":"type-product","3":"status-publish","4":"has-post-thumbnail","6":"pwb-brand-neutrogena","7":"product_cat-beden-baximi","8":"product_cat-hand-creams","9":"product_tag-moisturizer","10":"pa_size-75ml","13":"instock","14":"shipping-taxable","15":"purchasable","16":"product-type-simple"},"brands":[{"id":397,"name":"Neutrogena","slug":"neutrogena"}],"_links":{"self":[{"href":"https:\/\/axtarstore.com\/ru\/wp-json\/wp\/v2\/product\/8944"}],"collection":[{"href":"https:\/\/axtarstore.com\/ru\/wp-json\/wp\/v2\/product"}],"about":[{"href":"https:\/\/axtarstore.com\/ru\/wp-json\/wp\/v2\/types\/product"}],"replies":[{"embeddable":true,"href":"https:\/\/axtarstore.com\/ru\/wp-json\/wp\/v2\/comments?post=8944"}],"version-history":[{"count":3,"href":"https:\/\/axtarstore.com\/ru\/wp-json\/wp\/v2\/product\/8944\/revisions"}],"predecessor-version":[{"id":11403,"href":"https:\/\/axtarstore.com\/ru\/wp-json\/wp\/v2\/product\/8944\/revisions\/11403"}],"wp:featuredmedia":[{"embeddable":true,"href":"https:\/\/axtarstore.com\/ru\/wp-json\/wp\/v2\/media\/8946"}],"wp:attachment":[{"href":"https:\/\/axtarstore.com\/ru\/wp-json\/wp\/v2\/media?parent=8944"}],"wp:term":[{"taxonomy":"pwb-brand","embeddable":true,"href":"https:\/\/axtarstore.com\/ru\/wp-json\/wp\/v2\/pwb-brand?post=8944"},{"taxonomy":"product_cat","embeddable":true,"href":"https:\/\/axtarstore.com\/ru\/wp-json\/wp\/v2\/product_cat?post=8944"},{"taxonomy":"product_tag","embeddable":true,"href":"https:\/\/axtarstore.com\/ru\/wp-json\/wp\/v2\/product_tag?post=8944"}],"curies":[{"name":"wp","href":"https:\/\/api.w.org\/{rel}","templated":true}]}}