{"id":8941,"date":"2025-01-18T00:00:42","date_gmt":"2025-01-17T20:00:42","guid":{"rendered":"https:\/\/axtarstore.com\/?post_type=product&#038;p=8941"},"modified":"2025-01-18T00:00:42","modified_gmt":"2025-01-17T20:00:42","slug":"neutrogena-norvec-formulu-catlak-topuklar-icin-ayak-kremi-100ml","status":"publish","type":"product","link":"https:\/\/axtarstore.com\/ru\/product\/neutrogena-norvec-formulu-catlak-topuklar-icin-ayak-kremi-100ml\/","title":{"rendered":"Neutrogena Norve\u00e7 Form\u00fcl\u00fc \u00c7atlak Topuklar \u0130\u00e7in Ayak Kremi 100ml"},"content":{"rendered":"<p>Neutrogena\u00ae Norwegian Formula \u00c7atlam\u0131\u015f Daban Ayaq Kremi Faydalar\u0131<br \/>\n\u00c7atlam\u0131\u015f Dabanlar \u00fc\u00e7\u00fcn Neutrogena\u00ae Ayaq Kremi; Quru, z\u0259d\u0259l\u0259nmi\u015f v\u0259 \u00e7atlam\u0131\u015f d\u0259rini intensiv n\u0259ml\u0259ndirir v\u0259 sakitl\u0259\u015fdirir. \u0130lk g\u00fcnd\u0259n g\u00f6r\u00fcn\u0259n n\u0259tic\u0259l\u0259r.<\/p>\n<p>Dermatoloqlarla \u0259m\u0259kda\u015fl\u0131qda haz\u0131rlan\u0131b.<\/p>","protected":false},"excerpt":{"rendered":"<p>Neutrogena\u00ae Norwegian Formula \u00c7atlam\u0131\u015f Daban Ayaq Kremi Faydalar\u0131 \u00c7atlam\u0131\u015f Dabanlar \u00fc\u00e7\u00fcn Neutrogena\u00ae Ayaq Kremi; Quru, z\u0259d\u0259l\u0259nmi\u015f v\u0259 \u00e7atlam\u0131\u015f d\u0259rini intensiv n\u0259ml\u0259ndirir v\u0259 sakitl\u0259\u015fdirir. \u0130lk g\u00fcnd\u0259n g\u00f6r\u00fcn\u0259n n\u0259tic\u0259l\u0259r. Dermatoloqlarla \u0259m\u0259kda\u015fl\u0131qda haz\u0131rlan\u0131b.<\/p>","protected":false},"featured_media":8942,"comment_status":"open","ping_status":"closed","template":"","meta":[],"pwb-brand":[397],"product_cat":[155,129],"product_tag":[300],"class_list":{"0":"post-8941","1":"product","2":"type-product","3":"status-publish","4":"has-post-thumbnail","6":"pwb-brand-neutrogena","7":"product_cat-foot-care","8":"product_cat-beden-baximi","9":"product_tag-bodycare","10":"pa_size-100ml","13":"instock","14":"shipping-taxable","15":"purchasable","16":"product-type-simple"},"brands":[{"id":397,"name":"Neutrogena","slug":"neutrogena"}],"_links":{"self":[{"href":"https:\/\/axtarstore.com\/ru\/wp-json\/wp\/v2\/product\/8941"}],"collection":[{"href":"https:\/\/axtarstore.com\/ru\/wp-json\/wp\/v2\/product"}],"about":[{"href":"https:\/\/axtarstore.com\/ru\/wp-json\/wp\/v2\/types\/product"}],"replies":[{"embeddable":true,"href":"https:\/\/axtarstore.com\/ru\/wp-json\/wp\/v2\/comments?post=8941"}],"version-history":[{"count":1,"href":"https:\/\/axtarstore.com\/ru\/wp-json\/wp\/v2\/product\/8941\/revisions"}],"predecessor-version":[{"id":8943,"href":"https:\/\/axtarstore.com\/ru\/wp-json\/wp\/v2\/product\/8941\/revisions\/8943"}],"wp:featuredmedia":[{"embeddable":true,"href":"https:\/\/axtarstore.com\/ru\/wp-json\/wp\/v2\/media\/8942"}],"wp:attachment":[{"href":"https:\/\/axtarstore.com\/ru\/wp-json\/wp\/v2\/media?parent=8941"}],"wp:term":[{"taxonomy":"pwb-brand","embeddable":true,"href":"https:\/\/axtarstore.com\/ru\/wp-json\/wp\/v2\/pwb-brand?post=8941"},{"taxonomy":"product_cat","embeddable":true,"href":"https:\/\/axtarstore.com\/ru\/wp-json\/wp\/v2\/product_cat?post=8941"},{"taxonomy":"product_tag","embeddable":true,"href":"https:\/\/axtarstore.com\/ru\/wp-json\/wp\/v2\/product_tag?post=8941"}],"curies":[{"name":"wp","href":"https:\/\/api.w.org\/{rel}","templated":true}]}}