{"id":8937,"date":"2025-01-17T23:53:14","date_gmt":"2025-01-17T19:53:14","guid":{"rendered":"https:\/\/axtarstore.com\/?post_type=product&#038;p=8937"},"modified":"2025-01-17T23:58:04","modified_gmt":"2025-01-17T19:58:04","slug":"neutrogena-norvec-formulu-besleyici-bakim-kremi-300-ml","status":"publish","type":"product","link":"https:\/\/axtarstore.com\/ru\/product\/neutrogena-norvec-formulu-besleyici-bakim-kremi-300-ml\/","title":{"rendered":"Neutrogena Norve\u00e7 Form\u00fcl\u00fc Besleyici Bak\u0131m Kremi 300 Ml"},"content":{"rendered":"<p>G\u00fccl\u00fc Qidaland\u0131r\u0131c\u0131 Formula il\u0259 \u00c7ox Quru D\u0259ril\u0259r \u00fc\u00e7\u00fcn bel\u0259 Ani Rahatl\u0131q t\u0259min edir. D\u0259rinin 24 saat n\u0259ml\u0259ndirilm\u0259sini t\u0259min etdiyi v\u0259 g\u0259rginliyi aradan qald\u0131raraq d\u0259rini rahatla\u015fd\u0131rd\u0131\u011f\u0131 klinik olaraq s\u00fcbut edilmi\u015fdir. Onun formulas\u0131 E vitamini il\u0259 z\u0259ngindir. D\u0259ri Bariyerini G\u00fccl\u0259ndirir v\u0259 D\u0259rini Xarici Faktorlardan Qoruyur&#8230;<\/p>","protected":false},"excerpt":{"rendered":"<p>G\u00fccl\u00fc Qidaland\u0131r\u0131c\u0131 Formula il\u0259 \u00c7ox Quru D\u0259ril\u0259r \u00fc\u00e7\u00fcn bel\u0259 Ani Rahatl\u0131q t\u0259min edir. D\u0259rinin 24 saat n\u0259ml\u0259ndirilm\u0259sini t\u0259min etdiyi v\u0259 g\u0259rginliyi aradan qald\u0131raraq d\u0259rini rahatla\u015fd\u0131rd\u0131\u011f\u0131 klinik olaraq s\u00fcbut edilmi\u015fdir. Onun formulas\u0131 E vitamini il\u0259 z\u0259ngindir. D\u0259ri Bariyerini G\u00fccl\u0259ndirir v\u0259 D\u0259rini Xarici Faktorlardan Qoruyur&#8230;<\/p>","protected":false},"featured_media":8938,"comment_status":"open","ping_status":"closed","template":"","meta":[],"pwb-brand":[397],"product_cat":[129,399,127,142,384],"product_tag":[300,331],"class_list":{"0":"post-8937","1":"product","2":"type-product","3":"status-publish","4":"has-post-thumbnail","6":"pwb-brand-neutrogena","7":"product_cat-beden-baximi","8":"product_cat-bdn-nmlndiricisi","9":"product_cat-face-care","10":"product_cat-face-creams","11":"product_cat-uz-nmlndirici-krem","12":"product_tag-bodycare","13":"product_tag-moisturizer","14":"pa_size-300ml","17":"instock","18":"shipping-taxable","19":"purchasable","20":"product-type-simple"},"brands":[{"id":397,"name":"Neutrogena","slug":"neutrogena"}],"_links":{"self":[{"href":"https:\/\/axtarstore.com\/ru\/wp-json\/wp\/v2\/product\/8937"}],"collection":[{"href":"https:\/\/axtarstore.com\/ru\/wp-json\/wp\/v2\/product"}],"about":[{"href":"https:\/\/axtarstore.com\/ru\/wp-json\/wp\/v2\/types\/product"}],"replies":[{"embeddable":true,"href":"https:\/\/axtarstore.com\/ru\/wp-json\/wp\/v2\/comments?post=8937"}],"version-history":[{"count":1,"href":"https:\/\/axtarstore.com\/ru\/wp-json\/wp\/v2\/product\/8937\/revisions"}],"predecessor-version":[{"id":8940,"href":"https:\/\/axtarstore.com\/ru\/wp-json\/wp\/v2\/product\/8937\/revisions\/8940"}],"wp:featuredmedia":[{"embeddable":true,"href":"https:\/\/axtarstore.com\/ru\/wp-json\/wp\/v2\/media\/8938"}],"wp:attachment":[{"href":"https:\/\/axtarstore.com\/ru\/wp-json\/wp\/v2\/media?parent=8937"}],"wp:term":[{"taxonomy":"pwb-brand","embeddable":true,"href":"https:\/\/axtarstore.com\/ru\/wp-json\/wp\/v2\/pwb-brand?post=8937"},{"taxonomy":"product_cat","embeddable":true,"href":"https:\/\/axtarstore.com\/ru\/wp-json\/wp\/v2\/product_cat?post=8937"},{"taxonomy":"product_tag","embeddable":true,"href":"https:\/\/axtarstore.com\/ru\/wp-json\/wp\/v2\/product_tag?post=8937"}],"curies":[{"name":"wp","href":"https:\/\/api.w.org\/{rel}","templated":true}]}}