{"id":8933,"date":"2025-01-17T23:44:23","date_gmt":"2025-01-17T19:44:23","guid":{"rendered":"https:\/\/axtarstore.com\/?post_type=product&#038;p=8933"},"modified":"2025-01-17T23:44:23","modified_gmt":"2025-01-17T19:44:23","slug":"neutrogena-besleyici-ayak-kremi-100-ml","status":"publish","type":"product","link":"https:\/\/axtarstore.com\/ru\/product\/neutrogena-besleyici-ayak-kremi-100-ml\/","title":{"rendered":"Neutrogena Besleyici Ayak Kremi 100 ml"},"content":{"rendered":"<p>\u2022 Neutrogena Norwegian Formula Qidaland\u0131r\u0131c\u0131 Ayaq Kremi h\u0259tta \u00e7ox qurumu\u015f ayaqlar\u0131 d\u0259rhal sakitl\u0259\u015fdirm\u0259k v\u0259 rahatla\u015fd\u0131rmaq \u00fc\u00e7\u00fcn intensiv \u015f\u0259kild\u0259 n\u0259ml\u0259ndirir.<br \/>\n\u2022 Dermatoloqlarla birlikd\u0259 haz\u0131rlanm\u0131\u015f qliserinl\u0259 z\u0259nginl\u0259\u015fdirilmi\u015f formulas\u0131 say\u0259sind\u0259 24 saat n\u0259ml\u0259ndirir.<br \/>\n\u2022 Ayaqlarda b\u0259rkimi\u015f, kobud nahiy\u0259l\u0259rin v\u0259 \u00e7atlar\u0131n \u0259m\u0259l\u0259 g\u0259lm\u0259sinin qar\u015f\u0131s\u0131n\u0131 al\u0131r.<br \/>\n\u2022 Ayaqlar\u0131n\u0131z \u00f6z\u00fcn\u00fc rahat hiss ed\u0259c\u0259k v\u0259 uzun m\u00fcdd\u0259t yum\u015faq v\u0259 hamar qurulu\u015funu saxlayacaq.<br \/>\n\u2022 Ya\u011fs\u0131z v\u0259 yap\u0131\u015fmayan qurulu\u015fu l\u0259k\u0259 qoymur.<br \/>\n\u2022 Dermatoloq t\u0259r\u0259find\u0259n s\u0131naqdan ke\u00e7irilmi\u015fdir.<\/p>","protected":false},"excerpt":{"rendered":"<p>\u2022 Neutrogena Norwegian Formula Qidaland\u0131r\u0131c\u0131 Ayaq Kremi h\u0259tta \u00e7ox qurumu\u015f ayaqlar\u0131 d\u0259rhal sakitl\u0259\u015fdirm\u0259k v\u0259 rahatla\u015fd\u0131rmaq \u00fc\u00e7\u00fcn intensiv \u015f\u0259kild\u0259 n\u0259ml\u0259ndirir. \u2022 Dermatoloqlarla birlikd\u0259 haz\u0131rlanm\u0131\u015f qliserinl\u0259 z\u0259nginl\u0259\u015fdirilmi\u015f formulas\u0131 say\u0259sind\u0259 24 saat n\u0259ml\u0259ndirir. \u2022 Ayaqlarda b\u0259rkimi\u015f, kobud nahiy\u0259l\u0259rin v\u0259 \u00e7atlar\u0131n \u0259m\u0259l\u0259 g\u0259lm\u0259sinin qar\u015f\u0131s\u0131n\u0131 al\u0131r. \u2022 Ayaqlar\u0131n\u0131z \u00f6z\u00fcn\u00fc rahat hiss ed\u0259c\u0259k v\u0259 uzun m\u00fcdd\u0259t yum\u015faq v\u0259 hamar qurulu\u015funu saxlayacaq. &hellip; <a href=\"https:\/\/axtarstore.com\/ru\/product\/neutrogena-besleyici-ayak-kremi-100-ml\/\" class=\"more-link\">Continue reading <span class=\"screen-reader-text\">Neutrogena Besleyici Ayak Kremi 100 ml<\/span><\/a><\/p>","protected":false},"featured_media":8934,"comment_status":"open","ping_status":"closed","template":"","meta":[],"pwb-brand":[397],"product_cat":[155,129],"product_tag":[300],"class_list":{"0":"post-8933","1":"product","2":"type-product","3":"status-publish","4":"has-post-thumbnail","6":"pwb-brand-neutrogena","7":"product_cat-foot-care","8":"product_cat-beden-baximi","9":"product_tag-bodycare","10":"pa_size-100ml","13":"instock","14":"shipping-taxable","15":"purchasable","16":"product-type-simple"},"brands":[{"id":397,"name":"Neutrogena","slug":"neutrogena"}],"_links":{"self":[{"href":"https:\/\/axtarstore.com\/ru\/wp-json\/wp\/v2\/product\/8933"}],"collection":[{"href":"https:\/\/axtarstore.com\/ru\/wp-json\/wp\/v2\/product"}],"about":[{"href":"https:\/\/axtarstore.com\/ru\/wp-json\/wp\/v2\/types\/product"}],"replies":[{"embeddable":true,"href":"https:\/\/axtarstore.com\/ru\/wp-json\/wp\/v2\/comments?post=8933"}],"version-history":[{"count":1,"href":"https:\/\/axtarstore.com\/ru\/wp-json\/wp\/v2\/product\/8933\/revisions"}],"predecessor-version":[{"id":8936,"href":"https:\/\/axtarstore.com\/ru\/wp-json\/wp\/v2\/product\/8933\/revisions\/8936"}],"wp:featuredmedia":[{"embeddable":true,"href":"https:\/\/axtarstore.com\/ru\/wp-json\/wp\/v2\/media\/8934"}],"wp:attachment":[{"href":"https:\/\/axtarstore.com\/ru\/wp-json\/wp\/v2\/media?parent=8933"}],"wp:term":[{"taxonomy":"pwb-brand","embeddable":true,"href":"https:\/\/axtarstore.com\/ru\/wp-json\/wp\/v2\/pwb-brand?post=8933"},{"taxonomy":"product_cat","embeddable":true,"href":"https:\/\/axtarstore.com\/ru\/wp-json\/wp\/v2\/product_cat?post=8933"},{"taxonomy":"product_tag","embeddable":true,"href":"https:\/\/axtarstore.com\/ru\/wp-json\/wp\/v2\/product_tag?post=8933"}],"curies":[{"name":"wp","href":"https:\/\/api.w.org\/{rel}","templated":true}]}}