{"id":8927,"date":"2025-01-17T23:15:48","date_gmt":"2025-01-17T19:15:48","guid":{"rendered":"https:\/\/axtarstore.com\/?post_type=product&#038;p=8927"},"modified":"2025-01-17T23:15:48","modified_gmt":"2025-01-17T19:15:48","slug":"neutrogena-hydro-boost-gel-cream-50ml","status":"publish","type":"product","link":"https:\/\/axtarstore.com\/ru\/product\/neutrogena-hydro-boost-gel-cream-50ml\/","title":{"rendered":"Neutrogena Hydro Boost Gel Cream 50ml"},"content":{"rendered":"<p>Neutrogena Hydro Boost Hyaluron Acid Qidaland\u0131r\u0131c\u0131 Krem. Bu z\u0259ngin v\u0259 sakitl\u0259\u015fdirici qidaland\u0131r\u0131c\u0131 krem \u200b\u200bd\u0259riy\u0259 uy\u011fun inqrediyentl\u0259rl\u0259 z\u0259nginl\u0259\u015fdirilmi\u015fdir &#8211; Hialuron tur\u015fusu, amin tur\u015fular\u0131, elektrolitl\u0259r v\u0259 keramid 5 d\u0259f\u0259 daha \u00e7ox n\u0259ml\u0259ndirm\u0259* t\u0259min edir v\u0259 d\u0259rinin n\u0259m baryerini g\u00fccl\u0259ndirm\u0259y\u0259 k\u00f6m\u0259k edir.<\/p>\n<p>Susuzla\u015fm\u0131\u015f d\u0259rini doldurur v\u0259 t\u0259rav\u0259tli, dol\u011fun, parlaq d\u0259ri \u00fc\u00e7\u00fcn canl\u0131l\u0131\u011f\u0131 b\u0259rpa edir. \u018ftirsiz v\u0259 ya r\u0259ngl\u0259ndirici olmadan haz\u0131rlanm\u0131\u015f bu z\u0259rif t\u0259rkib quru d\u0259rini sakitl\u0259\u015fdirm\u0259k \u00fc\u00e7\u00fcn b\u0259d\u0259nd\u0259 t\u0259bii olaraq meydana g\u0259l\u0259n Seramid v\u0259 dig\u0259r lipidl\u0259rl\u0259 z\u0259nginl\u0259\u015fdirilmi\u015fdir.<\/p>\n<p>&nbsp;<\/p>\n<p>T\u0259rkibi :<\/p>\n<p>Su, qliserin, izopropil palmitat, setil spirti, cetearil olivat, sorbitan olivat, C10-30 xolesterin\/lanosterol efirl\u0259ri, kaprilil qlikol, etilheksilgliserin, betain, dimetikon, palmitik tur\u015fu, stearin tur\u015fusu, polyakolli, gliserin tur\u015fusu Natrium PCA, fruktoza, natrium hialuronat, natrium laktat, karbamid, natrium hidroksid, limon tur\u015fusu, PCA, 1,2-heksandiol, maltoza, seramid NP, serin, alanin, natrium xlorid, trehaloza, glisin, allantoin, glisin, allantoin, , Arginin, Treonin, Tropolon, Ql\u00fckoza, Prolin<\/p>","protected":false},"excerpt":{"rendered":"<p>Neutrogena Hydro Boost Hyaluron Acid Qidaland\u0131r\u0131c\u0131 Krem. Bu z\u0259ngin v\u0259 sakitl\u0259\u015fdirici qidaland\u0131r\u0131c\u0131 krem \u200b\u200bd\u0259riy\u0259 uy\u011fun inqrediyentl\u0259rl\u0259 z\u0259nginl\u0259\u015fdirilmi\u015fdir &#8211; Hialuron tur\u015fusu, amin tur\u015fular\u0131, elektrolitl\u0259r v\u0259 keramid 5 d\u0259f\u0259 daha \u00e7ox n\u0259ml\u0259ndirm\u0259* t\u0259min edir v\u0259 d\u0259rinin n\u0259m baryerini g\u00fccl\u0259ndirm\u0259y\u0259 k\u00f6m\u0259k edir. Susuzla\u015fm\u0131\u015f d\u0259rini doldurur v\u0259 t\u0259rav\u0259tli, dol\u011fun, parlaq d\u0259ri \u00fc\u00e7\u00fcn canl\u0131l\u0131\u011f\u0131 b\u0259rpa edir. \u018ftirsiz v\u0259 ya r\u0259ngl\u0259ndirici &hellip; <a href=\"https:\/\/axtarstore.com\/ru\/product\/neutrogena-hydro-boost-gel-cream-50ml\/\" class=\"more-link\">Continue reading <span class=\"screen-reader-text\">Neutrogena Hydro Boost Gel Cream 50ml<\/span><\/a><\/p>","protected":false},"featured_media":8928,"comment_status":"open","ping_status":"closed","template":"","meta":[],"pwb-brand":[397],"product_cat":[127,142,384],"product_tag":[294,333,293],"class_list":{"0":"post-8927","1":"product","2":"type-product","3":"status-publish","4":"has-post-thumbnail","6":"pwb-brand-neutrogena","7":"product_cat-face-care","8":"product_cat-face-creams","9":"product_cat-uz-nmlndirici-krem","10":"product_tag-face","11":"product_tag-face-moisturiser","12":"product_tag-facecare","13":"pa_size-50ml","16":"instock","17":"shipping-taxable","18":"purchasable","19":"product-type-simple"},"brands":[{"id":397,"name":"Neutrogena","slug":"neutrogena"}],"_links":{"self":[{"href":"https:\/\/axtarstore.com\/ru\/wp-json\/wp\/v2\/product\/8927"}],"collection":[{"href":"https:\/\/axtarstore.com\/ru\/wp-json\/wp\/v2\/product"}],"about":[{"href":"https:\/\/axtarstore.com\/ru\/wp-json\/wp\/v2\/types\/product"}],"replies":[{"embeddable":true,"href":"https:\/\/axtarstore.com\/ru\/wp-json\/wp\/v2\/comments?post=8927"}],"version-history":[{"count":1,"href":"https:\/\/axtarstore.com\/ru\/wp-json\/wp\/v2\/product\/8927\/revisions"}],"predecessor-version":[{"id":8932,"href":"https:\/\/axtarstore.com\/ru\/wp-json\/wp\/v2\/product\/8927\/revisions\/8932"}],"wp:featuredmedia":[{"embeddable":true,"href":"https:\/\/axtarstore.com\/ru\/wp-json\/wp\/v2\/media\/8928"}],"wp:attachment":[{"href":"https:\/\/axtarstore.com\/ru\/wp-json\/wp\/v2\/media?parent=8927"}],"wp:term":[{"taxonomy":"pwb-brand","embeddable":true,"href":"https:\/\/axtarstore.com\/ru\/wp-json\/wp\/v2\/pwb-brand?post=8927"},{"taxonomy":"product_cat","embeddable":true,"href":"https:\/\/axtarstore.com\/ru\/wp-json\/wp\/v2\/product_cat?post=8927"},{"taxonomy":"product_tag","embeddable":true,"href":"https:\/\/axtarstore.com\/ru\/wp-json\/wp\/v2\/product_tag?post=8927"}],"curies":[{"name":"wp","href":"https:\/\/api.w.org\/{rel}","templated":true}]}}