{"id":8916,"date":"2025-01-15T01:54:49","date_gmt":"2025-01-14T21:54:49","guid":{"rendered":"https:\/\/axtarstore.com\/?post_type=product&#038;p=8916"},"modified":"2025-01-15T01:55:38","modified_gmt":"2025-01-14T21:55:38","slug":"neutrogena-hydro-boost-uc-etkili-micellar-water-400-ml","status":"publish","type":"product","link":"https:\/\/axtarstore.com\/ru\/product\/neutrogena-hydro-boost-uc-etkili-micellar-water-400-ml\/","title":{"rendered":"Neutrogena Hydro Boost  \u00dc\u00e7 Etkili Micellar Water &#8211; 400 ml"},"content":{"rendered":"<p>G\u00fccl\u00fc v\u0259 d\u0259rin n\u0259ml\u0259ndirm\u0259ni k\u0259\u015ff edin! N\u0259mlik sa\u011flam g\u00f6r\u00fcn\u0259n d\u0259rinin t\u0259m\u0259lidir, lakin yuxu olmamas\u0131, stress v\u0259 kifay\u0259t q\u0259d\u0259r su i\u00e7m\u0259m\u0259k kimi faktorlar d\u0259rinin susuzla\u015fmas\u0131na, mat v\u0259 yor\u011fun g\u00f6r\u00fcnm\u0259sin\u0259 s\u0259b\u0259b ola bil\u0259r. Neutrogena Hydro Boost \u00fc\u00e7l\u00fc effektli micellar suyu d\u0259rinizd\u0259ki makiyaj\u0131 v\u0259 kiri yum\u015faq bir \u015f\u0259kild\u0259 t\u0259mizl\u0259yir. O, h\u0259m\u00e7inin d\u0259rinizi ehtiyac duydu\u011fu h\u0259yati n\u0259m d\u0259st\u0259yi il\u0259 yenil\u0259y\u0259n v\u0259 qidaland\u0131ran unikal t\u0259mizl\u0259yicidir. Hialuron tur\u015fusu v\u0259 3 n\u00f6v miselyar molekuldan ibar\u0259t olan neutrogena hydro boost \u00fc\u00e7l\u00fc effektli misel suyu d\u0259rinin t\u0259bii n\u0259mini tutmaq \u00fc\u00e7\u00fcn mane\u0259 yaradaraq d\u0259rinizi qoruyur, eyni zamanda h\u0259tta suya davaml\u0131 tu\u015f v\u0259 pomadan\u0131 effektiv \u015f\u0259kild\u0259 t\u0259mizl\u0259yir. N\u0259mli v\u0259 elastik d\u0259ri \u00fc\u00e7\u00fcn Neutrogena Hydro Boost \u00fc\u00e7 effektli miselyar suyunu bu g\u00fcn n\u0259ml\u0259ndirici rutininizin bir hiss\u0259sin\u0259 \u00e7evirin.<\/p>\n<p>&nbsp;<\/p>\n<p>T\u0259rkibi: aqua, peg-6 kapril\/kaprilik qliseridl\u0259r, polisorbat 20, butilen qlikol, peg-8, natrium hialuronat, poloksamer 407, disodium, edta, limon tur\u015fusu, bht, natrium benzoata, pamb\u0131q yastiqciqlar \u00fcz\u00fcn\u00fcz\u0259 v\u0259 \u0259ll\u0259riniz\u0259 \u00e7\u0259kin. Durulama t\u0259l\u0259b etmir. T\u0259hl\u00fck\u0259sizlik m\u0259sl\u0259h\u0259ti: Yaln\u0131z xarici istifad\u0259 \u00fc\u00e7\u00fcn. U\u015faqlar\u0131n \u0259li \u00e7atmayan yerd\u0259 saxlay\u0131n. \u0130nsanlarla t\u0259masdan \u00e7\u0259kinin.<\/p>","protected":false},"excerpt":{"rendered":"<p>G\u00fccl\u00fc v\u0259 d\u0259rin n\u0259ml\u0259ndirm\u0259ni k\u0259\u015ff edin! N\u0259mlik sa\u011flam g\u00f6r\u00fcn\u0259n d\u0259rinin t\u0259m\u0259lidir, lakin yuxu olmamas\u0131, stress v\u0259 kifay\u0259t q\u0259d\u0259r su i\u00e7m\u0259m\u0259k kimi faktorlar d\u0259rinin susuzla\u015fmas\u0131na, mat v\u0259 yor\u011fun g\u00f6r\u00fcnm\u0259sin\u0259 s\u0259b\u0259b ola bil\u0259r. Neutrogena Hydro Boost \u00fc\u00e7l\u00fc effektli micellar suyu d\u0259rinizd\u0259ki makiyaj\u0131 v\u0259 kiri yum\u015faq bir \u015f\u0259kild\u0259 t\u0259mizl\u0259yir. O, h\u0259m\u00e7inin d\u0259rinizi ehtiyac duydu\u011fu h\u0259yati n\u0259m d\u0259st\u0259yi il\u0259 &hellip; <a href=\"https:\/\/axtarstore.com\/ru\/product\/neutrogena-hydro-boost-uc-etkili-micellar-water-400-ml\/\" class=\"more-link\">Continue reading <span class=\"screen-reader-text\">Neutrogena Hydro Boost  \u00dc\u00e7 Etkili Micellar Water &#8211; 400 ml<\/span><\/a><\/p>","protected":false},"featured_media":8924,"comment_status":"open","ping_status":"closed","template":"","meta":[],"pwb-brand":[397],"product_cat":[149,127,150],"product_tag":[293],"class_list":{"0":"post-8916","1":"product","2":"type-product","3":"status-publish","4":"has-post-thumbnail","6":"pwb-brand-neutrogena","7":"product_cat-makeup-remover","8":"product_cat-face-care","9":"product_cat-face-toner","10":"product_tag-facecare","11":"pa_size-400ml","14":"instock","15":"shipping-taxable","16":"purchasable","17":"product-type-simple"},"brands":[{"id":397,"name":"Neutrogena","slug":"neutrogena"}],"_links":{"self":[{"href":"https:\/\/axtarstore.com\/ru\/wp-json\/wp\/v2\/product\/8916"}],"collection":[{"href":"https:\/\/axtarstore.com\/ru\/wp-json\/wp\/v2\/product"}],"about":[{"href":"https:\/\/axtarstore.com\/ru\/wp-json\/wp\/v2\/types\/product"}],"replies":[{"embeddable":true,"href":"https:\/\/axtarstore.com\/ru\/wp-json\/wp\/v2\/comments?post=8916"}],"version-history":[{"count":1,"href":"https:\/\/axtarstore.com\/ru\/wp-json\/wp\/v2\/product\/8916\/revisions"}],"predecessor-version":[{"id":8923,"href":"https:\/\/axtarstore.com\/ru\/wp-json\/wp\/v2\/product\/8916\/revisions\/8923"}],"wp:featuredmedia":[{"embeddable":true,"href":"https:\/\/axtarstore.com\/ru\/wp-json\/wp\/v2\/media\/8924"}],"wp:attachment":[{"href":"https:\/\/axtarstore.com\/ru\/wp-json\/wp\/v2\/media?parent=8916"}],"wp:term":[{"taxonomy":"pwb-brand","embeddable":true,"href":"https:\/\/axtarstore.com\/ru\/wp-json\/wp\/v2\/pwb-brand?post=8916"},{"taxonomy":"product_cat","embeddable":true,"href":"https:\/\/axtarstore.com\/ru\/wp-json\/wp\/v2\/product_cat?post=8916"},{"taxonomy":"product_tag","embeddable":true,"href":"https:\/\/axtarstore.com\/ru\/wp-json\/wp\/v2\/product_tag?post=8916"}],"curies":[{"name":"wp","href":"https:\/\/api.w.org\/{rel}","templated":true}]}}