{"id":8912,"date":"2025-01-15T01:46:47","date_gmt":"2025-01-14T21:46:47","guid":{"rendered":"https:\/\/axtarstore.com\/?post_type=product&#038;p=8912"},"modified":"2025-01-15T01:46:47","modified_gmt":"2025-01-14T21:46:47","slug":"neutrogena-hydro-boost-puruzsuzlestirici-peeling-jel-150-ml","status":"publish","type":"product","link":"https:\/\/axtarstore.com\/ru\/product\/neutrogena-hydro-boost-puruzsuzlestirici-peeling-jel-150-ml\/","title":{"rendered":"Neutrogena Hydro Boost P\u00fcr\u00fczs\u00fczle\u015ftirici Peeling Jel 150 ml"},"content":{"rendered":"<p>Neutrogena Canland\u0131r\u0131c\u0131 G\u00fcnd\u0259lik Peeling Gel 150 ml &#8211; Neutrogena\u00ae Canland\u0131r\u0131c\u0131 G\u00fcnd\u0259lik Peeling Gelinin Faydalar\u0131<br \/>\nNeutrogena\u00ae Canland\u0131r\u0131c\u0131 G\u00fcnd\u0259lik Peeling Gel<\/p>\n<p>H\u0259r g\u00fcn t\u0259miz, t\u0259rav\u0259tli v\u0259 parlaq d\u0259ri \u00fc\u00e7\u00fcn canland\u0131r\u0131c\u0131 g\u00fcnd\u0259lik peeling geli.<\/p>\n<p>Neutrogena\u00ae Canland\u0131r\u0131c\u0131 G\u00fcnd\u0259lik Peeling Gel X\u00fcsusiyy\u0259tl\u0259ri<br \/>\nT\u0259rav\u0259tl\u0259ndirici soyma geli g\u00fccl\u00fc MicroClear\u00ae texnologiyas\u0131 v\u0259 t\u0259bii m\u0259n\u015f\u0259li a\u015f\u0131nd\u0131r\u0131c\u0131larla d\u0259rini h\u0259rt\u0259r\u0259fli t\u0259mizl\u0259m\u0259kl\u0259 d\u0259ri q\u00fcsurlar\u0131n\u0131 azaltma\u011fa v\u0259 onlar\u0131n t\u0259krar yaranmas\u0131n\u0131n qar\u015f\u0131s\u0131n\u0131 alma\u011fa k\u00f6m\u0259k edir.<br \/>\nT\u0131xanm\u0131\u015f d\u0259rini a\u00e7\u0131r v\u0259 d\u0259rini qurutmadan yum\u015faq bir \u015f\u0259kild\u0259 t\u0259mizl\u0259yir. \u00c7\u0259hray\u0131 qreypfrutun \u0259tri hissl\u0259rinizi stimulla\u015fd\u0131r\u0131r v\u0259 d\u0259riy\u0259 t\u0259rav\u0259t hissi b\u0259x\u015f edir.<\/p>","protected":false},"excerpt":{"rendered":"<p>Neutrogena Canland\u0131r\u0131c\u0131 G\u00fcnd\u0259lik Peeling Gel 150 ml &#8211; Neutrogena\u00ae Canland\u0131r\u0131c\u0131 G\u00fcnd\u0259lik Peeling Gelinin Faydalar\u0131 Neutrogena\u00ae Canland\u0131r\u0131c\u0131 G\u00fcnd\u0259lik Peeling Gel H\u0259r g\u00fcn t\u0259miz, t\u0259rav\u0259tli v\u0259 parlaq d\u0259ri \u00fc\u00e7\u00fcn canland\u0131r\u0131c\u0131 g\u00fcnd\u0259lik peeling geli. Neutrogena\u00ae Canland\u0131r\u0131c\u0131 G\u00fcnd\u0259lik Peeling Gel X\u00fcsusiyy\u0259tl\u0259ri T\u0259rav\u0259tl\u0259ndirici soyma geli g\u00fccl\u00fc MicroClear\u00ae texnologiyas\u0131 v\u0259 t\u0259bii m\u0259n\u015f\u0259li a\u015f\u0131nd\u0131r\u0131c\u0131larla d\u0259rini h\u0259rt\u0259r\u0259fli t\u0259mizl\u0259m\u0259kl\u0259 d\u0259ri q\u00fcsurlar\u0131n\u0131 azaltma\u011fa v\u0259 onlar\u0131n &hellip; <a href=\"https:\/\/axtarstore.com\/ru\/product\/neutrogena-hydro-boost-puruzsuzlestirici-peeling-jel-150-ml\/\" class=\"more-link\">Continue reading <span class=\"screen-reader-text\">Neutrogena Hydro Boost P\u00fcr\u00fczs\u00fczle\u015ftirici Peeling Jel 150 ml<\/span><\/a><\/p>","protected":false},"featured_media":8913,"comment_status":"open","ping_status":"closed","template":"","meta":[],"pwb-brand":[397],"product_cat":[157,383,127,351,146],"product_tag":[293,352],"class_list":{"0":"post-8912","1":"product","2":"type-product","3":"status-publish","4":"has-post-thumbnail","6":"pwb-brand-neutrogena","7":"product_cat-body-scrub","8":"product_cat-peeling","9":"product_cat-face-care","10":"product_cat-uz-peeling-gell","11":"product_cat-face-scrub","12":"product_tag-facecare","13":"product_tag-peeling-gell","14":"pa_size-150ml","17":"instock","18":"shipping-taxable","19":"purchasable","20":"product-type-simple"},"brands":[{"id":397,"name":"Neutrogena","slug":"neutrogena"}],"_links":{"self":[{"href":"https:\/\/axtarstore.com\/ru\/wp-json\/wp\/v2\/product\/8912"}],"collection":[{"href":"https:\/\/axtarstore.com\/ru\/wp-json\/wp\/v2\/product"}],"about":[{"href":"https:\/\/axtarstore.com\/ru\/wp-json\/wp\/v2\/types\/product"}],"replies":[{"embeddable":true,"href":"https:\/\/axtarstore.com\/ru\/wp-json\/wp\/v2\/comments?post=8912"}],"version-history":[{"count":1,"href":"https:\/\/axtarstore.com\/ru\/wp-json\/wp\/v2\/product\/8912\/revisions"}],"predecessor-version":[{"id":8915,"href":"https:\/\/axtarstore.com\/ru\/wp-json\/wp\/v2\/product\/8912\/revisions\/8915"}],"wp:featuredmedia":[{"embeddable":true,"href":"https:\/\/axtarstore.com\/ru\/wp-json\/wp\/v2\/media\/8913"}],"wp:attachment":[{"href":"https:\/\/axtarstore.com\/ru\/wp-json\/wp\/v2\/media?parent=8912"}],"wp:term":[{"taxonomy":"pwb-brand","embeddable":true,"href":"https:\/\/axtarstore.com\/ru\/wp-json\/wp\/v2\/pwb-brand?post=8912"},{"taxonomy":"product_cat","embeddable":true,"href":"https:\/\/axtarstore.com\/ru\/wp-json\/wp\/v2\/product_cat?post=8912"},{"taxonomy":"product_tag","embeddable":true,"href":"https:\/\/axtarstore.com\/ru\/wp-json\/wp\/v2\/product_tag?post=8912"}],"curies":[{"name":"wp","href":"https:\/\/api.w.org\/{rel}","templated":true}]}}