{"id":8903,"date":"2025-01-15T01:40:46","date_gmt":"2025-01-14T21:40:46","guid":{"rendered":"https:\/\/axtarstore.com\/?post_type=product&#038;p=8903"},"modified":"2025-01-15T01:40:46","modified_gmt":"2025-01-14T21:40:46","slug":"neutrogena-hydro-boost-nemlendirici-hafif-krem-spf-25-50-ml","status":"publish","type":"product","link":"https:\/\/axtarstore.com\/ru\/product\/neutrogena-hydro-boost-nemlendirici-hafif-krem-spf-25-50-ml\/","title":{"rendered":"Neutrogena Hydro Boost Nemlendirici Hafif Krem SPF 25 50 ml"},"content":{"rendered":"<p>Neutrogena\u00ae Hydro Boost\u00ae City Shield N\u0259ml\u0259ndirici Y\u00fcng\u00fcl Krem SPF 25; \u2022 G\u00fccl\u00fc n\u0259ml\u0259ndirm\u0259 t\u0259min edir v\u0259 d\u0259rinin m\u00fcdafi\u0259 mexanizmini g\u00fccl\u0259ndirir: T\u0259rkibind\u0259 hialuron tur\u015fusu olan bu y\u00fcng\u00fcl krem \u200b\u200bd\u0259rini intensiv n\u0259ml\u0259ndirm\u0259kl\u0259 yana\u015f\u0131, d\u0259rinin qoruyucu sip\u0259rini d\u0259 h\u0259r g\u00fcn g\u00fccl\u0259ndir\u0259r\u0259k d\u0259rinin \u00f6z\u00fcn\u00fc xarici amill\u0259rd\u0259n effektiv \u015f\u0259kild\u0259 m\u00fcdafi\u0259 etm\u0259sin\u0259 \u015f\u0259rait yarad\u0131r. \u2022 D\u0259rini havan\u0131n \u00e7irkl\u0259nm\u0259sin\u0259 qar\u015f\u0131 qoruma\u011fa k\u00f6m\u0259k edir: t\u0259rkibind\u0259ki antioksidant t\u0259rkibli formul d\u0259rini havan\u0131n \u00e7irkl\u0259nm\u0259sinin yaratd\u0131\u011f\u0131 z\u0259r\u0259rd\u0259n qoruma\u011fa v\u0259 onun g\u0259nc par\u0131lt\u0131s\u0131n\u0131 qoruma\u011fa k\u00f6m\u0259k edir. \u2022 G\u00fcn\u0259\u015fin z\u0259d\u0259l\u0259nm\u0259sin\u0259 qar\u015f\u0131 qorunma t\u0259min edir: T\u0259rkibind\u0259ki Helioplex\u00ae texnologiyas\u0131 il\u0259 d\u0259rinin vaxt\u0131ndan \u0259vv\u0259l qocalmas\u0131na s\u0259b\u0259b olan z\u0259r\u0259rli UVB v\u0259 UVA \u015f\u00fcalar\u0131na qar\u015f\u0131 \u00fcst\u00fcn qoruma t\u0259min edir.<\/p>","protected":false},"excerpt":{"rendered":"<p>Neutrogena\u00ae Hydro Boost\u00ae City Shield N\u0259ml\u0259ndirici Y\u00fcng\u00fcl Krem SPF 25; \u2022 G\u00fccl\u00fc n\u0259ml\u0259ndirm\u0259 t\u0259min edir v\u0259 d\u0259rinin m\u00fcdafi\u0259 mexanizmini g\u00fccl\u0259ndirir: T\u0259rkibind\u0259 hialuron tur\u015fusu olan bu y\u00fcng\u00fcl krem \u200b\u200bd\u0259rini intensiv n\u0259ml\u0259ndirm\u0259kl\u0259 yana\u015f\u0131, d\u0259rinin qoruyucu sip\u0259rini d\u0259 h\u0259r g\u00fcn g\u00fccl\u0259ndir\u0259r\u0259k d\u0259rinin \u00f6z\u00fcn\u00fc xarici amill\u0259rd\u0259n effektiv \u015f\u0259kild\u0259 m\u00fcdafi\u0259 etm\u0259sin\u0259 \u015f\u0259rait yarad\u0131r. \u2022 D\u0259rini havan\u0131n \u00e7irkl\u0259nm\u0259sin\u0259 qar\u015f\u0131 qoruma\u011fa k\u00f6m\u0259k &hellip; <a href=\"https:\/\/axtarstore.com\/ru\/product\/neutrogena-hydro-boost-nemlendirici-hafif-krem-spf-25-50-ml\/\" class=\"more-link\">Continue reading <span class=\"screen-reader-text\">Neutrogena Hydro Boost Nemlendirici Hafif Krem SPF 25 50 ml<\/span><\/a><\/p>","protected":false},"featured_media":8904,"comment_status":"open","ping_status":"closed","template":"","meta":[],"pwb-brand":[],"product_cat":[151,127,142,384],"product_tag":[294,293,365,364],"class_list":{"0":"post-8903","1":"product","2":"type-product","3":"status-publish","4":"has-post-thumbnail","6":"product_cat-sun-block-cream","7":"product_cat-face-care","8":"product_cat-face-creams","9":"product_cat-uz-nmlndirici-krem","10":"product_tag-face","11":"product_tag-facecare","12":"product_tag-spf","13":"product_tag-sun-block","14":"pa_size-50ml","17":"instock","18":"shipping-taxable","19":"purchasable","20":"product-type-simple"},"brands":[],"_links":{"self":[{"href":"https:\/\/axtarstore.com\/ru\/wp-json\/wp\/v2\/product\/8903"}],"collection":[{"href":"https:\/\/axtarstore.com\/ru\/wp-json\/wp\/v2\/product"}],"about":[{"href":"https:\/\/axtarstore.com\/ru\/wp-json\/wp\/v2\/types\/product"}],"replies":[{"embeddable":true,"href":"https:\/\/axtarstore.com\/ru\/wp-json\/wp\/v2\/comments?post=8903"}],"version-history":[{"count":1,"href":"https:\/\/axtarstore.com\/ru\/wp-json\/wp\/v2\/product\/8903\/revisions"}],"predecessor-version":[{"id":8911,"href":"https:\/\/axtarstore.com\/ru\/wp-json\/wp\/v2\/product\/8903\/revisions\/8911"}],"wp:featuredmedia":[{"embeddable":true,"href":"https:\/\/axtarstore.com\/ru\/wp-json\/wp\/v2\/media\/8904"}],"wp:attachment":[{"href":"https:\/\/axtarstore.com\/ru\/wp-json\/wp\/v2\/media?parent=8903"}],"wp:term":[{"taxonomy":"pwb-brand","embeddable":true,"href":"https:\/\/axtarstore.com\/ru\/wp-json\/wp\/v2\/pwb-brand?post=8903"},{"taxonomy":"product_cat","embeddable":true,"href":"https:\/\/axtarstore.com\/ru\/wp-json\/wp\/v2\/product_cat?post=8903"},{"taxonomy":"product_tag","embeddable":true,"href":"https:\/\/axtarstore.com\/ru\/wp-json\/wp\/v2\/product_tag?post=8903"}],"curies":[{"name":"wp","href":"https:\/\/api.w.org\/{rel}","templated":true}]}}