{"id":8882,"date":"2025-01-15T01:06:58","date_gmt":"2025-01-14T21:06:58","guid":{"rendered":"https:\/\/axtarstore.com\/?post_type=product&#038;p=8882"},"modified":"2025-01-15T01:06:58","modified_gmt":"2025-01-14T21:06:58","slug":"neutrogena-hydroo-boost-jel-temizleyici-200-ml","status":"publish","type":"product","link":"https:\/\/axtarstore.com\/ru\/product\/neutrogena-hydroo-boost-jel-temizleyici-200-ml\/","title":{"rendered":"Neutrogena Hydroo Boost Jel Temizleyici 200 ml"},"content":{"rendered":"<p>Neutrogena\u00ae Hydro Boost\u00ae Gel T\u0259mizl\u0259yici Faydalar\u0131<br \/>\nYenilik\u00e7i y\u00fcng\u00fcl gel olan Neutrogena\u00ae Hydro Boost\u00ae Gel T\u0259mizl\u0259yicisi su il\u0259 aktivl\u0259\u015fdirilir. T\u0259rkibind\u0259ki k\u00f6p\u00fcy\u00fc il\u0259 d\u0259rini kird\u0259n, ya\u011fdan v\u0259 makiyajdan t\u0259mizl\u0259yir, d\u0259rid\u0259 he\u00e7 bir qal\u0131q qoymur v\u0259 d\u0259rinin susuzlu\u011funu yat\u0131r\u0131r.<\/p>\n<p>Neutrogena\u00ae-n\u0131n t\u0259mizl\u0259yici texnologiyas\u0131 d\u0259rid\u0259 t\u0259bii olaraq tap\u0131lan n\u0259ml\u0259ndirici agent v\u0259 Hialuron tur\u015fusunun birl\u0259\u015fm\u0259si il\u0259 d\u0259ri baryerini qoruma\u011fa, n\u0259mliyi art\u0131rma\u011fa v\u0259 d\u0259rid\u0259 n\u0259mi tutma\u011fa k\u00f6m\u0259k edir. H\u0259r istifad\u0259d\u0259n sonra d\u0259ri t\u0259miz, rahat v\u0259 yum\u015faq olur.<\/p>\n<p>M\u0259sam\u0259l\u0259ri ba\u011flam\u0131r. H\u0259ssas d\u0259ril\u0259r \u00fc\u00e7\u00fcn uy\u011fundur.<\/p>","protected":false},"excerpt":{"rendered":"<p>Neutrogena\u00ae Hydro Boost\u00ae Gel T\u0259mizl\u0259yici Faydalar\u0131 Yenilik\u00e7i y\u00fcng\u00fcl gel olan Neutrogena\u00ae Hydro Boost\u00ae Gel T\u0259mizl\u0259yicisi su il\u0259 aktivl\u0259\u015fdirilir. T\u0259rkibind\u0259ki k\u00f6p\u00fcy\u00fc il\u0259 d\u0259rini kird\u0259n, ya\u011fdan v\u0259 makiyajdan t\u0259mizl\u0259yir, d\u0259rid\u0259 he\u00e7 bir qal\u0131q qoymur v\u0259 d\u0259rinin susuzlu\u011funu yat\u0131r\u0131r. Neutrogena\u00ae-n\u0131n t\u0259mizl\u0259yici texnologiyas\u0131 d\u0259rid\u0259 t\u0259bii olaraq tap\u0131lan n\u0259ml\u0259ndirici agent v\u0259 Hialuron tur\u015fusunun birl\u0259\u015fm\u0259si il\u0259 d\u0259ri baryerini qoruma\u011fa, n\u0259mliyi art\u0131rma\u011fa &hellip; <a href=\"https:\/\/axtarstore.com\/ru\/product\/neutrogena-hydroo-boost-jel-temizleyici-200-ml\/\" class=\"more-link\">Continue reading <span class=\"screen-reader-text\">Neutrogena Hydroo Boost Jel Temizleyici 200 ml<\/span><\/a><\/p>","protected":false},"featured_media":8883,"comment_status":"open","ping_status":"closed","template":"","meta":[],"pwb-brand":[397],"product_cat":[149,127,147],"product_tag":[323,293],"class_list":{"0":"post-8882","1":"product","2":"type-product","3":"status-publish","4":"has-post-thumbnail","6":"pwb-brand-neutrogena","7":"product_cat-makeup-remover","8":"product_cat-face-care","9":"product_cat-face-wash","10":"product_tag-face-wash","11":"product_tag-facecare","12":"pa_size-200ml","15":"instock","16":"shipping-taxable","17":"purchasable","18":"product-type-simple"},"brands":[{"id":397,"name":"Neutrogena","slug":"neutrogena"}],"_links":{"self":[{"href":"https:\/\/axtarstore.com\/ru\/wp-json\/wp\/v2\/product\/8882"}],"collection":[{"href":"https:\/\/axtarstore.com\/ru\/wp-json\/wp\/v2\/product"}],"about":[{"href":"https:\/\/axtarstore.com\/ru\/wp-json\/wp\/v2\/types\/product"}],"replies":[{"embeddable":true,"href":"https:\/\/axtarstore.com\/ru\/wp-json\/wp\/v2\/comments?post=8882"}],"version-history":[{"count":1,"href":"https:\/\/axtarstore.com\/ru\/wp-json\/wp\/v2\/product\/8882\/revisions"}],"predecessor-version":[{"id":8891,"href":"https:\/\/axtarstore.com\/ru\/wp-json\/wp\/v2\/product\/8882\/revisions\/8891"}],"wp:featuredmedia":[{"embeddable":true,"href":"https:\/\/axtarstore.com\/ru\/wp-json\/wp\/v2\/media\/8883"}],"wp:attachment":[{"href":"https:\/\/axtarstore.com\/ru\/wp-json\/wp\/v2\/media?parent=8882"}],"wp:term":[{"taxonomy":"pwb-brand","embeddable":true,"href":"https:\/\/axtarstore.com\/ru\/wp-json\/wp\/v2\/pwb-brand?post=8882"},{"taxonomy":"product_cat","embeddable":true,"href":"https:\/\/axtarstore.com\/ru\/wp-json\/wp\/v2\/product_cat?post=8882"},{"taxonomy":"product_tag","embeddable":true,"href":"https:\/\/axtarstore.com\/ru\/wp-json\/wp\/v2\/product_tag?post=8882"}],"curies":[{"name":"wp","href":"https:\/\/api.w.org\/{rel}","templated":true}]}}