{"id":8874,"date":"2025-01-15T00:59:35","date_gmt":"2025-01-14T20:59:35","guid":{"rendered":"https:\/\/axtarstore.com\/?post_type=product&#038;p=8874"},"modified":"2026-02-06T22:11:02","modified_gmt":"2026-02-06T18:11:02","slug":"neutrogena-hydroo-boost-jel-el-kremi-75-ml","status":"publish","type":"product","link":"https:\/\/axtarstore.com\/ru\/product\/neutrogena-hydroo-boost-jel-el-kremi-75-ml\/","title":{"rendered":"Neutrogena Hydroo Boost Jel El Kremi &#8211; 75 ml"},"content":{"rendered":"<p>Neutrogena\u00ae Hydro Boost\u00ae Hamarla\u015fd\u0131r\u0131c\u0131 Peeling Gel Faydalar\u0131<br \/>\nNeutrogena\u00ae-da biz bilirik ki, n\u0259ml\u0259ndirm\u0259 sa\u011flam g\u00f6r\u00fcn\u0259n d\u0259rinin \u0259sas\u0131n\u0131 t\u0259\u015fkil edir.<\/p>\n<p>Neutrogena\u00ae Hydro Boost\u00ae Smoothing Gel, yenilik\u00e7i gel teksturas\u0131 il\u0259, t\u0259rkibind\u0259ki yum\u015faq mikro hiss\u0259cikl\u0259r il\u0259 d\u0259rini kird\u0259n yum\u015faq v\u0259 effektiv \u015f\u0259kild\u0259 t\u0259mizl\u0259yir, eyni zamanda d\u0259riniz t\u0259mizl\u0259ndikd\u0259n sonra d\u0259riniz qurumur, \u0259ksin\u0259 olur hamar v\u0259 yum\u015faq.<\/p>\n<p>Neutrogena\u00ae Hydro Boost\u00ae Hamarla\u015fd\u0131r\u0131c\u0131 Peeling Gel X\u00fcsusiyy\u0259tl\u0259ri<br \/>\nG\u00fcnd\u0259lik istifad\u0259 \u00fc\u00e7\u00fcn uy\u011fundur<\/p>\n<p>T\u0259rkibind\u0259 sabun v\u0259 ya\u011f yoxdur<\/p>\n<p>H\u0259ssas d\u0259ril\u0259r \u00fc\u00e7\u00fcn uy\u011fundur.1<\/p>","protected":false},"excerpt":{"rendered":"<p>Neutrogena\u00ae Hydro Boost\u00ae Hamarla\u015fd\u0131r\u0131c\u0131 Peeling Gel Faydalar\u0131 Neutrogena\u00ae-da biz bilirik ki, n\u0259ml\u0259ndirm\u0259 sa\u011flam g\u00f6r\u00fcn\u0259n d\u0259rinin \u0259sas\u0131n\u0131 t\u0259\u015fkil edir. Neutrogena\u00ae Hydro Boost\u00ae Smoothing Gel, yenilik\u00e7i gel teksturas\u0131 il\u0259, t\u0259rkibind\u0259ki yum\u015faq mikro hiss\u0259cikl\u0259r il\u0259 d\u0259rini kird\u0259n yum\u015faq v\u0259 effektiv \u015f\u0259kild\u0259 t\u0259mizl\u0259yir, eyni zamanda d\u0259riniz t\u0259mizl\u0259ndikd\u0259n sonra d\u0259riniz qurumur, \u0259ksin\u0259 olur hamar v\u0259 yum\u015faq. Neutrogena\u00ae Hydro Boost\u00ae Hamarla\u015fd\u0131r\u0131c\u0131 &hellip; <a href=\"https:\/\/axtarstore.com\/ru\/product\/neutrogena-hydroo-boost-jel-el-kremi-75-ml\/\" class=\"more-link\">Continue reading <span class=\"screen-reader-text\">Neutrogena Hydroo Boost Jel El Kremi &#8211; 75 ml<\/span><\/a><\/p>","protected":false},"featured_media":8925,"comment_status":"open","ping_status":"closed","template":"","meta":[],"pwb-brand":[397],"product_cat":[129,154],"product_tag":[],"class_list":{"0":"post-8874","1":"product","2":"type-product","3":"status-publish","4":"has-post-thumbnail","6":"pwb-brand-neutrogena","7":"product_cat-beden-baximi","8":"product_cat-hand-creams","9":"pa_size-75ml","12":"instock","13":"shipping-taxable","14":"purchasable","15":"product-type-simple"},"brands":[{"id":397,"name":"Neutrogena","slug":"neutrogena"}],"_links":{"self":[{"href":"https:\/\/axtarstore.com\/ru\/wp-json\/wp\/v2\/product\/8874"}],"collection":[{"href":"https:\/\/axtarstore.com\/ru\/wp-json\/wp\/v2\/product"}],"about":[{"href":"https:\/\/axtarstore.com\/ru\/wp-json\/wp\/v2\/types\/product"}],"replies":[{"embeddable":true,"href":"https:\/\/axtarstore.com\/ru\/wp-json\/wp\/v2\/comments?post=8874"}],"version-history":[{"count":1,"href":"https:\/\/axtarstore.com\/ru\/wp-json\/wp\/v2\/product\/8874\/revisions"}],"predecessor-version":[{"id":8881,"href":"https:\/\/axtarstore.com\/ru\/wp-json\/wp\/v2\/product\/8874\/revisions\/8881"}],"wp:featuredmedia":[{"embeddable":true,"href":"https:\/\/axtarstore.com\/ru\/wp-json\/wp\/v2\/media\/8925"}],"wp:attachment":[{"href":"https:\/\/axtarstore.com\/ru\/wp-json\/wp\/v2\/media?parent=8874"}],"wp:term":[{"taxonomy":"pwb-brand","embeddable":true,"href":"https:\/\/axtarstore.com\/ru\/wp-json\/wp\/v2\/pwb-brand?post=8874"},{"taxonomy":"product_cat","embeddable":true,"href":"https:\/\/axtarstore.com\/ru\/wp-json\/wp\/v2\/product_cat?post=8874"},{"taxonomy":"product_tag","embeddable":true,"href":"https:\/\/axtarstore.com\/ru\/wp-json\/wp\/v2\/product_tag?post=8874"}],"curies":[{"name":"wp","href":"https:\/\/api.w.org\/{rel}","templated":true}]}}