{"id":8865,"date":"2025-01-15T00:44:37","date_gmt":"2025-01-14T20:44:37","guid":{"rendered":"https:\/\/axtarstore.com\/?post_type=product&#038;p=8865"},"modified":"2025-01-15T00:45:49","modified_gmt":"2025-01-14T20:45:49","slug":"neutrogena-hydro-boost-hiyaluronik-konsantre-serum-15-ml","status":"publish","type":"product","link":"https:\/\/axtarstore.com\/ru\/product\/neutrogena-hydro-boost-hiyaluronik-konsantre-serum-15-ml\/","title":{"rendered":"Neutrogena Hydro Boost Hiyal\u00fcronik Konsantre Serum 15 ml"},"content":{"rendered":"<p>Neutrogena hydro boost hialuronik konsentratl\u0131 serum 15ml faydalar\u0131: D\u0259rini d\u0259rind\u0259n n\u0259ml\u0259ndirir v\u0259 dol\u011funla\u015fd\u0131r\u0131r, g\u00fcnd\u0259lik n\u0259ml\u0259ndiricinin t\u0259sirini art\u0131r\u0131r, d\u0259rinin hialuron tur\u015fusu istehsal\u0131n\u0131 d\u0259st\u0259kl\u0259yir, 14 g\u00fcn \u0259rzind\u0259 konsentratla\u015fd\u0131r\u0131lm\u0131\u015f qulluq, c\u0259mi 2 h\u0259ft\u0259 \u0259rzind\u0259 yum\u015faq, yenil\u0259nmi\u015f v\u0259 sa\u011flam parlayan d\u0259ri t\u0259min edir. , Prebiotik texnologiyas\u0131 il\u0259 d\u0259rini \u00f6z-\u00f6z\u00fcn\u0259 n\u0259ml\u0259ndirir. Hydro boost ail\u0259sinin x\u00fcsusiyy\u0259tl\u0259ri: T\u0259rkibind\u0259 \u0259n y\u00fcks\u0259k miqdarda hialuron tur\u015fusu olan \u00fczvd\u00fcr, provitamin b v\u0259 prebiotikl\u0259r. T\u0259rkibind\u0259 \u0259tirsiz, h\u0259ssas d\u0259ril\u0259r \u00fc\u00e7\u00fcn uy\u011fundur v\u0259 hipoalerjenikdir.<\/p>","protected":false},"excerpt":{"rendered":"<p>Neutrogena hydro boost hialuronik konsentratl\u0131 serum 15ml faydalar\u0131: D\u0259rini d\u0259rind\u0259n n\u0259ml\u0259ndirir v\u0259 dol\u011funla\u015fd\u0131r\u0131r, g\u00fcnd\u0259lik n\u0259ml\u0259ndiricinin t\u0259sirini art\u0131r\u0131r, d\u0259rinin hialuron tur\u015fusu istehsal\u0131n\u0131 d\u0259st\u0259kl\u0259yir, 14 g\u00fcn \u0259rzind\u0259 konsentratla\u015fd\u0131r\u0131lm\u0131\u015f qulluq, c\u0259mi 2 h\u0259ft\u0259 \u0259rzind\u0259 yum\u015faq, yenil\u0259nmi\u015f v\u0259 sa\u011flam parlayan d\u0259ri t\u0259min edir. , Prebiotik texnologiyas\u0131 il\u0259 d\u0259rini \u00f6z-\u00f6z\u00fcn\u0259 n\u0259ml\u0259ndirir. Hydro boost ail\u0259sinin x\u00fcsusiyy\u0259tl\u0259ri: T\u0259rkibind\u0259 \u0259n y\u00fcks\u0259k miqdarda hialuron &hellip; <a href=\"https:\/\/axtarstore.com\/ru\/product\/neutrogena-hydro-boost-hiyaluronik-konsantre-serum-15-ml\/\" class=\"more-link\">Continue reading <span class=\"screen-reader-text\">Neutrogena Hydro Boost Hiyal\u00fcronik Konsantre Serum 15 ml<\/span><\/a><\/p>","protected":false},"featured_media":8866,"comment_status":"open","ping_status":"closed","template":"","meta":[],"pwb-brand":[397],"product_cat":[127,143],"product_tag":[353,293],"class_list":{"0":"post-8865","1":"product","2":"type-product","3":"status-publish","4":"has-post-thumbnail","6":"pwb-brand-neutrogena","7":"product_cat-face-care","8":"product_cat-face-serum","9":"product_tag-face-serum","10":"product_tag-facecare","11":"pa_size-15ml","14":"instock","15":"shipping-taxable","16":"purchasable","17":"product-type-simple"},"brands":[{"id":397,"name":"Neutrogena","slug":"neutrogena"}],"_links":{"self":[{"href":"https:\/\/axtarstore.com\/ru\/wp-json\/wp\/v2\/product\/8865"}],"collection":[{"href":"https:\/\/axtarstore.com\/ru\/wp-json\/wp\/v2\/product"}],"about":[{"href":"https:\/\/axtarstore.com\/ru\/wp-json\/wp\/v2\/types\/product"}],"replies":[{"embeddable":true,"href":"https:\/\/axtarstore.com\/ru\/wp-json\/wp\/v2\/comments?post=8865"}],"version-history":[{"count":1,"href":"https:\/\/axtarstore.com\/ru\/wp-json\/wp\/v2\/product\/8865\/revisions"}],"predecessor-version":[{"id":8873,"href":"https:\/\/axtarstore.com\/ru\/wp-json\/wp\/v2\/product\/8865\/revisions\/8873"}],"wp:featuredmedia":[{"embeddable":true,"href":"https:\/\/axtarstore.com\/ru\/wp-json\/wp\/v2\/media\/8866"}],"wp:attachment":[{"href":"https:\/\/axtarstore.com\/ru\/wp-json\/wp\/v2\/media?parent=8865"}],"wp:term":[{"taxonomy":"pwb-brand","embeddable":true,"href":"https:\/\/axtarstore.com\/ru\/wp-json\/wp\/v2\/pwb-brand?post=8865"},{"taxonomy":"product_cat","embeddable":true,"href":"https:\/\/axtarstore.com\/ru\/wp-json\/wp\/v2\/product_cat?post=8865"},{"taxonomy":"product_tag","embeddable":true,"href":"https:\/\/axtarstore.com\/ru\/wp-json\/wp\/v2\/product_tag?post=8865"}],"curies":[{"name":"wp","href":"https:\/\/api.w.org\/{rel}","templated":true}]}}