{"id":8852,"date":"2025-01-15T00:23:25","date_gmt":"2025-01-14T20:23:25","guid":{"rendered":"https:\/\/axtarstore.com\/?post_type=product&#038;p=8852"},"modified":"2025-01-15T00:23:25","modified_gmt":"2025-01-14T20:23:25","slug":"neutrogena-hydro-boost-gel-cream-50-ml","status":"publish","type":"product","link":"https:\/\/axtarstore.com\/ru\/product\/neutrogena-hydro-boost-gel-cream-50-ml\/","title":{"rendered":"Neutrogena Hydro Boost Gel Cream 50 ml"},"content":{"rendered":"<p>T\u0259mizl\u0259nmi\u015f Hialuron Tur\u015fusu \u2013 Neutrogena Hydro Boost Gel Kremi t\u0259bii olaraq d\u0259rid\u0259 olan unikal hialuron gel matrisi il\u0259 infuziya edilmi\u015fdir. T\u0259mizl\u0259nmi\u015f hialuron tur\u015fusu quru d\u0259ri h\u00fcceyr\u0259l\u0259ri \u00fc\u00e7\u00fcn s\u00fcng\u0259r rolunu oynay\u0131r v\u0259 suda \u00f6z a\u011f\u0131rl\u0131\u011f\u0131n\u0131n 1000 qat\u0131na q\u0259d\u0259r udur. Formula d\u0259rini hamar, elastik v\u0259 yenil\u0259nmi\u015f edir.<br \/>\nD\u0259rinizi s\u00f6nd\u00fcr\u00fcn &#8211; N\u0259ml\u0259ndirm\u0259nin g\u00fccl\u0259ndirilm\u0259si il\u0259 d\u0259rinizin elastik v\u0259 hamar g\u00f6r\u00fcnm\u0259sini t\u0259min edin. Bizim unikal gel-krem formulam\u0131z gel kimi tez \u0259milir, lakin d\u0259rinizin susuzlu\u011funu yat\u0131rmaq \u00fc\u00e7\u00fcn kremin uzunm\u00fcdd\u0259tli n\u0259ml\u0259ndirici g\u00fcc\u00fcn\u0259 malikdir.<br \/>\nDavaml\u0131 Buraxma Sistemi &#8211; Qad\u0131nlar v\u0259 ki\u015fil\u0259r \u00fc\u00e7\u00fcn Neutrogena Gel Krem n\u0259ml\u0259ndiricisi g\u00fcn \u0259rzind\u0259 davaml\u0131 olaraq n\u0259ml\u0259ndirici verir. D\u0259rhal \u0259milir, quru d\u0259ril\u0259r \u00fc\u00e7\u00fcn bu gel \u00fcz kremi epidermisi doldurur v\u0259 b\u00fct\u00fcn g\u00fcn davam ed\u0259n n\u0259ml\u0259ndirm\u0259nin g\u00fccl\u0259ndirilm\u0259si il\u0259 d\u0259ri baryerini qoruyur.<br \/>\nT\u0259rav\u0259tl\u0259ndirici Y\u00fcng\u00fcl \u0130nnovativ Tekstura &#8211; Neutrogena Hydro Boost Gel Kremi s\u0131x qidalanma t\u0259klif ed\u0259n y\u00fcng\u00fcl tekstural\u0131, uzunm\u00fcdd\u0259tli n\u0259ml\u0259ndiricidir. \u018ftirsizdir v\u0259 quru d\u0259ril\u0259r \u00fc\u00e7\u00fcn uy\u011fundur.<br \/>\nDermatoloq t\u0259r\u0259find\u0259n s\u0131naqdan ke\u00e7irilmi\u015f \u2013 Neutrogena, real v\u0259 uzunm\u00fcdd\u0259tli f\u0259rq yaradan kompromissiz h\u0259ll\u0259r t\u0259qdim etm\u0259y\u0259 sadiq olan dermatoloqlarla birlikd\u0259 haz\u0131rlanm\u0131\u015f brenddir. D\u0259riy\u0259 qulluqda m\u00fcmk\u00fcn olanlar\u0131 yenid\u0259n d\u00fc\u015f\u00fcnm\u0259k \u00fczr\u0259 geni\u015f tarix\u0259 malik Neutrogena n\u0259tic\u0259l\u0259r\u0259 \u0259saslanan v\u0259 daim inki\u015faf ed\u0259n varl\u0131qd\u0131r; v\u0259 bir yerd\u0259 dayanmayan.<\/p>","protected":false},"excerpt":{"rendered":"<p>T\u0259mizl\u0259nmi\u015f Hialuron Tur\u015fusu \u2013 Neutrogena Hydro Boost Gel Kremi t\u0259bii olaraq d\u0259rid\u0259 olan unikal hialuron gel matrisi il\u0259 infuziya edilmi\u015fdir. T\u0259mizl\u0259nmi\u015f hialuron tur\u015fusu quru d\u0259ri h\u00fcceyr\u0259l\u0259ri \u00fc\u00e7\u00fcn s\u00fcng\u0259r rolunu oynay\u0131r v\u0259 suda \u00f6z a\u011f\u0131rl\u0131\u011f\u0131n\u0131n 1000 qat\u0131na q\u0259d\u0259r udur. Formula d\u0259rini hamar, elastik v\u0259 yenil\u0259nmi\u015f edir. D\u0259rinizi s\u00f6nd\u00fcr\u00fcn &#8211; N\u0259ml\u0259ndirm\u0259nin g\u00fccl\u0259ndirilm\u0259si il\u0259 d\u0259rinizin elastik v\u0259 hamar &hellip; <a href=\"https:\/\/axtarstore.com\/ru\/product\/neutrogena-hydro-boost-gel-cream-50-ml\/\" class=\"more-link\">Continue reading <span class=\"screen-reader-text\">Neutrogena Hydro Boost Gel Cream 50 ml<\/span><\/a><\/p>","protected":false},"featured_media":8853,"comment_status":"open","ping_status":"closed","template":"","meta":[],"pwb-brand":[397],"product_cat":[127,142,384],"product_tag":[294,293],"class_list":{"0":"post-8852","1":"product","2":"type-product","3":"status-publish","4":"has-post-thumbnail","6":"pwb-brand-neutrogena","7":"product_cat-face-care","8":"product_cat-face-creams","9":"product_cat-uz-nmlndirici-krem","10":"product_tag-face","11":"product_tag-facecare","12":"pa_size-50ml","15":"instock","16":"shipping-taxable","17":"purchasable","18":"product-type-simple"},"brands":[{"id":397,"name":"Neutrogena","slug":"neutrogena"}],"_links":{"self":[{"href":"https:\/\/axtarstore.com\/ru\/wp-json\/wp\/v2\/product\/8852"}],"collection":[{"href":"https:\/\/axtarstore.com\/ru\/wp-json\/wp\/v2\/product"}],"about":[{"href":"https:\/\/axtarstore.com\/ru\/wp-json\/wp\/v2\/types\/product"}],"replies":[{"embeddable":true,"href":"https:\/\/axtarstore.com\/ru\/wp-json\/wp\/v2\/comments?post=8852"}],"version-history":[{"count":1,"href":"https:\/\/axtarstore.com\/ru\/wp-json\/wp\/v2\/product\/8852\/revisions"}],"predecessor-version":[{"id":8860,"href":"https:\/\/axtarstore.com\/ru\/wp-json\/wp\/v2\/product\/8852\/revisions\/8860"}],"wp:featuredmedia":[{"embeddable":true,"href":"https:\/\/axtarstore.com\/ru\/wp-json\/wp\/v2\/media\/8853"}],"wp:attachment":[{"href":"https:\/\/axtarstore.com\/ru\/wp-json\/wp\/v2\/media?parent=8852"}],"wp:term":[{"taxonomy":"pwb-brand","embeddable":true,"href":"https:\/\/axtarstore.com\/ru\/wp-json\/wp\/v2\/pwb-brand?post=8852"},{"taxonomy":"product_cat","embeddable":true,"href":"https:\/\/axtarstore.com\/ru\/wp-json\/wp\/v2\/product_cat?post=8852"},{"taxonomy":"product_tag","embeddable":true,"href":"https:\/\/axtarstore.com\/ru\/wp-json\/wp\/v2\/product_tag?post=8852"}],"curies":[{"name":"wp","href":"https:\/\/api.w.org\/{rel}","templated":true}]}}