{"id":8848,"date":"2025-01-15T00:09:25","date_gmt":"2025-01-14T20:09:25","guid":{"rendered":"https:\/\/axtarstore.com\/?post_type=product&#038;p=8848"},"modified":"2025-01-15T00:09:25","modified_gmt":"2025-01-14T20:09:25","slug":"neutrogena-hydro-boost-gece-kremi-50-ml","status":"publish","type":"product","link":"https:\/\/axtarstore.com\/ru\/product\/neutrogena-hydro-boost-gece-kremi-50-ml\/","title":{"rendered":"Neutrogena Hydro Boost Gece Kremi 50 ml"},"content":{"rendered":"<p>Uzun v\u0259 yorucu g\u00fcnl\u0259r d\u0259rinizd\u0259 izl\u0259r buraxa bil\u0259r v\u0259 n\u0259 q\u0259d\u0259r yatsan\u0131z da, h\u0259ft\u0259l\u0259r v\u0259 g\u00fcnl\u0259r ke\u00e7dikc\u0259 d\u0259riniz daha yor\u011fun g\u00f6r\u00fcn\u0259 bil\u0259r. D\u0259rinizi gec\u0259 boyu n\u0259ml\u0259ndir\u0259r\u0259k, Neutrogena\u00ae Hydro Boost\u00ae Gec\u0259 Kremi d\u0259rinizd\u0259ki yor\u011funluq d\u00f6vran\u0131n\u0131 geri qaytarma\u011fa k\u00f6m\u0259k etm\u0259k \u00fc\u00e7\u00fcn n\u0259z\u0259rd\u0259 tutulub. D\u0259rinizi nazik, hamar v\u0259 yum\u015faq bir \u00f6rt\u00fck kimi \u00f6rt\u0259r\u0259k yor\u011funluq izl\u0259rini hamarlay\u0131r. Hialuron tur\u015fusunun n\u0259ml\u0259ndirici t\u0259sirini v\u0259 d\u0259rini n\u0259ml\u0259ndir\u0259n komponentl\u0259ri birl\u0259\u015fdir\u0259r\u0259k d\u0259ri baryerinin n\u0259m itkisin\u0259 qar\u015f\u0131 m\u00fcqavim\u0259tini art\u0131rma\u011fa k\u00f6m\u0259k edir.<\/p>","protected":false},"excerpt":{"rendered":"<p>Uzun v\u0259 yorucu g\u00fcnl\u0259r d\u0259rinizd\u0259 izl\u0259r buraxa bil\u0259r v\u0259 n\u0259 q\u0259d\u0259r yatsan\u0131z da, h\u0259ft\u0259l\u0259r v\u0259 g\u00fcnl\u0259r ke\u00e7dikc\u0259 d\u0259riniz daha yor\u011fun g\u00f6r\u00fcn\u0259 bil\u0259r. D\u0259rinizi gec\u0259 boyu n\u0259ml\u0259ndir\u0259r\u0259k, Neutrogena\u00ae Hydro Boost\u00ae Gec\u0259 Kremi d\u0259rinizd\u0259ki yor\u011funluq d\u00f6vran\u0131n\u0131 geri qaytarma\u011fa k\u00f6m\u0259k etm\u0259k \u00fc\u00e7\u00fcn n\u0259z\u0259rd\u0259 tutulub. D\u0259rinizi nazik, hamar v\u0259 yum\u015faq bir \u00f6rt\u00fck kimi \u00f6rt\u0259r\u0259k yor\u011funluq izl\u0259rini hamarlay\u0131r. Hialuron tur\u015fusunun &hellip; <a href=\"https:\/\/axtarstore.com\/ru\/product\/neutrogena-hydro-boost-gece-kremi-50-ml\/\" class=\"more-link\">Continue reading <span class=\"screen-reader-text\">Neutrogena Hydro Boost Gece Kremi 50 ml<\/span><\/a><\/p>","protected":false},"featured_media":8849,"comment_status":"open","ping_status":"closed","template":"","meta":[],"pwb-brand":[397],"product_cat":[127,142,384],"product_tag":[294,333,293],"class_list":{"0":"post-8848","1":"product","2":"type-product","3":"status-publish","4":"has-post-thumbnail","6":"pwb-brand-neutrogena","7":"product_cat-face-care","8":"product_cat-face-creams","9":"product_cat-uz-nmlndirici-krem","10":"product_tag-face","11":"product_tag-face-moisturiser","12":"product_tag-facecare","13":"pa_size-50ml","16":"instock","17":"shipping-taxable","18":"purchasable","19":"product-type-simple"},"brands":[{"id":397,"name":"Neutrogena","slug":"neutrogena"}],"_links":{"self":[{"href":"https:\/\/axtarstore.com\/ru\/wp-json\/wp\/v2\/product\/8848"}],"collection":[{"href":"https:\/\/axtarstore.com\/ru\/wp-json\/wp\/v2\/product"}],"about":[{"href":"https:\/\/axtarstore.com\/ru\/wp-json\/wp\/v2\/types\/product"}],"replies":[{"embeddable":true,"href":"https:\/\/axtarstore.com\/ru\/wp-json\/wp\/v2\/comments?post=8848"}],"version-history":[{"count":1,"href":"https:\/\/axtarstore.com\/ru\/wp-json\/wp\/v2\/product\/8848\/revisions"}],"predecessor-version":[{"id":8851,"href":"https:\/\/axtarstore.com\/ru\/wp-json\/wp\/v2\/product\/8848\/revisions\/8851"}],"wp:featuredmedia":[{"embeddable":true,"href":"https:\/\/axtarstore.com\/ru\/wp-json\/wp\/v2\/media\/8849"}],"wp:attachment":[{"href":"https:\/\/axtarstore.com\/ru\/wp-json\/wp\/v2\/media?parent=8848"}],"wp:term":[{"taxonomy":"pwb-brand","embeddable":true,"href":"https:\/\/axtarstore.com\/ru\/wp-json\/wp\/v2\/pwb-brand?post=8848"},{"taxonomy":"product_cat","embeddable":true,"href":"https:\/\/axtarstore.com\/ru\/wp-json\/wp\/v2\/product_cat?post=8848"},{"taxonomy":"product_tag","embeddable":true,"href":"https:\/\/axtarstore.com\/ru\/wp-json\/wp\/v2\/product_tag?post=8848"}],"curies":[{"name":"wp","href":"https:\/\/api.w.org\/{rel}","templated":true}]}}