{"id":8840,"date":"2025-01-15T00:01:38","date_gmt":"2025-01-14T20:01:38","guid":{"rendered":"https:\/\/axtarstore.com\/?post_type=product&#038;p=8840"},"modified":"2025-01-15T01:58:45","modified_gmt":"2025-01-14T21:58:45","slug":"neutrogena-express-nemlendirici-sprey-200ml","status":"publish","type":"product","link":"https:\/\/axtarstore.com\/ru\/product\/neutrogena-express-nemlendirici-sprey-200ml\/","title":{"rendered":"Neutrogena Express Nemlendirici Sprey 200ml"},"content":{"rendered":"<p>Neutrogena Hydro Boost Express N\u0259ml\u0259ndirici B\u0259d\u0259n Spreyi 200 ml<br \/>\nNeutrogena Hydro Boost Express N\u0259ml\u0259ndirici B\u0259d\u0259n Spreyi 200 ml d\u0259rini d\u0259rhal n\u0259ml\u0259ndir\u0259n v\u0259 t\u0259rav\u0259tl\u0259ndir\u0259n x\u00fcsusi formulaya malikdir. T\u0259rkibind\u0259ki hialuron tur\u015fusu il\u0259 d\u0259rini ehtiyac duydu\u011fu n\u0259ml\u0259 t\u0259min edir, d\u0259rini g\u00fcn boyu n\u0259m, hamar v\u0259 canl\u0131 saxlay\u0131r. Ekspress n\u0259ml\u0259ndirici x\u00fcsusiyy\u0259ti say\u0259sind\u0259 tez \u0259milir v\u0259 d\u0259rid\u0259 ya\u011fl\u0131l\u0131q hissi yaratmadan uzun m\u00fcdd\u0259t n\u0259mlik t\u0259min edir.<\/p>\n<p>\u018fsas m\u0259qamlar v\u0259 \u00fcst\u00fcnl\u00fckl\u0259r<br \/>\nAni N\u0259ml\u0259ndirm\u0259: T\u0259rkibind\u0259ki hialuron tur\u015fusu il\u0259 d\u0259rini an\u0131nda n\u0259ml\u0259ndirir v\u0259 d\u0259riy\u0259 t\u0259rav\u0259t v\u0259 rahatl\u0131q verir.<br \/>\nY\u00fcng\u00fcl v\u0259 Ya\u011fs\u0131z Qurulu\u015f: S\u00fcr\u0259tl\u0259 \u0259mil\u0259n formulas\u0131 say\u0259sind\u0259 d\u0259rid\u0259 yap\u0131\u015fqanl\u0131q hissi qoymur.<br \/>\nUzun Davaml\u0131 N\u0259mlik: D\u0259rini d\u0259rind\u0259n n\u0259ml\u0259ndir\u0259r\u0259k, g\u00fcn boyu yum\u015faq v\u0259 hamar d\u0259ri t\u0259min edir.<br \/>\nSprey Ba\u015fl\u0131\u011f\u0131 il\u0259 Asan T\u0259tbiq: Sprey ba\u015fl\u0131\u011f\u0131 say\u0259sind\u0259 b\u0259d\u0259nin b\u00fct\u00fcn hiss\u0259l\u0259rin\u0259 asanl\u0131qla t\u0259tbiq oluna bil\u0259r.<br \/>\nB\u00fct\u00fcn D\u0259ri Tipl\u0259ri \u00fc\u00e7\u00fcn Uy\u011fundur: H\u0259ssas d\u0259ri d\u0259 daxil olmaqla b\u00fct\u00fcn d\u0259ri tipl\u0259rind\u0259 t\u0259hl\u00fck\u0259siz \u015f\u0259kild\u0259 istifad\u0259 edil\u0259 bil\u0259r.<br \/>\n\u0130\u00e7ind\u0259kil\u0259r<br \/>\nHialuron tur\u015fusu: D\u0259rini s\u0131x n\u0259ml\u0259ndir\u0259n, d\u0259rid\u0259 suyu tutan v\u0259 d\u0259rini dol\u011fun v\u0259 yum\u015faq ed\u0259n g\u00fccl\u00fc t\u0259rkib hiss\u0259sidir.<br \/>\nGliserin: D\u0259rini n\u0259ml\u0259ndirir v\u0259 onun yum\u015faq v\u0259 hamar olmas\u0131na k\u00f6m\u0259k edir.<\/p>\n<p>\u0130stifad\u0259y\u0259 dair t\u0259limatlar<br \/>\nSpreyi t\u0259miz v\u0259 quru d\u0259riy\u0259 t\u0259xmin\u0259n 10-15 sm m\u0259saf\u0259d\u0259n p\u00fcsk\u00fcrt\u00fcn. D\u0259rinin n\u0259m \u00e7\u0259km\u0259si \u00fc\u00e7\u00fcn z\u0259rif masaj ed\u0259r\u0259k yaymaq olar.<\/p>\n<p>D\u0259rinizi d\u0259rhal n\u0259ml\u0259ndirm\u0259k v\u0259 uzunm\u00fcdd\u0259tli t\u0259rav\u0259t t\u0259min etm\u0259k \u00fc\u00e7\u00fcn Neutrogena Hydro Boost Express N\u0259ml\u0259ndirici B\u0259d\u0259n Spreyi c\u0259hd edin!<\/p>","protected":false},"excerpt":{"rendered":"<p>Neutrogena Hydro Boost Express N\u0259ml\u0259ndirici B\u0259d\u0259n Spreyi 200 ml Neutrogena Hydro Boost Express N\u0259ml\u0259ndirici B\u0259d\u0259n Spreyi 200 ml d\u0259rini d\u0259rhal n\u0259ml\u0259ndir\u0259n v\u0259 t\u0259rav\u0259tl\u0259ndir\u0259n x\u00fcsusi formulaya malikdir. T\u0259rkibind\u0259ki hialuron tur\u015fusu il\u0259 d\u0259rini ehtiyac duydu\u011fu n\u0259ml\u0259 t\u0259min edir, d\u0259rini g\u00fcn boyu n\u0259m, hamar v\u0259 canl\u0131 saxlay\u0131r. Ekspress n\u0259ml\u0259ndirici x\u00fcsusiyy\u0259ti say\u0259sind\u0259 tez \u0259milir v\u0259 d\u0259rid\u0259 ya\u011fl\u0131l\u0131q hissi yaratmadan &hellip; <a href=\"https:\/\/axtarstore.com\/ru\/product\/neutrogena-express-nemlendirici-sprey-200ml\/\" class=\"more-link\">Continue reading <span class=\"screen-reader-text\">Neutrogena Express Nemlendirici Sprey 200ml<\/span><\/a><\/p>","protected":false},"featured_media":8926,"comment_status":"open","ping_status":"closed","template":"","meta":[],"pwb-brand":[397],"product_cat":[129],"product_tag":[300,293],"class_list":{"0":"post-8840","1":"product","2":"type-product","3":"status-publish","4":"has-post-thumbnail","6":"pwb-brand-neutrogena","7":"product_cat-beden-baximi","8":"product_tag-bodycare","9":"product_tag-facecare","10":"pa_size-200ml","13":"instock","14":"shipping-taxable","15":"purchasable","16":"product-type-simple"},"brands":[{"id":397,"name":"Neutrogena","slug":"neutrogena"}],"_links":{"self":[{"href":"https:\/\/axtarstore.com\/ru\/wp-json\/wp\/v2\/product\/8840"}],"collection":[{"href":"https:\/\/axtarstore.com\/ru\/wp-json\/wp\/v2\/product"}],"about":[{"href":"https:\/\/axtarstore.com\/ru\/wp-json\/wp\/v2\/types\/product"}],"replies":[{"embeddable":true,"href":"https:\/\/axtarstore.com\/ru\/wp-json\/wp\/v2\/comments?post=8840"}],"version-history":[{"count":1,"href":"https:\/\/axtarstore.com\/ru\/wp-json\/wp\/v2\/product\/8840\/revisions"}],"predecessor-version":[{"id":8847,"href":"https:\/\/axtarstore.com\/ru\/wp-json\/wp\/v2\/product\/8840\/revisions\/8847"}],"wp:featuredmedia":[{"embeddable":true,"href":"https:\/\/axtarstore.com\/ru\/wp-json\/wp\/v2\/media\/8926"}],"wp:attachment":[{"href":"https:\/\/axtarstore.com\/ru\/wp-json\/wp\/v2\/media?parent=8840"}],"wp:term":[{"taxonomy":"pwb-brand","embeddable":true,"href":"https:\/\/axtarstore.com\/ru\/wp-json\/wp\/v2\/pwb-brand?post=8840"},{"taxonomy":"product_cat","embeddable":true,"href":"https:\/\/axtarstore.com\/ru\/wp-json\/wp\/v2\/product_cat?post=8840"},{"taxonomy":"product_tag","embeddable":true,"href":"https:\/\/axtarstore.com\/ru\/wp-json\/wp\/v2\/product_tag?post=8840"}],"curies":[{"name":"wp","href":"https:\/\/api.w.org\/{rel}","templated":true}]}}