{"id":8828,"date":"2025-01-14T23:34:20","date_gmt":"2025-01-14T19:34:20","guid":{"rendered":"https:\/\/axtarstore.com\/?post_type=product&#038;p=8828"},"modified":"2025-01-14T23:39:51","modified_gmt":"2025-01-14T19:39:51","slug":"neutrogena-goz-makyaj-temizleyicisi-125-ml","status":"publish","type":"product","link":"https:\/\/axtarstore.com\/ru\/product\/neutrogena-goz-makyaj-temizleyicisi-125-ml\/","title":{"rendered":"Neutrogena G\u00f6z Makyaj Temizleyicisi 125 ml"},"content":{"rendered":"<p>Neutrogena G\u00f6z Makiyaj\u0131 T\u0259mizl\u0259yicisi, 125 ML<br \/>\nG\u00f6z\u0259llik rutininizi h\u0259mi\u015f\u0259lik d\u0259yi\u015f\u0259c\u0259k makiyaj t\u0259mizl\u0259yicisi Deep Clean t\u0259klif edir! Qabaqc\u0131l d\u00fcsturumuz x\u00fcsusil\u0259 d\u0259rinizin z\u0259rifliyini qoruyark\u0259n \u0259n \u00e7\u0259tin makiyaj n\u00f6vl\u0259rini aradan qald\u0131rmaq \u00fc\u00e7\u00fcn n\u0259z\u0259rd\u0259 tutulmu\u015fdur.<\/p>\n<p>D\u0259rin T\u0259mizl\u0259m\u0259 il\u0259 d\u0259rinizi quru v\u0259 q\u0131c\u0131qland\u0131ran s\u0259rt makiyaj t\u0259mizl\u0259yicil\u0259ri il\u0259 vidala\u015f\u0131n. Bizim unikal t\u0259bii komponentl\u0259r qar\u0131\u015f\u0131\u011f\u0131 v\u0259 qabaqc\u0131l texnologiya d\u0259rinizi t\u0259bii ya\u011flar\u0131ndan m\u0259hrum etm\u0259d\u0259n makiyaj\u0131, kirl\u0259ri v\u0259 \u00e7irkl\u0259ri h\u0259ll etm\u0259k \u00fc\u00e7\u00fcn birlikd\u0259 h\u0259r\u0259k\u0259t edir.<\/p>\n<p>\u0130st\u0259r suya davaml\u0131 tu\u015f, ist\u0259rs\u0259 d\u0259 tam h\u00fcquqlu g\u00f6z makiyaj\u0131 t\u0259tbiq etm\u0259yinizd\u0259n as\u0131l\u0131 olmayaraq, Deep Clean \u00fcz\u00fcn\u00fcz\u0259 t\u0259mizlik, t\u0259rav\u0259t v\u0259 n\u0259mlik hiss etdir\u0259c\u0259k. H\u0259ssas d\u0259ri d\u0259 daxil olmaqla b\u00fct\u00fcn n\u00f6v d\u0259ril\u0259r \u00fc\u00e7\u00fcn m\u00fck\u0259mm\u0259ldir v\u0259 s\u0259rt kimy\u0259vi madd\u0259l\u0259r, parabenl\u0259r v\u0259 s\u00fcni \u0259tirl\u0259rd\u0259n azadd\u0131r.<\/p>\n<p>D\u0259rin T\u0259miz G\u00f6z Makiyaj\u0131 T\u0259mizl\u0259yicisinin Faydalar\u0131<br \/>\nD\u0259rin t\u0259mizliyi t\u0259min edir<br \/>\nH\u0259ssas kirpikl\u0259r\u0259 he\u00e7 bir z\u0259r\u0259r vermir<br \/>\nG\u00f6z \u0259traf\u0131n\u0131n canlanmas\u0131na k\u00f6m\u0259k edir<br \/>\nKosmetika qal\u0131qlar\u0131n\u0131 v\u0259 izl\u0259rini t\u0259mizl\u0259yir<br \/>\nG\u00f6z qapaqlar\u0131n\u0131 n\u0259ml\u0259ndir\u0259r\u0259k onlar\u0131 t\u0259rav\u0259tl\u0259ndirir<br \/>\nSuya davaml\u0131 makiyaj\u0131 t\u0259mizl\u0259yir<br \/>\nMakiyaj\u0131 silm\u0259d\u0259n yatma\u011f\u0131n z\u0259r\u0259rl\u0259ri<br \/>\nS\u0131zanaqlar: Makiyajla yatmaq m\u0259sam\u0259l\u0259ri ba\u011flaya bil\u0259r v\u0259 n\u0259tic\u0259d\u0259 s\u0131zanaqlar\u0131n yay\u0131lmas\u0131na s\u0259b\u0259b olan bakteriya v\u0259 ya\u011flar\u0131n y\u0131\u011f\u0131lmas\u0131na s\u0259b\u0259b ola bil\u0259r.<br \/>\nDar\u0131xd\u0131r\u0131c\u0131 d\u0259ri: makiyaj d\u0259rinin d\u00fczg\u00fcn n\u0259f\u0259s almas\u0131na mane olur, onu mat v\u0259 cans\u0131z g\u00f6st\u0259rir.<br \/>\nErk\u0259n ya\u015flanma: makiyajla yatmaq d\u0259rid\u0259 s\u0259rb\u0259st radikallar\u0131n y\u0131\u011f\u0131lmas\u0131na s\u0259b\u0259b olur v\u0259 bu, q\u0131r\u0131\u015flar v\u0259 inc\u0259 x\u0259ttl\u0259r kimi erk\u0259n ya\u015flanmaya s\u0259b\u0259b ola bil\u0259r.<br \/>\nG\u00f6z q\u0131c\u0131qlanmas\u0131: tu\u015f v\u0259 g\u00f6z layneri g\u00f6z qapaqlar\u0131n\u0131zdak\u0131 z\u0259rif ya\u011f bezl\u0259rini ba\u011flaya bil\u0259r, bu da g\u00f6z\u00fcn q\u0131c\u0131qlanmas\u0131na v\u0259 h\u0259tta infeksiyaya s\u0259b\u0259b ola bil\u0259r.<br \/>\nQuru d\u0259ri: b\u0259zi makiyaj n\u00f6vl\u0259ri d\u0259rinizi qurudur v\u0259 onu s\u0131x v\u0259 narahat ed\u0259 bil\u0259r.<br \/>\nG\u00f6z Makiyaj\u0131 T\u0259mizl\u0259yicid\u0259n \u0130stifad\u0259 Edil\u0259n T\u00f6vsiy\u0259l\u0259r<br \/>\n\u0130stifad\u0259d\u0259n \u0259vv\u0259l \u015f\u00fc\u015f\u0259ni yax\u015f\u0131ca \u00e7alxalay\u0131n<br \/>\nNeutrogena g\u00f6z makiyaj\u0131 t\u0259mizl\u0259yicisind\u0259n istifad\u0259 ed\u0259rk\u0259n g\u00f6zl\u0259rinizi d\u00fczg\u00fcn \u015f\u0259kild\u0259 ba\u011flay\u0131n<br \/>\nPamb\u0131q par\u00e7a istifad\u0259 ed\u0259r\u0259k, az miqdarda m\u0259hsulu g\u00f6z qapa\u011f\u0131na \u00e7\u0259kin, makiyaj tamamil\u0259 udulana q\u0259d\u0259r t\u0259xmin\u0259n 2 d\u0259qiq\u0259 burax\u0131n.<\/p>","protected":false},"excerpt":{"rendered":"<p>Neutrogena G\u00f6z Makiyaj\u0131 T\u0259mizl\u0259yicisi, 125 ML G\u00f6z\u0259llik rutininizi h\u0259mi\u015f\u0259lik d\u0259yi\u015f\u0259c\u0259k makiyaj t\u0259mizl\u0259yicisi Deep Clean t\u0259klif edir! Qabaqc\u0131l d\u00fcsturumuz x\u00fcsusil\u0259 d\u0259rinizin z\u0259rifliyini qoruyark\u0259n \u0259n \u00e7\u0259tin makiyaj n\u00f6vl\u0259rini aradan qald\u0131rmaq \u00fc\u00e7\u00fcn n\u0259z\u0259rd\u0259 tutulmu\u015fdur. D\u0259rin T\u0259mizl\u0259m\u0259 il\u0259 d\u0259rinizi quru v\u0259 q\u0131c\u0131qland\u0131ran s\u0259rt makiyaj t\u0259mizl\u0259yicil\u0259ri il\u0259 vidala\u015f\u0131n. Bizim unikal t\u0259bii komponentl\u0259r qar\u0131\u015f\u0131\u011f\u0131 v\u0259 qabaqc\u0131l texnologiya d\u0259rinizi t\u0259bii ya\u011flar\u0131ndan m\u0259hrum &hellip; <a href=\"https:\/\/axtarstore.com\/ru\/product\/neutrogena-goz-makyaj-temizleyicisi-125-ml\/\" class=\"more-link\">Continue reading <span class=\"screen-reader-text\">Neutrogena G\u00f6z Makyaj Temizleyicisi 125 ml<\/span><\/a><\/p>","protected":false},"featured_media":8829,"comment_status":"open","ping_status":"closed","template":"","meta":[],"pwb-brand":[397],"product_cat":[153,149,127],"product_tag":[293],"class_list":{"0":"post-8828","1":"product","2":"type-product","3":"status-publish","4":"has-post-thumbnail","6":"pwb-brand-neutrogena","7":"product_cat-goz-baximi","8":"product_cat-makeup-remover","9":"product_cat-face-care","10":"product_tag-facecare","11":"pa_size-125ml","14":"instock","15":"shipping-taxable","16":"purchasable","17":"product-type-simple"},"brands":[{"id":397,"name":"Neutrogena","slug":"neutrogena"}],"_links":{"self":[{"href":"https:\/\/axtarstore.com\/ru\/wp-json\/wp\/v2\/product\/8828"}],"collection":[{"href":"https:\/\/axtarstore.com\/ru\/wp-json\/wp\/v2\/product"}],"about":[{"href":"https:\/\/axtarstore.com\/ru\/wp-json\/wp\/v2\/types\/product"}],"replies":[{"embeddable":true,"href":"https:\/\/axtarstore.com\/ru\/wp-json\/wp\/v2\/comments?post=8828"}],"version-history":[{"count":1,"href":"https:\/\/axtarstore.com\/ru\/wp-json\/wp\/v2\/product\/8828\/revisions"}],"predecessor-version":[{"id":8830,"href":"https:\/\/axtarstore.com\/ru\/wp-json\/wp\/v2\/product\/8828\/revisions\/8830"}],"wp:featuredmedia":[{"embeddable":true,"href":"https:\/\/axtarstore.com\/ru\/wp-json\/wp\/v2\/media\/8829"}],"wp:attachment":[{"href":"https:\/\/axtarstore.com\/ru\/wp-json\/wp\/v2\/media?parent=8828"}],"wp:term":[{"taxonomy":"pwb-brand","embeddable":true,"href":"https:\/\/axtarstore.com\/ru\/wp-json\/wp\/v2\/pwb-brand?post=8828"},{"taxonomy":"product_cat","embeddable":true,"href":"https:\/\/axtarstore.com\/ru\/wp-json\/wp\/v2\/product_cat?post=8828"},{"taxonomy":"product_tag","embeddable":true,"href":"https:\/\/axtarstore.com\/ru\/wp-json\/wp\/v2\/product_tag?post=8828"}],"curies":[{"name":"wp","href":"https:\/\/api.w.org\/{rel}","templated":true}]}}