{"id":8811,"date":"2025-01-14T22:47:54","date_gmt":"2025-01-14T18:47:54","guid":{"rendered":"https:\/\/axtarstore.com\/?post_type=product&#038;p=8811"},"modified":"2025-01-14T22:47:54","modified_gmt":"2025-01-14T18:47:54","slug":"neutrogena-leke-%c9%99ieyhin%c9%99-serum-30-ml","status":"publish","type":"product","link":"https:\/\/axtarstore.com\/ru\/product\/neutrogena-leke-%c9%99ieyhin%c9%99-serum-30-ml\/","title":{"rendered":"Neutrogena Leke \u018fIeyhin\u0259 Serum 30 ml"},"content":{"rendered":"<p>Ya\u015flanma \u0259lam\u0259tl\u0259rinin v\u0259 ton qeyri-b\u0259rab\u0259rliyinin qar\u015f\u0131s\u0131n\u0131 alma\u011fa k\u00f6m\u0259k edir.<br \/>\n\u2022 D\u0259ri s\u0259thinin t\u0259bii yenil\u0259nm\u0259 prosesini tetikler.<br \/>\n\u2022 Parlaq v\u0259 g\u0259nc g\u00f6r\u00fcn\u0259n d\u0259ri t\u0259min edir.<br \/>\n\u2022 \u018fn y\u00fcks\u0259k miqdarda Neoql\u00fckozamin.<br \/>\n\u2022 Ani parlaqla\u015fd\u0131r\u0131c\u0131 effekt.<br \/>\n\u2022 L\u0259k\u0259 \u0259leyhin\u0259, ton qeyri-b\u0259rab\u0259rliyin\u0259 qar\u015f\u0131: piqmentasiya v\u0259 sol\u011fun g\u00f6r\u00fcn\u00fc\u015f\u00fc h\u0259d\u0259fl\u0259yir.<br \/>\n\u2022 Y\u00fcng\u00fcl tekstural\u0131, b\u00fct\u00fcn d\u0259ri tonlar\u0131na uy\u011fundur, komedogen deyil.<\/p>","protected":false},"excerpt":{"rendered":"<p>Ya\u015flanma \u0259lam\u0259tl\u0259rinin v\u0259 ton qeyri-b\u0259rab\u0259rliyinin qar\u015f\u0131s\u0131n\u0131 alma\u011fa k\u00f6m\u0259k edir. \u2022 D\u0259ri s\u0259thinin t\u0259bii yenil\u0259nm\u0259 prosesini tetikler. \u2022 Parlaq v\u0259 g\u0259nc g\u00f6r\u00fcn\u0259n d\u0259ri t\u0259min edir. \u2022 \u018fn y\u00fcks\u0259k miqdarda Neoql\u00fckozamin. \u2022 Ani parlaqla\u015fd\u0131r\u0131c\u0131 effekt. \u2022 L\u0259k\u0259 \u0259leyhin\u0259, ton qeyri-b\u0259rab\u0259rliyin\u0259 qar\u015f\u0131: piqmentasiya v\u0259 sol\u011fun g\u00f6r\u00fcn\u00fc\u015f\u00fc h\u0259d\u0259fl\u0259yir. \u2022 Y\u00fcng\u00fcl tekstural\u0131, b\u00fct\u00fcn d\u0259ri tonlar\u0131na uy\u011fundur, komedogen deyil.<\/p>","protected":false},"featured_media":8812,"comment_status":"open","ping_status":"closed","template":"","meta":[],"pwb-brand":[397],"product_cat":[127,142],"product_tag":[294,293],"class_list":{"0":"post-8811","1":"product","2":"type-product","3":"status-publish","4":"has-post-thumbnail","6":"pwb-brand-neutrogena","7":"product_cat-face-care","8":"product_cat-face-creams","9":"product_tag-face","10":"product_tag-facecare","11":"pa_size-30ml","14":"instock","15":"shipping-taxable","16":"purchasable","17":"product-type-simple"},"brands":[{"id":397,"name":"Neutrogena","slug":"neutrogena"}],"_links":{"self":[{"href":"https:\/\/axtarstore.com\/ru\/wp-json\/wp\/v2\/product\/8811"}],"collection":[{"href":"https:\/\/axtarstore.com\/ru\/wp-json\/wp\/v2\/product"}],"about":[{"href":"https:\/\/axtarstore.com\/ru\/wp-json\/wp\/v2\/types\/product"}],"replies":[{"embeddable":true,"href":"https:\/\/axtarstore.com\/ru\/wp-json\/wp\/v2\/comments?post=8811"}],"version-history":[{"count":1,"href":"https:\/\/axtarstore.com\/ru\/wp-json\/wp\/v2\/product\/8811\/revisions"}],"predecessor-version":[{"id":8813,"href":"https:\/\/axtarstore.com\/ru\/wp-json\/wp\/v2\/product\/8811\/revisions\/8813"}],"wp:featuredmedia":[{"embeddable":true,"href":"https:\/\/axtarstore.com\/ru\/wp-json\/wp\/v2\/media\/8812"}],"wp:attachment":[{"href":"https:\/\/axtarstore.com\/ru\/wp-json\/wp\/v2\/media?parent=8811"}],"wp:term":[{"taxonomy":"pwb-brand","embeddable":true,"href":"https:\/\/axtarstore.com\/ru\/wp-json\/wp\/v2\/pwb-brand?post=8811"},{"taxonomy":"product_cat","embeddable":true,"href":"https:\/\/axtarstore.com\/ru\/wp-json\/wp\/v2\/product_cat?post=8811"},{"taxonomy":"product_tag","embeddable":true,"href":"https:\/\/axtarstore.com\/ru\/wp-json\/wp\/v2\/product_tag?post=8811"}],"curies":[{"name":"wp","href":"https:\/\/api.w.org\/{rel}","templated":true}]}}