{"id":8808,"date":"2025-01-14T22:31:45","date_gmt":"2025-01-14T18:31:45","guid":{"rendered":"https:\/\/axtarstore.com\/?post_type=product&#038;p=8808"},"modified":"2025-01-14T22:31:45","modified_gmt":"2025-01-14T18:31:45","slug":"neutrogena-bright-boost-yaslanma-%c9%99ieyhin%c9%99-jel-krem-50ml","status":"publish","type":"product","link":"https:\/\/axtarstore.com\/ru\/product\/neutrogena-bright-boost-yaslanma-%c9%99ieyhin%c9%99-jel-krem-50ml\/","title":{"rendered":"Neutrogena Bright Boost Ya\u015flanma \u018fIeyhin\u0259 Jel Krem 50ml"},"content":{"rendered":"<p>Neutrogena Bright Boost Ya\u015flanma \u018fleyhin\u0259 Gel Kreminin Faydalar\u0131<br \/>\n\u0130nc\u0259 x\u0259ttl\u0259rin v\u0259 qeyri-b\u0259rab\u0259r tonun qar\u015f\u0131s\u0131n\u0131 alma\u011fa k\u00f6m\u0259k edir<\/p>\n<p>D\u0259rinin t\u0259bii yenil\u0259nm\u0259 prosesini tetikler<\/p>\n<p>Sa\u011flam parlaq d\u0259ri t\u0259min edir<\/p>\n<p>Ya\u015flanma \u0259lam\u0259tl\u0259ri il\u0259 m\u00fcbariz\u0259 aparma\u011fa k\u00f6m\u0259k edir<\/p>\n<p>inc\u0259 x\u0259tl\u0259r<\/p>\n<p>ton b\u0259rab\u0259rsizliyi<\/p>\n<p>Quru d\u0259ri g\u00f6r\u00fcn\u00fc\u015f\u00fc<\/p>\n<p>Onun parlaq formulas\u0131 d\u0259riy\u0259 parlaq bir g\u00f6r\u00fcn\u00fc\u015f t\u0259qdim edir.<\/p>\n<p>Neutrogena Bright Boost Ya\u015flanma \u018fleyhdar\u0131 Gel Krem X\u00fcsusiyy\u0259tl\u0259ri<br \/>\nNeoql\u00fckozamin qocalma \u0259lam\u0259tl\u0259rin\u0259 qar\u015f\u0131 elmi c\u0259h\u0259td\u0259n s\u00fcbut edilmi\u015f x\u00fcsusi t\u0259rkib hiss\u0259sidir. 3 effektivdir:<\/p>\n<p>n\u0259ml\u0259ndirir<\/p>\n<p>D\u0259rinin s\u0259thini yenil\u0259yir<\/p>\n<p>Ton qeyri-b\u0259rab\u0259rliyin\u0259 qar\u015f\u0131 melanin istehsal\u0131n\u0131 azald\u0131r<\/p>\n<p>AHA v\u0259 PHA z\u0259rif soyma effektl\u0259ri il\u0259 d\u0259rini cans\u0131z v\u0259 yor\u011fun h\u00fcceyr\u0259l\u0259rd\u0259n t\u0259mizl\u0259y\u0259n tur\u015fulard\u0131r.<\/p>","protected":false},"excerpt":{"rendered":"<p>Neutrogena Bright Boost Ya\u015flanma \u018fleyhin\u0259 Gel Kreminin Faydalar\u0131 \u0130nc\u0259 x\u0259ttl\u0259rin v\u0259 qeyri-b\u0259rab\u0259r tonun qar\u015f\u0131s\u0131n\u0131 alma\u011fa k\u00f6m\u0259k edir D\u0259rinin t\u0259bii yenil\u0259nm\u0259 prosesini tetikler Sa\u011flam parlaq d\u0259ri t\u0259min edir Ya\u015flanma \u0259lam\u0259tl\u0259ri il\u0259 m\u00fcbariz\u0259 aparma\u011fa k\u00f6m\u0259k edir inc\u0259 x\u0259tl\u0259r ton b\u0259rab\u0259rsizliyi Quru d\u0259ri g\u00f6r\u00fcn\u00fc\u015f\u00fc Onun parlaq formulas\u0131 d\u0259riy\u0259 parlaq bir g\u00f6r\u00fcn\u00fc\u015f t\u0259qdim edir. Neutrogena Bright Boost Ya\u015flanma \u018fleyhdar\u0131 &hellip; <a href=\"https:\/\/axtarstore.com\/ru\/product\/neutrogena-bright-boost-yaslanma-%c9%99ieyhin%c9%99-jel-krem-50ml\/\" class=\"more-link\">Continue reading <span class=\"screen-reader-text\">Neutrogena Bright Boost Ya\u015flanma \u018fIeyhin\u0259 Jel Krem 50ml<\/span><\/a><\/p>","protected":false},"featured_media":8809,"comment_status":"open","ping_status":"closed","template":"","meta":[],"pwb-brand":[397],"product_cat":[127,142,384],"product_tag":[328,294,333,293],"class_list":{"0":"post-8808","1":"product","2":"type-product","3":"status-publish","4":"has-post-thumbnail","6":"pwb-brand-neutrogena","7":"product_cat-face-care","8":"product_cat-face-creams","9":"product_cat-uz-nmlndirici-krem","10":"product_tag-anti-wrinkle","11":"product_tag-face","12":"product_tag-face-moisturiser","13":"product_tag-facecare","14":"pa_size-50ml","17":"instock","18":"shipping-taxable","19":"purchasable","20":"product-type-simple"},"brands":[{"id":397,"name":"Neutrogena","slug":"neutrogena"}],"_links":{"self":[{"href":"https:\/\/axtarstore.com\/ru\/wp-json\/wp\/v2\/product\/8808"}],"collection":[{"href":"https:\/\/axtarstore.com\/ru\/wp-json\/wp\/v2\/product"}],"about":[{"href":"https:\/\/axtarstore.com\/ru\/wp-json\/wp\/v2\/types\/product"}],"replies":[{"embeddable":true,"href":"https:\/\/axtarstore.com\/ru\/wp-json\/wp\/v2\/comments?post=8808"}],"version-history":[{"count":1,"href":"https:\/\/axtarstore.com\/ru\/wp-json\/wp\/v2\/product\/8808\/revisions"}],"predecessor-version":[{"id":8810,"href":"https:\/\/axtarstore.com\/ru\/wp-json\/wp\/v2\/product\/8808\/revisions\/8810"}],"wp:featuredmedia":[{"embeddable":true,"href":"https:\/\/axtarstore.com\/ru\/wp-json\/wp\/v2\/media\/8809"}],"wp:attachment":[{"href":"https:\/\/axtarstore.com\/ru\/wp-json\/wp\/v2\/media?parent=8808"}],"wp:term":[{"taxonomy":"pwb-brand","embeddable":true,"href":"https:\/\/axtarstore.com\/ru\/wp-json\/wp\/v2\/pwb-brand?post=8808"},{"taxonomy":"product_cat","embeddable":true,"href":"https:\/\/axtarstore.com\/ru\/wp-json\/wp\/v2\/product_cat?post=8808"},{"taxonomy":"product_tag","embeddable":true,"href":"https:\/\/axtarstore.com\/ru\/wp-json\/wp\/v2\/product_tag?post=8808"}],"curies":[{"name":"wp","href":"https:\/\/api.w.org\/{rel}","templated":true}]}}