{"id":8805,"date":"2025-01-14T22:27:02","date_gmt":"2025-01-14T18:27:02","guid":{"rendered":"https:\/\/axtarstore.com\/?post_type=product&#038;p=8805"},"modified":"2025-01-14T22:27:02","modified_gmt":"2025-01-14T18:27:02","slug":"neutrogena-bright-boost-yaslanma-%c9%99ieyhin%c9%99-gec%c9%99-kremi-50ml","status":"publish","type":"product","link":"https:\/\/axtarstore.com\/ru\/product\/neutrogena-bright-boost-yaslanma-%c9%99ieyhin%c9%99-gec%c9%99-kremi-50ml\/","title":{"rendered":"Neutrogena Bright Boost Ya\u015flanma \u018fIeyhin\u0259 Gec\u0259 Kremi 50ml"},"content":{"rendered":"<p>Neutrogena Bright Boost Ya\u015flanma \u018fleyhdar\u0131 Gec\u0259 Kreminin Faydalar\u0131<br \/>\nYa\u015flanma \u0259lam\u0259tl\u0259ri il\u0259 m\u00fcbariz\u0259 apar\u0131r.<\/p>\n<p>D\u0259rinin s\u0259thinin h\u00fcceyr\u0259 yenil\u0259nm\u0259sini d\u0259st\u0259kl\u0259yir.<\/p>\n<p>Tonal b\u0259rab\u0259rsizliy\u0259 qar\u015f\u0131 \u00e7\u0131x\u0131r.<\/p>\n<p>D\u0259rinin t\u0259bii kollagen istehsal\u0131n\u0131 saxlama\u011fa k\u00f6m\u0259k edir.<\/p>\n<p>D\u0259riy\u0259 sa\u011flam v\u0259 parlaq g\u00f6r\u00fcn\u00fc\u015f b\u0259x\u015f edir.<\/p>\n<p>D\u0259rini n\u0259ml\u0259ndirir.<\/p>\n<p>Neutrogena Bright Boost Ya\u015flanma \u018fleyhdar\u0131 Gec\u0259 Kremi X\u00fcsusiyy\u0259tl\u0259ri<br \/>\nT\u0259rkibind\u0259 neoql\u00fckozamin v\u0259 minerallar var.<\/p>\n<p>Ya\u011fs\u0131z v\u0259 spirtsizdir.<\/p>\n<p>Qeyri-komedogendir: m\u0259sam\u0259l\u0259ri ba\u011flam\u0131r.<\/p>\n<p>50ml<\/p>","protected":false},"excerpt":{"rendered":"<p>Neutrogena Bright Boost Ya\u015flanma \u018fleyhdar\u0131 Gec\u0259 Kreminin Faydalar\u0131 Ya\u015flanma \u0259lam\u0259tl\u0259ri il\u0259 m\u00fcbariz\u0259 apar\u0131r. D\u0259rinin s\u0259thinin h\u00fcceyr\u0259 yenil\u0259nm\u0259sini d\u0259st\u0259kl\u0259yir. Tonal b\u0259rab\u0259rsizliy\u0259 qar\u015f\u0131 \u00e7\u0131x\u0131r. D\u0259rinin t\u0259bii kollagen istehsal\u0131n\u0131 saxlama\u011fa k\u00f6m\u0259k edir. D\u0259riy\u0259 sa\u011flam v\u0259 parlaq g\u00f6r\u00fcn\u00fc\u015f b\u0259x\u015f edir. D\u0259rini n\u0259ml\u0259ndirir. Neutrogena Bright Boost Ya\u015flanma \u018fleyhdar\u0131 Gec\u0259 Kremi X\u00fcsusiyy\u0259tl\u0259ri T\u0259rkibind\u0259 neoql\u00fckozamin v\u0259 minerallar var. Ya\u011fs\u0131z v\u0259 spirtsizdir. Qeyri-komedogendir: &hellip; <a href=\"https:\/\/axtarstore.com\/ru\/product\/neutrogena-bright-boost-yaslanma-%c9%99ieyhin%c9%99-gec%c9%99-kremi-50ml\/\" class=\"more-link\">Continue reading <span class=\"screen-reader-text\">Neutrogena Bright Boost Ya\u015flanma \u018fIeyhin\u0259 Gec\u0259 Kremi 50ml<\/span><\/a><\/p>","protected":false},"featured_media":8806,"comment_status":"open","ping_status":"closed","template":"","meta":[],"pwb-brand":[397],"product_cat":[127,142,384],"product_tag":[293,297],"class_list":{"0":"post-8805","1":"product","2":"type-product","3":"status-publish","4":"has-post-thumbnail","6":"pwb-brand-neutrogena","7":"product_cat-face-care","8":"product_cat-face-creams","9":"product_cat-uz-nmlndirici-krem","10":"product_tag-facecare","11":"product_tag-whitening","12":"pa_size-50ml","15":"instock","16":"shipping-taxable","17":"purchasable","18":"product-type-simple"},"brands":[{"id":397,"name":"Neutrogena","slug":"neutrogena"}],"_links":{"self":[{"href":"https:\/\/axtarstore.com\/ru\/wp-json\/wp\/v2\/product\/8805"}],"collection":[{"href":"https:\/\/axtarstore.com\/ru\/wp-json\/wp\/v2\/product"}],"about":[{"href":"https:\/\/axtarstore.com\/ru\/wp-json\/wp\/v2\/types\/product"}],"replies":[{"embeddable":true,"href":"https:\/\/axtarstore.com\/ru\/wp-json\/wp\/v2\/comments?post=8805"}],"version-history":[{"count":1,"href":"https:\/\/axtarstore.com\/ru\/wp-json\/wp\/v2\/product\/8805\/revisions"}],"predecessor-version":[{"id":8807,"href":"https:\/\/axtarstore.com\/ru\/wp-json\/wp\/v2\/product\/8805\/revisions\/8807"}],"wp:featuredmedia":[{"embeddable":true,"href":"https:\/\/axtarstore.com\/ru\/wp-json\/wp\/v2\/media\/8806"}],"wp:attachment":[{"href":"https:\/\/axtarstore.com\/ru\/wp-json\/wp\/v2\/media?parent=8805"}],"wp:term":[{"taxonomy":"pwb-brand","embeddable":true,"href":"https:\/\/axtarstore.com\/ru\/wp-json\/wp\/v2\/pwb-brand?post=8805"},{"taxonomy":"product_cat","embeddable":true,"href":"https:\/\/axtarstore.com\/ru\/wp-json\/wp\/v2\/product_cat?post=8805"},{"taxonomy":"product_tag","embeddable":true,"href":"https:\/\/axtarstore.com\/ru\/wp-json\/wp\/v2\/product_tag?post=8805"}],"curies":[{"name":"wp","href":"https:\/\/api.w.org\/{rel}","templated":true}]}}