{"id":8798,"date":"2025-01-14T22:17:13","date_gmt":"2025-01-14T18:17:13","guid":{"rendered":"https:\/\/axtarstore.com\/?post_type=product&#038;p=8798"},"modified":"2025-01-14T22:17:13","modified_gmt":"2025-01-14T18:17:13","slug":"neutrogena-bright-boost-leke-karsiti-aydinlatici-serum","status":"publish","type":"product","link":"https:\/\/axtarstore.com\/ru\/product\/neutrogena-bright-boost-leke-karsiti-aydinlatici-serum\/","title":{"rendered":"Neutrogena Bright Boost Leke Kar\u015f\u0131t\u0131 Ayd\u0131nlat\u0131c\u0131 Serum"},"content":{"rendered":"<p>Neutrogena Bright Boost L\u0259k\u0259 \u018fleyhin\u0259 \u0130\u015f\u0131qland\u0131r\u0131c\u0131 Serum X\u00fcsusiyy\u0259tl\u0259ri<br \/>\nNeoglucosamine \u0259n y\u00fcks\u0259k nisb\u0259td\u0259<\/p>\n<p>D\u0259rhal parlaql\u0131q effekti<\/p>\n<p>Neutrogena Bright Boost L\u0259k\u0259 \u018fleyhin\u0259 \u0130\u015f\u0131qland\u0131r\u0131c\u0131 Serumun Faydalar\u0131<br \/>\nYa\u015flanma \u0259lam\u0259tl\u0259rinin v\u0259 ton qeyri-b\u0259rab\u0259rliyinin qar\u015f\u0131s\u0131n\u0131 alma\u011fa k\u00f6m\u0259k edir.<\/p>\n<p>D\u0259rinin s\u0259thinin t\u0259bii yenil\u0259nm\u0259si prosesini tetikler<\/p>\n<p>Parlaq v\u0259 g\u0259nc g\u00f6r\u00fcn\u00fc\u015fl\u00fc d\u0259ri t\u0259min edir<\/p>\n<p>L\u0259k\u0259 \u0259leyhin\u0259, ton qeyri-b\u0259rab\u0259rliyin\u0259 qar\u015f\u0131: piqmentasiya v\u0259 mat g\u00f6r\u00fcn\u00fc\u015f\u00fc h\u0259d\u0259fl\u0259yir.<\/p>\n<p>Y\u00fcng\u00fcl tekstura, b\u00fct\u00fcn d\u0259ri tonlar\u0131na uy\u011fundur, komedogen deyil.<\/p>","protected":false},"excerpt":{"rendered":"<p>Neutrogena Bright Boost L\u0259k\u0259 \u018fleyhin\u0259 \u0130\u015f\u0131qland\u0131r\u0131c\u0131 Serum X\u00fcsusiyy\u0259tl\u0259ri Neoglucosamine \u0259n y\u00fcks\u0259k nisb\u0259td\u0259 D\u0259rhal parlaql\u0131q effekti Neutrogena Bright Boost L\u0259k\u0259 \u018fleyhin\u0259 \u0130\u015f\u0131qland\u0131r\u0131c\u0131 Serumun Faydalar\u0131 Ya\u015flanma \u0259lam\u0259tl\u0259rinin v\u0259 ton qeyri-b\u0259rab\u0259rliyinin qar\u015f\u0131s\u0131n\u0131 alma\u011fa k\u00f6m\u0259k edir. D\u0259rinin s\u0259thinin t\u0259bii yenil\u0259nm\u0259si prosesini tetikler Parlaq v\u0259 g\u0259nc g\u00f6r\u00fcn\u00fc\u015fl\u00fc d\u0259ri t\u0259min edir L\u0259k\u0259 \u0259leyhin\u0259, ton qeyri-b\u0259rab\u0259rliyin\u0259 qar\u015f\u0131: piqmentasiya v\u0259 mat g\u00f6r\u00fcn\u00fc\u015f\u00fc h\u0259d\u0259fl\u0259yir. &hellip; <a href=\"https:\/\/axtarstore.com\/ru\/product\/neutrogena-bright-boost-leke-karsiti-aydinlatici-serum\/\" class=\"more-link\">Continue reading <span class=\"screen-reader-text\">Neutrogena Bright Boost Leke Kar\u015f\u0131t\u0131 Ayd\u0131nlat\u0131c\u0131 Serum<\/span><\/a><\/p>","protected":false},"featured_media":8800,"comment_status":"open","ping_status":"closed","template":"","meta":[],"pwb-brand":[397],"product_cat":[127,143],"product_tag":[296,353,297],"class_list":{"0":"post-8798","1":"product","2":"type-product","3":"status-publish","4":"has-post-thumbnail","6":"pwb-brand-neutrogena","7":"product_cat-face-care","8":"product_cat-face-serum","9":"product_tag-darkspots","10":"product_tag-face-serum","11":"product_tag-whitening","12":"pa_size-30ml","15":"instock","16":"shipping-taxable","17":"purchasable","18":"product-type-simple"},"brands":[{"id":397,"name":"Neutrogena","slug":"neutrogena"}],"_links":{"self":[{"href":"https:\/\/axtarstore.com\/ru\/wp-json\/wp\/v2\/product\/8798"}],"collection":[{"href":"https:\/\/axtarstore.com\/ru\/wp-json\/wp\/v2\/product"}],"about":[{"href":"https:\/\/axtarstore.com\/ru\/wp-json\/wp\/v2\/types\/product"}],"replies":[{"embeddable":true,"href":"https:\/\/axtarstore.com\/ru\/wp-json\/wp\/v2\/comments?post=8798"}],"version-history":[{"count":1,"href":"https:\/\/axtarstore.com\/ru\/wp-json\/wp\/v2\/product\/8798\/revisions"}],"predecessor-version":[{"id":8801,"href":"https:\/\/axtarstore.com\/ru\/wp-json\/wp\/v2\/product\/8798\/revisions\/8801"}],"wp:featuredmedia":[{"embeddable":true,"href":"https:\/\/axtarstore.com\/ru\/wp-json\/wp\/v2\/media\/8800"}],"wp:attachment":[{"href":"https:\/\/axtarstore.com\/ru\/wp-json\/wp\/v2\/media?parent=8798"}],"wp:term":[{"taxonomy":"pwb-brand","embeddable":true,"href":"https:\/\/axtarstore.com\/ru\/wp-json\/wp\/v2\/pwb-brand?post=8798"},{"taxonomy":"product_cat","embeddable":true,"href":"https:\/\/axtarstore.com\/ru\/wp-json\/wp\/v2\/product_cat?post=8798"},{"taxonomy":"product_tag","embeddable":true,"href":"https:\/\/axtarstore.com\/ru\/wp-json\/wp\/v2\/product_tag?post=8798"}],"curies":[{"name":"wp","href":"https:\/\/api.w.org\/{rel}","templated":true}]}}