{"id":8795,"date":"2025-01-14T22:12:12","date_gmt":"2025-01-14T18:12:12","guid":{"rendered":"https:\/\/axtarstore.com\/?post_type=product&#038;p=8795"},"modified":"2025-01-14T22:12:12","modified_gmt":"2025-01-14T18:12:12","slug":"neutrogena-bright-boost-canlandirici-yenileyici-peeling-75ml","status":"publish","type":"product","link":"https:\/\/axtarstore.com\/ru\/product\/neutrogena-bright-boost-canlandirici-yenileyici-peeling-75ml\/","title":{"rendered":"Neutrogena Bright Boost Canland\u0131r\u0131c\u0131 Yenileyici Peeling 75ml"},"content":{"rendered":"<p>100% canland\u0131r\u0131c\u0131 effekt*<\/p>\n<p>Sa\u011flam parlaq d\u0259ri t\u0259min edir<\/p>\n<p>Yor\u011fun, sol\u011fun d\u0259ri h\u00fcceyr\u0259l\u0259rini yenil\u0259yir<\/p>\n<p>AHA + T\u018fB\u0130\u0130 Z\u018fF\u018fR K\u0259\u015ffiyyat\u00e7\u0131lar<\/p>\n<p>D\u0259rinin t\u0259bii yenil\u0259nm\u0259 prosesini tetikler<\/p>\n<p>O, mat v\u0259 sol\u011fun g\u00f6r\u00fcn\u0259n d\u0259rini hamarla\u015fd\u0131rma\u011fa k\u00f6m\u0259k edir, parlaq v\u0259 yum\u015faq bir d\u0259ri t\u0259min edir.<\/p>\n<p>D\u0259rinin s\u0259thini v\u0259 m\u0259sam\u0259l\u0259ri \u00f6l\u00fc h\u00fcceyr\u0259l\u0259rd\u0259n t\u0259mizl\u0259yir.<\/p>","protected":false},"excerpt":{"rendered":"<p>100% canland\u0131r\u0131c\u0131 effekt* Sa\u011flam parlaq d\u0259ri t\u0259min edir Yor\u011fun, sol\u011fun d\u0259ri h\u00fcceyr\u0259l\u0259rini yenil\u0259yir AHA + T\u018fB\u0130\u0130 Z\u018fF\u018fR K\u0259\u015ffiyyat\u00e7\u0131lar D\u0259rinin t\u0259bii yenil\u0259nm\u0259 prosesini tetikler O, mat v\u0259 sol\u011fun g\u00f6r\u00fcn\u0259n d\u0259rini hamarla\u015fd\u0131rma\u011fa k\u00f6m\u0259k edir, parlaq v\u0259 yum\u015faq bir d\u0259ri t\u0259min edir. D\u0259rinin s\u0259thini v\u0259 m\u0259sam\u0259l\u0259ri \u00f6l\u00fc h\u00fcceyr\u0259l\u0259rd\u0259n t\u0259mizl\u0259yir.<\/p>","protected":false},"featured_media":8796,"comment_status":"open","ping_status":"closed","template":"","meta":[],"pwb-brand":[397],"product_cat":[127,351],"product_tag":[352],"class_list":{"0":"post-8795","1":"product","2":"type-product","3":"status-publish","4":"has-post-thumbnail","6":"pwb-brand-neutrogena","7":"product_cat-face-care","8":"product_cat-uz-peeling-gell","9":"product_tag-peeling-gell","10":"pa_size-75ml","13":"instock","14":"shipping-taxable","15":"purchasable","16":"product-type-simple"},"brands":[{"id":397,"name":"Neutrogena","slug":"neutrogena"}],"_links":{"self":[{"href":"https:\/\/axtarstore.com\/ru\/wp-json\/wp\/v2\/product\/8795"}],"collection":[{"href":"https:\/\/axtarstore.com\/ru\/wp-json\/wp\/v2\/product"}],"about":[{"href":"https:\/\/axtarstore.com\/ru\/wp-json\/wp\/v2\/types\/product"}],"replies":[{"embeddable":true,"href":"https:\/\/axtarstore.com\/ru\/wp-json\/wp\/v2\/comments?post=8795"}],"version-history":[{"count":1,"href":"https:\/\/axtarstore.com\/ru\/wp-json\/wp\/v2\/product\/8795\/revisions"}],"predecessor-version":[{"id":8797,"href":"https:\/\/axtarstore.com\/ru\/wp-json\/wp\/v2\/product\/8795\/revisions\/8797"}],"wp:featuredmedia":[{"embeddable":true,"href":"https:\/\/axtarstore.com\/ru\/wp-json\/wp\/v2\/media\/8796"}],"wp:attachment":[{"href":"https:\/\/axtarstore.com\/ru\/wp-json\/wp\/v2\/media?parent=8795"}],"wp:term":[{"taxonomy":"pwb-brand","embeddable":true,"href":"https:\/\/axtarstore.com\/ru\/wp-json\/wp\/v2\/pwb-brand?post=8795"},{"taxonomy":"product_cat","embeddable":true,"href":"https:\/\/axtarstore.com\/ru\/wp-json\/wp\/v2\/product_cat?post=8795"},{"taxonomy":"product_tag","embeddable":true,"href":"https:\/\/axtarstore.com\/ru\/wp-json\/wp\/v2\/product_tag?post=8795"}],"curies":[{"name":"wp","href":"https:\/\/api.w.org\/{rel}","templated":true}]}}