{"id":8790,"date":"2025-01-14T21:15:20","date_gmt":"2025-01-14T17:15:20","guid":{"rendered":"https:\/\/axtarstore.com\/?post_type=product&#038;p=8790"},"modified":"2026-03-07T22:50:30","modified_gmt":"2026-03-07T18:50:30","slug":"difeel-ultra-growth-basil-castor-oil-sampun-355-ml","status":"publish","type":"product","link":"https:\/\/axtarstore.com\/ru\/product\/difeel-ultra-growth-basil-castor-oil-sampun-355-ml\/","title":{"rendered":"Difeel \u015eampun &#8211; Ultra Growth Basil Castrol 355ml"},"content":{"rendered":"<p><strong>Difeel Ultra Growth Basil &amp; Castor Oil \u015eampun 355 ml<\/strong><\/p>\n<div class=\"flex flex-col text-sm pb-25\">\n<article class=\"text-token-text-primary w-full focus:outline-none [--shadow-height:45px] has-data-writing-block:pointer-events-none has-data-writing-block:-mt-(--shadow-height) has-data-writing-block:pt-(--shadow-height) [&amp;:has([data-writing-block])&gt;*]:pointer-events-auto scroll-mt-[calc(var(--header-height)+min(200px,max(70px,20svh)))]\" dir=\"auto\" tabindex=\"-1\" data-turn-id=\"request-WEB:519c09b7-66db-43c9-985f-1be1069a560b-6\" data-testid=\"conversation-turn-14\" data-scroll-anchor=\"true\" data-turn=\"assistant\">\n<div class=\"text-base my-auto mx-auto pb-10 [--thread-content-margin:var(--thread-content-margin-xs,calc(var(--spacing)*4))] @w-sm\/main:[--thread-content-margin:var(--thread-content-margin-sm,calc(var(--spacing)*6))] @w-lg\/main:[--thread-content-margin:var(--thread-content-margin-lg,calc(var(--spacing)*16))] px-(--thread-content-margin)\">\n<div class=\"[--thread-content-max-width:40rem] @w-lg\/main:[--thread-content-max-width:48rem] mx-auto max-w-(--thread-content-max-width) flex-1 group\/turn-messages focus-visible:outline-hidden relative flex w-full min-w-0 flex-col agent-turn\" tabindex=\"-1\">\n<div class=\"flex max-w-full flex-col gap-4 grow\">\n<div class=\"min-h-8 text-message relative flex w-full flex-col items-end gap-2 text-start break-words whitespace-normal [.text-message+&amp;]:mt-1\" dir=\"auto\" data-message-author-role=\"assistant\" data-message-id=\"d64f5fce-6dc9-414d-9e65-1ce1b260cad4\" data-message-model-slug=\"gpt-5-3\">\n<div class=\"flex w-full flex-col gap-1 empty:hidden\">\n<div class=\"markdown prose dark:prose-invert w-full wrap-break-word light markdown-new-styling\">\n<h1 data-section-id=\"o5gupv\" data-start=\"793\" data-end=\"810\">M\u0259hsul haqq\u0131nda<\/h1>\n<p data-start=\"812\" data-end=\"1039\">Sa\u00e7lar\u0131n z\u0259ifl\u0259m\u0259si, t\u00f6k\u00fclm\u0259si v\u0259 yava\u015f uzanmas\u0131 bir \u00e7ox insan\u0131n qar\u015f\u0131la\u015fd\u0131\u011f\u0131 \u00fcmumi probleml\u0259rd\u0259n biridir. Stress, qeyri-d\u00fczg\u00fcn sa\u00e7 bax\u0131m\u0131, kimy\u0259vi t\u0259sirl\u0259r v\u0259 \u0259traf m\u00fchit faktorlar\u0131 sa\u00e7 k\u00f6kl\u0259rinin z\u0259ifl\u0259m\u0259sin\u0259 s\u0259b\u0259b ola bil\u0259r.<\/p>\n<p data-start=\"1041\" data-end=\"1292\">Difeel Ultra Growth Basil &amp; Castor Oil \u015eampun sa\u00e7lar\u0131n daha sa\u011flam uzanmas\u0131n\u0131 d\u0259st\u0259kl\u0259m\u0259k \u00fc\u00e7\u00fcn haz\u0131rlanm\u0131\u015f x\u00fcsusi formulaya malikdir. T\u0259rkibind\u0259 olan reyhan ya\u011f\u0131 v\u0259 g\u0259n\u0259g\u0259r\u00e7\u0259k ya\u011f\u0131 sa\u00e7 d\u0259risini qidaland\u0131rma\u011fa v\u0259 sa\u00e7 k\u00f6kl\u0259rini g\u00fccl\u0259ndirm\u0259y\u0259 k\u00f6m\u0259k edir.<\/p>\n<p data-start=\"1294\" data-end=\"1519\">Reyhan ya\u011f\u0131 sa\u00e7 d\u0259risini canland\u0131rma\u011fa v\u0259 qan d\u00f6vran\u0131n\u0131 d\u0259st\u0259kl\u0259m\u0259y\u0259 k\u00f6m\u0259k ed\u0259n t\u0259bii komponentl\u0259rd\u0259n biridir. G\u0259n\u0259g\u0259r\u00e7\u0259k ya\u011f\u0131 is\u0259 sa\u00e7lar\u0131n qal\u0131n v\u0259 g\u00fccl\u00fc g\u00f6r\u00fcnm\u0259sin\u0259 d\u0259st\u0259k ver\u0259n \u0259n m\u0259\u015fhur sa\u00e7 bax\u0131m ya\u011flar\u0131ndan hesab olunur.<\/p>\n<p data-start=\"1521\" data-end=\"1619\">Bu iki aktiv komponentin birl\u0259\u015fm\u0259si sa\u00e7lar\u0131n daha sa\u011flam, parlaq v\u0259 dol\u011fun g\u00f6r\u00fcnm\u0259sin\u0259 k\u00f6m\u0259k edir.<\/p>\n<hr data-start=\"1621\" data-end=\"1624\" \/>\n<h1 data-section-id=\"1303e6l\" data-start=\"1626\" data-end=\"1635\">Problem<\/h1>\n<p data-start=\"1637\" data-end=\"1703\">Sa\u00e7 bax\u0131m\u0131 d\u00fczg\u00fcn apar\u0131lmad\u0131qda a\u015fa\u011f\u0131dak\u0131 probleml\u0259r yarana bil\u0259r:<\/p>\n<ul data-start=\"1705\" data-end=\"1848\">\n<li data-section-id=\"a70vl6\" data-start=\"1705\" data-end=\"1722\">\n<p data-start=\"1707\" data-end=\"1722\">Sa\u00e7 t\u00f6k\u00fclm\u0259si<\/p>\n<\/li>\n<li data-section-id=\"7hvpw0\" data-start=\"1723\" data-end=\"1751\">\n<p data-start=\"1725\" data-end=\"1751\">Z\u0259if v\u0259 inc\u0259 sa\u00e7 tell\u0259ri<\/p>\n<\/li>\n<li data-section-id=\"1klqz1f\" data-start=\"1752\" data-end=\"1779\">\n<p data-start=\"1754\" data-end=\"1779\">Sa\u00e7lar\u0131n yava\u015f uzanmas\u0131<\/p>\n<\/li>\n<li data-section-id=\"1ul7jcx\" data-start=\"1780\" data-end=\"1816\">\n<p data-start=\"1782\" data-end=\"1816\">Sa\u00e7lar\u0131n mat v\u0259 cans\u0131z g\u00f6r\u00fcnm\u0259si<\/p>\n<\/li>\n<li data-section-id=\"1pshj90\" data-start=\"1817\" data-end=\"1848\">\n<p data-start=\"1819\" data-end=\"1848\">Sa\u00e7 d\u0259risinin qidalanmamas\u0131<\/p>\n<\/li>\n<\/ul>\n<p data-start=\"1850\" data-end=\"1936\">Bu probleml\u0259r sa\u00e7lar\u0131n \u00fcmumi g\u00f6r\u00fcn\u00fc\u015f\u00fcn\u00fc v\u0259 sa\u011flaml\u0131\u011f\u0131n\u0131 m\u0259nfi \u015f\u0259kild\u0259 t\u0259sir ed\u0259 bil\u0259r.<\/p>\n<hr data-start=\"1938\" data-end=\"1941\" \/>\n<h1 data-section-id=\"1htxxpz\" data-start=\"1943\" data-end=\"1949\">H\u0259ll<\/h1>\n<p data-start=\"1951\" data-end=\"2099\">Difeel Ultra Growth Basil &amp; Castor Oil \u015eampun sa\u00e7 k\u00f6kl\u0259rini qidaland\u0131rma\u011fa v\u0259 sa\u00e7lar\u0131n sa\u011flam uzanmas\u0131n\u0131 d\u0259st\u0259kl\u0259m\u0259y\u0259 k\u00f6m\u0259k ed\u0259n formulaya malikdir.<\/p>\n<p data-start=\"2101\" data-end=\"2130\">M\u0259hsulun \u0259sas x\u00fcsusiyy\u0259tl\u0259ri:<\/p>\n<ul data-start=\"2132\" data-end=\"2363\">\n<li data-section-id=\"1ytejgw\" data-start=\"2132\" data-end=\"2184\">\n<p data-start=\"2134\" data-end=\"2184\">Reyhan ya\u011f\u0131 v\u0259 g\u0259n\u0259g\u0259r\u00e7\u0259k ya\u011f\u0131 il\u0259 z\u0259ngin t\u0259rkib<\/p>\n<\/li>\n<li data-section-id=\"hdulfy\" data-start=\"2185\" data-end=\"2227\">\n<p data-start=\"2187\" data-end=\"2227\">Sa\u00e7 k\u00f6kl\u0259rinin g\u00fccl\u0259nm\u0259sin\u0259 k\u00f6m\u0259k edir<\/p>\n<\/li>\n<li data-section-id=\"126abyv\" data-start=\"2228\" data-end=\"2285\">\n<p data-start=\"2230\" data-end=\"2285\">Sa\u00e7lar\u0131n daha qal\u0131n v\u0259 sa\u011flam g\u00f6r\u00fcnm\u0259sini d\u0259st\u0259kl\u0259yir<\/p>\n<\/li>\n<li data-section-id=\"d5gxdj\" data-start=\"2286\" data-end=\"2329\">\n<p data-start=\"2288\" data-end=\"2329\">Sa\u00e7 d\u0259risini t\u0259mizl\u0259yir v\u0259 qidaland\u0131r\u0131r<\/p>\n<\/li>\n<li data-section-id=\"1jxoyv9\" data-start=\"2330\" data-end=\"2363\">\n<p data-start=\"2332\" data-end=\"2363\">Sa\u00e7lara t\u0259bii parlaql\u0131q verir<\/p>\n<\/li>\n<\/ul>\n<p data-start=\"2365\" data-end=\"2452\">M\u00fcnt\u0259z\u0259m istifad\u0259 sa\u00e7lar\u0131n daha sa\u011flam g\u00f6r\u00fcnm\u0259sin\u0259 v\u0259 daha bax\u0131ml\u0131 olmas\u0131na k\u00f6m\u0259k edir.<\/p>\n<hr data-start=\"2454\" data-end=\"2457\" \/>\n<h1 data-section-id=\"fv2e0m\" data-start=\"2459\" data-end=\"2467\">N\u0259tic\u0259<\/h1>\n<p data-start=\"2469\" data-end=\"2532\">Daimi istifad\u0259 zaman\u0131 a\u015fa\u011f\u0131dak\u0131 n\u0259tic\u0259l\u0259r m\u00fc\u015fahid\u0259 oluna bil\u0259r:<\/p>\n<ul data-start=\"2534\" data-end=\"2698\">\n<li data-section-id=\"1ivxlwk\" data-start=\"2534\" data-end=\"2577\">\n<p data-start=\"2536\" data-end=\"2577\">Sa\u00e7lar\u0131n daha g\u00fccl\u00fc v\u0259 sa\u011flam g\u00f6r\u00fcnm\u0259si<\/p>\n<\/li>\n<li data-section-id=\"14vquv0\" data-start=\"2578\" data-end=\"2608\">\n<p data-start=\"2580\" data-end=\"2608\">Sa\u00e7 k\u00f6kl\u0259rinin qidalanmas\u0131<\/p>\n<\/li>\n<li data-section-id=\"1gzt4v1\" data-start=\"2609\" data-end=\"2653\">\n<p data-start=\"2611\" data-end=\"2653\">Sa\u00e7lar\u0131n daha parlaq v\u0259 dol\u011fun g\u00f6r\u00fcnm\u0259si<\/p>\n<\/li>\n<li data-section-id=\"g41m22\" data-start=\"2654\" data-end=\"2698\">\n<p data-start=\"2656\" data-end=\"2698\">Sa\u00e7lar\u0131n daha bax\u0131ml\u0131 v\u0259 canl\u0131 g\u00f6r\u00fcnm\u0259si<\/p>\n<\/li>\n<\/ul>\n<p data-start=\"2700\" data-end=\"2771\">Bu x\u00fcsusiyy\u0259tl\u0259r m\u0259hsulu g\u00fcnd\u0259lik sa\u00e7 bax\u0131m\u0131 \u00fc\u00e7\u00fcn uy\u011fun se\u00e7im\u0259 \u00e7evirir.<\/p>\n<hr data-start=\"2773\" data-end=\"2776\" \/>\n<h1 data-section-id=\"i6u0mb\" data-start=\"2778\" data-end=\"2806\">Niy\u0259 bu m\u0259hsulu almal\u0131yam?<\/h1>\n<p data-start=\"2808\" data-end=\"3006\">Difeel sa\u00e7 bax\u0131m\u0131 sah\u0259sind\u0259 t\u0259bii ya\u011flarla z\u0259ngin m\u0259hsullar\u0131 il\u0259 tan\u0131nan brendl\u0259rd\u0259n biridir. Ultra Growth seriyas\u0131 sa\u00e7lar\u0131n sa\u011flam uzanmas\u0131n\u0131 d\u0259st\u0259kl\u0259m\u0259k \u00fc\u00e7\u00fcn haz\u0131rlanm\u0131\u015f x\u00fcsusi formulaya malikdir.<\/p>\n<p data-start=\"3008\" data-end=\"3045\">Bu m\u0259hsulu se\u00e7m\u0259k \u00fc\u00e7\u00fcn \u0259sas s\u0259b\u0259bl\u0259r:<\/p>\n<ul data-start=\"3047\" data-end=\"3274\">\n<li data-section-id=\"10d9xvb\" data-start=\"3047\" data-end=\"3095\">\n<p data-start=\"3049\" data-end=\"3095\">Reyhan v\u0259 g\u0259n\u0259g\u0259r\u00e7\u0259k ya\u011f\u0131 il\u0259 z\u0259ngin formula<\/p>\n<\/li>\n<li data-section-id=\"17477hb\" data-start=\"3096\" data-end=\"3133\">\n<p data-start=\"3098\" data-end=\"3133\">Sa\u00e7 uzanmas\u0131n\u0131 d\u0259st\u0259kl\u0259y\u0259n qulluq<\/p>\n<\/li>\n<li data-section-id=\"1eqwdzm\" data-start=\"3134\" data-end=\"3176\">\n<p data-start=\"3136\" data-end=\"3176\">Sa\u00e7 k\u00f6kl\u0259rini g\u00fccl\u0259ndirm\u0259y\u0259 k\u00f6m\u0259k edir<\/p>\n<\/li>\n<li data-section-id=\"i5zh41\" data-start=\"3177\" data-end=\"3223\">\n<p data-start=\"3179\" data-end=\"3223\">Sa\u00e7lara t\u0259bii parlaql\u0131q v\u0259 dol\u011funluq verir<\/p>\n<\/li>\n<li data-section-id=\"lca5qb\" data-start=\"3224\" data-end=\"3274\">\n<p data-start=\"3226\" data-end=\"3274\">G\u00fcnd\u0259lik istifad\u0259 \u00fc\u00e7\u00fcn uy\u011fun sa\u00e7 bax\u0131m m\u0259hsulu<\/p>\n<\/li>\n<\/ul>\n<p data-start=\"3276\" data-end=\"3358\">M\u0259hsul sa\u00e7lar\u0131n daha sa\u011flam v\u0259 bax\u0131ml\u0131 g\u00f6r\u00fcnm\u0259si \u00fc\u00e7\u00fcn effektiv qulluq t\u0259qdim edir.<\/p>\n<hr data-start=\"3360\" data-end=\"3363\" \/>\n<h1 data-section-id=\"8rcmto\" data-start=\"3365\" data-end=\"3383\">\u0130stifad\u0259 qaydas\u0131<\/h1>\n<ol data-start=\"3385\" data-end=\"3637\">\n<li data-section-id=\"uzv5p8\" data-start=\"3385\" data-end=\"3418\">\n<p data-start=\"3388\" data-end=\"3418\">Sa\u00e7lar\u0131 il\u0131q su il\u0259 islad\u0131n.<\/p>\n<\/li>\n<li data-section-id=\"t82qk0\" data-start=\"3419\" data-end=\"3480\">\n<p data-start=\"3422\" data-end=\"3480\">Kifay\u0259t q\u0259d\u0259r miqdarda \u015fampunu sa\u00e7 d\u0259risin\u0259 t\u0259tbiq edin.<\/p>\n<\/li>\n<li data-section-id=\"1ae2q0e\" data-start=\"3481\" data-end=\"3545\">\n<p data-start=\"3484\" data-end=\"3545\">Y\u00fcng\u00fcl masaj h\u0259r\u0259k\u0259tl\u0259ri il\u0259 k\u00f6p\u00fcrd\u0259r\u0259k sa\u00e7 d\u0259risin\u0259 yay\u0131n.<\/p>\n<\/li>\n<li data-section-id=\"13ddsh1\" data-start=\"3546\" data-end=\"3587\">\n<p data-start=\"3549\" data-end=\"3587\">Daha sonra bol su il\u0259 yax\u015f\u0131ca yuyun.<\/p>\n<\/li>\n<li data-section-id=\"1cxk44k\" data-start=\"3588\" data-end=\"3637\">\n<p data-start=\"3591\" data-end=\"3637\">Laz\u0131m olduqda proseduru t\u0259krar ed\u0259 bil\u0259rsiniz.<\/p>\n<\/li>\n<\/ol>\n<hr data-start=\"3639\" data-end=\"3642\" \/>\n<h1 data-section-id=\"1htqakv\" data-start=\"3644\" data-end=\"3650\">Qeyd<\/h1>\n<ul data-start=\"3652\" data-end=\"3828\" data-is-last-node=\"\" data-is-only-node=\"\">\n<li data-section-id=\"11ilav5\" data-start=\"3652\" data-end=\"3687\">\n<p data-start=\"3654\" data-end=\"3687\">Yaln\u0131z xarici istifad\u0259 \u00fc\u00e7\u00fcnd\u00fcr.<\/p>\n<\/li>\n<li data-section-id=\"sj0gom\" data-start=\"3688\" data-end=\"3715\">\n<p data-start=\"3690\" data-end=\"3715\">G\u00f6zl\u0259 t\u0259masdan qa\u00e7\u0131n\u0131n.<\/p>\n<\/li>\n<li data-section-id=\"1jcuymc\" data-start=\"3716\" data-end=\"3787\">\n<p data-start=\"3718\" data-end=\"3787\">Q\u0131c\u0131qlanma v\u0259 ya allergik reaksiya yaranarsa istifad\u0259ni dayand\u0131r\u0131n.<\/p>\n<\/li>\n<li data-section-id=\"qae1kq\" data-start=\"3788\" data-end=\"3828\" data-is-last-node=\"\">\n<p data-start=\"3790\" data-end=\"3828\" data-is-last-node=\"\">U\u015faqlar\u0131n \u0259li \u00e7atmayan yerd\u0259 saxlay\u0131n.<\/p>\n<\/li>\n<\/ul>\n<\/div>\n<\/div>\n<\/div>\n<\/div>\n<div class=\"z-0 flex min-h-[46px] justify-start\"><\/div>\n<div class=\"mt-3 w-full empty:hidden\">\n<div class=\"text-center\"><\/div>\n<\/div>\n<\/div>\n<\/div>\n<\/article>\n<\/div>\n<div class=\"pointer-events-none h-px w-px absolute bottom-0\" aria-hidden=\"true\" data-edge=\"true\"><\/div>","protected":false},"excerpt":{"rendered":"<p>Difeel Ultra Growth Basil &amp; Castor Oil \u015eampun 355 ml sa\u00e7lar\u0131n sa\u011flam uzanmas\u0131n\u0131 d\u0259st\u0259kl\u0259y\u0259n t\u0259bii ya\u011flarla z\u0259ngin sa\u00e7 bax\u0131m m\u0259hsuludur. Reyhan v\u0259 g\u0259n\u0259g\u0259r\u00e7\u0259k ya\u011f\u0131 t\u0259rkibi sa\u00e7 k\u00f6kl\u0259rini g\u00fccl\u0259ndirm\u0259y\u0259, sa\u00e7lar\u0131n daha qal\u0131n v\u0259 parlaq g\u00f6r\u00fcnm\u0259sin\u0259 k\u00f6m\u0259k edir.<\/p>","protected":false},"featured_media":8791,"comment_status":"open","ping_status":"closed","template":"","meta":[],"pwb-brand":[391],"product_cat":[126,133,130,204],"product_tag":[306,308,307],"class_list":{"0":"post-8790","1":"product","2":"type-product","3":"status-publish","4":"has-post-thumbnail","6":"pwb-brand-difeel","7":"product_cat-haircare","8":"product_cat-shampoo","9":"product_cat-salonbaxim","10":"product_cat-salon-keratin-sonrasi-sampun","11":"product_tag-antihairloss","12":"product_tag-haircare","13":"product_tag-longstronghair","14":"pa_size-355ml","17":"instock","18":"shipping-taxable","19":"purchasable","20":"product-type-simple"},"brands":[{"id":391,"name":"Difeel","slug":"difeel"}],"_links":{"self":[{"href":"https:\/\/axtarstore.com\/ru\/wp-json\/wp\/v2\/product\/8790"}],"collection":[{"href":"https:\/\/axtarstore.com\/ru\/wp-json\/wp\/v2\/product"}],"about":[{"href":"https:\/\/axtarstore.com\/ru\/wp-json\/wp\/v2\/types\/product"}],"replies":[{"embeddable":true,"href":"https:\/\/axtarstore.com\/ru\/wp-json\/wp\/v2\/comments?post=8790"}],"version-history":[{"count":3,"href":"https:\/\/axtarstore.com\/ru\/wp-json\/wp\/v2\/product\/8790\/revisions"}],"predecessor-version":[{"id":11405,"href":"https:\/\/axtarstore.com\/ru\/wp-json\/wp\/v2\/product\/8790\/revisions\/11405"}],"wp:featuredmedia":[{"embeddable":true,"href":"https:\/\/axtarstore.com\/ru\/wp-json\/wp\/v2\/media\/8791"}],"wp:attachment":[{"href":"https:\/\/axtarstore.com\/ru\/wp-json\/wp\/v2\/media?parent=8790"}],"wp:term":[{"taxonomy":"pwb-brand","embeddable":true,"href":"https:\/\/axtarstore.com\/ru\/wp-json\/wp\/v2\/pwb-brand?post=8790"},{"taxonomy":"product_cat","embeddable":true,"href":"https:\/\/axtarstore.com\/ru\/wp-json\/wp\/v2\/product_cat?post=8790"},{"taxonomy":"product_tag","embeddable":true,"href":"https:\/\/axtarstore.com\/ru\/wp-json\/wp\/v2\/product_tag?post=8790"}],"curies":[{"name":"wp","href":"https:\/\/api.w.org\/{rel}","templated":true}]}}