{"id":8782,"date":"2025-01-14T21:12:14","date_gmt":"2025-01-14T17:12:14","guid":{"rendered":"https:\/\/axtarstore.com\/?post_type=product&#038;p=8782"},"modified":"2026-03-07T23:08:51","modified_gmt":"2026-03-07T19:08:51","slug":"difeel-rosemary-mint-strengthening-sampun-355-ml","status":"publish","type":"product","link":"https:\/\/axtarstore.com\/ru\/product\/difeel-rosemary-mint-strengthening-sampun-355-ml\/","title":{"rendered":"Difeel \u015eampun &#8211; Rosemary Mint Strengthening 355 ml"},"content":{"rendered":"<p><strong>Difeel Rosemary &amp; Mint Strengthening \u015eampun 355 ml<\/strong><\/p>\n<div class=\"flex flex-col text-sm pb-25\">\n<article class=\"text-token-text-primary w-full focus:outline-none [--shadow-height:45px] has-data-writing-block:pointer-events-none has-data-writing-block:-mt-(--shadow-height) has-data-writing-block:pt-(--shadow-height) [&amp;:has([data-writing-block])&gt;*]:pointer-events-auto scroll-mt-[calc(var(--header-height)+min(200px,max(70px,20svh)))]\" dir=\"auto\" tabindex=\"-1\" data-turn-id=\"request-WEB:519c09b7-66db-43c9-985f-1be1069a560b-7\" data-testid=\"conversation-turn-16\" data-scroll-anchor=\"true\" data-turn=\"assistant\">\n<div class=\"text-base my-auto mx-auto pb-10 [--thread-content-margin:var(--thread-content-margin-xs,calc(var(--spacing)*4))] @w-sm\/main:[--thread-content-margin:var(--thread-content-margin-sm,calc(var(--spacing)*6))] @w-lg\/main:[--thread-content-margin:var(--thread-content-margin-lg,calc(var(--spacing)*16))] px-(--thread-content-margin)\">\n<div class=\"[--thread-content-max-width:40rem] @w-lg\/main:[--thread-content-max-width:48rem] mx-auto max-w-(--thread-content-max-width) flex-1 group\/turn-messages focus-visible:outline-hidden relative flex w-full min-w-0 flex-col agent-turn\" tabindex=\"-1\">\n<div class=\"flex max-w-full flex-col gap-4 grow\">\n<div class=\"min-h-8 text-message relative flex w-full flex-col items-end gap-2 text-start break-words whitespace-normal [.text-message+&amp;]:mt-1\" dir=\"auto\" data-message-author-role=\"assistant\" data-message-id=\"e55d4c76-c9b9-4ded-9df9-fd894ab79f74\" data-message-model-slug=\"gpt-5-3\">\n<div class=\"flex w-full flex-col gap-1 empty:hidden\">\n<div class=\"markdown prose dark:prose-invert w-full wrap-break-word light markdown-new-styling\">\n<h1 data-section-id=\"o5gupv\" data-start=\"806\" data-end=\"823\">M\u0259hsul haqq\u0131nda<\/h1>\n<p data-start=\"825\" data-end=\"1061\">Sa\u00e7lar\u0131n sa\u011flam g\u00f6r\u00fcnm\u0259si yaln\u0131z sa\u00e7 tell\u0259rinin deyil, h\u0259m d\u0259 sa\u00e7 d\u0259risinin d\u00fczg\u00fcn qulluq almas\u0131 il\u0259 ba\u011fl\u0131d\u0131r. Sa\u00e7 d\u0259risinin z\u0259ifl\u0259m\u0259si v\u0259 qidalanmamas\u0131 sa\u00e7 t\u00f6k\u00fclm\u0259si, z\u0259if sa\u00e7 tell\u0259ri v\u0259 cans\u0131z g\u00f6r\u00fcn\u00fc\u015f kimi probleml\u0259r\u0259 s\u0259b\u0259b ola bil\u0259r.<\/p>\n<p data-start=\"1063\" data-end=\"1333\">Difeel Rosemary &amp; Mint Strengthening \u015eampun sa\u00e7 d\u0259risini t\u0259mizl\u0259m\u0259k, sa\u00e7 k\u00f6kl\u0259rini g\u00fccl\u0259ndirm\u0259k v\u0259 sa\u00e7lara canl\u0131l\u0131q qazand\u0131rmaq m\u0259qs\u0259di il\u0259 haz\u0131rlanm\u0131\u015fd\u0131r. T\u0259rkibind\u0259 olan rozmarin v\u0259 nan\u0259 ekstraktlar\u0131 sa\u00e7 d\u0259risin\u0259 t\u0259rav\u0259t hissi verir v\u0259 sa\u00e7 bax\u0131m\u0131n\u0131 daha effektiv edir.<\/p>\n<p data-start=\"1335\" data-end=\"1530\">Rozmarin ekstrakt\u0131 sa\u00e7 k\u00f6kl\u0259rini qidaland\u0131rma\u011fa v\u0259 sa\u00e7lar\u0131n daha g\u00fccl\u00fc g\u00f6r\u00fcnm\u0259sin\u0259 k\u00f6m\u0259k ed\u0259n bitki komponentl\u0259rind\u0259n biridir. Nan\u0259 ekstrakt\u0131 is\u0259 sa\u00e7 d\u0259risind\u0259 s\u0259rinlik v\u0259 t\u0259mizlik hissi yarad\u0131r.<\/p>\n<p data-start=\"1532\" data-end=\"1626\">Bu iki komponentin birl\u0259\u015fm\u0259si sa\u00e7lar\u0131n daha sa\u011flam, parlaq v\u0259 bax\u0131ml\u0131 g\u00f6r\u00fcnm\u0259sini d\u0259st\u0259kl\u0259yir.<\/p>\n<hr data-start=\"1628\" data-end=\"1631\" \/>\n<h1 data-section-id=\"1303e6l\" data-start=\"1633\" data-end=\"1642\">Problem<\/h1>\n<p data-start=\"1644\" data-end=\"1710\">Sa\u00e7 bax\u0131m\u0131 d\u00fczg\u00fcn apar\u0131lmad\u0131qda a\u015fa\u011f\u0131dak\u0131 probleml\u0259r yarana bil\u0259r:<\/p>\n<ul data-start=\"1712\" data-end=\"1890\">\n<li data-section-id=\"1azu2bf\" data-start=\"1712\" data-end=\"1741\">\n<p data-start=\"1714\" data-end=\"1741\">Sa\u00e7 k\u00f6kl\u0259rinin z\u0259ifl\u0259m\u0259si<\/p>\n<\/li>\n<li data-section-id=\"1iofgey\" data-start=\"1742\" data-end=\"1777\">\n<p data-start=\"1744\" data-end=\"1777\">Sa\u00e7lar\u0131n t\u00f6k\u00fclm\u0259si v\u0259 inc\u0259lm\u0259si<\/p>\n<\/li>\n<li data-section-id=\"1ul7jcx\" data-start=\"1778\" data-end=\"1814\">\n<p data-start=\"1780\" data-end=\"1814\">Sa\u00e7lar\u0131n mat v\u0259 cans\u0131z g\u00f6r\u00fcnm\u0259si<\/p>\n<\/li>\n<li data-section-id=\"1pshj90\" data-start=\"1815\" data-end=\"1846\">\n<p data-start=\"1817\" data-end=\"1846\">Sa\u00e7 d\u0259risinin qidalanmamas\u0131<\/p>\n<\/li>\n<li data-section-id=\"1t85lgs\" data-start=\"1847\" data-end=\"1890\">\n<p data-start=\"1849\" data-end=\"1890\">Sa\u00e7 d\u0259risind\u0259 a\u011f\u0131rl\u0131q v\u0259 ya\u011flanma hissi<\/p>\n<\/li>\n<\/ul>\n<p data-start=\"1892\" data-end=\"1978\">Bu probleml\u0259r sa\u00e7lar\u0131n \u00fcmumi g\u00f6r\u00fcn\u00fc\u015f\u00fcn\u00fc v\u0259 sa\u011flaml\u0131\u011f\u0131n\u0131 m\u0259nfi \u015f\u0259kild\u0259 t\u0259sir ed\u0259 bil\u0259r.<\/p>\n<hr data-start=\"1980\" data-end=\"1983\" \/>\n<h1 data-section-id=\"1htxxpz\" data-start=\"1985\" data-end=\"1991\">H\u0259ll<\/h1>\n<p data-start=\"1993\" data-end=\"2122\">Difeel Rosemary &amp; Mint Strengthening \u015eampun sa\u00e7 d\u0259risini t\u0259mizl\u0259y\u0259n v\u0259 sa\u00e7 k\u00f6kl\u0259rini g\u00fccl\u0259ndirm\u0259y\u0259 k\u00f6m\u0259k ed\u0259n formulaya malikdir.<\/p>\n<p data-start=\"2124\" data-end=\"2153\">M\u0259hsulun \u0259sas x\u00fcsusiyy\u0259tl\u0259ri:<\/p>\n<ul data-start=\"2155\" data-end=\"2379\">\n<li data-section-id=\"n5nd05\" data-start=\"2155\" data-end=\"2207\">\n<p data-start=\"2157\" data-end=\"2207\">Rozmarin v\u0259 nan\u0259 ekstraktlar\u0131 il\u0259 z\u0259ngin formula<\/p>\n<\/li>\n<li data-section-id=\"hdulfy\" data-start=\"2208\" data-end=\"2250\">\n<p data-start=\"2210\" data-end=\"2250\">Sa\u00e7 k\u00f6kl\u0259rinin g\u00fccl\u0259nm\u0259sin\u0259 k\u00f6m\u0259k edir<\/p>\n<\/li>\n<li data-section-id=\"rpnj0h\" data-start=\"2251\" data-end=\"2302\">\n<p data-start=\"2253\" data-end=\"2302\">Sa\u00e7 d\u0259risind\u0259 t\u0259rav\u0259t v\u0259 t\u0259mizlik hissi yarad\u0131r<\/p>\n<\/li>\n<li data-section-id=\"15w82y4\" data-start=\"2303\" data-end=\"2340\">\n<p data-start=\"2305\" data-end=\"2340\">Sa\u00e7lar\u0131 yum\u015faq \u015f\u0259kild\u0259 t\u0259mizl\u0259yir<\/p>\n<\/li>\n<li data-section-id=\"myqf2\" data-start=\"2341\" data-end=\"2379\">\n<p data-start=\"2343\" data-end=\"2379\">Sa\u00e7lara t\u0259bii parlaql\u0131q qazand\u0131r\u0131r<\/p>\n<\/li>\n<\/ul>\n<p data-start=\"2381\" data-end=\"2454\">M\u00fcnt\u0259z\u0259m istifad\u0259 sa\u00e7lar\u0131n daha sa\u011flam v\u0259 bax\u0131ml\u0131 g\u00f6r\u00fcnm\u0259sin\u0259 k\u00f6m\u0259k edir.<\/p>\n<hr data-start=\"2456\" data-end=\"2459\" \/>\n<h1 data-section-id=\"fv2e0m\" data-start=\"2461\" data-end=\"2469\">N\u0259tic\u0259<\/h1>\n<p data-start=\"2471\" data-end=\"2534\">Daimi istifad\u0259 zaman\u0131 a\u015fa\u011f\u0131dak\u0131 n\u0259tic\u0259l\u0259r m\u00fc\u015fahid\u0259 oluna bil\u0259r:<\/p>\n<ul data-start=\"2536\" data-end=\"2710\">\n<li data-section-id=\"1l356s7\" data-start=\"2536\" data-end=\"2575\">\n<p data-start=\"2538\" data-end=\"2575\">Sa\u00e7 k\u00f6kl\u0259rinin daha g\u00fccl\u00fc g\u00f6r\u00fcnm\u0259si<\/p>\n<\/li>\n<li data-section-id=\"zhjn4t\" data-start=\"2576\" data-end=\"2619\">\n<p data-start=\"2578\" data-end=\"2619\">Sa\u00e7lar\u0131n daha sa\u011flam v\u0259 canl\u0131 g\u00f6r\u00fcnm\u0259si<\/p>\n<\/li>\n<li data-section-id=\"15xv0fa\" data-start=\"2620\" data-end=\"2664\">\n<p data-start=\"2622\" data-end=\"2664\">Sa\u00e7 d\u0259risinin t\u0259miz v\u0259 t\u0259rav\u0259tli qalmas\u0131<\/p>\n<\/li>\n<li data-section-id=\"17ue3no\" data-start=\"2665\" data-end=\"2710\">\n<p data-start=\"2667\" data-end=\"2710\">Sa\u00e7lar\u0131n daha parlaq v\u0259 bax\u0131ml\u0131 g\u00f6r\u00fcnm\u0259si<\/p>\n<\/li>\n<\/ul>\n<p data-start=\"2712\" data-end=\"2783\">Bu x\u00fcsusiyy\u0259tl\u0259r m\u0259hsulu g\u00fcnd\u0259lik sa\u00e7 bax\u0131m\u0131 \u00fc\u00e7\u00fcn uy\u011fun se\u00e7im\u0259 \u00e7evirir.<\/p>\n<hr data-start=\"2785\" data-end=\"2788\" \/>\n<h1 data-section-id=\"i6u0mb\" data-start=\"2790\" data-end=\"2818\">Niy\u0259 bu m\u0259hsulu almal\u0131yam?<\/h1>\n<p data-start=\"2820\" data-end=\"3041\">Difeel t\u0259bii ya\u011f v\u0259 bitki ekstraktlar\u0131 il\u0259 z\u0259ngin sa\u00e7 bax\u0131m m\u0259hsullar\u0131 il\u0259 tan\u0131nan brendl\u0259rd\u0259n biridir. Rosemary &amp; Mint Strengthening seriyas\u0131 sa\u00e7lar\u0131n g\u00fccl\u0259nm\u0259sin\u0259 v\u0259 sa\u011flam g\u00f6r\u00fcnm\u0259sin\u0259 d\u0259st\u0259k verm\u0259k \u00fc\u00e7\u00fcn haz\u0131rlanm\u0131\u015fd\u0131r.<\/p>\n<p data-start=\"3043\" data-end=\"3080\">Bu m\u0259hsulu se\u00e7m\u0259k \u00fc\u00e7\u00fcn \u0259sas s\u0259b\u0259bl\u0259r:<\/p>\n<ul data-start=\"3082\" data-end=\"3327\">\n<li data-section-id=\"n5nd05\" data-start=\"3082\" data-end=\"3134\">\n<p data-start=\"3084\" data-end=\"3134\">Rozmarin v\u0259 nan\u0259 ekstraktlar\u0131 il\u0259 z\u0259ngin formula<\/p>\n<\/li>\n<li data-section-id=\"1eqwdzm\" data-start=\"3135\" data-end=\"3177\">\n<p data-start=\"3137\" data-end=\"3177\">Sa\u00e7 k\u00f6kl\u0259rini g\u00fccl\u0259ndirm\u0259y\u0259 k\u00f6m\u0259k edir<\/p>\n<\/li>\n<li data-section-id=\"5lbhir\" data-start=\"3178\" data-end=\"3217\">\n<p data-start=\"3180\" data-end=\"3217\">Sa\u00e7 d\u0259risind\u0259 t\u0259rav\u0259t hissi yarad\u0131r<\/p>\n<\/li>\n<li data-section-id=\"124ff6z\" data-start=\"3218\" data-end=\"3276\">\n<p data-start=\"3220\" data-end=\"3276\">Sa\u00e7lar\u0131n daha parlaq v\u0259 sa\u011flam g\u00f6r\u00fcnm\u0259sini d\u0259st\u0259kl\u0259yir<\/p>\n<\/li>\n<li data-section-id=\"lca5qb\" data-start=\"3277\" data-end=\"3327\">\n<p data-start=\"3279\" data-end=\"3327\">G\u00fcnd\u0259lik istifad\u0259 \u00fc\u00e7\u00fcn uy\u011fun sa\u00e7 bax\u0131m m\u0259hsulu<\/p>\n<\/li>\n<\/ul>\n<p data-start=\"3329\" data-end=\"3403\">Bu x\u00fcsusiyy\u0259tl\u0259r m\u0259hsulu g\u00fcnd\u0259lik sa\u00e7 qulluq rutini \u00fc\u00e7\u00fcn ideal se\u00e7im edir.<\/p>\n<hr data-start=\"3405\" data-end=\"3408\" \/>\n<h1 data-section-id=\"8rcmto\" data-start=\"3410\" data-end=\"3428\">\u0130stifad\u0259 qaydas\u0131<\/h1>\n<ol data-start=\"3430\" data-end=\"3684\">\n<li data-section-id=\"1gb3ylg\" data-start=\"3430\" data-end=\"3467\">\n<p data-start=\"3433\" data-end=\"3467\">Sa\u00e7lar\u0131 il\u0131q su il\u0259 tam islad\u0131n.<\/p>\n<\/li>\n<li data-section-id=\"t82qk0\" data-start=\"3468\" data-end=\"3529\">\n<p data-start=\"3471\" data-end=\"3529\">Kifay\u0259t q\u0259d\u0259r miqdarda \u015fampunu sa\u00e7 d\u0259risin\u0259 t\u0259tbiq edin.<\/p>\n<\/li>\n<li data-section-id=\"1ae2q0e\" data-start=\"3530\" data-end=\"3594\">\n<p data-start=\"3533\" data-end=\"3594\">Y\u00fcng\u00fcl masaj h\u0259r\u0259k\u0259tl\u0259ri il\u0259 k\u00f6p\u00fcrd\u0259r\u0259k sa\u00e7 d\u0259risin\u0259 yay\u0131n.<\/p>\n<\/li>\n<li data-section-id=\"13ddsh1\" data-start=\"3595\" data-end=\"3636\">\n<p data-start=\"3598\" data-end=\"3636\">Daha sonra bol su il\u0259 yax\u015f\u0131ca yuyun.<\/p>\n<\/li>\n<li data-section-id=\"1ncv6fc\" data-start=\"3637\" data-end=\"3684\">\n<p data-start=\"3640\" data-end=\"3684\">Laz\u0131m olduqda prosesi t\u0259krar ed\u0259 bil\u0259rsiniz.<\/p>\n<\/li>\n<\/ol>\n<hr data-start=\"3686\" data-end=\"3689\" \/>\n<h1 data-section-id=\"1htqakv\" data-start=\"3691\" data-end=\"3697\">Qeyd<\/h1>\n<ul data-start=\"3699\" data-end=\"3875\" data-is-last-node=\"\" data-is-only-node=\"\">\n<li data-section-id=\"11ilav5\" data-start=\"3699\" data-end=\"3734\">\n<p data-start=\"3701\" data-end=\"3734\">Yaln\u0131z xarici istifad\u0259 \u00fc\u00e7\u00fcnd\u00fcr.<\/p>\n<\/li>\n<li data-section-id=\"sj0gom\" data-start=\"3735\" data-end=\"3762\">\n<p data-start=\"3737\" data-end=\"3762\">G\u00f6zl\u0259 t\u0259masdan qa\u00e7\u0131n\u0131n.<\/p>\n<\/li>\n<li data-section-id=\"1t9k2jo\" data-start=\"3763\" data-end=\"3834\">\n<p data-start=\"3765\" data-end=\"3834\">Allergik reaksiya v\u0259 ya q\u0131c\u0131qlanma yaranarsa istifad\u0259ni dayand\u0131r\u0131n.<\/p>\n<\/li>\n<li data-section-id=\"qae1kq\" data-start=\"3835\" data-end=\"3875\" data-is-last-node=\"\">\n<p data-start=\"3837\" data-end=\"3875\" data-is-last-node=\"\">U\u015faqlar\u0131n \u0259li \u00e7atmayan yerd\u0259 saxlay\u0131n.<\/p>\n<\/li>\n<\/ul>\n<\/div>\n<\/div>\n<\/div>\n<\/div>\n<div class=\"z-0 flex min-h-[46px] justify-start\"><\/div>\n<div class=\"mt-3 w-full empty:hidden\">\n<div class=\"text-center\"><\/div>\n<\/div>\n<\/div>\n<\/div>\n<\/article>\n<\/div>\n<div class=\"pointer-events-none h-px w-px absolute bottom-0\" aria-hidden=\"true\" data-edge=\"true\"><\/div>","protected":false},"excerpt":{"rendered":"<p>Difeel Rosemary &amp; Mint Strengthening \u015eampun 355 ml sa\u00e7 k\u00f6kl\u0259rini g\u00fccl\u0259ndirm\u0259y\u0259 v\u0259 sa\u00e7 d\u0259risini canland\u0131rma\u011fa k\u00f6m\u0259k ed\u0259n bitki t\u0259rkibli sa\u00e7 bax\u0131m m\u0259hsuludur. Rozmarin v\u0259 nan\u0259 ekstraktlar\u0131 sa\u00e7 d\u0259risini t\u0259rav\u0259tl\u0259ndirir, sa\u00e7lar\u0131n daha sa\u011flam v\u0259 parlaq g\u00f6r\u00fcnm\u0259sini d\u0259st\u0259kl\u0259yir.<\/p>","protected":false},"featured_media":8783,"comment_status":"open","ping_status":"closed","template":"","meta":[],"pwb-brand":[391],"product_cat":[126,133,130,204],"product_tag":[306,308,307],"class_list":{"0":"post-8782","1":"product","2":"type-product","3":"status-publish","4":"has-post-thumbnail","6":"pwb-brand-difeel","7":"product_cat-haircare","8":"product_cat-shampoo","9":"product_cat-salonbaxim","10":"product_cat-salon-keratin-sonrasi-sampun","11":"product_tag-antihairloss","12":"product_tag-haircare","13":"product_tag-longstronghair","14":"pa_size-355ml","17":"instock","18":"shipping-taxable","19":"purchasable","20":"product-type-simple"},"brands":[{"id":391,"name":"Difeel","slug":"difeel"}],"_links":{"self":[{"href":"https:\/\/axtarstore.com\/ru\/wp-json\/wp\/v2\/product\/8782"}],"collection":[{"href":"https:\/\/axtarstore.com\/ru\/wp-json\/wp\/v2\/product"}],"about":[{"href":"https:\/\/axtarstore.com\/ru\/wp-json\/wp\/v2\/types\/product"}],"replies":[{"embeddable":true,"href":"https:\/\/axtarstore.com\/ru\/wp-json\/wp\/v2\/comments?post=8782"}],"version-history":[{"count":3,"href":"https:\/\/axtarstore.com\/ru\/wp-json\/wp\/v2\/product\/8782\/revisions"}],"predecessor-version":[{"id":11407,"href":"https:\/\/axtarstore.com\/ru\/wp-json\/wp\/v2\/product\/8782\/revisions\/11407"}],"wp:featuredmedia":[{"embeddable":true,"href":"https:\/\/axtarstore.com\/ru\/wp-json\/wp\/v2\/media\/8783"}],"wp:attachment":[{"href":"https:\/\/axtarstore.com\/ru\/wp-json\/wp\/v2\/media?parent=8782"}],"wp:term":[{"taxonomy":"pwb-brand","embeddable":true,"href":"https:\/\/axtarstore.com\/ru\/wp-json\/wp\/v2\/pwb-brand?post=8782"},{"taxonomy":"product_cat","embeddable":true,"href":"https:\/\/axtarstore.com\/ru\/wp-json\/wp\/v2\/product_cat?post=8782"},{"taxonomy":"product_tag","embeddable":true,"href":"https:\/\/axtarstore.com\/ru\/wp-json\/wp\/v2\/product_tag?post=8782"}],"curies":[{"name":"wp","href":"https:\/\/api.w.org\/{rel}","templated":true}]}}