{"id":8770,"date":"2025-01-14T21:01:04","date_gmt":"2025-01-14T17:01:04","guid":{"rendered":"https:\/\/axtarstore.com\/?post_type=product&#038;p=8770"},"modified":"2025-01-14T21:24:44","modified_gmt":"2025-01-14T17:24:44","slug":"difeel-sampun-caffeine-and-castrol-355-ml","status":"publish","type":"product","link":"https:\/\/axtarstore.com\/ru\/product\/difeel-sampun-caffeine-and-castrol-355-ml\/","title":{"rendered":"Difeel \u015eampun &#8211; Caffeine and Castrol 355 ml"},"content":{"rendered":"<p>Difeel Castor Pro-Growth \u015eampunu daha uzun, daha g\u00fccl\u00fc v\u0259 qal\u0131n sa\u00e7lar \u00fc\u00e7\u00fcn vitaminl\u0259 z\u0259ngin bir b\u00f6y\u00fcm\u0259ni d\u0259st\u0259kl\u0259y\u0259n formulad\u0131r.<\/p>\n<p>Ricinus communis kimi d\u0259 tan\u0131nan kastor ya\u011f\u0131, g\u0259n\u0259g\u0259r\u00e7\u0259k paxlas\u0131ndan \u0259ld\u0259 edil\u0259n qida il\u0259 z\u0259ngin bitki ya\u011f\u0131d\u0131r. Tropik \u015e\u0259rqi Afrikadan \u00e7\u0131xmas\u0131na baxmayaraq, Hindistan v\u0259 Q\u0259rbi Hindistanda kosmetik v\u0259 d\u0259rman m\u0259qs\u0259dl\u0259ri \u00fc\u00e7\u00fcn geni\u015f istifad\u0259 olunur. Kastor ya\u011f\u0131 sa\u00e7lar\u0131n yenid\u0259n b\u00f6y\u00fcm\u0259si v\u0259 qal\u0131nl\u0131\u011f\u0131nda g\u00fccl\u00fc m\u00fctt\u0259fiqdir.<\/p>\n<p>Sa\u00e7 t\u00f6k\u00fclm\u0259sinin qar\u015f\u0131s\u0131n\u0131 alaraq sa\u011flam sa\u00e7 art\u0131m\u0131n\u0131 stimulla\u015fd\u0131r\u0131r.<br \/>\nQ\u0131r\u0131lman\u0131n qar\u015f\u0131s\u0131n\u0131 almaq \u00fc\u00e7\u00fcn g\u00fccl\u0259ndirir v\u0259 n\u0259ml\u0259ndirir. Sa\u00e7lar\u0131 n\u0259ml\u0259ndirir, sa\u00e7lar\u0131 ip\u0259k kimi yum\u015faq v\u0259 hamar saxlay\u0131r<br \/>\nParabensiz, Sulfats\u0131z, Ftalats\u0131z, Formaldehidsiz, Mineral ya\u011fs\u0131z v\u0259 Boyas\u0131z.<br \/>\nAB\u015e istehsal\u0131d\u0131r<\/p>","protected":false},"excerpt":{"rendered":"<p>Difeel Castor Pro-Growth \u015eampunu daha uzun, daha g\u00fccl\u00fc v\u0259 qal\u0131n sa\u00e7lar \u00fc\u00e7\u00fcn vitaminl\u0259 z\u0259ngin bir b\u00f6y\u00fcm\u0259ni d\u0259st\u0259kl\u0259y\u0259n formulad\u0131r. Ricinus communis kimi d\u0259 tan\u0131nan kastor ya\u011f\u0131, g\u0259n\u0259g\u0259r\u00e7\u0259k paxlas\u0131ndan \u0259ld\u0259 edil\u0259n qida il\u0259 z\u0259ngin bitki ya\u011f\u0131d\u0131r. Tropik \u015e\u0259rqi Afrikadan \u00e7\u0131xmas\u0131na baxmayaraq, Hindistan v\u0259 Q\u0259rbi Hindistanda kosmetik v\u0259 d\u0259rman m\u0259qs\u0259dl\u0259ri \u00fc\u00e7\u00fcn geni\u015f istifad\u0259 olunur. Kastor ya\u011f\u0131 sa\u00e7lar\u0131n yenid\u0259n &hellip; <a href=\"https:\/\/axtarstore.com\/ru\/product\/difeel-sampun-caffeine-and-castrol-355-ml\/\" class=\"more-link\">Continue reading <span class=\"screen-reader-text\">Difeel \u015eampun &#8211; Caffeine and Castrol 355 ml<\/span><\/a><\/p>","protected":false},"featured_media":8771,"comment_status":"open","ping_status":"closed","template":"","meta":[],"pwb-brand":[391],"product_cat":[126,137,130,212],"product_tag":[306,308,301],"class_list":{"0":"post-8770","1":"product","2":"type-product","3":"status-publish","4":"has-post-thumbnail","6":"pwb-brand-difeel","7":"product_cat-haircare","8":"product_cat-kondisioner","9":"product_cat-salonbaxim","10":"product_cat-salon-keratin-sonrasi-kondinsoner","11":"product_tag-antihairloss","12":"product_tag-haircare","13":"product_tag-hairfallsolution","14":"pa_size-355ml","17":"instock","18":"shipping-taxable","19":"purchasable","20":"product-type-simple"},"brands":[{"id":391,"name":"Difeel","slug":"difeel"}],"_links":{"self":[{"href":"https:\/\/axtarstore.com\/ru\/wp-json\/wp\/v2\/product\/8770"}],"collection":[{"href":"https:\/\/axtarstore.com\/ru\/wp-json\/wp\/v2\/product"}],"about":[{"href":"https:\/\/axtarstore.com\/ru\/wp-json\/wp\/v2\/types\/product"}],"replies":[{"embeddable":true,"href":"https:\/\/axtarstore.com\/ru\/wp-json\/wp\/v2\/comments?post=8770"}],"version-history":[{"count":1,"href":"https:\/\/axtarstore.com\/ru\/wp-json\/wp\/v2\/product\/8770\/revisions"}],"predecessor-version":[{"id":8775,"href":"https:\/\/axtarstore.com\/ru\/wp-json\/wp\/v2\/product\/8770\/revisions\/8775"}],"wp:featuredmedia":[{"embeddable":true,"href":"https:\/\/axtarstore.com\/ru\/wp-json\/wp\/v2\/media\/8771"}],"wp:attachment":[{"href":"https:\/\/axtarstore.com\/ru\/wp-json\/wp\/v2\/media?parent=8770"}],"wp:term":[{"taxonomy":"pwb-brand","embeddable":true,"href":"https:\/\/axtarstore.com\/ru\/wp-json\/wp\/v2\/pwb-brand?post=8770"},{"taxonomy":"product_cat","embeddable":true,"href":"https:\/\/axtarstore.com\/ru\/wp-json\/wp\/v2\/product_cat?post=8770"},{"taxonomy":"product_tag","embeddable":true,"href":"https:\/\/axtarstore.com\/ru\/wp-json\/wp\/v2\/product_tag?post=8770"}],"curies":[{"name":"wp","href":"https:\/\/api.w.org\/{rel}","templated":true}]}}