{"id":8733,"date":"2025-01-14T20:37:19","date_gmt":"2025-01-14T16:37:19","guid":{"rendered":"https:\/\/axtarstore.com\/?post_type=product&#038;p=8733"},"modified":"2025-01-14T20:37:19","modified_gmt":"2025-01-14T16:37:19","slug":"difeel-sampun-biotion-355-ml","status":"publish","type":"product","link":"https:\/\/axtarstore.com\/ru\/product\/difeel-sampun-biotion-355-ml\/","title":{"rendered":"Difeel \u015eampun &#8211; Biotion 355 ml"},"content":{"rendered":"<p>\u0130NCE SA\u00c7LAR \u00dc\u00c7\u00dcN \u018fN \u018fN YAX\u015eI \u015eAMPUN &#8211; Sa\u00e7lar\u0131 d\u0259rind\u0259n t\u0259mizl\u0259yir, eyni zamanda sa\u011flam sa\u00e7lar\u0131n uzanmas\u0131n\u0131 t\u0259min edir.<\/p>\n<p>T\u018fB\u0130\u0130 SA\u00c7 T\u00d6K\u00dcLM\u018fS\u0130 \u00dc\u00c7\u00dcN \u015eAMPUN &#8211; B vitamini ail\u0259sinin bir hiss\u0259si olan suda h\u0259ll olunan vitamin olan Biotin il\u0259 g\u00fccl\u0259ndirilmi\u015f, g\u00fccl\u0259ndirici formula. B\u0259d\u0259ninizin m\u00fc\u0259yy\u0259n qidalar\u0131 enerjiy\u0259 \u00e7evirm\u0259k \u00fc\u00e7\u00fcn biotin\u0259 ehtiyac\u0131 var.<\/p>\n<p>BEST SA\u00c7 B\u00d6Y\u00dc\u015eM\u018fS\u0130 \u00dc\u00c7\u00dcN \u015eAMPUN &#8211; Biotin sa\u00e7\u0131n\u0131z\u0131n, sa\u011flaml\u0131\u011f\u0131nda m\u00fch\u00fcm rol oynay\u0131r. Biotin \u00e7at\u0131\u015fmazl\u0131\u011f\u0131 sa\u00e7 t\u00f6k\u00fclm\u0259sin\u0259 s\u0259b\u0259b ola bil\u0259r.<\/p>\n<p>SA\u00c7 V\u018f SA\u00c7 T\u00d6K\u00dcLM\u018fS\u0130 K\u0130\u015e\u0130 V\u018f QADINLAR \u00dc\u00c7\u00dcN \u0130DEAL \u015eAMPUN &#8211; G\u00fccl\u0259ndirici formula sa\u00e7lar\u0131 daha g\u00fccl\u00fc, dol\u011fun v\u0259 qal\u0131n edir, eyni zamanda sa\u011flam sa\u00e7lar\u0131n uzanmas\u0131n\u0131 t\u0259\u015fviq edir.<\/p>\n<p>Pro-Growth Biotin \u015eampunumuz sa\u00e7lar\u0131n\u0131za idar\u0259olunma, yum\u015faql\u0131q v\u0259 parlaql\u0131q b\u0259x\u015f etm\u0259kl\u0259 yana\u015f\u0131, sa\u00e7 r\u0259nginizi canl\u0131 saxlamaq \u00fc\u00e7\u00fcn i\u015fl\u0259yir.<\/p>\n<p>Sulfats\u0131z &#8211; Parabensiz &#8211; R\u0259ng T\u0259hl\u00fck\u0259siz Formula.<\/p>","protected":false},"excerpt":{"rendered":"<p>\u0130NCE SA\u00c7LAR \u00dc\u00c7\u00dcN \u018fN \u018fN YAX\u015eI \u015eAMPUN &#8211; Sa\u00e7lar\u0131 d\u0259rind\u0259n t\u0259mizl\u0259yir, eyni zamanda sa\u011flam sa\u00e7lar\u0131n uzanmas\u0131n\u0131 t\u0259min edir. T\u018fB\u0130\u0130 SA\u00c7 T\u00d6K\u00dcLM\u018fS\u0130 \u00dc\u00c7\u00dcN \u015eAMPUN &#8211; B vitamini ail\u0259sinin bir hiss\u0259si olan suda h\u0259ll olunan vitamin olan Biotin il\u0259 g\u00fccl\u0259ndirilmi\u015f, g\u00fccl\u0259ndirici formula. B\u0259d\u0259ninizin m\u00fc\u0259yy\u0259n qidalar\u0131 enerjiy\u0259 \u00e7evirm\u0259k \u00fc\u00e7\u00fcn biotin\u0259 ehtiyac\u0131 var. BEST SA\u00c7 B\u00d6Y\u00dc\u015eM\u018fS\u0130 \u00dc\u00c7\u00dcN \u015eAMPUN &#8211; &hellip; <a href=\"https:\/\/axtarstore.com\/ru\/product\/difeel-sampun-biotion-355-ml\/\" class=\"more-link\">Continue reading <span class=\"screen-reader-text\">Difeel \u015eampun &#8211; Biotion 355 ml<\/span><\/a><\/p>","protected":false},"featured_media":8734,"comment_status":"open","ping_status":"closed","template":"","meta":[],"pwb-brand":[391],"product_cat":[126,133,130,204],"product_tag":[306,308,307],"class_list":{"0":"post-8733","1":"product","2":"type-product","3":"status-publish","4":"has-post-thumbnail","6":"pwb-brand-difeel","7":"product_cat-haircare","8":"product_cat-shampoo","9":"product_cat-salonbaxim","10":"product_cat-salon-keratin-sonrasi-sampun","11":"product_tag-antihairloss","12":"product_tag-haircare","13":"product_tag-longstronghair","14":"pa_size-335ml","17":"instock","18":"shipping-taxable","19":"purchasable","20":"product-type-simple"},"brands":[{"id":391,"name":"Difeel","slug":"difeel"}],"_links":{"self":[{"href":"https:\/\/axtarstore.com\/ru\/wp-json\/wp\/v2\/product\/8733"}],"collection":[{"href":"https:\/\/axtarstore.com\/ru\/wp-json\/wp\/v2\/product"}],"about":[{"href":"https:\/\/axtarstore.com\/ru\/wp-json\/wp\/v2\/types\/product"}],"replies":[{"embeddable":true,"href":"https:\/\/axtarstore.com\/ru\/wp-json\/wp\/v2\/comments?post=8733"}],"version-history":[{"count":1,"href":"https:\/\/axtarstore.com\/ru\/wp-json\/wp\/v2\/product\/8733\/revisions"}],"predecessor-version":[{"id":8740,"href":"https:\/\/axtarstore.com\/ru\/wp-json\/wp\/v2\/product\/8733\/revisions\/8740"}],"wp:featuredmedia":[{"embeddable":true,"href":"https:\/\/axtarstore.com\/ru\/wp-json\/wp\/v2\/media\/8734"}],"wp:attachment":[{"href":"https:\/\/axtarstore.com\/ru\/wp-json\/wp\/v2\/media?parent=8733"}],"wp:term":[{"taxonomy":"pwb-brand","embeddable":true,"href":"https:\/\/axtarstore.com\/ru\/wp-json\/wp\/v2\/pwb-brand?post=8733"},{"taxonomy":"product_cat","embeddable":true,"href":"https:\/\/axtarstore.com\/ru\/wp-json\/wp\/v2\/product_cat?post=8733"},{"taxonomy":"product_tag","embeddable":true,"href":"https:\/\/axtarstore.com\/ru\/wp-json\/wp\/v2\/product_tag?post=8733"}],"curies":[{"name":"wp","href":"https:\/\/api.w.org\/{rel}","templated":true}]}}