{"id":8708,"date":"2025-01-14T20:02:36","date_gmt":"2025-01-14T16:02:36","guid":{"rendered":"https:\/\/axtarstore.com\/?post_type=product&#038;p=8708"},"modified":"2025-01-14T21:20:12","modified_gmt":"2025-01-14T17:20:12","slug":"difeel-premium-sac-maskasi-pro-growth-50-gr","status":"publish","type":"product","link":"https:\/\/axtarstore.com\/ru\/product\/difeel-premium-sac-maskasi-pro-growth-50-gr\/","title":{"rendered":"Difeel Premium Sa\u00e7 Maskas\u0131 &#8211; Pro Growth 50 gr"},"content":{"rendered":"<p>SA\u00c7 T\u00d6K\u00dcLM\u018fS\u0130 \u00dc\u00c7\u00dcN MASKA: Z\u0259rif efir ya\u011f\u0131n\u0131n formulas\u0131. Sa\u00e7 qal\u0131nl\u0131\u011f\u0131n\u0131 n\u0259z\u0259r\u0259\u00e7arpacaq d\u0259r\u0259c\u0259d\u0259 art\u0131rma\u011fa k\u00f6m\u0259k edir. \u00dcmumi parlaql\u0131\u011f\u0131 art\u0131rark\u0259n quru, k\u00f6vr\u0259k sa\u00e7lar\u0131 g\u00fccl\u0259ndirm\u0259y\u0259 k\u00f6m\u0259k edir.<\/p>\n<p>Sa\u00e7lar\u0131 a\u011f\u0131rla\u015fd\u0131rmadan n\u0259mini b\u0259rpa ed\u0259n d\u0259rin kondisioner m\u00fcalic\u0259si.<\/p>\n<p>Sa\u00e7\u0131n idar\u0259 olunmas\u0131n\u0131 v\u0259 toxumas\u0131n\u0131 yax\u015f\u0131la\u015fd\u0131rma\u011fa k\u00f6m\u0259k edir. Sa\u00e7lar\u0131 qidaland\u0131rd\u0131\u011f\u0131 v\u0259 n\u0259ml\u0259ndirdiyi \u00fc\u00e7\u00fcn b\u00f6y\u00fcm\u0259sini art\u0131rma\u011fa k\u00f6m\u0259k edir.<\/p>\n<p>Parabensiz, sulfats\u0131z, ftalats\u0131z, formaldeydsiz, mineral ya\u011fs\u0131z v\u0259 boyas\u0131z. \u0130stifad\u0259si asan Difeel qabla\u015fd\u0131rma v\u0259 paylama<\/p>\n<p>&nbsp;<\/p>","protected":false},"excerpt":{"rendered":"<p>SA\u00c7 T\u00d6K\u00dcLM\u018fS\u0130 \u00dc\u00c7\u00dcN MASKA: Z\u0259rif efir ya\u011f\u0131n\u0131n formulas\u0131. Sa\u00e7 qal\u0131nl\u0131\u011f\u0131n\u0131 n\u0259z\u0259r\u0259\u00e7arpacaq d\u0259r\u0259c\u0259d\u0259 art\u0131rma\u011fa k\u00f6m\u0259k edir. \u00dcmumi parlaql\u0131\u011f\u0131 art\u0131rark\u0259n quru, k\u00f6vr\u0259k sa\u00e7lar\u0131 g\u00fccl\u0259ndirm\u0259y\u0259 k\u00f6m\u0259k edir. Sa\u00e7lar\u0131 a\u011f\u0131rla\u015fd\u0131rmadan n\u0259mini b\u0259rpa ed\u0259n d\u0259rin kondisioner m\u00fcalic\u0259si. Sa\u00e7\u0131n idar\u0259 olunmas\u0131n\u0131 v\u0259 toxumas\u0131n\u0131 yax\u015f\u0131la\u015fd\u0131rma\u011fa k\u00f6m\u0259k edir. Sa\u00e7lar\u0131 qidaland\u0131rd\u0131\u011f\u0131 v\u0259 n\u0259ml\u0259ndirdiyi \u00fc\u00e7\u00fcn b\u00f6y\u00fcm\u0259sini art\u0131rma\u011fa k\u00f6m\u0259k edir. Parabensiz, sulfats\u0131z, ftalats\u0131z, formaldeydsiz, mineral ya\u011fs\u0131z &hellip; <a href=\"https:\/\/axtarstore.com\/ru\/product\/difeel-premium-sac-maskasi-pro-growth-50-gr\/\" class=\"more-link\">Continue reading <span class=\"screen-reader-text\">Difeel Premium Sa\u00e7 Maskas\u0131 &#8211; Pro Growth 50 gr<\/span><\/a><\/p>","protected":false},"featured_media":8709,"comment_status":"open","ping_status":"closed","template":"","meta":[],"pwb-brand":[391],"product_cat":[126,137,136,130,212,201],"product_tag":[306,308,310],"class_list":{"0":"post-8708","1":"product","2":"type-product","3":"status-publish","4":"has-post-thumbnail","6":"pwb-brand-difeel","7":"product_cat-haircare","8":"product_cat-kondisioner","9":"product_cat-masks","10":"product_cat-salonbaxim","11":"product_cat-salon-keratin-sonrasi-kondinsoner","12":"product_cat-salon-sac-maskasi","13":"product_tag-antihairloss","14":"product_tag-haircare","15":"product_tag-hairregrowth","16":"pa_size-50grm","19":"instock","20":"shipping-taxable","21":"purchasable","22":"product-type-simple"},"brands":[{"id":391,"name":"Difeel","slug":"difeel"}],"_links":{"self":[{"href":"https:\/\/axtarstore.com\/ru\/wp-json\/wp\/v2\/product\/8708"}],"collection":[{"href":"https:\/\/axtarstore.com\/ru\/wp-json\/wp\/v2\/product"}],"about":[{"href":"https:\/\/axtarstore.com\/ru\/wp-json\/wp\/v2\/types\/product"}],"replies":[{"embeddable":true,"href":"https:\/\/axtarstore.com\/ru\/wp-json\/wp\/v2\/comments?post=8708"}],"version-history":[{"count":1,"href":"https:\/\/axtarstore.com\/ru\/wp-json\/wp\/v2\/product\/8708\/revisions"}],"predecessor-version":[{"id":8710,"href":"https:\/\/axtarstore.com\/ru\/wp-json\/wp\/v2\/product\/8708\/revisions\/8710"}],"wp:featuredmedia":[{"embeddable":true,"href":"https:\/\/axtarstore.com\/ru\/wp-json\/wp\/v2\/media\/8709"}],"wp:attachment":[{"href":"https:\/\/axtarstore.com\/ru\/wp-json\/wp\/v2\/media?parent=8708"}],"wp:term":[{"taxonomy":"pwb-brand","embeddable":true,"href":"https:\/\/axtarstore.com\/ru\/wp-json\/wp\/v2\/pwb-brand?post=8708"},{"taxonomy":"product_cat","embeddable":true,"href":"https:\/\/axtarstore.com\/ru\/wp-json\/wp\/v2\/product_cat?post=8708"},{"taxonomy":"product_tag","embeddable":true,"href":"https:\/\/axtarstore.com\/ru\/wp-json\/wp\/v2\/product_tag?post=8708"}],"curies":[{"name":"wp","href":"https:\/\/api.w.org\/{rel}","templated":true}]}}