{"id":8700,"date":"2025-01-14T19:43:08","date_gmt":"2025-01-14T15:43:08","guid":{"rendered":"https:\/\/axtarstore.com\/?post_type=product&#038;p=8700"},"modified":"2025-01-14T21:21:53","modified_gmt":"2025-01-14T17:21:53","slug":"difeel-premium-sac-maskasi-jojoba-oil-50-gr","status":"publish","type":"product","link":"https:\/\/axtarstore.com\/ru\/product\/difeel-premium-sac-maskasi-jojoba-oil-50-gr\/","title":{"rendered":"Difeel Premium Sa\u00e7 Maskas\u0131 &#8211; Jojoba Oil 50 gr"},"content":{"rendered":"<p>Difeel&#8217;s Sa\u00e7 Maskas\u0131 Paket Kolleksiyas\u0131 m\u00fcxt\u0259lif sa\u00e7 bax\u0131m probleml\u0259ri \u00fc\u00e7\u00fcn x\u00fcsusi h\u0259ll y\u00f6n\u00fcml\u00fc olan d\u0259rin kondisioner sa\u00e7 maskalar\u0131n\u0131n y\u00fcks\u0259k effektiv seriyas\u0131d\u0131r.<\/p>\n<p>Jojoba ya\u011f\u0131n\u0131n faydalar\u0131:<\/p>\n<p>D\u0259rinin t\u0259bii ya\u011f\u0131 kimi h\u0259r\u0259k\u0259t ed\u0259r\u0259k ba\u015f d\u0259risini n\u0259ml\u0259ndirir v\u0259 sa\u00e7 t\u00f6k\u00fclm\u0259sini azaltma\u011fa k\u00f6m\u0259k edir.<br \/>\n\u0130nc\u0259lmi\u015f sa\u00e7lar\u0131 stimulla\u015fd\u0131rmaq v\u0259 yenid\u0259n b\u00f6y\u00fcm\u0259sini t\u0259\u015fviq etm\u0259k \u00fc\u00e7\u00fcn sa\u00e7 follikullar\u0131na n\u00fcfuz edir.<\/p>\n<p>\u0130stifad\u0259si: T\u0259miz, n\u0259m sa\u00e7a \u00e7\u0259kin v\u0259 tamamil\u0259 taray\u0131n. 7 d\u0259qiq\u0259y\u0259 q\u0259d\u0259r burax\u0131n. H\u0259rt\u0259r\u0259fli yuyun. \u0130stilik t\u0259l\u0259b olunmur. H\u0259ft\u0259d\u0259 iki d\u0259f\u0259d\u0259n \u00e7ox istifad\u0259 etm\u0259yin.<\/p>\n<p>T\u0259rkibi: Su (Aqua), Setil spirti, Stearil spirti, Qliserin, Stearamidopropil Dimetilamin, Sikloheksaloksan, Dimetikon, Simmondsia Chinensis (Jojoba) Toxum Ya\u011f\u0131, Prunus Amygdalus Dulcis (Sweet Bethenthentrium, Methentrium) Annuus (G\u00fcn\u0259baxan) Toxumu Ya\u011f\u0131, Cetearyl spirti, ar\u0131 mumu\/Cire d&#8217;abeille, setrimonium xlorid, behentrimonium xlorid, amodimetikon, dimetikonol, setil efirl\u0259ri, vaccinium myrtillus meyv\u0259\/yarpaq ekstrakt\u0131, rozmarin \u00e7i\u00e7\u0259yi ekstrakt\u0131 Recutita (Matricaria) \u00c7i\u00e7\u0259k Ekstrakt\u0131, Rosa Canina Meyv\u0259 Ekstrakt\u0131, Trideceth-12, Pantenol, Etilheksilgliserin, Hidroliz Qar\u011f\u0131dal\u0131 Proteini, Q\u0259hv\u0259 Arabica (Q\u0259hv\u0259) Yarpa\u011f\u0131\/Toxumu Ekstrakt\u0131, Aloe Barbadensis Yarpa\u011f\u0131 Ekstrakt\u0131, Hidrolize Bu\u011fda Protein, Hidrolize Protein, Tur\u015fu, fenoksietanol, \u0259tir (parfum), tetrasodium qlutamat diasetat.<\/p>","protected":false},"excerpt":{"rendered":"<p>Difeel&#8217;s Sa\u00e7 Maskas\u0131 Paket Kolleksiyas\u0131 m\u00fcxt\u0259lif sa\u00e7 bax\u0131m probleml\u0259ri \u00fc\u00e7\u00fcn x\u00fcsusi h\u0259ll y\u00f6n\u00fcml\u00fc olan d\u0259rin kondisioner sa\u00e7 maskalar\u0131n\u0131n y\u00fcks\u0259k effektiv seriyas\u0131d\u0131r. Jojoba ya\u011f\u0131n\u0131n faydalar\u0131: D\u0259rinin t\u0259bii ya\u011f\u0131 kimi h\u0259r\u0259k\u0259t ed\u0259r\u0259k ba\u015f d\u0259risini n\u0259ml\u0259ndirir v\u0259 sa\u00e7 t\u00f6k\u00fclm\u0259sini azaltma\u011fa k\u00f6m\u0259k edir. \u0130nc\u0259lmi\u015f sa\u00e7lar\u0131 stimulla\u015fd\u0131rmaq v\u0259 yenid\u0259n b\u00f6y\u00fcm\u0259sini t\u0259\u015fviq etm\u0259k \u00fc\u00e7\u00fcn sa\u00e7 follikullar\u0131na n\u00fcfuz edir. \u0130stifad\u0259si: T\u0259miz, n\u0259m &hellip; <a href=\"https:\/\/axtarstore.com\/ru\/product\/difeel-premium-sac-maskasi-jojoba-oil-50-gr\/\" class=\"more-link\">Continue reading <span class=\"screen-reader-text\">Difeel Premium Sa\u00e7 Maskas\u0131 &#8211; Jojoba Oil 50 gr<\/span><\/a><\/p>","protected":false},"featured_media":8701,"comment_status":"open","ping_status":"closed","template":"","meta":[],"pwb-brand":[391],"product_cat":[126,137,136,130,212,201],"product_tag":[306,308,307],"class_list":{"0":"post-8700","1":"product","2":"type-product","3":"status-publish","4":"has-post-thumbnail","6":"pwb-brand-difeel","7":"product_cat-haircare","8":"product_cat-kondisioner","9":"product_cat-masks","10":"product_cat-salonbaxim","11":"product_cat-salon-keratin-sonrasi-kondinsoner","12":"product_cat-salon-sac-maskasi","13":"product_tag-antihairloss","14":"product_tag-haircare","15":"product_tag-longstronghair","16":"pa_size-50grm","19":"instock","20":"shipping-taxable","21":"purchasable","22":"product-type-simple"},"brands":[{"id":391,"name":"Difeel","slug":"difeel"}],"_links":{"self":[{"href":"https:\/\/axtarstore.com\/ru\/wp-json\/wp\/v2\/product\/8700"}],"collection":[{"href":"https:\/\/axtarstore.com\/ru\/wp-json\/wp\/v2\/product"}],"about":[{"href":"https:\/\/axtarstore.com\/ru\/wp-json\/wp\/v2\/types\/product"}],"replies":[{"embeddable":true,"href":"https:\/\/axtarstore.com\/ru\/wp-json\/wp\/v2\/comments?post=8700"}],"version-history":[{"count":1,"href":"https:\/\/axtarstore.com\/ru\/wp-json\/wp\/v2\/product\/8700\/revisions"}],"predecessor-version":[{"id":8703,"href":"https:\/\/axtarstore.com\/ru\/wp-json\/wp\/v2\/product\/8700\/revisions\/8703"}],"wp:featuredmedia":[{"embeddable":true,"href":"https:\/\/axtarstore.com\/ru\/wp-json\/wp\/v2\/media\/8701"}],"wp:attachment":[{"href":"https:\/\/axtarstore.com\/ru\/wp-json\/wp\/v2\/media?parent=8700"}],"wp:term":[{"taxonomy":"pwb-brand","embeddable":true,"href":"https:\/\/axtarstore.com\/ru\/wp-json\/wp\/v2\/pwb-brand?post=8700"},{"taxonomy":"product_cat","embeddable":true,"href":"https:\/\/axtarstore.com\/ru\/wp-json\/wp\/v2\/product_cat?post=8700"},{"taxonomy":"product_tag","embeddable":true,"href":"https:\/\/axtarstore.com\/ru\/wp-json\/wp\/v2\/product_tag?post=8700"}],"curies":[{"name":"wp","href":"https:\/\/api.w.org\/{rel}","templated":true}]}}