{"id":8693,"date":"2025-01-14T19:31:30","date_gmt":"2025-01-14T15:31:30","guid":{"rendered":"https:\/\/axtarstore.com\/?post_type=product&#038;p=8693"},"modified":"2025-01-14T21:22:57","modified_gmt":"2025-01-14T17:22:57","slug":"difeel-premium-sac-maskasi-argan-oil-50-gr","status":"publish","type":"product","link":"https:\/\/axtarstore.com\/ru\/product\/difeel-premium-sac-maskasi-argan-oil-50-gr\/","title":{"rendered":"Difeel Premium Sa\u00e7 Maskas\u0131 &#8211; Argan Oil 50 gr"},"content":{"rendered":"<p>Difeel&#8217;s Sa\u00e7 Maskas\u0131 Paket Kolleksiyas\u0131 m\u00fcxt\u0259lif sa\u00e7 bax\u0131m probleml\u0259ri \u00fc\u00e7\u00fcn x\u00fcsusi h\u0259ll y\u00f6n\u00fcml\u00fc olan d\u0259rin kondisioner sa\u00e7 maskalar\u0131n\u0131n y\u00fcks\u0259k effektiv seriyas\u0131d\u0131r.<\/p>\n<p>Arqan Ya\u011f\u0131n\u0131n Faydalar\u0131:<\/p>\n<p>Sa\u00e7 follikullar\u0131n\u0131 hamarlayark\u0259n quru sa\u00e7lar\u0131 b\u0259rpa etm\u0259y\u0259 v\u0259 n\u0259ml\u0259ndirm\u0259y\u0259 k\u00f6m\u0259k edir.<br \/>\nSa\u00e7lara n\u00fcfuz ed\u0259r\u0259k sa\u00e7 telinin h\u0259r qat\u0131n\u0131 qidaland\u0131raraq, q\u0131vr\u0131ms\u0131z par\u0131lt\u0131 verir.<\/p>\n<p>\u0130stifad\u0259si: T\u0259miz, n\u0259m sa\u00e7a \u00e7\u0259kin v\u0259 tamamil\u0259 taray\u0131n. 7 d\u0259qiq\u0259y\u0259 q\u0259d\u0259r burax\u0131n. H\u0259rt\u0259r\u0259fli yuyun. \u0130stilik t\u0259l\u0259b olunmur. H\u0259ft\u0259d\u0259 iki d\u0259f\u0259d\u0259n \u00e7ox istifad\u0259 etm\u0259yin.<\/p>\n<p>T\u0259rkibi: Su (Aqua), Setil spirti, Stearil spirti, qliserin, Stearamidopropil dimetilamin, sikloheksaloksan, dimetikon, Argania Spinosa l\u0259p\u0259si ya\u011f\u0131, Prunus Amygdalus Dulcis (\u015eirin Badam) Ya\u011f\u0131, Behentrimonshuantus (Antiflow) Toxum ya\u011f\u0131, cetearyl spirti, ar\u0131 mumu\/Cire d&#8217;abeille, setrimonium xlorid, behentrimonium xlorid, amodimetikon, dimetikonol, setil efirl\u0259ri, vaccinium myrtillus meyv\u0259\/yarpaq ekstrakt\u0131, Rosmarinus Officinalis (Rosemaryl alkoqol, rozmarin \u00e7i\u00e7\u0259yi) Ekstrakt\u0131, Rosa Canina Meyv\u0259 Ekstrakt\u0131, Trideceth-12, Pantenol, Etilheksilgliserin, Hidroliz\u0259 Qar\u011f\u0131dal\u0131 Proteini, Q\u0259hv\u0259 Arabica (Q\u0259hv\u0259) yarpa\u011f\u0131\/Toxumu ekstrakt\u0131, Aloe Barbadensis yarpa\u011f\u0131 ekstrakt\u0131, Hidroliz\u0259 Bu\u011fda Z\u00fclal\u0131, Hidrolize Soya Proteini, Hidrolize BHToltein, \u018ftir (parfum), tetrasodium glutamat diasetat.<\/p>","protected":false},"excerpt":{"rendered":"<p>Difeel&#8217;s Sa\u00e7 Maskas\u0131 Paket Kolleksiyas\u0131 m\u00fcxt\u0259lif sa\u00e7 bax\u0131m probleml\u0259ri \u00fc\u00e7\u00fcn x\u00fcsusi h\u0259ll y\u00f6n\u00fcml\u00fc olan d\u0259rin kondisioner sa\u00e7 maskalar\u0131n\u0131n y\u00fcks\u0259k effektiv seriyas\u0131d\u0131r. Arqan Ya\u011f\u0131n\u0131n Faydalar\u0131: Sa\u00e7 follikullar\u0131n\u0131 hamarlayark\u0259n quru sa\u00e7lar\u0131 b\u0259rpa etm\u0259y\u0259 v\u0259 n\u0259ml\u0259ndirm\u0259y\u0259 k\u00f6m\u0259k edir. Sa\u00e7lara n\u00fcfuz ed\u0259r\u0259k sa\u00e7 telinin h\u0259r qat\u0131n\u0131 qidaland\u0131raraq, q\u0131vr\u0131ms\u0131z par\u0131lt\u0131 verir. \u0130stifad\u0259si: T\u0259miz, n\u0259m sa\u00e7a \u00e7\u0259kin v\u0259 tamamil\u0259 taray\u0131n. 7 &hellip; <a href=\"https:\/\/axtarstore.com\/ru\/product\/difeel-premium-sac-maskasi-argan-oil-50-gr\/\" class=\"more-link\">Continue reading <span class=\"screen-reader-text\">Difeel Premium Sa\u00e7 Maskas\u0131 &#8211; Argan Oil 50 gr<\/span><\/a><\/p>","protected":false},"featured_media":8694,"comment_status":"open","ping_status":"closed","template":"","meta":[],"pwb-brand":[391],"product_cat":[126,136,130,212,201],"product_tag":[308,301,307],"class_list":{"0":"post-8693","1":"product","2":"type-product","3":"status-publish","4":"has-post-thumbnail","6":"pwb-brand-difeel","7":"product_cat-haircare","8":"product_cat-masks","9":"product_cat-salonbaxim","10":"product_cat-salon-keratin-sonrasi-kondinsoner","11":"product_cat-salon-sac-maskasi","12":"product_tag-haircare","13":"product_tag-hairfallsolution","14":"product_tag-longstronghair","15":"pa_size-50grm","18":"instock","19":"shipping-taxable","20":"purchasable","21":"product-type-simple"},"brands":[{"id":391,"name":"Difeel","slug":"difeel"}],"_links":{"self":[{"href":"https:\/\/axtarstore.com\/ru\/wp-json\/wp\/v2\/product\/8693"}],"collection":[{"href":"https:\/\/axtarstore.com\/ru\/wp-json\/wp\/v2\/product"}],"about":[{"href":"https:\/\/axtarstore.com\/ru\/wp-json\/wp\/v2\/types\/product"}],"replies":[{"embeddable":true,"href":"https:\/\/axtarstore.com\/ru\/wp-json\/wp\/v2\/comments?post=8693"}],"version-history":[{"count":1,"href":"https:\/\/axtarstore.com\/ru\/wp-json\/wp\/v2\/product\/8693\/revisions"}],"predecessor-version":[{"id":8695,"href":"https:\/\/axtarstore.com\/ru\/wp-json\/wp\/v2\/product\/8693\/revisions\/8695"}],"wp:featuredmedia":[{"embeddable":true,"href":"https:\/\/axtarstore.com\/ru\/wp-json\/wp\/v2\/media\/8694"}],"wp:attachment":[{"href":"https:\/\/axtarstore.com\/ru\/wp-json\/wp\/v2\/media?parent=8693"}],"wp:term":[{"taxonomy":"pwb-brand","embeddable":true,"href":"https:\/\/axtarstore.com\/ru\/wp-json\/wp\/v2\/pwb-brand?post=8693"},{"taxonomy":"product_cat","embeddable":true,"href":"https:\/\/axtarstore.com\/ru\/wp-json\/wp\/v2\/product_cat?post=8693"},{"taxonomy":"product_tag","embeddable":true,"href":"https:\/\/axtarstore.com\/ru\/wp-json\/wp\/v2\/product_tag?post=8693"}],"curies":[{"name":"wp","href":"https:\/\/api.w.org\/{rel}","templated":true}]}}