{"id":8688,"date":"2025-01-11T01:34:33","date_gmt":"2025-01-10T21:34:33","guid":{"rendered":"https:\/\/axtarstore.com\/?post_type=product&#038;p=8688"},"modified":"2025-01-11T01:34:33","modified_gmt":"2025-01-10T21:34:33","slug":"difeel-premium-natural-sac-yagi-vitamin-e-75-ml","status":"publish","type":"product","link":"https:\/\/axtarstore.com\/ru\/product\/difeel-premium-natural-sac-yagi-vitamin-e-75-ml\/","title":{"rendered":"Difeel Premium Natural Sa\u00e7 Ya\u011f\u0131 &#8211; Vitamin E 75 ml"},"content":{"rendered":"<p>\u0130nc\u0259lmi\u015f Sa\u00e7lar \u00fc\u00e7\u00fcn Saf Herb Formula M\u00fcalic\u0259si<br \/>\nVitaminl\u0259rl\u0259 Botanik Qal\u0131n Formula<\/p>\n<p>T\u0259rkibl\u0259rimizin x\u00fcsusi qar\u0131\u015f\u0131\u011f\u0131 sa\u00e7lar\u0131 cavanla\u015fd\u0131r\u0131r, ba\u015f d\u0259risini canland\u0131r\u0131r v\u0259 d\u0259rini stimulla\u015fd\u0131r\u0131r. E vitamininin t\u0259tbiqi oksigen q\u0259bulunun artmas\u0131na g\u0259tirib \u00e7\u0131xar\u0131r ki, bu da ba\u015f d\u0259riniz\u0259 qan d\u00f6vran\u0131n\u0131 yax\u015f\u0131la\u015fd\u0131r\u0131r v\u0259 n\u0259tic\u0259d\u0259 sa\u00e7lar\u0131n sa\u011flam b\u00f6y\u00fcm\u0259si il\u0259 n\u0259tic\u0259l\u0259nir.<\/p>\n<p>\u0130stifad\u0259 qaydas\u0131: Birba\u015fa k\u00f6kl\u0259r\u0259 \u00e7\u0259kin v\u0259 ya\u011f\u0131 sa\u00e7 tell\u0259rind\u0259n \u00e7\u0259kin. \u0130st\u0259diyiniz \u00fcslubda. Laz\u0131m oldu\u011fu kimi t\u0259krarlay\u0131n.<\/p>\n<p>T\u0259rkibi: Glycine Soja (Soya) Ya\u011f\u0131, Kanola Ya\u011f\u0131, \u018ftir, BHT, Tokoferil Asetat, Prunus Amygdalus Dulcis (\u015eirin Badam) Ya\u011f\u0131, Olea Europaea (Zeytun) Meyv\u0259 Ya\u011f\u0131, Ricinus Communis (G\u0259n\u0259g\u0259r\u00e7\u0259k) Toxumu (Seedshu) Ya\u011f, Opuntia Tuna meyv\u0259 ekstrakt\u0131, Verbascum Thapsus ekstrakt\u0131, Urtica Dioica (Gicitk\u0259n) ekstrakt\u0131, Cucumis Melo (qovun) meyv\u0259 ekstrakt\u0131<\/p>","protected":false},"excerpt":{"rendered":"<p>\u0130nc\u0259lmi\u015f Sa\u00e7lar \u00fc\u00e7\u00fcn Saf Herb Formula M\u00fcalic\u0259si Vitaminl\u0259rl\u0259 Botanik Qal\u0131n Formula T\u0259rkibl\u0259rimizin x\u00fcsusi qar\u0131\u015f\u0131\u011f\u0131 sa\u00e7lar\u0131 cavanla\u015fd\u0131r\u0131r, ba\u015f d\u0259risini canland\u0131r\u0131r v\u0259 d\u0259rini stimulla\u015fd\u0131r\u0131r. E vitamininin t\u0259tbiqi oksigen q\u0259bulunun artmas\u0131na g\u0259tirib \u00e7\u0131xar\u0131r ki, bu da ba\u015f d\u0259riniz\u0259 qan d\u00f6vran\u0131n\u0131 yax\u015f\u0131la\u015fd\u0131r\u0131r v\u0259 n\u0259tic\u0259d\u0259 sa\u00e7lar\u0131n sa\u011flam b\u00f6y\u00fcm\u0259si il\u0259 n\u0259tic\u0259l\u0259nir. \u0130stifad\u0259 qaydas\u0131: Birba\u015fa k\u00f6kl\u0259r\u0259 \u00e7\u0259kin v\u0259 ya\u011f\u0131 sa\u00e7 tell\u0259rind\u0259n \u00e7\u0259kin. &hellip; <a href=\"https:\/\/axtarstore.com\/ru\/product\/difeel-premium-natural-sac-yagi-vitamin-e-75-ml\/\" class=\"more-link\">Continue reading <span class=\"screen-reader-text\">Difeel Premium Natural Sa\u00e7 Ya\u011f\u0131 &#8211; Vitamin E 75 ml<\/span><\/a><\/p>","protected":false},"featured_media":8689,"comment_status":"open","ping_status":"closed","template":"","meta":[],"pwb-brand":[391],"product_cat":[126,139,135,130],"product_tag":[306,308,310,307],"class_list":{"0":"post-8688","1":"product","2":"type-product","3":"status-publish","4":"has-post-thumbnail","6":"pwb-brand-difeel","7":"product_cat-haircare","8":"product_cat-serum","9":"product_cat-oil","10":"product_cat-salonbaxim","11":"product_tag-antihairloss","12":"product_tag-haircare","13":"product_tag-hairregrowth","14":"product_tag-longstronghair","15":"pa_size-75ml","18":"instock","19":"shipping-taxable","20":"purchasable","21":"product-type-simple"},"brands":[{"id":391,"name":"Difeel","slug":"difeel"}],"_links":{"self":[{"href":"https:\/\/axtarstore.com\/ru\/wp-json\/wp\/v2\/product\/8688"}],"collection":[{"href":"https:\/\/axtarstore.com\/ru\/wp-json\/wp\/v2\/product"}],"about":[{"href":"https:\/\/axtarstore.com\/ru\/wp-json\/wp\/v2\/types\/product"}],"replies":[{"embeddable":true,"href":"https:\/\/axtarstore.com\/ru\/wp-json\/wp\/v2\/comments?post=8688"}],"version-history":[{"count":1,"href":"https:\/\/axtarstore.com\/ru\/wp-json\/wp\/v2\/product\/8688\/revisions"}],"predecessor-version":[{"id":8691,"href":"https:\/\/axtarstore.com\/ru\/wp-json\/wp\/v2\/product\/8688\/revisions\/8691"}],"wp:featuredmedia":[{"embeddable":true,"href":"https:\/\/axtarstore.com\/ru\/wp-json\/wp\/v2\/media\/8689"}],"wp:attachment":[{"href":"https:\/\/axtarstore.com\/ru\/wp-json\/wp\/v2\/media?parent=8688"}],"wp:term":[{"taxonomy":"pwb-brand","embeddable":true,"href":"https:\/\/axtarstore.com\/ru\/wp-json\/wp\/v2\/pwb-brand?post=8688"},{"taxonomy":"product_cat","embeddable":true,"href":"https:\/\/axtarstore.com\/ru\/wp-json\/wp\/v2\/product_cat?post=8688"},{"taxonomy":"product_tag","embeddable":true,"href":"https:\/\/axtarstore.com\/ru\/wp-json\/wp\/v2\/product_tag?post=8688"}],"curies":[{"name":"wp","href":"https:\/\/api.w.org\/{rel}","templated":true}]}}