{"id":8678,"date":"2025-01-11T01:28:43","date_gmt":"2025-01-10T21:28:43","guid":{"rendered":"https:\/\/axtarstore.com\/?post_type=product&#038;p=8678"},"modified":"2025-01-11T01:28:43","modified_gmt":"2025-01-10T21:28:43","slug":"difeel-vegan-keratin-premium-hair-oil-anti-frizz-shine-75ml","status":"publish","type":"product","link":"https:\/\/axtarstore.com\/ru\/product\/difeel-vegan-keratin-premium-hair-oil-anti-frizz-shine-75ml\/","title":{"rendered":"Difeel Vegan Keratin Premium Hair Oil &#8211; Anti Frizz &#038; Shine 75Ml"},"content":{"rendered":"<p>Difeel Vegan Keratin Anti Frizz &amp; Shine Premium Sa\u00e7 Ya\u011f\u0131 100% Vegan t\u0259hl\u00fck\u0259sizdir, q\u0259ddarl\u0131qdan azadd\u0131r v\u0259 t\u0259rkibind\u0259 99% t\u0259bii t\u0259rkibli heyvan m\u0259hsullar\u0131 yoxdur.<\/p>\n<p>Bizim Vegan Keratin Anti Frizz sa\u00e7 ya\u011f\u0131m\u0131z hamar, ip\u0259k kimi sa\u00e7lar\u0131n hamarlanmas\u0131na k\u00f6m\u0259k edir. Bu premium sa\u00e7 ya\u011f\u0131 q\u0131r\u0131lmalar\u0131n qar\u015f\u0131s\u0131n\u0131 almaq \u00fc\u00e7\u00fcn sa\u00e7lar\u0131n\u0131z\u0131 h\u0259m g\u00fccl\u0259ndirir, h\u0259m d\u0259 n\u0259ml\u0259ndirir.<\/p>\n<p>Bizim Vegan Keratin Premium sa\u00e7 ya\u011f\u0131m\u0131z par\u0131lt\u0131n\u0131 art\u0131r\u0131r v\u0259 sa\u00e7lar\u0131n\u0131za s\u0131\u00e7ray\u0131\u015f \u0259lav\u0259 edir.<\/p>\n<p>Asan v\u0259 rahat Difeel qabla\u015fd\u0131rmas\u0131.<\/p>\n<p>AB\u015e istehsal\u0131d\u0131r.<\/p>\n<p>&nbsp;<\/p>","protected":false},"excerpt":{"rendered":"<p>Difeel Vegan Keratin Anti Frizz &amp; Shine Premium Sa\u00e7 Ya\u011f\u0131 100% Vegan t\u0259hl\u00fck\u0259sizdir, q\u0259ddarl\u0131qdan azadd\u0131r v\u0259 t\u0259rkibind\u0259 99% t\u0259bii t\u0259rkibli heyvan m\u0259hsullar\u0131 yoxdur. Bizim Vegan Keratin Anti Frizz sa\u00e7 ya\u011f\u0131m\u0131z hamar, ip\u0259k kimi sa\u00e7lar\u0131n hamarlanmas\u0131na k\u00f6m\u0259k edir. Bu premium sa\u00e7 ya\u011f\u0131 q\u0131r\u0131lmalar\u0131n qar\u015f\u0131s\u0131n\u0131 almaq \u00fc\u00e7\u00fcn sa\u00e7lar\u0131n\u0131z\u0131 h\u0259m g\u00fccl\u0259ndirir, h\u0259m d\u0259 n\u0259ml\u0259ndirir. Bizim Vegan Keratin Premium &hellip; <a href=\"https:\/\/axtarstore.com\/ru\/product\/difeel-vegan-keratin-premium-hair-oil-anti-frizz-shine-75ml\/\" class=\"more-link\">Continue reading <span class=\"screen-reader-text\">Difeel Vegan Keratin Premium Hair Oil &#8211; Anti Frizz &#038; Shine 75Ml<\/span><\/a><\/p>","protected":false},"featured_media":8679,"comment_status":"open","ping_status":"closed","template":"","meta":[],"pwb-brand":[391],"product_cat":[126,139,135,130],"product_tag":[306,308,301,310],"class_list":{"0":"post-8678","1":"product","2":"type-product","3":"status-publish","4":"has-post-thumbnail","6":"pwb-brand-difeel","7":"product_cat-haircare","8":"product_cat-serum","9":"product_cat-oil","10":"product_cat-salonbaxim","11":"product_tag-antihairloss","12":"product_tag-haircare","13":"product_tag-hairfallsolution","14":"product_tag-hairregrowth","15":"pa_size-75ml","18":"instock","19":"shipping-taxable","20":"purchasable","21":"product-type-simple"},"brands":[{"id":391,"name":"Difeel","slug":"difeel"}],"_links":{"self":[{"href":"https:\/\/axtarstore.com\/ru\/wp-json\/wp\/v2\/product\/8678"}],"collection":[{"href":"https:\/\/axtarstore.com\/ru\/wp-json\/wp\/v2\/product"}],"about":[{"href":"https:\/\/axtarstore.com\/ru\/wp-json\/wp\/v2\/types\/product"}],"replies":[{"embeddable":true,"href":"https:\/\/axtarstore.com\/ru\/wp-json\/wp\/v2\/comments?post=8678"}],"version-history":[{"count":1,"href":"https:\/\/axtarstore.com\/ru\/wp-json\/wp\/v2\/product\/8678\/revisions"}],"predecessor-version":[{"id":8687,"href":"https:\/\/axtarstore.com\/ru\/wp-json\/wp\/v2\/product\/8678\/revisions\/8687"}],"wp:featuredmedia":[{"embeddable":true,"href":"https:\/\/axtarstore.com\/ru\/wp-json\/wp\/v2\/media\/8679"}],"wp:attachment":[{"href":"https:\/\/axtarstore.com\/ru\/wp-json\/wp\/v2\/media?parent=8678"}],"wp:term":[{"taxonomy":"pwb-brand","embeddable":true,"href":"https:\/\/axtarstore.com\/ru\/wp-json\/wp\/v2\/pwb-brand?post=8678"},{"taxonomy":"product_cat","embeddable":true,"href":"https:\/\/axtarstore.com\/ru\/wp-json\/wp\/v2\/product_cat?post=8678"},{"taxonomy":"product_tag","embeddable":true,"href":"https:\/\/axtarstore.com\/ru\/wp-json\/wp\/v2\/product_tag?post=8678"}],"curies":[{"name":"wp","href":"https:\/\/api.w.org\/{rel}","templated":true}]}}