{"id":8671,"date":"2025-01-11T01:22:26","date_gmt":"2025-01-10T21:22:26","guid":{"rendered":"https:\/\/axtarstore.com\/?post_type=product&#038;p=8671"},"modified":"2025-01-11T01:22:26","modified_gmt":"2025-01-10T21:22:26","slug":"difeel-rosemary-and-mint-premium-hair-oil-with-biotin-75-ml","status":"publish","type":"product","link":"https:\/\/axtarstore.com\/ru\/product\/difeel-rosemary-and-mint-premium-hair-oil-with-biotin-75-ml\/","title":{"rendered":"Difeel Rosemary and Mint Premium Hair Oil with Biotin 75 ml"},"content":{"rendered":"<p>M\u00fct\u0259x\u0259ssisl\u0259r t\u0259r\u0259find\u0259n haz\u0131rlanm\u0131\u015f Difeel Rosemary &amp; Mint Sa\u00e7a Qulluq x\u0259ttimiz, quru, z\u0259d\u0259l\u0259nmi\u015f sa\u00e7lar\u0131 g\u00fccl\u0259ndirm\u0259kl\u0259 yana\u015f\u0131, sa\u00e7 d\u0259riniz\u0259 canland\u0131rmaqla yana\u015f\u0131, sa\u011flam, t\u0259bii sa\u00e7 uzanmas\u0131na k\u00f6m\u0259k edir!<\/p>\n<p>Bizim Difeel Rosemary &amp; Mint Sa\u00e7 Ya\u011f\u0131m\u0131z qidaland\u0131r\u0131c\u0131 Biotinl\u0259 a\u015f\u0131lan\u0131b. Biotin sa\u00e7, d\u0259ri v\u0259 d\u0131rnaqlar\u0131n sa\u011flaml\u0131\u011f\u0131nda m\u00fch\u00fcm rol oynay\u0131r. Biotin \u00e7at\u0131\u015fmazl\u0131\u011f\u0131 sa\u00e7 t\u00f6k\u00fclm\u0259sin\u0259 s\u0259b\u0259b ola bil\u0259r.<\/p>\n<p>Daha g\u00fccl\u00fc, dol\u011fun v\u0259 qal\u0131n sa\u00e7lar \u00fc\u00e7\u00fcn<br \/>\nG\u00fccl\u0259ndirici T\u0259rkibli Sa\u00e7 Ya\u011f\u0131m\u0131z quru v\u0259 z\u0259d\u0259l\u0259nmi\u015f sa\u00e7lar\u0131 b\u0259rpa ed\u0259r\u0259k \u00fcmumi sa\u00e7\u0131n g\u00fcc\u00fcn\u00fc v\u0259 b\u00f6y\u00fcm\u0259sini yax\u015f\u0131la\u015fd\u0131r\u0131r.<\/p>\n<p>Canland\u0131r\u0131c\u0131 Ya\u011fs\u0131z Formula<br \/>\nBu ustal\u0131qla qar\u0131\u015fd\u0131r\u0131lm\u0131\u015f formula ya\u011fl\u0131 olmadan s\u0131x n\u0259m v\u0259 parlaql\u0131q t\u0259min edir, biotin infuziyas\u0131 is\u0259 sa\u011flam sa\u00e7 b\u00f6y\u00fcm\u0259sini t\u0259\u015fviq edir.<\/p>\n<p>\u0130NQRED\u0130ENTL\u018fR<br \/>\nGlycine Soja (Soya) Ya\u011f\u0131, Kanola Ya\u011f\u0131, \u018ftir (\u018ftir), Rosmarinus Officinalis (rozmarin) Yarpaq Ya\u011f\u0131, Mentha Piperita (Nan\u0259) Ya\u011f\u0131, Mentha Arvensis Yarpa\u011f\u0131 Ya\u011f\u0131, Ricinus Communis (G\u0259n\u0259g\u0259r\u00e7\u0259k) Toxum Ya\u011f\u0131, Prunus Almondwes (Prunus Amymonds) Neft, Limnanthes Alba (Meadowfoam) Toxum Ya\u011f\u0131, Helianthus Annuus (G\u00fcn\u0259baxan) Toxum Ya\u011f\u0131, Cucumis Sativus (Xiyar) Meyv\u0259 Ekstrakt\u0131, Olea Europaea (Zeytun) Yarpaq Ekstrakt\u0131, Evkalipt Globulus Yarpa\u011f\u0131 Ekstrakt\u0131, Hypericum Perforatum Canan \u00c7i\u00e7\u0259yi\/Leafru ekstrakt\u0131, , Sitrus meyv\u0259l\u0259ri Grandis (qreypfrut) qab\u0131\u011f\u0131 ekstrakt\u0131, Salix Alba (s\u00f6y\u00fcd) qab\u0131\u011f\u0131 ekstrakt\u0131, mentol, BHT, amil sinnamal, heksil sinnamal, linalool, limonen, kumarin, sitronellol, izoejenol, eugenol, sitral<\/p>","protected":false},"excerpt":{"rendered":"<p>M\u00fct\u0259x\u0259ssisl\u0259r t\u0259r\u0259find\u0259n haz\u0131rlanm\u0131\u015f Difeel Rosemary &amp; Mint Sa\u00e7a Qulluq x\u0259ttimiz, quru, z\u0259d\u0259l\u0259nmi\u015f sa\u00e7lar\u0131 g\u00fccl\u0259ndirm\u0259kl\u0259 yana\u015f\u0131, sa\u00e7 d\u0259riniz\u0259 canland\u0131rmaqla yana\u015f\u0131, sa\u011flam, t\u0259bii sa\u00e7 uzanmas\u0131na k\u00f6m\u0259k edir! Bizim Difeel Rosemary &amp; Mint Sa\u00e7 Ya\u011f\u0131m\u0131z qidaland\u0131r\u0131c\u0131 Biotinl\u0259 a\u015f\u0131lan\u0131b. Biotin sa\u00e7, d\u0259ri v\u0259 d\u0131rnaqlar\u0131n sa\u011flaml\u0131\u011f\u0131nda m\u00fch\u00fcm rol oynay\u0131r. Biotin \u00e7at\u0131\u015fmazl\u0131\u011f\u0131 sa\u00e7 t\u00f6k\u00fclm\u0259sin\u0259 s\u0259b\u0259b ola bil\u0259r. Daha g\u00fccl\u00fc, dol\u011fun v\u0259 &hellip; <a href=\"https:\/\/axtarstore.com\/ru\/product\/difeel-rosemary-and-mint-premium-hair-oil-with-biotin-75-ml\/\" class=\"more-link\">Continue reading <span class=\"screen-reader-text\">Difeel Rosemary and Mint Premium Hair Oil with Biotin 75 ml<\/span><\/a><\/p>","protected":false},"featured_media":8672,"comment_status":"open","ping_status":"closed","template":"","meta":[],"pwb-brand":[],"product_cat":[126,138,130],"product_tag":[308,301,310],"class_list":{"0":"post-8671","1":"product","2":"type-product","3":"status-publish","4":"has-post-thumbnail","6":"product_cat-haircare","7":"product_cat-vitamins","8":"product_cat-salonbaxim","9":"product_tag-haircare","10":"product_tag-hairfallsolution","11":"product_tag-hairregrowth","12":"pa_size-75ml","15":"instock","16":"shipping-taxable","17":"purchasable","18":"product-type-simple"},"brands":[],"_links":{"self":[{"href":"https:\/\/axtarstore.com\/ru\/wp-json\/wp\/v2\/product\/8671"}],"collection":[{"href":"https:\/\/axtarstore.com\/ru\/wp-json\/wp\/v2\/product"}],"about":[{"href":"https:\/\/axtarstore.com\/ru\/wp-json\/wp\/v2\/types\/product"}],"replies":[{"embeddable":true,"href":"https:\/\/axtarstore.com\/ru\/wp-json\/wp\/v2\/comments?post=8671"}],"version-history":[{"count":1,"href":"https:\/\/axtarstore.com\/ru\/wp-json\/wp\/v2\/product\/8671\/revisions"}],"predecessor-version":[{"id":8677,"href":"https:\/\/axtarstore.com\/ru\/wp-json\/wp\/v2\/product\/8671\/revisions\/8677"}],"wp:featuredmedia":[{"embeddable":true,"href":"https:\/\/axtarstore.com\/ru\/wp-json\/wp\/v2\/media\/8672"}],"wp:attachment":[{"href":"https:\/\/axtarstore.com\/ru\/wp-json\/wp\/v2\/media?parent=8671"}],"wp:term":[{"taxonomy":"pwb-brand","embeddable":true,"href":"https:\/\/axtarstore.com\/ru\/wp-json\/wp\/v2\/pwb-brand?post=8671"},{"taxonomy":"product_cat","embeddable":true,"href":"https:\/\/axtarstore.com\/ru\/wp-json\/wp\/v2\/product_cat?post=8671"},{"taxonomy":"product_tag","embeddable":true,"href":"https:\/\/axtarstore.com\/ru\/wp-json\/wp\/v2\/product_tag?post=8671"}],"curies":[{"name":"wp","href":"https:\/\/api.w.org\/{rel}","templated":true}]}}