{"id":8663,"date":"2025-01-11T01:16:43","date_gmt":"2025-01-10T21:16:43","guid":{"rendered":"https:\/\/axtarstore.com\/?post_type=product&#038;p=8663"},"modified":"2025-01-11T01:16:43","modified_gmt":"2025-01-10T21:16:43","slug":"difeel-growth-and-curl-biotin-premium-hair-oil-75-ml","status":"publish","type":"product","link":"https:\/\/axtarstore.com\/ru\/product\/difeel-growth-and-curl-biotin-premium-hair-oil-75-ml\/","title":{"rendered":"Difeel Growth and Curl Biotin Premium Hair Oil 75 ml"},"content":{"rendered":"<p>Difeel Growth &amp; Curl Biotin Premium Sa\u00e7 Ya\u011f\u0131, s\u00fcbut edilmi\u015f uzunm\u00fcdd\u0259tli v\u0259 m\u00fc\u0259yy\u0259n q\u0131vr\u0131mlar \u00fc\u00e7\u00fcn bitki \u0259sasl\u0131 aktiv t\u0259rkib hiss\u0259si olan Biotin v\u0259 Wavemax il\u0259 haz\u0131rlanm\u0131\u015fd\u0131r.<\/p>\n<p>Bizim 99% t\u0259bii premium ya\u011f qar\u0131\u015f\u0131\u011f\u0131 \u00fcmumi qal\u0131nl\u0131\u011f\u0131 yax\u015f\u0131la\u015fd\u0131rark\u0259n t\u0259bii, sa\u011flam sa\u00e7 b\u00f6y\u00fcm\u0259sini t\u0259\u015fviq edir.<\/p>\n<p>Buruq Sa\u00e7lara Qulluq<br \/>\nBu ustal\u0131qla haz\u0131rlanm\u0131\u015f sa\u00e7 ya\u011f\u0131, sa\u00e7\u0131n\u0131z\u0131n sa\u011flaml\u0131\u011f\u0131nda m\u00fch\u00fcm rol oynayan B vitamini ail\u0259sinin bir hiss\u0259si olan Biotinl\u0259 haz\u0131rlanm\u0131\u015fd\u0131r. Biotin \u00e7at\u0131\u015fmazl\u0131\u011f\u0131 sa\u00e7 t\u00f6k\u00fclm\u0259sin\u0259 s\u0259b\u0259b ola bil\u0259r.<\/p>\n<p>Bu pro-b\u00f6y\u00fcm\u0259 qar\u0131\u015f\u0131\u011f\u0131 sa\u00e7lar\u0131 g\u00fccl\u0259ndirir, dal\u011falar\u0131 v\u0259 buruqlar\u0131 g\u00fccl\u0259ndirir, eyni zamanda sa\u011flam sa\u00e7 art\u0131m\u0131n\u0131 t\u0259\u015fviq edir.<\/p>\n<p>AB\u015e istehsal\u0131d\u0131r :<\/p>","protected":false},"excerpt":{"rendered":"<p>Difeel Growth &amp; Curl Biotin Premium Sa\u00e7 Ya\u011f\u0131, s\u00fcbut edilmi\u015f uzunm\u00fcdd\u0259tli v\u0259 m\u00fc\u0259yy\u0259n q\u0131vr\u0131mlar \u00fc\u00e7\u00fcn bitki \u0259sasl\u0131 aktiv t\u0259rkib hiss\u0259si olan Biotin v\u0259 Wavemax il\u0259 haz\u0131rlanm\u0131\u015fd\u0131r. Bizim 99% t\u0259bii premium ya\u011f qar\u0131\u015f\u0131\u011f\u0131 \u00fcmumi qal\u0131nl\u0131\u011f\u0131 yax\u015f\u0131la\u015fd\u0131rark\u0259n t\u0259bii, sa\u011flam sa\u00e7 b\u00f6y\u00fcm\u0259sini t\u0259\u015fviq edir. Buruq Sa\u00e7lara Qulluq Bu ustal\u0131qla haz\u0131rlanm\u0131\u015f sa\u00e7 ya\u011f\u0131, sa\u00e7\u0131n\u0131z\u0131n sa\u011flaml\u0131\u011f\u0131nda m\u00fch\u00fcm rol oynayan B &hellip; <a href=\"https:\/\/axtarstore.com\/ru\/product\/difeel-growth-and-curl-biotin-premium-hair-oil-75-ml\/\" class=\"more-link\">Continue reading <span class=\"screen-reader-text\">Difeel Growth and Curl Biotin Premium Hair Oil 75 ml<\/span><\/a><\/p>","protected":false},"featured_media":8664,"comment_status":"open","ping_status":"closed","template":"","meta":[],"pwb-brand":[391],"product_cat":[126,135],"product_tag":[308,310],"class_list":{"0":"post-8663","1":"product","2":"type-product","3":"status-publish","4":"has-post-thumbnail","6":"pwb-brand-difeel","7":"product_cat-haircare","8":"product_cat-oil","9":"product_tag-haircare","10":"product_tag-hairregrowth","11":"pa_size-75ml","14":"instock","15":"shipping-taxable","16":"purchasable","17":"product-type-simple"},"brands":[{"id":391,"name":"Difeel","slug":"difeel"}],"_links":{"self":[{"href":"https:\/\/axtarstore.com\/ru\/wp-json\/wp\/v2\/product\/8663"}],"collection":[{"href":"https:\/\/axtarstore.com\/ru\/wp-json\/wp\/v2\/product"}],"about":[{"href":"https:\/\/axtarstore.com\/ru\/wp-json\/wp\/v2\/types\/product"}],"replies":[{"embeddable":true,"href":"https:\/\/axtarstore.com\/ru\/wp-json\/wp\/v2\/comments?post=8663"}],"version-history":[{"count":1,"href":"https:\/\/axtarstore.com\/ru\/wp-json\/wp\/v2\/product\/8663\/revisions"}],"predecessor-version":[{"id":8670,"href":"https:\/\/axtarstore.com\/ru\/wp-json\/wp\/v2\/product\/8663\/revisions\/8670"}],"wp:featuredmedia":[{"embeddable":true,"href":"https:\/\/axtarstore.com\/ru\/wp-json\/wp\/v2\/media\/8664"}],"wp:attachment":[{"href":"https:\/\/axtarstore.com\/ru\/wp-json\/wp\/v2\/media?parent=8663"}],"wp:term":[{"taxonomy":"pwb-brand","embeddable":true,"href":"https:\/\/axtarstore.com\/ru\/wp-json\/wp\/v2\/pwb-brand?post=8663"},{"taxonomy":"product_cat","embeddable":true,"href":"https:\/\/axtarstore.com\/ru\/wp-json\/wp\/v2\/product_cat?post=8663"},{"taxonomy":"product_tag","embeddable":true,"href":"https:\/\/axtarstore.com\/ru\/wp-json\/wp\/v2\/product_tag?post=8663"}],"curies":[{"name":"wp","href":"https:\/\/api.w.org\/{rel}","templated":true}]}}